{"id":17105,"date":"2025-10-18T12:02:44","date_gmt":"2025-10-18T04:02:44","guid":{"rendered":"https:\/\/green-grasshopper-921422.hostingersite.com\/?post_type=product&#038;p=17105"},"modified":"2026-03-31T04:20:44","modified_gmt":"2026-03-31T02:20:44","slug":"bangbox-30000-pufuri-dual-aroma-vape","status":"publish","type":"product","link":"https:\/\/agoravape.com\/ro\/product\/bangbox-30000-puffs-dual-flavor-vape\/","title":{"rendered":"BANGBOX 30K Puffs, \u021bigar\u0103 electronic\u0103 cu ecran comutabil, cu arom\u0103 dubl\u0103 | Dou\u0103 arome la doz\u0103, construit\u0103 pentru a rezista"},"content":{"rendered":"<h2 data-v-md-heading=\"what-is-special-about-bangbox-30k-dual-flavor-switchable-screen-vape\" data-v-md-line=\"3\"><img loading=\"lazy\" decoding=\"async\" class=\"aligncenter size-full wp-image-17119\" src=\"https:\/\/agoravape.com\/wp-content\/uploads\/2025\/10\/BANGBOX-30K-Puffs-Dual-Flavor-Switchable-Screen-Vape_Agora_vape-1-scaled.webp\" alt=\"\" width=\"2560\" height=\"1440\" srcset=\"https:\/\/agoravape.com\/wp-content\/uploads\/2025\/10\/BANGBOX-30K-Puffs-Dual-Flavor-Switchable-Screen-Vape_Agora_vape-1-scaled.webp 2560w, https:\/\/agoravape.com\/wp-content\/uploads\/2025\/10\/BANGBOX-30K-Puffs-Dual-Flavor-Switchable-Screen-Vape_Agora_vape-1-scaled-1200x675.webp 1200w, https:\/\/agoravape.com\/wp-content\/uploads\/2025\/10\/BANGBOX-30K-Puffs-Dual-Flavor-Switchable-Screen-Vape_Agora_vape-1-300x169.webp 300w, https:\/\/agoravape.com\/wp-content\/uploads\/2025\/10\/BANGBOX-30K-Puffs-Dual-Flavor-Switchable-Screen-Vape_Agora_vape-1-1024x576.webp 1024w, https:\/\/agoravape.com\/wp-content\/uploads\/2025\/10\/BANGBOX-30K-Puffs-Dual-Flavor-Switchable-Screen-Vape_Agora_vape-1-768x432.webp 768w, https:\/\/agoravape.com\/wp-content\/uploads\/2025\/10\/BANGBOX-30K-Puffs-Dual-Flavor-Switchable-Screen-Vape_Agora_vape-1-1536x864.webp 1536w, https:\/\/agoravape.com\/wp-content\/uploads\/2025\/10\/BANGBOX-30K-Puffs-Dual-Flavor-Switchable-Screen-Vape_Agora_vape-1-2048x1152.webp 2048w\" sizes=\"auto, (max-width: 2560px) 100vw, 2560px\" \/><\/h2>\n<h2 data-v-md-heading=\"what-is-special-about-bangbox-30k-dual-flavor-switchable-screen-vape\" data-v-md-line=\"3\">Ce este special la \u021bigara electronic\u0103 BANGBOX 30K cu ecran comutabil cu arom\u0103 dual\u0103?<\/h2>\n<p data-v-md-line=\"4\">Dac\u0103 te-ai s\u0103turat s\u0103 schimbi frecvent dispozitivele \u00een func\u021bie de gust, acest produs te va face cu siguran\u021b\u0103 s\u0103 te sim\u021bi fericit. BANGBOX \u00ee\u021bi permite s\u0103 folose\u0219ti dou\u0103 arome \u00eentr-un singur dispozitiv \u0219i s\u0103 schimbi ecranele oric\u00e2nd, oriunde. Nu este nevoie s\u0103 depui efort, nu este nevoie s\u0103 cau\u021bi prin buzunare.<\/p>\n<p data-v-md-line=\"6\">Dac\u0103 dori\u021bi o autonomie lung\u0103 a bateriei \u0219i o manevrare convenabil\u0103, acest produs este alegerea ideal\u0103. Corpul compact ofer\u0103 p\u00e2n\u0103 la 30000 de experien\u021be de aspirare \u0219i este echipat cu un ecran clar care arat\u0103 nivelul bateriei \u0219i starea lichidului pentru \u021bigara electronic\u0103. Alege\u021bi concentra\u021bia de nicotin\u0103 preferat\u0103. Comuta\u021bi \u00eentre diferite arome. \u00cencepe\u021bi ziua.<\/p>\n<h2 data-v-md-heading=\"excellent-performance-easy-and-convenient\" data-v-md-line=\"8\">Performan\u021b\u0103 excelent\u0103, u\u0219or \u0219i convenabil<\/h2>\n<p data-v-md-line=\"9\">Rezisten\u021ba \u00eencorporat\u0103 cu o grosime de 0,8 \u03a9 asigur\u0103 un gust r\u0103coritor de la prima p\u00e2n\u0103 la ultima \u00eembuc\u0103tur\u0103. Rezisten\u021ba este \u00eenc\u0103lzit\u0103 uniform, men\u021bin\u00e2nd aromele tale preferate, fine \u0219i puternice. C\u00e2nd bateria este desc\u0103rcat\u0103, pur \u0219i simplu folose\u0219te cablul de date Type-C pentru a o \u00eenc\u0103rca, care poate fi acela\u0219i cu cel pe care \u00eel folose\u0219ti pentru telefon. Este simplu.<\/p>\n<h2 data-v-md-heading=\"specification-introduction\" data-v-md-line=\"11\">Introducere \u00een specifica\u021bii<\/h2>\n<ul data-v-md-line=\"12\">\n<li>Frecven\u021ba de aspirare: p\u00e2n\u0103 la 30000 de ori<\/li>\n<li>Con\u021binut de nicotin\u0103: 0%, 2%, 3%, 5%<\/li>\n<li>Principiu de func\u021bionare: Se activeaz\u0103 cu o singur\u0103 pufnire<\/li>\n<li>\u00cenc\u0103rcare: Interfa\u021b\u0103 USB standard de tip C<\/li>\n<li>Stare: Gata de utilizare dup\u0103 despachetare<\/li>\n<\/ul>\n<h2 data-v-md-heading=\"full-range-of-flavors\" data-v-md-line=\"18\">Gam\u0103 complet\u0103 de arome<\/h2>\n<ul data-v-md-line=\"19\">\n<li>Smoothie de pepene verde asociat cu kiwi \u0219i c\u0103p\u0219uni<\/li>\n<li>Pepene verde cu c\u0103p\u0219uni, asociat cu kiwi \u0219i c\u0103p\u0219uni<\/li>\n<li>Smoothie de afine cu suc de piersici<\/li>\n<li>Guava cu kiwi \u0219i fructul pasiunii, asociat\u0103 cu smoothie de afine<\/li>\n<li>\u00cenghe\u021bat\u0103 de afine \u0219i zmeur\u0103 acri\u0219oar\u0103 cu fructe mixte<\/li>\n<li>Smoothie cu trei fructe de p\u0103dure, c\u0103p\u0219uni \u0219i mango<\/li>\n<li>Gum\u0103 de mestecat cu pepene verde \u0219i pepene verde cu c\u0103p\u0219uni<\/li>\n<li>Smoothie de afine asociat cu smoothie de pepene verde<\/li>\n<li>Pepene verde cu c\u0103p\u0219uni, kiwi, fructul pasiunii \u0219i guava<\/li>\n<li>Nisip de ghea\u021b\u0103 Black Dragon cu mango, piersic\u0103, pepene verde<\/li>\n<li>Smoothie de afine asociat cu struguri dubli<\/li>\n<li>Smoothie de afine cu c\u0103p\u0219uni \u0219i mango<\/li>\n<\/ul>\n<h2 data-v-md-heading=\"for-you-and-your-business\" data-v-md-line=\"32\">Pentru tine \u0219i afacerea ta<\/h2>\n<p data-v-md-line=\"33\">Cump\u0103rarea pentru tine este foarte simpl\u0103. Alege combina\u021bia de arome \u0219i con\u021binutul de nicotin\u0103 preferate \u0219i bucur\u0103-te de o baterie de lung\u0103 durat\u0103. Dac\u0103 e\u0219ti comerciant cu am\u0103nuntul, po\u021bi cump\u0103ra <a class=\"wpil_keyword_link\" href=\"https:\/\/agoravape.com\/ro\/marca\/cutie-bang\/\" target=\"_blank\" rel=\"noopener\" title=\"BANG BOX\" data-wpil-keyword-link=\"linked\" data-wpil-monitor-id=\"7161\">BANGBOX<\/a> la un pre\u021b en-gros de 10 buc\u0103\u021bi per cutie. De asemenea, oferim cutii mici de carton pentru 100 de unit\u0103\u021bi \u0219i cutii mari de carton pentru 160 de unit\u0103\u021bi, ceea ce v\u0103 faciliteaz\u0103 planificarea spa\u021biului de pe raft.<\/p>\n<p data-v-md-line=\"35\">Expediem comanda dumneavoastr\u0103 prin UPS, DPD \u0219i DHL, cu plata taxelor aferente, \u00een toat\u0103 Europa, pentru a asigura o livrare rapid\u0103 \u0219i a evita accidentele vamale. Dac\u0103 ave\u021bi nevoie de asisten\u021b\u0103 \u00een selec\u021bia gustului sau \u00een detaliile de conformitate, echipa noastr\u0103 este \u00eentotdeauna disponibil\u0103 s\u0103 v\u0103 asiste.<\/p>\n<h2 data-v-md-heading=\"why-do-you-like-it\" data-v-md-line=\"37\">De ce \u00ee\u021bi place?<\/h2>\n<ul data-v-md-line=\"38\">\n<li>Aspira\u021bie excesiv\u0103: mai pu\u021bine \u00eenlocuiri, economisind bani \u0219i efort<\/li>\n<li>Comutare dubl\u0103 arome: schimba\u021bi aromele oric\u00e2nd pentru a v\u0103 satisface nevoile<\/li>\n<li>Selec\u021bie con\u021binut nicotin\u0103: 0%, 2%, 3% sau 5% nicotin\u0103 pentru a satisface preferin\u021bele dumneavoastr\u0103<\/li>\n<li>Rechargeable: Type-C charging allows you to use all purchased e-liquids<\/li>\n<li>Spir\u0103 de plas\u0103: Gust consistent, curat \u0219i crocant, satisf\u0103c\u0103tor<\/li>\n<li>Ecran clar: luminile indicatoare ale bateriei \u0219i ale e-lichidului v\u0103 men\u021bin informat \u00een permanen\u021b\u0103<\/li>\n<\/ul>\n<h2 data-v-md-heading=\"why-collaborate-with-agoravape\" data-v-md-line=\"45\">De ce s\u0103 colaborezi cu AgoraVape?<\/h2>\n<p data-v-md-line=\"46\">Vindem doar produse 100% originale \u0219i nu avem nicio \u00eendoial\u0103 \u00een privin\u021ba asta. Pentru clien\u021bii comerciali, aceasta \u00eenseamn\u0103 c\u0103 \u021big\u0103rile electronice BANGBOX 30K cu ecran comutabil cu arom\u0103 dubl\u0103 ofer\u0103 pre\u021buri reduse en-gros, servicii rapide post-v\u00e2nzare \u0219i livrare rapid\u0103 DDP. V\u0103 rug\u0103m s\u0103 ne contacta\u021bi pentru a ne aproviziona pentru clien\u021bii dvs. \u0219i pentru a-i face s\u0103 se \u00eendr\u0103gosteasc\u0103 cu adev\u0103rat \u0219i s\u0103 revin\u0103.<\/p>\n<p data-v-md-line=\"48\">Aviz pentru persoanele curioase:<\/p>\n<ul data-v-md-line=\"49\">\n<li>Baterie: 850 mAh litiu-oxid de cobalt, desc\u0103rcare 5A<\/li>\n<li>Lichid pentru \u021bigar\u0103 electronic\u0103: capacitate total\u0103 35 mililitri<\/li>\n<li>Dimensiuni \u0219i greutate: 115 \u00d7 68 \u00d7 33 milimetri, 129 grame<\/li>\n<li>Ecran: Afi\u0219eaz\u0103 nivelurile bateriei \u0219i ale lichidului pentru e-cigarete, permi\u021b\u00e2ndu-v\u0103 s\u0103 planifica\u021bi cu u\u0219urin\u021b\u0103 \u00eenc\u0103rcarea \u0219i schimbarea gustului<\/li>\n<\/ul>","protected":false},"excerpt":{"rendered":"<p>Ce este special la BANGBOX 30K vape cu ecran comutabil cu arom\u0103 dubl\u0103? Dac\u0103 v-a\u021bi s\u0103turat s\u0103 schimba\u021bi frecvent dispozitivele pentru<\/p>","protected":false},"featured_media":17131,"comment_status":"open","ping_status":"closed","template":"","meta":[],"product_brand":[231],"product_cat":[124,187,185,189,1637,158,195,174,175,193,191,173,186,180,190,192],"product_tag":[],"class_list":{"0":"post-17105","1":"product","2":"type-product","3":"status-publish","4":"has-post-thumbnail","6":"product_brand-bang-box","7":"product_cat-vape-by-brand","8":"product_cat-0mg-nicotine-free-vapes","9":"product_cat-10000-puffs-high-capacity","10":"product_cat-20mg-standard-nicotine-vapes","11":"product_cat-30000-puffs","12":"product_cat-bang-box","13":"product_cat-dual-flavor-switch","14":"product_cat-fruit-flavors","15":"product_cat-icy-mint","16":"product_cat-mesh-coil","17":"product_cat-rechargeable-disposables","18":"product_cat-vape-by-flavor-profile","19":"product_cat-vape-by-nicotine-strength","20":"product_cat-vape-by-puff-count","21":"product_cat-vape-by-feature-or-type","22":"product_cat-vapes-with-screens","24":"first","25":"onbackorder","26":"shipping-taxable","27":"purchasable","28":"product-type-variable","29":"has-default-attributes"},"tiered_pricing_type":"percentage","tiered_pricing_fixed_rules":[],"tiered_pricing_product_settings":{"layout":"default","base_unit_name":{"singular":null,"plural":null},"default_variation":null},"tiered_pricing_minimum_quantity":10,"tiered_pricing_roles_data":[],"tiered_pricing_percentage_rules":{"30":"29","50":"35","100":"40","200":"44","500":"47","1000":"49"},"tiered_pricing_maximum_quantity":null,"tiered_pricing_quantity_step":"10","_links":{"self":[{"href":"https:\/\/agoravape.com\/ro\/wp-json\/wp\/v2\/product\/17105","targetHints":{"allow":["GET"]}}],"collection":[{"href":"https:\/\/agoravape.com\/ro\/wp-json\/wp\/v2\/product"}],"about":[{"href":"https:\/\/agoravape.com\/ro\/wp-json\/wp\/v2\/types\/product"}],"replies":[{"embeddable":true,"href":"https:\/\/agoravape.com\/ro\/wp-json\/wp\/v2\/comments?post=17105"}],"version-history":[{"count":1,"href":"https:\/\/agoravape.com\/ro\/wp-json\/wp\/v2\/product\/17105\/revisions"}],"predecessor-version":[{"id":29813,"href":"https:\/\/agoravape.com\/ro\/wp-json\/wp\/v2\/product\/17105\/revisions\/29813"}],"wp:featuredmedia":[{"embeddable":true,"href":"https:\/\/agoravape.com\/ro\/wp-json\/wp\/v2\/media\/17131"}],"wp:attachment":[{"href":"https:\/\/agoravape.com\/ro\/wp-json\/wp\/v2\/media?parent=17105"}],"wp:term":[{"taxonomy":"product_brand","embeddable":true,"href":"https:\/\/agoravape.com\/ro\/wp-json\/wp\/v2\/product_brand?post=17105"},{"taxonomy":"product_cat","embeddable":true,"href":"https:\/\/agoravape.com\/ro\/wp-json\/wp\/v2\/product_cat?post=17105"},{"taxonomy":"product_tag","embeddable":true,"href":"https:\/\/agoravape.com\/ro\/wp-json\/wp\/v2\/product_tag?post=17105"}],"curies":[{"name":"wp","href":"https:\/\/api.w.org\/{rel}","templated":true}]}}