{"id":17216,"date":"2025-10-18T14:19:20","date_gmt":"2025-10-18T06:19:20","guid":{"rendered":"https:\/\/green-grasshopper-921422.hostingersite.com\/?post_type=product&#038;p=17216"},"modified":"2026-01-19T22:01:08","modified_gmt":"2026-01-19T14:01:08","slug":"wga-20k-20000-pufuri-de-unica-folosinta-vape","status":"publish","type":"product","link":"https:\/\/agoravape.com\/ro\/product\/wga-20k-20000-puffs-disposable-vape\/","title":{"rendered":"Rezisten\u021b\u0103 tip plas\u0103 WGA 20k Puffs, capacitate mare pentru vape | Arom\u0103 de lung\u0103 durat\u0103 cu rezisten\u021b\u0103 tip plas\u0103 \u0219i re\u00eenc\u0103rcare tip C"},"content":{"rendered":"<h2 data-v-md-heading=\"what-are-the-special-features-of-wga-20k-high-capacity-mesh-coil-vapes\" data-v-md-line=\"3\"><\/h2>\n<p><img loading=\"lazy\" decoding=\"async\" class=\"size-full wp-image-17252 alignright\" src=\"https:\/\/agoravape.com\/wp-content\/uploads\/2025\/10\/WGA-20k-Puffs-Mesh-Coil-High-Capacity-Vape4-8.jpg\" alt=\"\" width=\"697\" height=\"257\" srcset=\"https:\/\/agoravape.com\/wp-content\/uploads\/2025\/10\/WGA-20k-Puffs-Mesh-Coil-High-Capacity-Vape4-8.jpg 697w, https:\/\/agoravape.com\/wp-content\/uploads\/2025\/10\/WGA-20k-Puffs-Mesh-Coil-High-Capacity-Vape4-8-300x111.jpg 300w\" sizes=\"auto, (max-width: 697px) 100vw, 697px\" \/><\/p>\n<h2 data-v-md-heading=\"what-are-the-special-features-of-wga-20k-high-capacity-mesh-coil-vapes\" data-v-md-line=\"3\">Care sunt caracteristicile speciale ale vaporizatoarelor WGA 20k cu rezisten\u021b\u0103 mesh de mare capacitate?<\/h2>\n<p data-v-md-line=\"4\">Dac\u0103 te-ai s\u0103turat s\u0103 folose\u0219ti \u021big\u0103ri electronice de unic\u0103 folosin\u021b\u0103 \u00eenainte de weekend, atunci acest produs \u00ee\u021bi va schimba experien\u021ba. WGA 20k are o durat\u0103 de via\u021b\u0103 a bateriei de p\u00e2n\u0103 la 20000 de cicluri \u0219i este echipat cu o baterie re\u00eenc\u0103rcabil\u0103, a\u0219a c\u0103 vei consuma efectiv tot lichidul pe care \u00eel cumperi.<\/p>\n<p data-v-md-line=\"6\">Dac\u0103 \u00ee\u021bi dore\u0219ti un gust stabil \u0219i fiabil f\u0103r\u0103 griji, atunci acest produs este alegerea ideal\u0103. Combin\u0103 confortul vaporizatoarelor de unic\u0103 folosin\u021b\u0103 cu consisten\u021ba rezisten\u021belor tip plas\u0103. S-ar putea s\u0103 sim\u021bi c\u0103 acest dispozitiv cu o capacitate at\u00e2t de mare poate p\u0103rea voluminos, dar este foarte potrivit pentru transportul zilnic.<\/p>\n<h2 data-v-md-heading=\"excellent-performance-easy-and-convenient\" data-v-md-line=\"8\">Performan\u021b\u0103 excelent\u0103, u\u0219or \u0219i convenabil<\/h2>\n<p data-v-md-line=\"9\">Impedan\u021ba rezisten\u021bei tip plas\u0103 este de 1,2 ohmi, acesta fiind secretul unui fum fin \u0219i uniform. De la prima p\u00e2n\u0103 la ultima \u00eembuc\u0103tur\u0103, gustul r\u0103m\u00e2ne consistent. C\u00e2nd bateria este desc\u0103rcat\u0103, o pute\u021bi \u00eenc\u0103rca folosind un cablu de date Type-C (care poate fi acela\u0219i cu cel folosit pe telefon) f\u0103r\u0103 a fi nevoie s\u0103 c\u0103uta\u021bi un \u00eenc\u0103rc\u0103tor dedicat.<\/p>\n<h2 data-v-md-heading=\"specification-overview\" data-v-md-line=\"11\">Prezentare general\u0103 a specifica\u021biilor<\/h2>\n<ul data-v-md-line=\"12\">\n<li>Frecven\u021ba de aspirare: p\u00e2n\u0103 la 20000 de ori<\/li>\n<li>Nicotin\u0103: sare de nicotin\u0103 2% \u0219i 5% sunt op\u021bionale<\/li>\n<li>Miez de atomizare: miez de atomizare cu ochiuri de 1,2 \u03a9<\/li>\n<li>Baterie: baterie re\u00eenc\u0103rcabil\u0103 de 850 mAh<\/li>\n<li>Principiu de func\u021bionare: Simplu \u0219i u\u0219or de utilizat<\/li>\n<li>\u00cenc\u0103rcare: Interfa\u021b\u0103 USB standard de tip C<\/li>\n<li>Stare: Gata de utilizare imediat ce este scoas\u0103 din cutie<\/li>\n<\/ul>\n<p data-v-md-line=\"20\">Aten\u021bie: O concentra\u021bie de 2% (20 mg\/mL) este potrivit\u0103 pentru pie\u021bele reglementate TPD\/TRRP. Furnizarea unei concentra\u021bii de 5% (50 mg\/mL) depinde de legisla\u021bia local\u0103.<\/p>\n<h2 data-v-md-heading=\"for-you-and-your-business\" data-v-md-line=\"22\">Pentru tine \u0219i afacerea ta<\/h2>\n<p data-v-md-line=\"23\">Pute\u021bi achizi\u021biona WGA 20k pentru uz personal, iar dac\u0103 de\u021bine\u021bi un magazin online, pute\u021bi achizi\u021biona produse en-gros \u00een cutii de 160. Fiecare cutie de carton este ambalat\u0103 \u00eentr-o cutie de prezentare colorat\u0103, care iese \u00een eviden\u021b\u0103 pe rafturi. Dimensiunea cutiei exterioare este de 51 \u00d7 32,5 \u00d7 23 centimetri, cu o greutate brut\u0103 de 19 kilograme, ceea ce v\u0103 permite s\u0103 planifica\u021bi depozitarea \u0219i transportul cu u\u0219urin\u021b\u0103.<\/p>\n<p data-v-md-line=\"25\">Colabor\u0103m cu parteneri de \u00eencredere precum UPS, DPD \u0219i DHL pentru a utiliza livrarea cu livrare \u201eDelivered Duty Paid\u201d (DDP), pentru a ne asigura c\u0103 tarifele sunt gestionate corespunz\u0103tor \u0219i pentru a evita situa\u021biile vamale nea\u0219teptate. La livrarea comenzii, vom furniza informa\u021bii complete de urm\u0103rire \u0219i documentele aferente.<\/p>\n<p data-v-md-line=\"25\"><img loading=\"lazy\" decoding=\"async\" class=\"size-full wp-image-17245 alignright\" src=\"https:\/\/agoravape.com\/wp-content\/uploads\/2025\/10\/WGA-20k-Puffs-Mesh-Coil-High-Capacity-Vape4-1.jpg\" alt=\"\" width=\"696\" height=\"527\" srcset=\"https:\/\/agoravape.com\/wp-content\/uploads\/2025\/10\/WGA-20k-Puffs-Mesh-Coil-High-Capacity-Vape4-1.jpg 696w, https:\/\/agoravape.com\/wp-content\/uploads\/2025\/10\/WGA-20k-Puffs-Mesh-Coil-High-Capacity-Vape4-1-300x227.jpg 300w\" sizes=\"auto, (max-width: 696px) 100vw, 696px\" \/><\/p>\n<h2 data-v-md-heading=\"why-do-you-like-it\" data-v-md-line=\"27\">De ce \u00ee\u021bi place?<\/h2>\n<ul data-v-md-line=\"28\">\n<li>Mai multe fumuri: timp de utilizare mai lung, nu este nevoie s\u0103 cump\u0103ra\u021bi frecvent \u021big\u0103ri noi<\/li>\n<li>Selec\u021bia nicotinei: Alege\u021bi concentra\u021bia de nicotin\u0103 care se potrive\u0219te obiceiurilor \u0219i pie\u021bei dumneavoastr\u0103 zilnice<\/li>\n<li>Re\u00eenc\u0103rcabil: Pute\u021bi folosi \u00eentregul lichid pentru \u021bigar\u0103 electronic\u0103 f\u0103r\u0103 a arunca echipamentul pe jum\u0103tate folosit<\/li>\n<li>Miez de atomizor tip plas\u0103: ofer\u0103 un gust consistent \u0219i pur cu fiecare aspirare<\/li>\n<li>\u00cenc\u0103rcare tip C: Utilizarea unui cablu de date universal simplific\u0103 totul<\/li>\n<\/ul>\n<h2 data-v-md-heading=\"why-choose-to-collaborate-with-agoravape\" data-v-md-line=\"34\">De ce s\u0103 alegi s\u0103 colaborezi cu AgoraVape?<\/h2>\n<p data-v-md-line=\"35\">Vindem doar produse 100% originale de la furnizori verifica\u021bi. Pentru clien\u021bii comerciali, aceasta \u00eenseamn\u0103 pre\u021buri reduse en-gros, specifica\u021bii clare ale produselor \u0219i asisten\u021b\u0103 rapid\u0103. Oferim servicii de transport DDP pl\u0103tite de taxe \u00een toat\u0103 Europa, cu livrare rapid\u0103, transportatori fiabili \u0219i proceduri complete de verificare a v\u00e2rstei.<\/p>\n<p data-v-md-line=\"37\">Pia\u021ba dvs. necesit\u0103 op\u021biuni conforme cu TPD? Oferim o versiune 2%. Dori\u021bi s\u0103 v\u0103 extinde\u021bi rapid? V\u0103 vom asista \u00een planificarea nivelurilor de inventar \u0219i a programelor de lansare. Contacta\u021bi-ne pentru a ad\u0103uga WGA 20k Puffs Mesh Coil vape de mare capacitate la linia dvs. de produse, oferind clien\u021bilor dvs. o vape de unic\u0103 folosin\u021b\u0103 de mare capacitate fiabil\u0103 \u0219i f\u0103c\u00e2ndu-i clien\u021bi fideli.<\/p>\n<p data-v-md-line=\"39\">Notificare important\u0103: Acest produs con\u021bine nicotin\u0103 \u0219i este destinat exclusiv adul\u021bilor. V\u0103 rug\u0103m s\u0103 respecta\u021bi reglement\u0103rile \u0219i directivele locale.<\/p>","protected":false},"excerpt":{"rendered":"<p>&nbsp;<\/p>","protected":false},"featured_media":17249,"comment_status":"open","ping_status":"closed","template":"","meta":[],"product_brand":[232],"product_cat":[124,185,189,174,175,193,191,173,186,180,190,159],"product_tag":[],"class_list":{"0":"post-17216","1":"product","2":"type-product","3":"status-publish","4":"has-post-thumbnail","6":"product_brand-wga","7":"product_cat-vape-by-brand","8":"product_cat-10000-puffs-high-capacity","9":"product_cat-20mg-standard-nicotine-vapes","10":"product_cat-fruit-flavors","11":"product_cat-icy-mint","12":"product_cat-mesh-coil","13":"product_cat-rechargeable-disposables","14":"product_cat-vape-by-flavor-profile","15":"product_cat-vape-by-nicotine-strength","16":"product_cat-vape-by-puff-count","17":"product_cat-vape-by-feature-or-type","18":"product_cat-wga","20":"first","21":"onbackorder","22":"shipping-taxable","23":"purchasable","24":"product-type-variable","25":"has-default-attributes"},"tiered_pricing_type":"percentage","tiered_pricing_fixed_rules":[],"tiered_pricing_product_settings":{"layout":"default","base_unit_name":{"singular":null,"plural":null},"default_variation":null},"tiered_pricing_minimum_quantity":50,"tiered_pricing_roles_data":[],"tiered_pricing_percentage_rules":{"100":"40","200":"44","500":"47","1000":"49"},"tiered_pricing_maximum_quantity":null,"tiered_pricing_quantity_step":"10","_links":{"self":[{"href":"https:\/\/agoravape.com\/ro\/wp-json\/wp\/v2\/product\/17216","targetHints":{"allow":["GET"]}}],"collection":[{"href":"https:\/\/agoravape.com\/ro\/wp-json\/wp\/v2\/product"}],"about":[{"href":"https:\/\/agoravape.com\/ro\/wp-json\/wp\/v2\/types\/product"}],"replies":[{"embeddable":true,"href":"https:\/\/agoravape.com\/ro\/wp-json\/wp\/v2\/comments?post=17216"}],"version-history":[{"count":0,"href":"https:\/\/agoravape.com\/ro\/wp-json\/wp\/v2\/product\/17216\/revisions"}],"wp:featuredmedia":[{"embeddable":true,"href":"https:\/\/agoravape.com\/ro\/wp-json\/wp\/v2\/media\/17249"}],"wp:attachment":[{"href":"https:\/\/agoravape.com\/ro\/wp-json\/wp\/v2\/media?parent=17216"}],"wp:term":[{"taxonomy":"product_brand","embeddable":true,"href":"https:\/\/agoravape.com\/ro\/wp-json\/wp\/v2\/product_brand?post=17216"},{"taxonomy":"product_cat","embeddable":true,"href":"https:\/\/agoravape.com\/ro\/wp-json\/wp\/v2\/product_cat?post=17216"},{"taxonomy":"product_tag","embeddable":true,"href":"https:\/\/agoravape.com\/ro\/wp-json\/wp\/v2\/product_tag?post=17216"}],"curies":[{"name":"wp","href":"https:\/\/api.w.org\/{rel}","templated":true}]}}