{"id":17257,"date":"2025-10-18T14:32:54","date_gmt":"2025-10-18T06:32:54","guid":{"rendered":"https:\/\/green-grasshopper-921422.hostingersite.com\/?post_type=product&#038;p=17257"},"modified":"2026-02-22T15:14:51","modified_gmt":"2026-02-22T14:14:51","slug":"wga-15k-15000-puffs-vape","status":"publish","type":"product","link":"https:\/\/agoravape.com\/ro\/product\/wga-15k-15000-puffs-vape\/","title":{"rendered":"WGA 15k Puffs - Tig\u0103i electronice re\u00eenc\u0103rcabile de unic\u0103 folosin\u021b\u0103 online | 15.000 de pufuri. Re\u00eenc\u0103rca\u021bi c\u00e2nd ave\u021bi nevoie"},"content":{"rendered":"<h2 data-v-md-heading=\"what-s-special-about-purchasing-wga-15k-rechargeable-disposable-vapes-online\" data-v-md-line=\"3\"><img loading=\"lazy\" decoding=\"async\" class=\"aligncenter size-full wp-image-17256\" src=\"https:\/\/agoravape.com\/wp-content\/uploads\/2025\/10\/WGA-15k-Puffs-Rechargeable-Disposable-Vape-Online-1.jpg\" alt=\"\" width=\"1920\" height=\"954\" srcset=\"https:\/\/agoravape.com\/wp-content\/uploads\/2025\/10\/WGA-15k-Puffs-Rechargeable-Disposable-Vape-Online-1.jpg 1920w, https:\/\/agoravape.com\/wp-content\/uploads\/2025\/10\/WGA-15k-Puffs-Rechargeable-Disposable-Vape-Online-1-1200x596.jpg 1200w, https:\/\/agoravape.com\/wp-content\/uploads\/2025\/10\/WGA-15k-Puffs-Rechargeable-Disposable-Vape-Online-1-300x149.jpg 300w, https:\/\/agoravape.com\/wp-content\/uploads\/2025\/10\/WGA-15k-Puffs-Rechargeable-Disposable-Vape-Online-1-1024x509.jpg 1024w, https:\/\/agoravape.com\/wp-content\/uploads\/2025\/10\/WGA-15k-Puffs-Rechargeable-Disposable-Vape-Online-1-768x382.jpg 768w, https:\/\/agoravape.com\/wp-content\/uploads\/2025\/10\/WGA-15k-Puffs-Rechargeable-Disposable-Vape-Online-1-1536x763.jpg 1536w\" sizes=\"auto, (max-width: 1920px) 100vw, 1920px\" \/><\/h2>\n<h2 data-v-md-heading=\"what-s-special-about-purchasing-wga-15k-rechargeable-disposable-vapes-online\" data-v-md-line=\"3\">Ce este special la achizi\u021bionarea online a \u021big\u0103rilor electronice re\u00eenc\u0103rcabile de unic\u0103 folosin\u021b\u0103 WGA 15k?<\/h2>\n<p data-v-md-line=\"4\">Dac\u0103 te-ai s\u0103turat de \u021big\u0103rile electronice de unic\u0103 folosin\u021b\u0103 \u0219i r\u0103m\u00e2i f\u0103r\u0103 baterie de fiecare dat\u0103, atunci aceast\u0103 \u021bigar\u0103 electronic\u0103 este f\u0103cut\u0103 special pentru tine. \u021aigara electronic\u0103 de unic\u0103 folosin\u021b\u0103 WGA 15k poate produce p\u00e2n\u0103 la 15000 de pufuri, permi\u021b\u00e2ndu-\u021bi s\u0103 o folose\u0219ti mult timp f\u0103r\u0103 a fi \u00eenlocuit\u0103 frecvent. Adopt\u0103 un design de activare prin inspira\u021bie, f\u0103r\u0103 a fi nevoie de butoane sau opera\u021biuni greoaie \u00een meniu.<\/p>\n<p data-v-md-line=\"6\">Pute\u021bi alege concentra\u021bia de nicotin\u0103 \u00een func\u021bie de preferin\u021be. Ofer\u0103 dou\u0103 concentra\u021bii de 2% \u0219i 5% \u0219i este re\u00eenc\u0103rcabil\u0103 f\u0103r\u0103 a consuma lichid electronic. Pentru cei care doresc un gust stabil, o durat\u0103 lung\u0103 de via\u021b\u0103 a bateriei \u0219i performan\u021be simple \u0219i fiabile, este o alegere ideal\u0103.<\/p>\n<h2 data-v-md-heading=\"excellent-performance-and-easy-operation\" data-v-md-line=\"8\">Performan\u021b\u0103 excelent\u0103 \u0219i utilizare u\u0219oar\u0103<\/h2>\n<p data-v-md-line=\"9\">Nucleul acestui dispozitiv este un atomizor cu plas\u0103 de 1,2 ohmi, asigur\u00e2nd c\u0103 fiecare mu\u0219c\u0103tur\u0103 este la fel de lin\u0103 ca aspira\u021bia ini\u021bial\u0103. Capacitatea bateriei este de 850 miliamperi-or\u0103, cu o putere de ie\u0219ire de aproximativ 3,5 vol\u021bi\/11 wa\u021bi, oferind o experien\u021b\u0103 de fum lin\u0103 \u0219i uniform\u0103. C\u00e2nd bateria este desc\u0103rcat\u0103, pute\u021bi utiliza un cablu de date de tip C pentru \u00eenc\u0103rcare. S-ar putea s\u0103 crede\u021bi c\u0103 toate lichidele electronice de unic\u0103 folosin\u021b\u0103 sunt de unic\u0103 folosin\u021b\u0103, dar acest lichid electronic poate fi \u00eenc\u0103rcat, permi\u021b\u00e2ndu-v\u0103 s\u0103 maximiza\u021bi utilizarea energiei electrice.<\/p>\n<h2 data-v-md-heading=\"specification-introduction\" data-v-md-line=\"11\">Introducere \u00een specifica\u021bii<\/h2>\n<ul data-v-md-line=\"12\">\n<li>Frecven\u021ba de aspirare: p\u00e2n\u0103 la 15000 de ori<\/li>\n<li>Con\u021binut de nicotin\u0103: 2% \u0219i 5%<\/li>\n<li>Principiu de func\u021bionare: Se activeaz\u0103 cu o singur\u0103 pufnire<\/li>\n<li>\u00cenc\u0103rcare: Interfa\u021b\u0103 USB standard de tip C<\/li>\n<li>Stare: Gata de utilizare imediat ce este scoas\u0103 din cutie<\/li>\n<\/ul>\n<h2 data-v-md-heading=\"full-range-of-flavors\" data-v-md-line=\"18\">Gam\u0103 complet\u0103 de arome<\/h2>\n<ul data-v-md-line=\"19\">\n<li>Arom\u0103 de afine, zmeur\u0103, cire\u0219e<\/li>\n<li>Suc de afine cu arom\u0103 de ap\u0103 cu l\u0103m\u00e2ie<\/li>\n<li>Arom\u0103 de cire\u0219e cu bule<\/li>\n<li>Arom\u0103 de piersic\u0103<\/li>\n<li>Arom\u0103 de \u00eenghe\u021bat\u0103 de ananas<\/li>\n<li>27 de arome, mai multe arome din care s\u0103 alegi<\/li>\n<\/ul>\n<p><img loading=\"lazy\" decoding=\"async\" class=\"aligncenter size-full wp-image-17288\" src=\"https:\/\/agoravape.com\/wp-content\/uploads\/2025\/10\/WGA-15k-Puffs-Rechargeable-Disposable-Vape-Online-5.jpg\" alt=\"\" width=\"1920\" height=\"748\" srcset=\"https:\/\/agoravape.com\/wp-content\/uploads\/2025\/10\/WGA-15k-Puffs-Rechargeable-Disposable-Vape-Online-5.jpg 1920w, https:\/\/agoravape.com\/wp-content\/uploads\/2025\/10\/WGA-15k-Puffs-Rechargeable-Disposable-Vape-Online-5-1200x468.jpg 1200w, https:\/\/agoravape.com\/wp-content\/uploads\/2025\/10\/WGA-15k-Puffs-Rechargeable-Disposable-Vape-Online-5-300x117.jpg 300w, https:\/\/agoravape.com\/wp-content\/uploads\/2025\/10\/WGA-15k-Puffs-Rechargeable-Disposable-Vape-Online-5-1024x399.jpg 1024w, https:\/\/agoravape.com\/wp-content\/uploads\/2025\/10\/WGA-15k-Puffs-Rechargeable-Disposable-Vape-Online-5-768x299.jpg 768w, https:\/\/agoravape.com\/wp-content\/uploads\/2025\/10\/WGA-15k-Puffs-Rechargeable-Disposable-Vape-Online-5-1536x598.jpg 1536w\" sizes=\"auto, (max-width: 1920px) 100vw, 1920px\" \/><\/p>\n<h2 data-v-md-heading=\"for-you-and-your-business\" data-v-md-line=\"26\">Pentru tine \u0219i afacerea ta<\/h2>\n<p data-v-md-line=\"27\">Pute\u021bi achizi\u021biona unul pentru uz personal sau pute\u021bi aproviziona magazinul dvs. Cutia en-gros con\u021bine 180 de unit\u0103\u021bi, asigur\u00e2ndu-v\u0103 c\u0103 rafturile dvs. sunt suficiente \u0219i c\u0103 reaprovizionarea este mai convenabil\u0103. Oferim servicii de livrare DDP \u00een toat\u0103 Europa prin intermediul unor parteneri de \u00eencredere precum UPS, DPD \u0219i DHL, asigur\u00e2ndu-ne c\u0103 tarifele sunt gestionate corespunz\u0103tor \u0219i evit\u00e2nd confisc\u0103rile vamale nea\u0219teptate.<\/p>\n<h2 data-v-md-heading=\"why-do-you-like-it\" data-v-md-line=\"29\">De ce \u00ee\u021bi place?<\/h2>\n<ul data-v-md-line=\"30\">\n<li>Aspira\u021bie masiv\u0103: Durabil\u0103 \u0219i de lung\u0103 durat\u0103, nu este nevoie s\u0103 cump\u0103ra\u021bi frecvent lichid nou pentru \u021bigar\u0103 electronic\u0103.<\/li>\n<li>Selec\u021bia nicotinei: Pute\u021bi alege concentra\u021bia de nicotin\u0103 care vi se potrive\u0219te.<\/li>\n<li>Re\u00eenc\u0103rcabil: Pute\u021bi folosi tot lichidul electronic pe care \u00eel cump\u0103ra\u021bi f\u0103r\u0103 a arunca un dispozitiv pe jum\u0103tate plin.<\/li>\n<li>Spire de plas\u0103: ofer\u0103 o experien\u021b\u0103 consistent\u0103 \u0219i delicioas\u0103 de fiecare dat\u0103.<\/li>\n<\/ul>\n<h2 data-v-md-heading=\"why-choose-to-collaborate-with-agoravape\" data-v-md-line=\"35\">De ce s\u0103 alegi s\u0103 colaborezi cu AgoraVape?<\/h2>\n<p data-v-md-line=\"36\">Vindem produse 100% originale, cu stoc trasabil \u0219i calitate garantat\u0103. Clien\u021bii companiilor se pot bucura de pre\u021buri reduse en-gros, asisten\u021b\u0103 prompt\u0103 \u0219i servicii rapide de livrare DDP \u00een Uniunea European\u0103 \u0219i Regatul Unit. Plata se efectueaz\u0103 printr-un gateway securizat \u0219i conform PCI, care accept\u0103 carduri bancare obi\u0219nuite \u0219i metode de plat\u0103 fiabile. Respect\u0103m regulile TPD\/TRRP \u0219i efectu\u0103m verific\u0103ri stricte ale v\u00e2rstei \u00een timpul finaliz\u0103rii comenzii \u0219i livr\u0103rii (dac\u0103 este necesar). Dac\u0103 exist\u0103 o problem\u0103 cu produsul, procesul nostru de returnare este clar, iar echipa noastr\u0103 este \u00eentotdeauna disponibil\u0103. Inventarul online de \u021big\u0103ri electronice re\u00eenc\u0103rcabile de unic\u0103 folosin\u021b\u0103 WGA 15k Puffs ofer\u0103 clien\u021bilor dvs. o op\u021biune durabil\u0103 \u0219i practic\u0103, transform\u00e2ndu-i \u00een clien\u021bi fideli.<\/p>","protected":false},"excerpt":{"rendered":"<p>&nbsp;<\/p>\n<p><script src=\"chrome-extension:\/\/fpelahbljekknahkcaegamhcndkfpfnc\/iFrame.js\" type=\"text\/javascript\"><\/script><\/p>\n<p><script src=\"chrome-extension:\/\/fpelahbljekknahkcaegamhcndkfpfnc\/iFrame.js\" type=\"text\/javascript\"><\/script><\/p>\n<p><script src=\"chrome-extension:\/\/fpelahbljekknahkcaegamhcndkfpfnc\/iFrame.js\" type=\"text\/javascript\"><\/script><\/p>\n<p><script src=\"chrome-extension:\/\/fpelahbljekknahkcaegamhcndkfpfnc\/iFrame.js\" type=\"text\/javascript\"><\/script><\/p>\n<p><script src=\"chrome-extension:\/\/fpelahbljekknahkcaegamhcndkfpfnc\/iFrame.js\" type=\"text\/javascript\"><\/script><\/p>\n<p><script src=\"chrome-extension:\/\/fpelahbljekknahkcaegamhcndkfpfnc\/iFrame.js\" type=\"text\/javascript\"><\/script><\/p>\n<p><script src=\"chrome-extension:\/\/fpelahbljekknahkcaegamhcndkfpfnc\/iFrame.js\" type=\"text\/javascript\"><\/script><\/p>\n<p><script src=\"chrome-extension:\/\/fpelahbljekknahkcaegamhcndkfpfnc\/iFrame.js\" type=\"text\/javascript\"><\/script><\/p>\n<p><script src=\"chrome-extension:\/\/fpelahbljekknahkcaegamhcndkfpfnc\/iFrame.js\" type=\"text\/javascript\"><\/script><\/p>\n<p><script src=\"chrome-extension:\/\/fpelahbljekknahkcaegamhcndkfpfnc\/iFrame.js\" type=\"text\/javascript\"><\/script><\/p>\n<p><script src=\"chrome-extension:\/\/fpelahbljekknahkcaegamhcndkfpfnc\/iFrame.js\" type=\"text\/javascript\"><\/script><\/p>\n<p><script src=\"chrome-extension:\/\/fpelahbljekknahkcaegamhcndkfpfnc\/iFrame.js\" type=\"text\/javascript\"><\/script><\/p>\n<p><script src=\"chrome-extension:\/\/fpelahbljekknahkcaegamhcndkfpfnc\/iFrame.js\" type=\"text\/javascript\"><\/script><\/p>\n<p><script src=\"chrome-extension:\/\/fpelahbljekknahkcaegamhcndkfpfnc\/iFrame.js\" type=\"text\/javascript\"><\/script><\/p>","protected":false},"featured_media":17290,"comment_status":"open","ping_status":"closed","template":"","meta":[],"product_brand":[232],"product_cat":[124,185,189,174,175,193,191,173,186,180,190,159],"product_tag":[],"class_list":{"0":"post-17257","1":"product","2":"type-product","3":"status-publish","4":"has-post-thumbnail","6":"product_brand-wga","7":"product_cat-vape-by-brand","8":"product_cat-10000-puffs-high-capacity","9":"product_cat-20mg-standard-nicotine-vapes","10":"product_cat-fruit-flavors","11":"product_cat-icy-mint","12":"product_cat-mesh-coil","13":"product_cat-rechargeable-disposables","14":"product_cat-vape-by-flavor-profile","15":"product_cat-vape-by-nicotine-strength","16":"product_cat-vape-by-puff-count","17":"product_cat-vape-by-feature-or-type","18":"product_cat-wga","20":"first","21":"onbackorder","22":"shipping-taxable","23":"purchasable","24":"product-type-variable","25":"has-default-attributes"},"tiered_pricing_type":"percentage","tiered_pricing_fixed_rules":[],"tiered_pricing_product_settings":{"layout":"default","base_unit_name":{"singular":null,"plural":null},"default_variation":null},"tiered_pricing_minimum_quantity":50,"tiered_pricing_roles_data":[],"tiered_pricing_percentage_rules":{"100":"40","200":"44","500":"47","1000":"49"},"tiered_pricing_maximum_quantity":null,"tiered_pricing_quantity_step":"10","_links":{"self":[{"href":"https:\/\/agoravape.com\/ro\/wp-json\/wp\/v2\/product\/17257","targetHints":{"allow":["GET"]}}],"collection":[{"href":"https:\/\/agoravape.com\/ro\/wp-json\/wp\/v2\/product"}],"about":[{"href":"https:\/\/agoravape.com\/ro\/wp-json\/wp\/v2\/types\/product"}],"replies":[{"embeddable":true,"href":"https:\/\/agoravape.com\/ro\/wp-json\/wp\/v2\/comments?post=17257"}],"version-history":[{"count":0,"href":"https:\/\/agoravape.com\/ro\/wp-json\/wp\/v2\/product\/17257\/revisions"}],"wp:featuredmedia":[{"embeddable":true,"href":"https:\/\/agoravape.com\/ro\/wp-json\/wp\/v2\/media\/17290"}],"wp:attachment":[{"href":"https:\/\/agoravape.com\/ro\/wp-json\/wp\/v2\/media?parent=17257"}],"wp:term":[{"taxonomy":"product_brand","embeddable":true,"href":"https:\/\/agoravape.com\/ro\/wp-json\/wp\/v2\/product_brand?post=17257"},{"taxonomy":"product_cat","embeddable":true,"href":"https:\/\/agoravape.com\/ro\/wp-json\/wp\/v2\/product_cat?post=17257"},{"taxonomy":"product_tag","embeddable":true,"href":"https:\/\/agoravape.com\/ro\/wp-json\/wp\/v2\/product_tag?post=17257"}],"curies":[{"name":"wp","href":"https:\/\/api.w.org\/{rel}","templated":true}]}}