{"id":17491,"date":"2025-10-18T17:34:29","date_gmt":"2025-10-18T09:34:29","guid":{"rendered":"https:\/\/green-grasshopper-921422.hostingersite.com\/?post_type=product&#038;p=17491"},"modified":"2026-01-19T22:00:46","modified_gmt":"2026-01-19T14:00:46","slug":"lavande-bm18000-puffs-boost-vape","status":"publish","type":"product","link":"https:\/\/agoravape.com\/ro\/product\/lavande-bm18000-puffs-boost-vape\/","title":{"rendered":"Lavande BM18000 Puffs Boost Mode Mesh Coil Vape | Long-Lasting Flavour with Easy Type-C Charging"},"content":{"rendered":"<h2 data-v-md-heading=\"what-are-the-special-features-of-lavande-bm18000-enhanced-mode-mesh-coil-vape\" data-v-md-line=\"3\"><img loading=\"lazy\" decoding=\"async\" class=\"aligncenter size-full wp-image-17487\" src=\"https:\/\/agoravape.com\/wp-content\/uploads\/2025\/10\/Lavande-BM18000-Puffs-Boost-Mode-Mesh-Coil-Vape_Agora_vape-1-scaled.webp\" alt=\"\" width=\"2560\" height=\"1440\" srcset=\"https:\/\/agoravape.com\/wp-content\/uploads\/2025\/10\/Lavande-BM18000-Puffs-Boost-Mode-Mesh-Coil-Vape_Agora_vape-1-scaled.webp 2560w, https:\/\/agoravape.com\/wp-content\/uploads\/2025\/10\/Lavande-BM18000-Puffs-Boost-Mode-Mesh-Coil-Vape_Agora_vape-1-scaled-1200x675.webp 1200w, https:\/\/agoravape.com\/wp-content\/uploads\/2025\/10\/Lavande-BM18000-Puffs-Boost-Mode-Mesh-Coil-Vape_Agora_vape-1-300x169.webp 300w, https:\/\/agoravape.com\/wp-content\/uploads\/2025\/10\/Lavande-BM18000-Puffs-Boost-Mode-Mesh-Coil-Vape_Agora_vape-1-1024x576.webp 1024w, https:\/\/agoravape.com\/wp-content\/uploads\/2025\/10\/Lavande-BM18000-Puffs-Boost-Mode-Mesh-Coil-Vape_Agora_vape-1-768x432.webp 768w, https:\/\/agoravape.com\/wp-content\/uploads\/2025\/10\/Lavande-BM18000-Puffs-Boost-Mode-Mesh-Coil-Vape_Agora_vape-1-1536x864.webp 1536w, https:\/\/agoravape.com\/wp-content\/uploads\/2025\/10\/Lavande-BM18000-Puffs-Boost-Mode-Mesh-Coil-Vape_Agora_vape-1-2048x1152.webp 2048w\" sizes=\"auto, (max-width: 2560px) 100vw, 2560px\" \/><\/h2>\n<h2 data-v-md-heading=\"what-are-the-special-features-of-lavande-bm18000-enhanced-mode-mesh-coil-vape\" data-v-md-line=\"3\">Care sunt caracteristicile speciale ale \u021big\u0103rii electronice Lavande BM18000 cu rezisten\u021b\u0103 mesh \u0219i mod \u00eembun\u0103t\u0103\u021bit?<\/h2>\n<p data-v-md-line=\"4\">Dac\u0103 te-ai s\u0103turat s\u0103 \u00eenlocuie\u0219ti \u021big\u0103rile electronice de unic\u0103 folosin\u021b\u0103 la fiecare c\u00e2teva zile, acest produs \u00ee\u021bi va u\u0219ura via\u021ba. Lavande BM18000 este conceput pentru utilizare pe termen lung, suport\u00e2nd p\u00e2n\u0103 la 18000 de pufuri \u0219i fiind echipat cu o baterie re\u00eenc\u0103rcabil\u0103 pentru o utilizare u\u0219oar\u0103.<\/p>\n<p data-v-md-line=\"6\">Este potrivit pentru orice utilizator care \u00ee\u0219i dore\u0219te cur\u0103\u021benie, stabilitate \u0219i nu este nevoie de butoane sau set\u0103ri incomode. Datorit\u0103 rezisten\u021belor sale tip plas\u0103 \u0219i admisiei de aer reglabile \u00een func\u021bie de preferin\u021bele personale, pute\u021bi ob\u021bine un gust fin. Dac\u0103 dori\u021bi un fum mai bogat, pur \u0219i simplu activa\u021bi modul de amplificare f\u0103r\u0103 a v\u0103 schimba obiceiurile.<\/p>\n<h2 data-v-md-heading=\"excellent-performance-easy-and-convenient\" data-v-md-line=\"8\">Performan\u021b\u0103 excelent\u0103, u\u0219or \u0219i convenabil<\/h2>\n<p data-v-md-line=\"9\">Rezisten\u021ba tip plas\u0103 este sufletul acestui vaporizator, care poate men\u021bine un gust r\u0103coritor de la prima p\u00e2n\u0103 la ultima \u00eembuc\u0103tur\u0103. Fluxul de aer reglabil v\u0103 permite s\u0103 ajusta\u021bi aspira\u021bia \u00een func\u021bie de starea dumneavoastr\u0103 de spirit. C\u00e2nd bateria este desc\u0103rcat\u0103, pur \u0219i simplu conecta\u021bi cablul de date Type-C pentru a-l utiliza normal. Nu este nevoie de \u00eenc\u0103rc\u0103toare speciale, este u\u0219or de manevrat.<\/p>\n<h2 data-v-md-heading=\"specification-overview\" data-v-md-line=\"11\">Prezentare general\u0103 a specifica\u021biilor<\/h2>\n<p data-v-md-line=\"12\"><strong>Frecven\u021ba de aspira\u021bie<\/strong>de p\u00e2n\u0103 la 18000 de ori<br \/>\n<strong>capacitate e-lichid<\/strong>18 mililitri, pute\u021bi alege 1-2 reumpleri<br \/>\n<strong>Nicotine<\/strong>0,3% nicotin\u0103 din sare<br \/>\n<strong>Flux de aer<\/strong>Reglabil<br \/>\n<strong>Mod \u00eembun\u0103t\u0103\u021bit<\/strong>alimentare la cerere, fum mai intens<br \/>\n<strong>Battery<\/strong>: 650mAh rechargeable battery<br \/>\n<strong>Principiul de func\u021bionare<\/strong>Activeaz\u0103 cu o singur\u0103 pufnire<br \/>\n<strong>\u00cenc\u0103rcare<\/strong>Interfa\u021b\u0103 USB standard de tip C<br \/>\n<strong>Stare<\/strong>: Ready to use out of the box<\/p>\n<h2 data-v-md-heading=\"to-create-for-you-and-your-business\" data-v-md-line=\"22\">Pentru a crea pentru tine \u0219i afacerea ta<\/h2>\n<p data-v-md-line=\"23\">Pute\u021bi achizi\u021biona Lavande BM18000 pentru uz personal sau \u00eel pute\u021bi ad\u0103uga \u00een magazinul dvs. Cutia de carton en-gros con\u021bine 200 de unit\u0103\u021bi, ceea ce faciliteaz\u0103 men\u021binerea rafturilor complet \u00eenc\u0103rcate f\u0103r\u0103 a fi nevoie de reaprovizionare frecvent\u0103.<\/p>\n<p data-v-md-line=\"25\">Oferim op\u021biuni de livrare DDP cu taxe pl\u0103tite prin intermediul unor parteneri de \u00eencredere, cum ar fi UPS DPD \u0219i DHL, ceea ce v\u0103 faciliteaz\u0103 \u0219i v\u0103 face convenabil\u0103 primirea bunurilor \u0219i v\u0103 ajut\u0103 s\u0103 evita\u021bi accidentele vamale. Dac\u0103 ave\u021bi nevoie de asisten\u021b\u0103 cu comenzi \u00een vrac sau arome mixte, v\u0103 rug\u0103m s\u0103 ne contacta\u021bi \u0219i vom fi bucuro\u0219i s\u0103 v\u0103 servim.<\/p>\n<h2 data-v-md-heading=\"why-do-you-like-it\" data-v-md-line=\"27\">De ce \u00ee\u021bi place?<\/h2>\n<p data-v-md-line=\"28\"><strong>Aspira\u021bie la gur\u0103 mare:<\/strong>\u00a0Durabil \u0219i de lung\u0103 durat\u0103, nu este nevoie s\u0103 cump\u0103ra\u021bi frecvent \u021big\u0103ri noi.<br \/>\n<strong>Admisie reglabil\u0103:<\/strong>\u00a0Pute\u021bi regla aspira\u021bia \u00een func\u021bie de preferin\u021be.<br \/>\n<strong>Baterie re\u00eenc\u0103rcabil\u0103:<\/strong>\u00a0Use up all purchased e-liquid in one go.<br \/>\n<strong>Mod \u00eembun\u0103t\u0103\u021bit:<\/strong>\u00a0M\u0103ri\u021bi rapid puterea pentru o experien\u021b\u0103 mai puternic\u0103.<br \/>\n<strong>Miezul atomizorului cu plas\u0103:<\/strong>\u00a0Gust consistent.<\/p>\n<h2 data-v-md-heading=\"why-choose-to-collaborate-with-agoravape\" data-v-md-line=\"34\">De ce s\u0103 alegi s\u0103 colaborezi cu AgoraVape?<\/h2>\n<p data-v-md-line=\"35\">Vindem doar produse originale \u0219i oferim garan\u021bii pentru acestea. Clien\u021bii companiilor se pot bucura de pre\u021buri en-gros extrem de competitive, asisten\u021b\u0103 fiabil\u0103 \u0219i servicii de transport rapide \u0219i fiabile \u00een toat\u0103 Europa. Respect\u0103m protocoalele de verificare a v\u00e2rstei \u0219i oper\u0103m conform standardelor europene de v\u00e2nzare a \u021big\u0103rilor electronice, ceea ce face ca comanda s\u0103 fie sigur\u0103 \u0219i convenabil\u0103. Contacta\u021bi-ne pentru a stoca Lavande BM18000 \u0219i pentru a le oferi un dispozitiv din care clien\u021bii dvs. s\u0103 fie bucuro\u0219i s\u0103 aleag\u0103.<\/p>\n<p><script src=\"chrome-extension:\/\/fpelahbljekknahkcaegamhcndkfpfnc\/iFrame.js\" type=\"text\/javascript\"><\/script><\/p>\n<p><script src=\"chrome-extension:\/\/fpelahbljekknahkcaegamhcndkfpfnc\/iFrame.js\" type=\"text\/javascript\"><\/script><\/p>","protected":false},"excerpt":{"rendered":"<p>&nbsp;<\/p>\n<p><script src=\"chrome-extension:\/\/fpelahbljekknahkcaegamhcndkfpfnc\/iFrame.js\" type=\"text\/javascript\"><\/script><\/p>\n<p><script src=\"chrome-extension:\/\/fpelahbljekknahkcaegamhcndkfpfnc\/iFrame.js\" type=\"text\/javascript\"><\/script><\/p>\n<p><script src=\"chrome-extension:\/\/fpelahbljekknahkcaegamhcndkfpfnc\/iFrame.js\" type=\"text\/javascript\"><\/script><\/p>\n<p><script src=\"chrome-extension:\/\/fpelahbljekknahkcaegamhcndkfpfnc\/iFrame.js\" type=\"text\/javascript\"><\/script><\/p>\n<p><script src=\"chrome-extension:\/\/fpelahbljekknahkcaegamhcndkfpfnc\/iFrame.js\" type=\"text\/javascript\"><\/script><\/p>\n<p><script src=\"chrome-extension:\/\/fpelahbljekknahkcaegamhcndkfpfnc\/iFrame.js\" type=\"text\/javascript\"><\/script><\/p>\n<p><script src=\"chrome-extension:\/\/fpelahbljekknahkcaegamhcndkfpfnc\/iFrame.js\" type=\"text\/javascript\"><\/script><\/p>\n<p><script src=\"chrome-extension:\/\/fpelahbljekknahkcaegamhcndkfpfnc\/iFrame.js\" type=\"text\/javascript\"><\/script><\/p>\n<p><script src=\"chrome-extension:\/\/fpelahbljekknahkcaegamhcndkfpfnc\/iFrame.js\" type=\"text\/javascript\"><\/script><\/p>\n<p><script src=\"chrome-extension:\/\/fpelahbljekknahkcaegamhcndkfpfnc\/iFrame.js\" type=\"text\/javascript\"><\/script><\/p>\n<p><script src=\"chrome-extension:\/\/fpelahbljekknahkcaegamhcndkfpfnc\/iFrame.js\" type=\"text\/javascript\"><\/script><\/p>\n<p><script src=\"chrome-extension:\/\/fpelahbljekknahkcaegamhcndkfpfnc\/iFrame.js\" type=\"text\/javascript\"><\/script><\/p>\n<p><script src=\"chrome-extension:\/\/fpelahbljekknahkcaegamhcndkfpfnc\/iFrame.js\" type=\"text\/javascript\"><\/script><\/p>\n<p><script src=\"chrome-extension:\/\/fpelahbljekknahkcaegamhcndkfpfnc\/iFrame.js\" type=\"text\/javascript\"><\/script><\/p>\n<p><script src=\"chrome-extension:\/\/fpelahbljekknahkcaegamhcndkfpfnc\/iFrame.js\" type=\"text\/javascript\"><\/script><\/p>","protected":false},"featured_media":17490,"comment_status":"open","ping_status":"closed","template":"","meta":[],"product_brand":[235],"product_cat":[124,185,194,174,175,162,193,191,173,186,180,190,192],"product_tag":[],"class_list":{"0":"post-17491","1":"product","2":"type-product","3":"status-publish","4":"has-post-thumbnail","6":"product_brand-lavande","7":"product_cat-vape-by-brand","8":"product_cat-10000-puffs-high-capacity","9":"product_cat-adjustable-airflow","10":"product_cat-fruit-flavors","11":"product_cat-icy-mint","12":"product_cat-lavande","13":"product_cat-mesh-coil","14":"product_cat-rechargeable-disposables","15":"product_cat-vape-by-flavor-profile","16":"product_cat-vape-by-nicotine-strength","17":"product_cat-vape-by-puff-count","18":"product_cat-vape-by-feature-or-type","19":"product_cat-vapes-with-screens","21":"first","22":"onbackorder","23":"shipping-taxable","24":"purchasable","25":"product-type-variable","26":"has-default-attributes"},"tiered_pricing_type":"percentage","tiered_pricing_fixed_rules":[],"tiered_pricing_product_settings":{"layout":"default","base_unit_name":{"singular":null,"plural":null},"default_variation":null},"tiered_pricing_minimum_quantity":50,"tiered_pricing_roles_data":[],"tiered_pricing_percentage_rules":{"100":"40","200":"44","500":"47","1000":"49"},"tiered_pricing_maximum_quantity":null,"tiered_pricing_quantity_step":"10","_links":{"self":[{"href":"https:\/\/agoravape.com\/ro\/wp-json\/wp\/v2\/product\/17491","targetHints":{"allow":["GET"]}}],"collection":[{"href":"https:\/\/agoravape.com\/ro\/wp-json\/wp\/v2\/product"}],"about":[{"href":"https:\/\/agoravape.com\/ro\/wp-json\/wp\/v2\/types\/product"}],"replies":[{"embeddable":true,"href":"https:\/\/agoravape.com\/ro\/wp-json\/wp\/v2\/comments?post=17491"}],"version-history":[{"count":0,"href":"https:\/\/agoravape.com\/ro\/wp-json\/wp\/v2\/product\/17491\/revisions"}],"wp:featuredmedia":[{"embeddable":true,"href":"https:\/\/agoravape.com\/ro\/wp-json\/wp\/v2\/media\/17490"}],"wp:attachment":[{"href":"https:\/\/agoravape.com\/ro\/wp-json\/wp\/v2\/media?parent=17491"}],"wp:term":[{"taxonomy":"product_brand","embeddable":true,"href":"https:\/\/agoravape.com\/ro\/wp-json\/wp\/v2\/product_brand?post=17491"},{"taxonomy":"product_cat","embeddable":true,"href":"https:\/\/agoravape.com\/ro\/wp-json\/wp\/v2\/product_cat?post=17491"},{"taxonomy":"product_tag","embeddable":true,"href":"https:\/\/agoravape.com\/ro\/wp-json\/wp\/v2\/product_tag?post=17491"}],"curies":[{"name":"wp","href":"https:\/\/api.w.org\/{rel}","templated":true}]}}