{"id":17634,"date":"2025-10-18T19:50:04","date_gmt":"2025-10-18T11:50:04","guid":{"rendered":"https:\/\/green-grasshopper-921422.hostingersite.com\/?post_type=product&#038;p=17634"},"modified":"2026-02-14T17:30:48","modified_gmt":"2026-02-14T16:30:48","slug":"razz-bar-40000-puffs-dual-aroma-vape","status":"publish","type":"product","link":"https:\/\/agoravape.com\/ro\/product\/razz-bar-40000-puffs-dual-flavor-vape\/","title":{"rendered":"Vape de unic\u0103 folosin\u021b\u0103 Razz Bar 40K Puffs cu rezervor cu arom\u0103 dubl\u0103 | Dou\u0103 arome \u00eentr-unul, construit pentru a rezista"},"content":{"rendered":"<h2 data-v-md-heading=\"what-s-special-about-the-razz-bar-40k-dual-flavored-disposable-vape\" data-v-md-line=\"3\"><img loading=\"lazy\" decoding=\"async\" class=\"aligncenter size-full wp-image-17653\" src=\"https:\/\/agoravape.com\/wp-content\/uploads\/2025\/10\/Razz-bar-40K-Puffs-Dual-Flavor-Tank-Disposable-Vape_Agora_vape-2.webp\" alt=\"\" width=\"2000\" height=\"2000\" srcset=\"https:\/\/agoravape.com\/wp-content\/uploads\/2025\/10\/Razz-bar-40K-Puffs-Dual-Flavor-Tank-Disposable-Vape_Agora_vape-2.webp 2000w, https:\/\/agoravape.com\/wp-content\/uploads\/2025\/10\/Razz-bar-40K-Puffs-Dual-Flavor-Tank-Disposable-Vape_Agora_vape-2-600x600.webp 600w, https:\/\/agoravape.com\/wp-content\/uploads\/2025\/10\/Razz-bar-40K-Puffs-Dual-Flavor-Tank-Disposable-Vape_Agora_vape-2-1200x1200.webp 1200w, https:\/\/agoravape.com\/wp-content\/uploads\/2025\/10\/Razz-bar-40K-Puffs-Dual-Flavor-Tank-Disposable-Vape_Agora_vape-2-300x300.webp 300w, https:\/\/agoravape.com\/wp-content\/uploads\/2025\/10\/Razz-bar-40K-Puffs-Dual-Flavor-Tank-Disposable-Vape_Agora_vape-2-1024x1024.webp 1024w, https:\/\/agoravape.com\/wp-content\/uploads\/2025\/10\/Razz-bar-40K-Puffs-Dual-Flavor-Tank-Disposable-Vape_Agora_vape-2-150x150.webp 150w, https:\/\/agoravape.com\/wp-content\/uploads\/2025\/10\/Razz-bar-40K-Puffs-Dual-Flavor-Tank-Disposable-Vape_Agora_vape-2-768x768.webp 768w, https:\/\/agoravape.com\/wp-content\/uploads\/2025\/10\/Razz-bar-40K-Puffs-Dual-Flavor-Tank-Disposable-Vape_Agora_vape-2-1536x1536.webp 1536w\" sizes=\"auto, (max-width: 2000px) 100vw, 2000px\" \/><\/h2>\n<h2 data-v-md-heading=\"what-s-special-about-the-razz-bar-40k-dual-flavored-disposable-vape\" data-v-md-line=\"3\">Ce este special la \u021bigara electronic\u0103 de unic\u0103 folosin\u021b\u0103 Razz Bar 40K cu arom\u0103 dubl\u0103?<\/h2>\n<p data-v-md-line=\"4\">Dac\u0103 te-ai s\u0103turat s\u0103 schimbi echipamentul sau s\u0103 reumpli uleiul la mijlocul zilei de lucru, atunci acest produs este alegerea ideal\u0103. Razz Bar este echipat cu compartimente pentru depozitarea uleiului cu arom\u0103 dubl\u0103, care pot g\u0103zdui p\u00e2n\u0103 la 40000 de pufuri, permi\u021b\u00e2ndu-\u021bi s\u0103 schimbi cu u\u0219urin\u021b\u0103 f\u0103r\u0103 a avea un al doilea vaporizator.<\/p>\n<p data-v-md-line=\"6\">Dac\u0103 dori\u021bi performan\u021be convenabile \u0219i fiabile, f\u0103r\u0103 a fi nevoie de meniuri sau opera\u021biuni plictisitoare, atunci acest produs este alegerea ideal\u0103. Trebuie doar s\u0103 alege\u021bi combina\u021bia de arome preferat\u0103 \u0219i s\u0103 lua\u021bi o \u00eenghi\u021bitur\u0103. U\u0219or de utilizat.<\/p>\n<h2 data-v-md-heading=\"excellent-performance-worry-free\" data-v-md-line=\"8\">Excellent performance, worry free<\/h2>\n<p data-v-md-line=\"9\">Designul cu rezervor dublu de stocare v\u0103 permite s\u0103 ave\u021bi dou\u0103 arome diferite \u00eentr-un singur dispozitiv, men\u021bin\u00e2ndu-v\u0103 proasp\u0103t zi de zi. Adopt\u0103 un design de activare prin aspira\u021bie \u0219i nu necesit\u0103 butoane. C\u00e2nd bateria este desc\u0103rcat\u0103, pute\u021bi \u00eenc\u0103rca bateria \u00eencorporat\u0103 de 650mAh prin intermediul interfe\u021bei integrate \u0219i pute\u021bi continua s\u0103 o utiliza\u021bi.<\/p>\n<h2 data-v-md-heading=\"specification-overview\" data-v-md-line=\"11\">Prezentare general\u0103 a specifica\u021biilor<\/h2>\n<p data-v-md-line=\"12\"><strong>Num\u0103r de aspira\u021bii<\/strong>p\u00e2n\u0103 la 40000 de aspira\u021bii<br \/>\n<strong>Con\u021binutul de nicotin\u0103<\/strong>2% \u0219i 5% op\u021bional<br \/>\n<strong>Principiul de func\u021bionare<\/strong>Activat prin inhalare<br \/>\n<strong>\u00cenc\u0103rcare<\/strong>: poate fi \u00eenc\u0103rcat prin portul de \u00eenc\u0103rcare \u00eencorporat<br \/>\n<strong>Stare<\/strong>Gata de utilizare dup\u0103 despachetare<br \/>\n<strong>capacitate e-lichid<\/strong>Rezervoare duble de ulei, capacitate total\u0103 40 mililitri<br \/>\n<strong>Capacitatea bateriei<\/strong>650mAh<\/p>\n<h2 data-v-md-heading=\"full-range-of-flavors\" data-v-md-line=\"20\">Gam\u0103 complet\u0103 de arome<\/h2>\n<ul data-v-md-line=\"21\">\n<li>\u00cenghe\u021bat\u0103 de l\u0103m\u00e2ie \u0219i lime\/pepene verde<\/li>\n<li>Ghea\u021b\u0103 de c\u0103p\u0219uni\/Amestec de fructe de p\u0103dure<\/li>\n<li>Gum\u0103 de mestecat cu ghea\u021b\u0103 de afine\/c\u0103p\u0219uni \u0219i pepene verde<\/li>\n<li>\u00cenghe\u021bat\u0103 cu fructe de p\u0103dure\/pepene verde<\/li>\n<li>C\u0103p\u0219uni \u0219i Banane\/Ghea\u021b\u0103 Red Bull<\/li>\n<li>Ghea\u021b\u0103 de afine\/Dragoste 66<\/li>\n<li>Ghea\u021b\u0103 de piersici\/Ghea\u021b\u0103 de afine<\/li>\n<li>C\u0103p\u0219uni, kiwi\/afine, zmeur\u0103 acr\u0103<\/li>\n<li>Ghea\u021b\u0103 de pepene verde\/Ghea\u021b\u0103 de cola<\/li>\n<li>\u00cenghe\u021bat\u0103 de pepene verde cu c\u0103p\u0219uni\/struguri<\/li>\n<\/ul>\n<h2 data-v-md-heading=\"for-you-and-for-your-business-as-well\" data-v-md-line=\"32\">Pentru tine, dar \u0219i pentru afacerea ta<\/h2>\n<p data-v-md-line=\"33\">Pute\u021bi achizi\u021biona Razz Bar 40K pentru uz personal sau \u00eel pute\u021bi ad\u0103uga la magazinul dvs. Cutia de carton en-gros con\u021bine 200 de unit\u0103\u021bi, ceea ce v\u0103 permite s\u0103 crea\u021bi rapid o linie de produse. Expediem prin parteneri de \u00eencredere, cum ar fi UPS, DPD \u0219i DHL, cu principiul \u201eLivrat cu taxe vamale pl\u0103tite\u201d (DDP) pentru a v\u0103 asigura c\u0103 nu \u00eent\u00e2mpina\u021bi accidente la vam\u0103.<\/p>\n<p data-v-md-line=\"35\">\u00cen\u021belege\u021bi rapid conformitatea. Multe pie\u021be din UE limiteaz\u0103 con\u021binutul de nicotin\u0103 la 20 de miligrame pe mililitru (2%) \u0219i restric\u021bioneaz\u0103 dimensiunea rezervoarelor de depozitare a produselor cu nicotin\u0103. \u00cen unele \u021b\u0103ri\/regiuni, produsele cu nicotin\u0103 cu o concentra\u021bie de 5% \u0219i o capacitate de 40 de mililitri pot s\u0103 nu fie comercializate legal cu am\u0103nuntul. Dac\u0103 achizi\u021biona\u021bi pentru o companie, v\u0103 rug\u0103m s\u0103 consulta\u021bi mai \u00eent\u00e2i reglement\u0103rile locale TPD\/TRRP \u0219i s\u0103 consulta\u021bi echipa noastr\u0103 pentru \u00eendrumare.<\/p>\n<h2 data-v-md-heading=\"the-reason-why-you-will-like-it\" data-v-md-line=\"37\">Motivul pentru care \u00ee\u021bi va pl\u0103cea<\/h2>\n<p data-v-md-line=\"38\"><strong>Fumat intens:<\/strong>\u00a0Durabil \u0219i de lung\u0103 durat\u0103, nu este nevoie s\u0103 \u00eenlocui\u021bi frecvent \u021big\u0103rile electronice.<br \/>\n<strong>Nicotine selection<\/strong>Alege\u021bi o concentra\u021bie de nicotin\u0103 de 2% sau 5%, \u00een func\u021bie de preferin\u021be.<br \/>\n<strong>Rechargeable<\/strong>Pute\u021bi folosi toate lichidele electronice achizi\u021bionate f\u0103r\u0103 a arunca dispozitivele pe jum\u0103tate folosite.<br \/>\n<strong>Gust consistent<\/strong>Designul compartimentului dublu pentru depozitarea uleiului asigur\u0103 un gust stabil, facilit\u00e2nd schimbarea oric\u00e2nd.<\/p>\n<h2 data-v-md-heading=\"why-choose-agoravape\" data-v-md-line=\"43\">De ce s\u0103 alegi AgoraVape?<\/h2>\n<p data-v-md-line=\"44\">Vindem doar produse 100% originale \u0219i suntem responsabili pentru acestea. Clien\u021bii comerciali se pot bucura de pre\u021buri reduse en-gros, asisten\u021b\u0103 fiabil\u0103 \u0219i servicii rapide de livrare DDP pentru \u021big\u0103ri electronice de unic\u0103 folosin\u021b\u0103 \u00een depozitul de ulei cu arom\u0103 dubl\u0103 Razz Bar 40K. Dac\u0103 dori\u021bi s\u0103 achizi\u021biona\u021bi un dispozitiv pe care clien\u021bii \u00eel vor cump\u0103ra din nou, v\u0103 rug\u0103m s\u0103 ne contacta\u021bi.<\/p>\n<p data-v-md-line=\"46\">Explica\u021bie privind frecven\u021ba de aspirare: Valoarea nominal\u0103 a produc\u0103torului este de 40000 de ori de aspirare, iar efectul real poate varia \u00een func\u021bie de lungimea de aspirare \u0219i de utilizare.<\/p>\n<p><script src=\"chrome-extension:\/\/fpelahbljekknahkcaegamhcndkfpfnc\/iFrame.js\" type=\"text\/javascript\"><\/script><\/p>","protected":false},"excerpt":{"rendered":"<p>&nbsp;<\/p>\n<p><script src=\"chrome-extension:\/\/fpelahbljekknahkcaegamhcndkfpfnc\/iFrame.js\" type=\"text\/javascript\"><\/script><\/p>\n<p><script src=\"chrome-extension:\/\/fpelahbljekknahkcaegamhcndkfpfnc\/iFrame.js\" type=\"text\/javascript\"><\/script><\/p>\n<p><script src=\"chrome-extension:\/\/fpelahbljekknahkcaegamhcndkfpfnc\/iFrame.js\" type=\"text\/javascript\"><\/script><\/p>\n<p><script src=\"chrome-extension:\/\/fpelahbljekknahkcaegamhcndkfpfnc\/iFrame.js\" type=\"text\/javascript\"><\/script><\/p>\n<p><script src=\"chrome-extension:\/\/fpelahbljekknahkcaegamhcndkfpfnc\/iFrame.js\" type=\"text\/javascript\"><\/script><\/p>\n<p><script src=\"chrome-extension:\/\/fpelahbljekknahkcaegamhcndkfpfnc\/iFrame.js\" type=\"text\/javascript\"><\/script><\/p>\n<p><script src=\"chrome-extension:\/\/fpelahbljekknahkcaegamhcndkfpfnc\/iFrame.js\" type=\"text\/javascript\"><\/script><\/p>\n<p><script src=\"chrome-extension:\/\/fpelahbljekknahkcaegamhcndkfpfnc\/iFrame.js\" type=\"text\/javascript\"><\/script><\/p>\n<p><script src=\"chrome-extension:\/\/fpelahbljekknahkcaegamhcndkfpfnc\/iFrame.js\" type=\"text\/javascript\"><\/script><\/p>\n<p><script src=\"chrome-extension:\/\/fpelahbljekknahkcaegamhcndkfpfnc\/iFrame.js\" type=\"text\/javascript\"><\/script><\/p>\n<p><script src=\"chrome-extension:\/\/fpelahbljekknahkcaegamhcndkfpfnc\/iFrame.js\" type=\"text\/javascript\"><\/script><\/p>\n<p><script src=\"chrome-extension:\/\/fpelahbljekknahkcaegamhcndkfpfnc\/iFrame.js\" type=\"text\/javascript\"><\/script><\/p>\n<p><script src=\"chrome-extension:\/\/fpelahbljekknahkcaegamhcndkfpfnc\/iFrame.js\" type=\"text\/javascript\"><\/script><\/p>\n<p><script src=\"chrome-extension:\/\/fpelahbljekknahkcaegamhcndkfpfnc\/iFrame.js\" type=\"text\/javascript\"><\/script><\/p>\n<p><script src=\"chrome-extension:\/\/fpelahbljekknahkcaegamhcndkfpfnc\/iFrame.js\" type=\"text\/javascript\"><\/script><\/p>\n<p><script src=\"chrome-extension:\/\/fpelahbljekknahkcaegamhcndkfpfnc\/iFrame.js\" type=\"text\/javascript\"><\/script><\/p>","protected":false},"featured_media":17659,"comment_status":"open","ping_status":"closed","template":"","meta":[],"product_brand":[236],"product_cat":[124,185,189,1639,195,1674,174,175,193,163,191,173,186,180,190,192],"product_tag":[],"class_list":{"0":"post-17634","1":"product","2":"type-product","3":"status-publish","4":"has-post-thumbnail","6":"product_brand-razz-bar","7":"product_cat-vape-by-brand","8":"product_cat-10000-puffs-high-capacity","9":"product_cat-20mg-standard-nicotine-vapes","10":"product_cat-40000-puffs","11":"product_cat-dual-flavor-switch","12":"product_cat-eu-warehouse","13":"product_cat-fruit-flavors","14":"product_cat-icy-mint","15":"product_cat-mesh-coil","16":"product_cat-razz-bar","17":"product_cat-rechargeable-disposables","18":"product_cat-vape-by-flavor-profile","19":"product_cat-vape-by-nicotine-strength","20":"product_cat-vape-by-puff-count","21":"product_cat-vape-by-feature-or-type","22":"product_cat-vapes-with-screens","24":"first","25":"instock","26":"shipping-taxable","27":"purchasable","28":"product-type-variable","29":"has-default-attributes"},"tiered_pricing_type":"percentage","tiered_pricing_fixed_rules":[],"tiered_pricing_product_settings":{"layout":"default","base_unit_name":{"singular":null,"plural":null},"default_variation":null},"tiered_pricing_minimum_quantity":50,"tiered_pricing_roles_data":[],"tiered_pricing_percentage_rules":{"100":"40","200":"44","500":"47","1000":"49"},"tiered_pricing_maximum_quantity":null,"tiered_pricing_quantity_step":"10","_links":{"self":[{"href":"https:\/\/agoravape.com\/ro\/wp-json\/wp\/v2\/product\/17634","targetHints":{"allow":["GET"]}}],"collection":[{"href":"https:\/\/agoravape.com\/ro\/wp-json\/wp\/v2\/product"}],"about":[{"href":"https:\/\/agoravape.com\/ro\/wp-json\/wp\/v2\/types\/product"}],"replies":[{"embeddable":true,"href":"https:\/\/agoravape.com\/ro\/wp-json\/wp\/v2\/comments?post=17634"}],"version-history":[{"count":0,"href":"https:\/\/agoravape.com\/ro\/wp-json\/wp\/v2\/product\/17634\/revisions"}],"wp:featuredmedia":[{"embeddable":true,"href":"https:\/\/agoravape.com\/ro\/wp-json\/wp\/v2\/media\/17659"}],"wp:attachment":[{"href":"https:\/\/agoravape.com\/ro\/wp-json\/wp\/v2\/media?parent=17634"}],"wp:term":[{"taxonomy":"product_brand","embeddable":true,"href":"https:\/\/agoravape.com\/ro\/wp-json\/wp\/v2\/product_brand?post=17634"},{"taxonomy":"product_cat","embeddable":true,"href":"https:\/\/agoravape.com\/ro\/wp-json\/wp\/v2\/product_cat?post=17634"},{"taxonomy":"product_tag","embeddable":true,"href":"https:\/\/agoravape.com\/ro\/wp-json\/wp\/v2\/product_tag?post=17634"}],"curies":[{"name":"wp","href":"https:\/\/api.w.org\/{rel}","templated":true}]}}