{"id":17677,"date":"2025-10-18T20:43:53","date_gmt":"2025-10-18T12:43:53","guid":{"rendered":"https:\/\/green-grasshopper-921422.hostingersite.com\/?post_type=product&#038;p=17677"},"modified":"2026-03-31T04:20:40","modified_gmt":"2026-03-31T02:20:40","slug":"razz-bar-30000-pufuri-de-unica-folosinta-vape","status":"publish","type":"product","link":"https:\/\/agoravape.com\/ro\/product\/razz-bar-30000-puffs-disposable-vape\/","title":{"rendered":"Vape de unic\u0103 folosin\u021b\u0103 Razz Bar 30000 Puffs re\u00eenc\u0103rcabil | Capacitate mare. Gust simplu."},"content":{"rendered":"<h2 data-v-md-heading=\"what-is-special-about-the-razz-bar-30000-rechargeable-disposable-vape\" data-v-md-line=\"3\"><img loading=\"lazy\" decoding=\"async\" class=\"aligncenter size-full wp-image-17689\" src=\"https:\/\/agoravape.com\/wp-content\/uploads\/2025\/10\/Razz-bar-30000-Puffs-Rechargeable-Disposable-Vape_Agora_vape-3.webp\" alt=\"\" width=\"2000\" height=\"2000\" srcset=\"https:\/\/agoravape.com\/wp-content\/uploads\/2025\/10\/Razz-bar-30000-Puffs-Rechargeable-Disposable-Vape_Agora_vape-3.webp 2000w, https:\/\/agoravape.com\/wp-content\/uploads\/2025\/10\/Razz-bar-30000-Puffs-Rechargeable-Disposable-Vape_Agora_vape-3-600x600.webp 600w, https:\/\/agoravape.com\/wp-content\/uploads\/2025\/10\/Razz-bar-30000-Puffs-Rechargeable-Disposable-Vape_Agora_vape-3-1200x1200.webp 1200w, https:\/\/agoravape.com\/wp-content\/uploads\/2025\/10\/Razz-bar-30000-Puffs-Rechargeable-Disposable-Vape_Agora_vape-3-300x300.webp 300w, https:\/\/agoravape.com\/wp-content\/uploads\/2025\/10\/Razz-bar-30000-Puffs-Rechargeable-Disposable-Vape_Agora_vape-3-1024x1024.webp 1024w, https:\/\/agoravape.com\/wp-content\/uploads\/2025\/10\/Razz-bar-30000-Puffs-Rechargeable-Disposable-Vape_Agora_vape-3-150x150.webp 150w, https:\/\/agoravape.com\/wp-content\/uploads\/2025\/10\/Razz-bar-30000-Puffs-Rechargeable-Disposable-Vape_Agora_vape-3-768x768.webp 768w, https:\/\/agoravape.com\/wp-content\/uploads\/2025\/10\/Razz-bar-30000-Puffs-Rechargeable-Disposable-Vape_Agora_vape-3-1536x1536.webp 1536w\" sizes=\"auto, (max-width: 2000px) 100vw, 2000px\" \/><\/h2>\n<h2 data-v-md-heading=\"what-is-special-about-the-razz-bar-30000-rechargeable-disposable-vape\" data-v-md-line=\"3\">Ce este special la \u021bigara electronic\u0103 re\u00eenc\u0103rcabil\u0103 de unic\u0103 folosin\u021b\u0103 Razz Bar 30000?<\/h2>\n<p data-v-md-line=\"4\">Dac\u0103 te-ai s\u0103turat de \u021big\u0103rile electronice care nu mai sunt fabricate \u00een timpul s\u0103pt\u0103m\u00e2nii, atunci acest produs \u00ee\u021bi poate satisface cu siguran\u021b\u0103 nevoile. Razz Bar ofer\u0103 o capacitate de p\u00e2n\u0103 la 30000 de pufuri \u0219i o baterie re\u00eenc\u0103rcabil\u0103 de 650mAh, permi\u021b\u00e2ndu-\u021bi s\u0103 consumi complet lichidul pe care \u00eel cumperi.<\/p>\n<p data-v-md-line=\"6\">Dac\u0103 \u00ee\u021bi dore\u0219ti o \u021bigar\u0103 electronic\u0103 fiabil\u0103, delicioas\u0103 \u0219i f\u0103r\u0103 probleme, atunci Razz Bar este alegerea ideal\u0103. Nu este nevoie de butoane, nu este nevoie de meniuri. Cu o aspira\u021bie lin\u0103 \u0219i un gust stabil, poate fi transportat\u0103 cu u\u0219urin\u021b\u0103.<\/p>\n<h2 data-v-md-heading=\"excellent-performance-easy-and-convenient\" data-v-md-line=\"8\">Performan\u021b\u0103 excelent\u0103, u\u0219or \u0219i convenabil<\/h2>\n<p data-v-md-line=\"9\">Rezisten\u021ba \u0219i admisia de aer au fost atent reglate pentru a oferi o experien\u021b\u0103 curat\u0103 \u0219i consistent\u0103, f\u0103c\u00e2nd prima \u00eembuc\u0103tur\u0103 la fel de delicioas\u0103 ca a mia. C\u00e2nd bateria este desc\u0103rcat\u0103, pur \u0219i simplu conecta\u021bi-o la priz\u0103 \u0219i \u00eenc\u0103rca\u021bi-o complet. \u00cenc\u0103rcarea rapid\u0103 poate restabili func\u021bionalitatea f\u0103r\u0103 a fi nevoie s\u0103 \u00eenlocui\u021bi dispozitivele sau s\u0103 consuma\u021bi energie.<\/p>\n<p data-v-md-line=\"11\">S-ar putea s\u0103 crezi c\u0103 o \u021bigar\u0103 electronic\u0103 cu o capacitate at\u00e2t de mare este voluminoas\u0103, dar vei fi surprins s\u0103 descoperi c\u0103 poate fi luat\u0103 cu u\u0219urin\u021b\u0103 acas\u0103 \u00een fiecare zi.<\/p>\n<h2 data-v-md-heading=\"specification-introduction\" data-v-md-line=\"13\">Introducere \u00een specifica\u021bii<\/h2>\n<ul data-v-md-line=\"14\">\n<li>Frecven\u021ba de aspirare: p\u00e2n\u0103 la 30000 de ori<\/li>\n<li>Con\u021binut de nicotin\u0103: 2% \u0219i 5% op\u021bional<\/li>\n<li>Principiu de func\u021bionare: Se activeaz\u0103 cu o singur\u0103 pufnire<\/li>\n<li>Metod\u0103 de \u00eenc\u0103rcare: Poate fi \u00eenc\u0103rcat\u0103 printr-un port USB standard<\/li>\n<li>Capacitatea bateriei: 650mAh<\/li>\n<li>Stare: Gata de utilizare imediat ce este scoas\u0103 din cutie<\/li>\n<\/ul>\n<h2 data-v-md-heading=\"full-range-of-flavors\" data-v-md-line=\"21\">Gam\u0103 complet\u0103 de arome<\/h2>\n<ul data-v-md-line=\"22\">\n<li>Pepene galben triplu dulce<\/li>\n<li>Ghea\u021b\u0103 de c\u0103p\u0219uni<\/li>\n<li>Mere acre<\/li>\n<li>Mango, piersic\u0103, pepene verde<\/li>\n<li>C\u0103p\u0219uni \u0219i banane<\/li>\n<li>Patinoar albastru<\/li>\n<li>Ghea\u021b\u0103 de piersic\u0103<\/li>\n<li>Kiwi \u0219i c\u0103p\u0219uni<\/li>\n<li>Ghea\u021b\u0103 de pepene verde<\/li>\n<li>Vise de var\u0103<\/li>\n<li>Pepene verde cu c\u0103p\u0219uni<\/li>\n<li>Fructe de p\u0103dure mixte<\/li>\n<li>Patinoar albastru<\/li>\n<li>L\u0103m\u00e2ie \u0219i lime<\/li>\n<li>Coca-Cola Ice<\/li>\n<li>Blackberry Ice<\/li>\n<\/ul>\n<h2 data-v-md-heading=\"for-you-and-your-business\" data-v-md-line=\"39\">Pentru tine \u0219i afacerea ta<\/h2>\n<p data-v-md-line=\"40\">Pute\u021bi achizi\u021biona Razz Bar 30000 pentru uz personal sau pentru magazinul dvs. Cutii de carton en-gros de c\u00e2te 200 de buc\u0103\u021bi, la pre\u021buri rezonabile \u0219i reaprovizionare convenabil\u0103.<\/p>\n<p data-v-md-line=\"42\">Oferim servicii de livrare DDP \u00een toat\u0103 Europa prin intermediul unor parteneri de \u00eencredere precum UPS, DPD \u0219i DHL, astfel \u00eenc\u00e2t tarifele \u0219i taxele vamale pot fi procesate \u00een avans \u0219i sunt oferite servicii de urm\u0103rire door-to-door. Reglement\u0103rile pot varia \u00een func\u021bie de \u021bar\u0103, a\u0219a c\u0103 v\u0103 rug\u0103m s\u0103 consulta\u021bi reglement\u0103rile locale privind dimensiunea dispozitivului \u0219i concentra\u021bia de nicotin\u0103 \u00eenainte de publicare sau achizi\u021bionare.<\/p>\n<h2 data-v-md-heading=\"why-do-you-like-it\" data-v-md-line=\"44\">De ce \u00ee\u021bi place?<\/h2>\n<ul data-v-md-line=\"45\">\n<li>Capacitate mare de fumat: durat\u0103 mai lung\u0103 de via\u021b\u0103 a bateriei, nu este nevoie s\u0103 \u00eenlocui\u021bi frecvent vaporizatoarele<\/li>\n<li>Selectarea concentra\u021biei de nicotin\u0103: Alege\u021bi o concentra\u021bie de nicotin\u0103 de 2% sau 5% \u00een func\u021bie de preferin\u021be<\/li>\n<li>Re\u00eenc\u0103rcabil: Reumple\u021bi rapid lichidul pentru \u021bigar\u0103 electronic\u0103 f\u0103r\u0103 a arunca jum\u0103tate din dispozitiv<\/li>\n<li>Performan\u021b\u0103 stabil\u0103 a bobinei: Bucura\u021bi-v\u0103 de o experien\u021b\u0103 de aspirare stabil\u0103 \u0219i delicioas\u0103 de fiecare dat\u0103<\/li>\n<\/ul>\n<h2 data-v-md-heading=\"why-choose-to-collaborate-with-agoravape\" data-v-md-line=\"50\">De ce s\u0103 alegi s\u0103 colaborezi cu AgoraVape?<\/h2>\n<p data-v-md-line=\"51\">Oferim doar produse 100% originale, sus\u021binute de pre\u021buri clare \u0219i asisten\u021b\u0103 rapid\u0103. Cump\u0103r\u0103torii comerciali care achizi\u021bioneaz\u0103 30000 de \u021big\u0103ri electronice re\u00eenc\u0103rcabile de unic\u0103 folosin\u021b\u0103 de la Razz Bar se pot bucura de pre\u021buri en-gros extrem de competitive, servicii pentru clien\u021bi fiabile \u0219i servicii de livrare DDP rapide \u0219i fiabile. Dac\u0103 dori\u021bi o \u021bigar\u0103 electronic\u0103 durabil\u0103 \u0219i care merit\u0103 returnat\u0103, v\u0103 rug\u0103m s\u0103 ne contacta\u021bi.<\/p>","protected":false},"excerpt":{"rendered":"<p>&nbsp;<\/p>","protected":false},"featured_media":17694,"comment_status":"open","ping_status":"closed","template":"","meta":[],"product_brand":[236],"product_cat":[124,185,189,1637,194,1674,174,175,193,163,191,173,186,180,190],"product_tag":[],"class_list":{"0":"post-17677","1":"product","2":"type-product","3":"status-publish","4":"has-post-thumbnail","6":"product_brand-razz-bar","7":"product_cat-vape-by-brand","8":"product_cat-10000-puffs-high-capacity","9":"product_cat-20mg-standard-nicotine-vapes","10":"product_cat-30000-puffs","11":"product_cat-adjustable-airflow","12":"product_cat-eu-warehouse","13":"product_cat-fruit-flavors","14":"product_cat-icy-mint","15":"product_cat-mesh-coil","16":"product_cat-razz-bar","17":"product_cat-rechargeable-disposables","18":"product_cat-vape-by-flavor-profile","19":"product_cat-vape-by-nicotine-strength","20":"product_cat-vape-by-puff-count","21":"product_cat-vape-by-feature-or-type","23":"first","24":"instock","25":"shipping-taxable","26":"purchasable","27":"product-type-variable","28":"has-default-attributes"},"tiered_pricing_type":"percentage","tiered_pricing_fixed_rules":[],"tiered_pricing_product_settings":{"layout":"default","base_unit_name":{"singular":null,"plural":null},"default_variation":null},"tiered_pricing_minimum_quantity":50,"tiered_pricing_roles_data":[],"tiered_pricing_percentage_rules":{"100":"40","200":"44","500":"47","1000":"49"},"tiered_pricing_maximum_quantity":null,"tiered_pricing_quantity_step":"10","_links":{"self":[{"href":"https:\/\/agoravape.com\/ro\/wp-json\/wp\/v2\/product\/17677","targetHints":{"allow":["GET"]}}],"collection":[{"href":"https:\/\/agoravape.com\/ro\/wp-json\/wp\/v2\/product"}],"about":[{"href":"https:\/\/agoravape.com\/ro\/wp-json\/wp\/v2\/types\/product"}],"replies":[{"embeddable":true,"href":"https:\/\/agoravape.com\/ro\/wp-json\/wp\/v2\/comments?post=17677"}],"version-history":[{"count":1,"href":"https:\/\/agoravape.com\/ro\/wp-json\/wp\/v2\/product\/17677\/revisions"}],"predecessor-version":[{"id":29811,"href":"https:\/\/agoravape.com\/ro\/wp-json\/wp\/v2\/product\/17677\/revisions\/29811"}],"wp:featuredmedia":[{"embeddable":true,"href":"https:\/\/agoravape.com\/ro\/wp-json\/wp\/v2\/media\/17694"}],"wp:attachment":[{"href":"https:\/\/agoravape.com\/ro\/wp-json\/wp\/v2\/media?parent=17677"}],"wp:term":[{"taxonomy":"product_brand","embeddable":true,"href":"https:\/\/agoravape.com\/ro\/wp-json\/wp\/v2\/product_brand?post=17677"},{"taxonomy":"product_cat","embeddable":true,"href":"https:\/\/agoravape.com\/ro\/wp-json\/wp\/v2\/product_cat?post=17677"},{"taxonomy":"product_tag","embeddable":true,"href":"https:\/\/agoravape.com\/ro\/wp-json\/wp\/v2\/product_tag?post=17677"}],"curies":[{"name":"wp","href":"https:\/\/api.w.org\/{rel}","templated":true}]}}