{"id":17707,"date":"2025-10-18T21:04:07","date_gmt":"2025-10-18T13:04:07","guid":{"rendered":"https:\/\/green-grasshopper-921422.hostingersite.com\/?post_type=product&#038;p=17707"},"modified":"2026-03-31T04:20:40","modified_gmt":"2026-03-31T02:20:40","slug":"razz-bar-15000-pufuri-vape","status":"publish","type":"product","link":"https:\/\/agoravape.com\/ro\/product\/razz-bar-15000-puffs-vape\/","title":{"rendered":"Vape de unic\u0103 folosin\u021b\u0103 Razz Bar 15000 Puffs | Cantitate mare de pufuri cu arome intense"},"content":{"rendered":"<h2 data-v-md-heading=\"how-about-razz-bar-15000-disposable-vapes-online-shopping\" data-v-md-line=\"3\"><img loading=\"lazy\" decoding=\"async\" class=\"aligncenter size-full wp-image-17705\" src=\"https:\/\/agoravape.com\/wp-content\/uploads\/2025\/10\/Razz-bar-15000-Puffs-Disposable-Vape-Shop-Online_Agora_vape-1.webp\" alt=\"\" width=\"1250\" height=\"800\" srcset=\"https:\/\/agoravape.com\/wp-content\/uploads\/2025\/10\/Razz-bar-15000-Puffs-Disposable-Vape-Shop-Online_Agora_vape-1.webp 1250w, https:\/\/agoravape.com\/wp-content\/uploads\/2025\/10\/Razz-bar-15000-Puffs-Disposable-Vape-Shop-Online_Agora_vape-1-1200x768.webp 1200w, https:\/\/agoravape.com\/wp-content\/uploads\/2025\/10\/Razz-bar-15000-Puffs-Disposable-Vape-Shop-Online_Agora_vape-1-300x192.webp 300w, https:\/\/agoravape.com\/wp-content\/uploads\/2025\/10\/Razz-bar-15000-Puffs-Disposable-Vape-Shop-Online_Agora_vape-1-1024x655.webp 1024w, https:\/\/agoravape.com\/wp-content\/uploads\/2025\/10\/Razz-bar-15000-Puffs-Disposable-Vape-Shop-Online_Agora_vape-1-768x492.webp 768w\" sizes=\"auto, (max-width: 1250px) 100vw, 1250px\" \/><\/h2>\n<h2 data-v-md-heading=\"how-about-razz-bar-15000-disposable-vapes-online-shopping\" data-v-md-line=\"3\">Ce zice\u021bi de \u021big\u0103rile electronice de unic\u0103 folosin\u021b\u0103 Razz Bar 15000? Cump\u0103r\u0103turi online!<\/h2>\n<p data-v-md-line=\"4\">Dac\u0103 te-ai s\u0103turat s\u0103 folose\u0219ti \u021big\u0103ri electronice de unic\u0103 folosin\u021b\u0103 la jum\u0103tatea zilei de lucru, acest produs este alegerea ideal\u0103. \u021aigara electronic\u0103 Razz Bar cu o capacitate de 15000 de pufuri \u00ee\u021bi permite s\u0103 te bucuri de p\u00e2n\u0103 la 15000 de pufuri de pl\u0103cere \u0219i aduce o arom\u0103 fructat\u0103 r\u0103coritoare \u0219i pl\u0103cut\u0103.<\/p>\n<p data-v-md-line=\"6\">Este potrivit pentru oricine \u00ee\u0219i dore\u0219te durabilitate \u0219i utilizare f\u0103r\u0103 efort. Gata de utilizare dup\u0103 despachetare. Nu este nevoie de ulei sau setare, are un gust consistent \u0219i o experien\u021b\u0103 de aspirare lin\u0103.<\/p>\n<h2 data-v-md-heading=\"excellent-performance-worry-free\" data-v-md-line=\"8\">Excellent performance, worry free<\/h2>\n<p data-v-md-line=\"9\">Acest dispozitiv echilibreaz\u0103 puterea \u0219i designul rezisten\u021bei, asigur\u00e2nd un gust stabil pentru fiecare \u00eembuc\u0103tur\u0103, de la \u00eenceput p\u00e2n\u0103 la sf\u00e2r\u0219it. Nu va fi \u00een\u021bep\u0103tor \u0219i nici nu va \u00eentrerupe uleiul pe jum\u0103tate. Bateria re\u00eenc\u0103rcabil\u0103 de 650 mAh asigur\u0103 continuarea petrecerii, ceea ce \u00eenseamn\u0103 c\u0103 pute\u021bi utiliza e-lichidul achizi\u021bionat. C\u00e2nd bateria este desc\u0103rcat\u0103, pur \u0219i simplu \u00eenc\u0103rca\u021bi-o pentru a continua utilizarea.<\/p>\n<h2 data-v-md-heading=\"specification-introduction\" data-v-md-line=\"11\">Introducere \u00een specifica\u021bii<\/h2>\n<p data-v-md-line=\"12\"><strong>Num\u0103r de aspira\u021bii<\/strong>p\u00e2n\u0103 la 15000 de aspira\u021bii<br \/>\n<strong>Con\u021binutul de nicotin\u0103<\/strong>2% \u0219i 5% op\u021bional<br \/>\n<strong>Principiul de func\u021bionare<\/strong>Activeaz\u0103 la inhalare<br \/>\n<strong>\u00cenc\u0103rcare<\/strong>: 650mAh rechargeable battery<br \/>\n<strong>Stare<\/strong>Gata de utilizare dup\u0103 despachetare<\/p>\n<h2 data-v-md-heading=\"full-range-of-flavors\" data-v-md-line=\"18\">Gam\u0103 complet\u0103 de arome<\/h2>\n<ul data-v-md-line=\"19\">\n<li>Jeleuri de zmeur\u0103<\/li>\n<li>Smoothie de c\u0103p\u0219uni<\/li>\n<li>\u00cenghe\u021bat\u0103 Red Bull<\/li>\n<li>Kiwi, fructul pasiunii, guava<\/li>\n<li>\u0218arpele Mamba<\/li>\n<li>Blueberry smoothie<\/li>\n<li>Smoothie de piersici<\/li>\n<li>Kiwi \u0219i c\u0103p\u0219uni<\/li>\n<li>Smoothie cu pepene verde<\/li>\n<li>Piersic\u0103, Mango, Ananas<\/li>\n<li>Gum\u0103 de mestecat cu pepene verde<\/li>\n<li>Fructe de p\u0103dure mixte<\/li>\n<li>Afine, zmeur\u0103, l\u0103m\u00e2i<\/li>\n<li>L\u0103m\u00e2ie \u0219i lime<\/li>\n<li>Smoothie cu cola<\/li>\n<li>Mere duble<\/li>\n<\/ul>\n<h2 data-v-md-heading=\"for-you-and-your-business\" data-v-md-line=\"36\">Pentru tine \u0219i afacerea ta<\/h2>\n<p data-v-md-line=\"37\">Po\u021bi alege <a class=\"wpil_keyword_link\" href=\"https:\/\/agoravape.com\/ro\/produs\/razz-bar-50k-50000-puffs-vape\/\" target=\"_blank\" rel=\"noopener\" title=\"Razz Bar 50K Puffs High Capacity Disposable Vape | Big on longevity, simple to live with\" data-wpil-keyword-link=\"linked\" data-wpil-monitor-id=\"7158\">Razz Bar<\/a> 15000 de \u021big\u0103ri pentru uz personal sau stoca\u021bi pentru magazinul dvs. Cutii de carton cu ridicata de 200 de unit\u0103\u021bi pe cutie, convenabile pentru a v\u0103 planifica inventarul. Livr\u0103m prin parteneri de \u00eencredere, cum ar fi UPS, DPD \u0219i DHL \u00een DDP dup\u0103 plata taxelor, astfel \u00eenc\u00e2t s\u0103 nu existe accidente la vam\u0103.<\/p>\n<p data-v-md-line=\"39\">Procesul de comand\u0103 este simplu \u0219i convenabil. Folosim gateway-uri de plat\u0103 securizate \u0219i finalizare a comenzii criptat\u0103 SSL pentru a asigura securitatea informa\u021biilor dumneavoastr\u0103.<\/p>\n<p data-v-md-line=\"41\">Introducere \u00een reglement\u0103rile UE: Multe \u021b\u0103ri din UE stabilesc limita superioar\u0103 a con\u021binutului de nicotin\u0103 la 20 de miligrame pe mililitru \u0219i limiteaz\u0103 capacitatea lichidului electronic de unic\u0103 folosin\u021b\u0103. Versiunea cu 2% este \u00een concordan\u021b\u0103 cu limita con\u021binutului de nicotin\u0103, dar dispozitivele de mare capacitate \u0219i versiunea cu 5% pot s\u0103 nu fie permise. V\u0103 rug\u0103m s\u0103 verifica\u021bi reglement\u0103rile locale \u00eenainte de a plasa o comand\u0103 \u0219i v\u0103 vom ajuta s\u0103 expedia\u021bi inventarul conform acolo unde este necesar.<\/p>\n<h2 data-v-md-heading=\"why-do-you-like-it\" data-v-md-line=\"43\">De ce \u00ee\u021bi place?<\/h2>\n<p data-v-md-line=\"44\"><strong>Cantitate mare de bombe fumigene<\/strong>P\u00e2n\u0103 la 15000 de pufuri, ceea ce \u00eenseamn\u0103 mai pu\u021bine \u00eenlocuiri \u0219i o valoare mai mare.<br \/>\n<strong>Nicotine selection<\/strong>Alege\u021bi un con\u021binut de nicotin\u0103 de 2% sau 5%, \u00een func\u021bie de preferin\u021be.<br \/>\n<strong>Rechargeable<\/strong>Nu este nevoie s\u0103 arunca\u021bi lichidul electronic neutilizat, trebuie doar s\u0103 \u00eel \u00eenc\u0103rca\u021bi pentru a-l utiliza.<br \/>\n<strong>Gust stabil<\/strong>Conceput pentru a v\u0103 oferi o experien\u021b\u0103 consistent\u0103 \u0219i delicioas\u0103 de la prima p\u00e2n\u0103 la ultima \u00eembuc\u0103tur\u0103.<\/p>\n<h2 data-v-md-heading=\"why-choose-to-collaborate-with-agoravape\" data-v-md-line=\"49\">De ce s\u0103 alegi s\u0103 colaborezi cu AgoraVape?<\/h2>\n<p data-v-md-line=\"50\">Vindem doar produse originale, cu un lan\u021b de aprovizionare clar \u0219i o verificare corespunz\u0103toare a v\u00e2rstei. Pentru clien\u021bii comerciali, pute\u021bi beneficia de pre\u021buri en-gros competitive, asisten\u021b\u0103 fiabil\u0103 \u0219i transport rapid \u0219i fiabil \u00een Europa. Dac\u0103 dori\u021bi s\u0103 de\u021bine\u021bi \u00een stoc produse de unic\u0103 folosin\u021b\u0103 \u0219i clien\u021bii dvs. vor reveni cu siguran\u021b\u0103, v\u0103 rug\u0103m s\u0103 ne contacta\u021bi \u0219i vom amplasa suportul pentru \u021big\u0103ri Razz Bar 15000 pe raftul dvs.<\/p>","protected":false},"excerpt":{"rendered":"<p>Ce zici de vapoarele de unic\u0103 folosin\u021b\u0103 Razz Bar 15000? Cump\u0103r\u0103turi online! Dac\u0103 v-a\u021bi s\u0103turat s\u0103 folosi\u021bi vapori de unic\u0103 folosin\u021b\u0103 la jum\u0103tatea<\/p>","protected":false},"featured_media":17728,"comment_status":"open","ping_status":"closed","template":"","meta":[],"product_brand":[236],"product_cat":[124,185,1635,189,194,1674,174,175,193,163,191,173,186,180,190],"product_tag":[],"class_list":{"0":"post-17707","1":"product","2":"type-product","3":"status-publish","4":"has-post-thumbnail","6":"product_brand-razz-bar","7":"product_cat-vape-by-brand","8":"product_cat-10000-puffs-high-capacity","9":"product_cat-15000-puffs","10":"product_cat-20mg-standard-nicotine-vapes","11":"product_cat-adjustable-airflow","12":"product_cat-eu-warehouse","13":"product_cat-fruit-flavors","14":"product_cat-icy-mint","15":"product_cat-mesh-coil","16":"product_cat-razz-bar","17":"product_cat-rechargeable-disposables","18":"product_cat-vape-by-flavor-profile","19":"product_cat-vape-by-nicotine-strength","20":"product_cat-vape-by-puff-count","21":"product_cat-vape-by-feature-or-type","23":"first","24":"instock","25":"shipping-taxable","26":"purchasable","27":"product-type-variable","28":"has-default-attributes"},"tiered_pricing_type":"percentage","tiered_pricing_fixed_rules":[],"tiered_pricing_product_settings":{"layout":"default","base_unit_name":{"singular":null,"plural":null},"default_variation":null},"tiered_pricing_minimum_quantity":50,"tiered_pricing_roles_data":[],"tiered_pricing_percentage_rules":{"100":"40","200":"44","500":"47","1000":"49"},"tiered_pricing_maximum_quantity":null,"tiered_pricing_quantity_step":"10","_links":{"self":[{"href":"https:\/\/agoravape.com\/ro\/wp-json\/wp\/v2\/product\/17707","targetHints":{"allow":["GET"]}}],"collection":[{"href":"https:\/\/agoravape.com\/ro\/wp-json\/wp\/v2\/product"}],"about":[{"href":"https:\/\/agoravape.com\/ro\/wp-json\/wp\/v2\/types\/product"}],"replies":[{"embeddable":true,"href":"https:\/\/agoravape.com\/ro\/wp-json\/wp\/v2\/comments?post=17707"}],"version-history":[{"count":1,"href":"https:\/\/agoravape.com\/ro\/wp-json\/wp\/v2\/product\/17707\/revisions"}],"predecessor-version":[{"id":29810,"href":"https:\/\/agoravape.com\/ro\/wp-json\/wp\/v2\/product\/17707\/revisions\/29810"}],"wp:featuredmedia":[{"embeddable":true,"href":"https:\/\/agoravape.com\/ro\/wp-json\/wp\/v2\/media\/17728"}],"wp:attachment":[{"href":"https:\/\/agoravape.com\/ro\/wp-json\/wp\/v2\/media?parent=17707"}],"wp:term":[{"taxonomy":"product_brand","embeddable":true,"href":"https:\/\/agoravape.com\/ro\/wp-json\/wp\/v2\/product_brand?post=17707"},{"taxonomy":"product_cat","embeddable":true,"href":"https:\/\/agoravape.com\/ro\/wp-json\/wp\/v2\/product_cat?post=17707"},{"taxonomy":"product_tag","embeddable":true,"href":"https:\/\/agoravape.com\/ro\/wp-json\/wp\/v2\/product_tag?post=17707"}],"curies":[{"name":"wp","href":"https:\/\/api.w.org\/{rel}","templated":true}]}}