{"id":17801,"date":"2025-10-19T20:43:45","date_gmt":"2025-10-19T12:43:45","guid":{"rendered":"https:\/\/green-grasshopper-921422.hostingersite.com\/?post_type=product&#038;p=17801"},"modified":"2026-01-12T10:38:42","modified_gmt":"2026-01-12T02:38:42","slug":"hazey-d195-18000-pufuri-vape","status":"publish","type":"product","link":"https:\/\/agoravape.com\/ro\/product\/hazey-d195-18000-puffs-vape\/","title":{"rendered":"Vape Hazey D195 18K Puffs Mesh Coil cu ecran | Pufuri mari, afi\u0219aj clar"},"content":{"rendered":"<h2 data-v-md-heading=\"what-is-special-about-hazey-d195-18k-suction-mesh-coil-vape-with-screen\" data-v-md-line=\"3\">Ce este special la \u021bigara electronic\u0103 Hazey D195 18K cu rezisten\u021b\u0103 tip plas\u0103 de aspira\u021bie (cu ecran)?<\/h2>\n<p data-v-md-line=\"4\">Dac\u0103 te-ai s\u0103turat s\u0103 schimbi aparatele la fiecare c\u00e2teva zile, cu siguran\u021b\u0103 vei dori s\u0103 arunci o privire la acest produs. Hazey D195 poate produce p\u00e2n\u0103 la 18000 de \u00eembuc\u0103turi, men\u021bin\u00e2nd \u00eentotdeauna un gust curat \u0219i consistent.<\/p>\n<p data-v-md-line=\"6\">Este conceput special pentru utilizarea zilnic\u0103. Ecranul dublu luminos poate afi\u0219a clar nivelul lichidului electronic \u0219i nivelul bateriei dintr-o privire, permi\u021b\u00e2ndu-v\u0103 s\u0103 evita\u021bi ghicitul \u0219i uscarea nea\u0219teptat\u0103. Dac\u0103 dori\u021bi un gust fiabil \u0219i f\u0103r\u0103 griji, acest produs este alegerea ideal\u0103.<\/p>\n<h2 data-v-md-heading=\"excellent-performance-worry-free\" data-v-md-line=\"8\">Excellent performance, worry free<\/h2>\n<p data-v-md-line=\"9\">Rezistenta cu ochiuri de 0,8 \u03a9 este \u00eenc\u0103lzit\u0103 uniform pentru a men\u021bine un gust fin \u0219i stabil. Primul gust nu va disp\u0103rea pe parcurs. Ecranele duble simplific\u0103, de asemenea, utilizarea. Pute\u021bi verifica nivelul r\u0103mas al bateriei \u0219i v\u0103 pute\u021bi planifica itinerariul zilei f\u0103r\u0103 a avea o surs\u0103 de alimentare de rezerv\u0103. C\u00e2nd bateria este desc\u0103rcat\u0103, pur \u0219i simplu o pute\u021bi \u00eenc\u0103rca pentru a continua utilizarea.<\/p>\n<h2 data-v-md-heading=\"specification-introduction\" data-v-md-line=\"11\">Introducere \u00een specifica\u021bii<\/h2>\n<ul data-v-md-line=\"12\">\n<li>Suction frequency: up to 18000 times<\/li>\n<li>Con\u021binut de nicotin\u0103: 2% sau 5%<\/li>\n<li>Principiu de func\u021bionare: Activat prin inhalare<\/li>\n<li>Metod\u0103 de \u00eenc\u0103rcare: re\u00eenc\u0103rcabil\u0103<\/li>\n<li>Stare: Gata de utilizare imediat ce este scoas\u0103 din cutie<\/li>\n<li>Bobin\u0103: bobin\u0103 cu ochiuri de 0,8 \u03a9<\/li>\n<li>Baterie: 600mAh<\/li>\n<li>Capacitate lichid electronic: 28 mililitri<\/li>\n<li>Display screen: dual screen display of e-liquid and battery level<\/li>\n<\/ul>\n<h2 data-v-md-heading=\"full-range-of-flavors\" data-v-md-line=\"22\">Gam\u0103 complet\u0103 de arome<\/h2>\n<ul data-v-md-line=\"23\">\n<li>Ghea\u021b\u0103 de c\u0103p\u0219uni<\/li>\n<li>Ghea\u021b\u0103 de pepene verde<\/li>\n<li>Patinoar albastru<\/li>\n<li>Ghea\u021b\u0103 de struguri<\/li>\n<li>Ghea\u021b\u0103 de ananas<\/li>\n<li>\u00cenghe\u021bat\u0103 de pepene verde cu c\u0103p\u0219uni<\/li>\n<li>\u00cenghe\u021bat\u0103 de guava cu fructul pasiunii \u0219i kiwi<\/li>\n<li>Triple Mango Ice<\/li>\n<li>Ghea\u021b\u0103 dubl\u0103 cu mere<\/li>\n<li>Coca-Cola Ice<\/li>\n<li>Lemon and lime ice<\/li>\n<li>\u00cenghe\u021bat\u0103 de fructul pasiunii cu lime<\/li>\n<li>Ghea\u021b\u0103 de struguri cu coac\u0103ze negre<\/li>\n<li>C\u0103p\u0219uni Zmeur\u0103 Cire\u0219e \u00cenghe\u021bat\u0103<\/li>\n<li>Apple Grape Ice<\/li>\n<\/ul>\n<p><img loading=\"lazy\" decoding=\"async\" class=\"aligncenter size-full wp-image-17822\" src=\"https:\/\/agoravape.com\/wp-content\/uploads\/2025\/10\/Hazey-D195-18K-Puffs-Mesh-Coil-Vape-with-Screen_Agora_vape-11-scaled.webp\" alt=\"\" width=\"2560\" height=\"2125\" srcset=\"https:\/\/agoravape.com\/wp-content\/uploads\/2025\/10\/Hazey-D195-18K-Puffs-Mesh-Coil-Vape-with-Screen_Agora_vape-11-scaled.webp 2560w, https:\/\/agoravape.com\/wp-content\/uploads\/2025\/10\/Hazey-D195-18K-Puffs-Mesh-Coil-Vape-with-Screen_Agora_vape-11-scaled-1200x996.webp 1200w, https:\/\/agoravape.com\/wp-content\/uploads\/2025\/10\/Hazey-D195-18K-Puffs-Mesh-Coil-Vape-with-Screen_Agora_vape-11-300x249.webp 300w, https:\/\/agoravape.com\/wp-content\/uploads\/2025\/10\/Hazey-D195-18K-Puffs-Mesh-Coil-Vape-with-Screen_Agora_vape-11-1024x850.webp 1024w, https:\/\/agoravape.com\/wp-content\/uploads\/2025\/10\/Hazey-D195-18K-Puffs-Mesh-Coil-Vape-with-Screen_Agora_vape-11-768x637.webp 768w, https:\/\/agoravape.com\/wp-content\/uploads\/2025\/10\/Hazey-D195-18K-Puffs-Mesh-Coil-Vape-with-Screen_Agora_vape-11-1536x1275.webp 1536w, https:\/\/agoravape.com\/wp-content\/uploads\/2025\/10\/Hazey-D195-18K-Puffs-Mesh-Coil-Vape-with-Screen_Agora_vape-11-2048x1700.webp 2048w\" sizes=\"auto, (max-width: 2560px) 100vw, 2560px\" \/><\/p>\n<h2 data-v-md-heading=\"for-you-for-your-business\" data-v-md-line=\"39\">Pentru tine, pentru afacerea ta<\/h2>\n<p data-v-md-line=\"40\">Pute\u021bi alege Hazey D195 individual sau \u00eel pute\u021bi ad\u0103uga \u00een magazinul dvs. Oferim at\u00e2t servicii individuale, c\u00e2t \u0219i en-gros, \u0219i pute\u021bi comanda \u00een func\u021bie de preferin\u021be. Dac\u0103 face\u021bi achizi\u021bii \u00een vrac, oferim servicii de livrare DDP prin intermediul unor parteneri precum UPS, DPD \u0219i DHL, astfel \u00eenc\u00e2t s\u0103 nu v\u0103 face\u021bi griji cu privire la accidentele la vam\u0103.<\/p>\n<p data-v-md-line=\"42\">Ai nevoie de un v\u00e2nz\u0103tor stabil, cu informa\u021bii clare despre dispozitiv \u0219i op\u021biuni bogate de arome? Indiferent dac\u0103 e\u0219ti un cump\u0103r\u0103tor care urm\u0103re\u0219te confortul sau un iubitor care urm\u0103re\u0219te gustul, acest produs \u00ee\u021bi poate satisface nevoile.<\/p>\n<h2 data-v-md-heading=\"why-do-you-like-it\" data-v-md-line=\"44\">De ce \u00ee\u021bi place?<\/h2>\n<ul data-v-md-line=\"45\">\n<li>Aspira\u021bie masiv\u0103: O capacitate de p\u00e2n\u0103 la 18K \u00eenseamn\u0103 mai pu\u021bine \u00eenlocuiri \u0219i o rentabilitate mai mare.<\/li>\n<li>Selec\u021bia con\u021binutului de nicotin\u0103: Alege\u021bi 2% sau 5% \u00een func\u021bie de preferin\u021be.<\/li>\n<li>Re\u00eenc\u0103rcabil\u0103: Folose\u0219te to\u021bi cei 28 de mililitri de e-lichid f\u0103r\u0103 a irosi.<\/li>\n<li>Rezistenta tip plas\u0103: Rezistenta tip plas\u0103 de 0,8 \u03a9 ofer\u0103 \u00eentotdeauna un gust consistent \u0219i bogat.<\/li>\n<li>Afi\u0219aj cu ecran dublu: Vizualiza\u021bi cu u\u0219urin\u021b\u0103 nivelurile de lichid pentru \u021bigara electronic\u0103 \u0219i baterie, evit\u00e2nd aspira\u021bia uscat\u0103 \u0219i desc\u0103rcarea bateriei.<\/li>\n<\/ul>\n<h2 data-v-md-heading=\"why-collaborate-with-agoravape\" data-v-md-line=\"51\">De ce s\u0103 colaborezi cu AgoraVape?<\/h2>\n<p data-v-md-line=\"52\">Fiind unul dintre distribuitorii de \u00eencredere de produse pentru \u021big\u0103ri electronice din Europa, oferim doar stocuri 100% originale. \u021aig\u0103rile electronice Hazey D195 18K cu bobin\u0103 de aspira\u021bie (cu ecran) se pot bucura de pre\u021buri en-gros corecte, asisten\u021b\u0103 clien\u021bi prietenoas\u0103 \u0219i servicii rapide de livrare DDP \u00een Europa. V\u0103 rug\u0103m s\u0103 contacta\u021bi echipa noastr\u0103 pentru a afla despre dispozitivele pe care clien\u021bii dvs. le vor achizi\u021biona din nou.<\/p>","protected":false},"excerpt":{"rendered":"<p>&nbsp;<\/p>\n<p><script src=\"chrome-extension:\/\/fpelahbljekknahkcaegamhcndkfpfnc\/iFrame.js\" type=\"text\/javascript\"><\/script><\/p>\n<p><script src=\"chrome-extension:\/\/fpelahbljekknahkcaegamhcndkfpfnc\/iFrame.js\" type=\"text\/javascript\"><\/script><\/p>\n<p><script src=\"chrome-extension:\/\/fpelahbljekknahkcaegamhcndkfpfnc\/iFrame.js\" type=\"text\/javascript\"><\/script><\/p>\n<p><script src=\"chrome-extension:\/\/fpelahbljekknahkcaegamhcndkfpfnc\/iFrame.js\" type=\"text\/javascript\"><\/script><\/p>\n<p><script src=\"chrome-extension:\/\/fpelahbljekknahkcaegamhcndkfpfnc\/iFrame.js\" type=\"text\/javascript\"><\/script><\/p>\n<p><script src=\"chrome-extension:\/\/fpelahbljekknahkcaegamhcndkfpfnc\/iFrame.js\" type=\"text\/javascript\"><\/script><\/p>\n<p><script src=\"chrome-extension:\/\/fpelahbljekknahkcaegamhcndkfpfnc\/iFrame.js\" type=\"text\/javascript\"><\/script><\/p>\n<p><script src=\"chrome-extension:\/\/fpelahbljekknahkcaegamhcndkfpfnc\/iFrame.js\" type=\"text\/javascript\"><\/script><\/p>\n<p><script src=\"chrome-extension:\/\/fpelahbljekknahkcaegamhcndkfpfnc\/iFrame.js\" type=\"text\/javascript\"><\/script><\/p>\n<p><script src=\"chrome-extension:\/\/fpelahbljekknahkcaegamhcndkfpfnc\/iFrame.js\" type=\"text\/javascript\"><\/script><\/p>\n<p><script src=\"chrome-extension:\/\/fpelahbljekknahkcaegamhcndkfpfnc\/iFrame.js\" type=\"text\/javascript\"><\/script><\/p>\n<p><script src=\"chrome-extension:\/\/fpelahbljekknahkcaegamhcndkfpfnc\/iFrame.js\" type=\"text\/javascript\"><\/script><\/p>\n<p><script src=\"chrome-extension:\/\/fpelahbljekknahkcaegamhcndkfpfnc\/iFrame.js\" type=\"text\/javascript\"><\/script><\/p>\n<p><script src=\"chrome-extension:\/\/fpelahbljekknahkcaegamhcndkfpfnc\/iFrame.js\" type=\"text\/javascript\"><\/script><\/p>\n<p><script src=\"chrome-extension:\/\/fpelahbljekknahkcaegamhcndkfpfnc\/iFrame.js\" type=\"text\/javascript\"><\/script><\/p>\n<p><script src=\"chrome-extension:\/\/fpelahbljekknahkcaegamhcndkfpfnc\/iFrame.js\" type=\"text\/javascript\"><\/script><\/p>\n<p><script src=\"chrome-extension:\/\/fpelahbljekknahkcaegamhcndkfpfnc\/iFrame.js\" type=\"text\/javascript\"><\/script><\/p>","protected":false},"featured_media":17821,"comment_status":"open","ping_status":"closed","template":"","meta":[],"product_brand":[237],"product_cat":[124,185,189,174,164,175,193,191,173,186,180,190,192],"product_tag":[],"class_list":{"0":"post-17801","1":"product","2":"type-product","3":"status-publish","4":"has-post-thumbnail","6":"product_brand-hazey","7":"product_cat-vape-by-brand","8":"product_cat-10000-puffs-high-capacity","9":"product_cat-20mg-standard-nicotine-vapes","10":"product_cat-fruit-flavors","11":"product_cat-hazey","12":"product_cat-icy-mint","13":"product_cat-mesh-coil","14":"product_cat-rechargeable-disposables","15":"product_cat-vape-by-flavor-profile","16":"product_cat-vape-by-nicotine-strength","17":"product_cat-vape-by-puff-count","18":"product_cat-vape-by-feature-or-type","19":"product_cat-vapes-with-screens","21":"first","22":"instock","23":"shipping-taxable","24":"purchasable","25":"product-type-variable","26":"has-default-attributes"},"tiered_pricing_type":"percentage","tiered_pricing_fixed_rules":[],"tiered_pricing_product_settings":{"layout":"default","base_unit_name":{"singular":null,"plural":null},"default_variation":null},"tiered_pricing_minimum_quantity":50,"tiered_pricing_roles_data":[],"tiered_pricing_percentage_rules":{"100":"29","200":"35","500":"40","1000":"44"},"tiered_pricing_maximum_quantity":null,"tiered_pricing_quantity_step":"10","_links":{"self":[{"href":"https:\/\/agoravape.com\/ro\/wp-json\/wp\/v2\/product\/17801","targetHints":{"allow":["GET"]}}],"collection":[{"href":"https:\/\/agoravape.com\/ro\/wp-json\/wp\/v2\/product"}],"about":[{"href":"https:\/\/agoravape.com\/ro\/wp-json\/wp\/v2\/types\/product"}],"replies":[{"embeddable":true,"href":"https:\/\/agoravape.com\/ro\/wp-json\/wp\/v2\/comments?post=17801"}],"version-history":[{"count":0,"href":"https:\/\/agoravape.com\/ro\/wp-json\/wp\/v2\/product\/17801\/revisions"}],"wp:featuredmedia":[{"embeddable":true,"href":"https:\/\/agoravape.com\/ro\/wp-json\/wp\/v2\/media\/17821"}],"wp:attachment":[{"href":"https:\/\/agoravape.com\/ro\/wp-json\/wp\/v2\/media?parent=17801"}],"wp:term":[{"taxonomy":"product_brand","embeddable":true,"href":"https:\/\/agoravape.com\/ro\/wp-json\/wp\/v2\/product_brand?post=17801"},{"taxonomy":"product_cat","embeddable":true,"href":"https:\/\/agoravape.com\/ro\/wp-json\/wp\/v2\/product_cat?post=17801"},{"taxonomy":"product_tag","embeddable":true,"href":"https:\/\/agoravape.com\/ro\/wp-json\/wp\/v2\/product_tag?post=17801"}],"curies":[{"name":"wp","href":"https:\/\/api.w.org\/{rel}","templated":true}]}}