{"id":17830,"date":"2025-10-19T20:56:20","date_gmt":"2025-10-19T12:56:20","guid":{"rendered":"https:\/\/green-grasshopper-921422.hostingersite.com\/?post_type=product&#038;p=17830"},"modified":"2026-01-12T13:34:43","modified_gmt":"2026-01-12T05:34:43","slug":"hazey-d200-50000-puffs-dual-flavour-vape","status":"publish","type":"product","link":"https:\/\/agoravape.com\/ro\/product\/hazey-d200-50000-puffs-dual-flavor-vape\/","title":{"rendered":"Hazey D200 50K Puffs Dual Flavor Turbo Mode Vape | Dual\u2011Flavour Power That Goes the Distance"},"content":{"rendered":"<h2 data-v-md-heading=\"what-s-special-about-the-hazey-d200-50k-dual-flavor-turbo-mode-vape\" data-v-md-line=\"3\">Ce este special la \u021bigara electronic\u0103 Hazey D200 50K cu mod turbo cu arom\u0103 dual\u0103?<\/h2>\n<p data-v-md-line=\"4\">Dac\u0103 te-ai s\u0103turat s\u0103 fumezi e-lichid la mijlocul s\u0103pt\u0103m\u00e2nii, Hazey D200 \u00ee\u021bi permite s\u0103 continui s\u0103 \u00eel folose\u0219ti. Acesta este un vaporizator de unic\u0103 folosin\u021b\u0103, cu arom\u0103 dubl\u0103, durabil, care \u00ee\u021bi permite s\u0103 schimbi aromele \u00een orice moment. Nu este nevoie de opera\u021biuni sau meniuri plictisitoare. Pur \u0219i simplu gliseaz\u0103 pentru a-\u021bi alege aroma preferat\u0103 \u0219i continu\u0103 s\u0103 fumezi.<\/p>\n<p data-v-md-line=\"6\">Este potrivit pentru oricine dore\u0219te rezisten\u021b\u0103 ridicat\u0103 \u0219i utilizare simpl\u0103. V\u0103 pute\u021bi bucura de p\u00e2n\u0103 la 50000 de locuri \u00een modul obi\u0219nuit sau pute\u021bi alege modul turbo pentru o experien\u021b\u0103 mai puternic\u0103. Puterea modului turbo este mai mare, astfel \u00eenc\u00e2t capacitatea total\u0103 de aspirare va fi redus\u0103 la aproximativ 35000 de porturi. Atunci c\u00e2nd dori\u021bi o experien\u021b\u0103 mai puternic\u0103, acest sacrificiu merit\u0103.<\/p>\n<h2 data-v-md-heading=\"excellent-performance-easy-and-convenient\" data-v-md-line=\"8\">Performan\u021b\u0103 excelent\u0103, u\u0219or \u0219i convenabil<\/h2>\n<p data-v-md-line=\"9\">Echipat cu un miez de atomizare cu plas\u0103 de 1,0 \u03a9, c\u0103ldura este distribuit\u0103 uniform. De aceea, fiecare aspirare poate men\u021bine un gust consistent. Compartimentele duble de depozitare a uleiului, fiecare cu o capacitate de 28 de mililitri, ajut\u0103 la men\u021binerea unui gust pur \u0219i la evitarea turbidit\u0103\u021bii. Vrei o experien\u021b\u0103 mai puternic\u0103? Activeaz\u0103 modul Turbo pentru a cre\u0219te instantaneu puterea. C\u00e2nd bateria trebuie \u00eenc\u0103rcat\u0103, pur \u0219i simplu \u00eencarc-o \u0219i poate fi utilizat\u0103 \u00een continuare.<\/p>\n<h2 data-v-md-heading=\"specification-overview\" data-v-md-line=\"11\">Prezentare general\u0103 a specifica\u021biilor<\/h2>\n<ul data-v-md-line=\"12\">\n<li>Frecven\u021b\u0103 de aspirare: p\u00e2n\u0103 la 50000 de ori \u00een modul normal; p\u00e2n\u0103 la 35000 de ori \u00een modul Turbo<\/li>\n<li>Con\u021binut de nicotin\u0103: 2% \u0219i 5% op\u021bional<\/li>\n<li>Principiu de func\u021bionare: Comutare \u00eentre dou\u0103 arome; Alege\u021bi puterea standard sau Turbo<\/li>\n<li>Metod\u0103 de \u00eenc\u0103rcare: re\u00eenc\u0103rcabil\u0103; Tipul de interfa\u021b\u0103 urmeaz\u0103 s\u0103 fie confirmat<\/li>\n<li>Stare: Gata de utilizare imediat ce este scoas\u0103 din cutie<\/li>\n<li>Capacitate e-lichid: 28 mililitri x 2 (compartiment dublu)<\/li>\n<li>Atomizing core: 1.0 \u03a9 mesh<\/li>\n<li>Baterie: 600 mAh<\/li>\n<\/ul>\n<h2 data-v-md-heading=\"full-flavor-series\" data-v-md-line=\"21\">Serie cu arom\u0103 complet\u0103<\/h2>\n<ul data-v-md-line=\"22\">\n<li>Afine, Cire\u0219e, Meri\u0219oare \u2013 Bomboane Curcubeu<\/li>\n<li>Pepene verde, L\u0103m\u00e2ie, Lime, Ananas, Piersic\u0103, Mango<\/li>\n<li>Ment\u0103 de coac\u0103ze negre \u2013 fructul pasiunii<\/li>\n<li>Kiwi, rodie \u0219i m\u0103r<\/li>\n<li>L\u0103m\u00e2ie \u0219i lime \u2013 Vimto<\/li>\n<li>Smoothie cu piersici albe \u0219i pere \u0219i afine<\/li>\n<li>M\u0103r Par\u0103 \u2013 Afine Zmeur\u0103<\/li>\n<li>Ap\u0103 cu l\u0103m\u00e2ie roz \u2013 Cola Ice<\/li>\n<li>Jeleuri cu fructe de p\u0103dure mixte<\/li>\n<li>\u00cenghe\u021bat\u0103 de c\u0103p\u0219uni \u2013 Gum\u0103 de mestecat cu c\u0103p\u0219uni \u0219i cire\u0219e<\/li>\n<li>Mango Piersic\u0103 C\u0103p\u0219uni Mango<\/li>\n<li>C\u0103p\u0219uni Pepene Verde \u2013 Fructul Pasiunii Portocal\u0103 Rodie<\/li>\n<li>Smoothie cu afine \u2013 Smoothie cu c\u0103p\u0219uni \u0219i zmeur\u0103 \u0219i cire\u0219e<\/li>\n<li>Smoothie de c\u0103p\u0219uni \u2013 Kiwi cu c\u0103p\u0219uni<\/li>\n<li>Smoothie de struguri \u2013 Pepene verde Red Bull<\/li>\n<\/ul>\n<h2 data-v-md-heading=\"for-you-and-for-your-business-as-well\" data-v-md-line=\"38\">Pentru tine, dar \u0219i pentru afacerea ta<\/h2>\n<p data-v-md-line=\"39\">Pute\u021bi cump\u0103ra unul pentru uz personal sau v\u0103 pute\u021bi aproviziona pentru magazin. Ambalaj en-gros de 200 de unit\u0103\u021bi, convenabil pentru planificarea \u0219i stabilirea pre\u021bului. Fiecare cutie are o greutate brut\u0103 de aproximativ 24 de kilograme, ceea ce v\u0103 faciliteaz\u0103 clasificarea, depozitarea \u0219i transportul.<\/p>\n<p data-v-md-line=\"41\">Oferim servicii de livrare DDP \u00een toat\u0103 Europa prin intermediul unor parteneri de \u00eencredere precum UPS, DPD \u0219i DHL. Preprocesarea tarifelor garanteaz\u0103 c\u0103 comanda dumneavoastr\u0103 nu va \u00eent\u00e2mpina probleme nea\u0219teptate \u00een timpul v\u0103muirii.<\/p>\n<h2 data-v-md-heading=\"why-do-you-like-it\" data-v-md-line=\"43\">De ce \u00ee\u021bi place?<\/h2>\n<ul data-v-md-line=\"44\">\n<li>Bucur\u0103-te de b\u0103uturi libere: redu re\u00eenc\u0103rcarea \u0219i repet\u0103 comenzile.<\/li>\n<li>Selec\u021bia nicotinei: Alege\u021bi un con\u021binut de nicotin\u0103 de 2% sau 5% \u00een func\u021bie de preferin\u021be.<\/li>\n<li>Re\u00eenc\u0103rcabil\u0103: Folose\u0219te lichidul complet \u00eenc\u0103rcat pentru \u021bigar\u0103 electronic\u0103 \u00een loc s\u0103 \u00eel arunci \u00een avans.<\/li>\n<li>Spir\u0103 de plas\u0103: Gust fin \u0219i uniform de la \u00eenceput p\u00e2n\u0103 la sf\u00e2r\u0219it.<\/li>\n<li>Arome duble: Schimba\u021bi aromele pentru a elimina instantaneu oboseala gustativ\u0103.<\/li>\n<li>Mod Turbo: Ob\u021bine\u021bi putere puternic\u0103 \u00een orice moment; Mod Normal, autonomie maxim\u0103.<\/li>\n<\/ul>\n<h2 data-v-md-heading=\"why-choose-to-collaborate-with-agoravape\" data-v-md-line=\"51\">De ce s\u0103 alegi s\u0103 colaborezi cu AgoraVape?<\/h2>\n<p data-v-md-line=\"52\">Oferim stocuri 100% originale, pre\u021buri en-gros reduse \u0219i asisten\u021b\u0103 clien\u021bi prietenoas\u0103. Re\u021beaua noastr\u0103 logistic\u0103 acoper\u0103 diverse p\u0103r\u021bi ale Europei, iar \u021bigara electronic\u0103 Hazey D200 50K cu arom\u0103 dubl\u0103 turbo ofer\u0103 servicii de livrare fiabile, cu taxe pl\u0103tite. Dori\u021bi un produs popular care s\u0103 atrag\u0103 clien\u021bii \u00eenapoi? Permite\u021bi-ne s\u0103 ne aprovizion\u0103m pentru dumneavoastr\u0103.<\/p>","protected":false},"excerpt":{"rendered":"<p>&nbsp;<\/p>","protected":false},"featured_media":17847,"comment_status":"open","ping_status":"closed","template":"","meta":[],"product_brand":[237],"product_cat":[124,185,189,195,174,164,175,193,191,173,186,180,190,192],"product_tag":[],"class_list":{"0":"post-17830","1":"product","2":"type-product","3":"status-publish","4":"has-post-thumbnail","6":"product_brand-hazey","7":"product_cat-vape-by-brand","8":"product_cat-10000-puffs-high-capacity","9":"product_cat-20mg-standard-nicotine-vapes","10":"product_cat-dual-flavor-switch","11":"product_cat-fruit-flavors","12":"product_cat-hazey","13":"product_cat-icy-mint","14":"product_cat-mesh-coil","15":"product_cat-rechargeable-disposables","16":"product_cat-vape-by-flavor-profile","17":"product_cat-vape-by-nicotine-strength","18":"product_cat-vape-by-puff-count","19":"product_cat-vape-by-feature-or-type","20":"product_cat-vapes-with-screens","22":"first","23":"instock","24":"shipping-taxable","25":"purchasable","26":"product-type-variable","27":"has-default-attributes"},"tiered_pricing_type":"percentage","tiered_pricing_fixed_rules":[],"tiered_pricing_product_settings":{"layout":"default","base_unit_name":{"singular":null,"plural":null},"default_variation":null},"tiered_pricing_minimum_quantity":60,"tiered_pricing_roles_data":[],"tiered_pricing_percentage_rules":{"100":"35","200":"44","500":"47","1000":"49"},"tiered_pricing_maximum_quantity":null,"tiered_pricing_quantity_step":"10","_links":{"self":[{"href":"https:\/\/agoravape.com\/ro\/wp-json\/wp\/v2\/product\/17830","targetHints":{"allow":["GET"]}}],"collection":[{"href":"https:\/\/agoravape.com\/ro\/wp-json\/wp\/v2\/product"}],"about":[{"href":"https:\/\/agoravape.com\/ro\/wp-json\/wp\/v2\/types\/product"}],"replies":[{"embeddable":true,"href":"https:\/\/agoravape.com\/ro\/wp-json\/wp\/v2\/comments?post=17830"}],"version-history":[{"count":0,"href":"https:\/\/agoravape.com\/ro\/wp-json\/wp\/v2\/product\/17830\/revisions"}],"wp:featuredmedia":[{"embeddable":true,"href":"https:\/\/agoravape.com\/ro\/wp-json\/wp\/v2\/media\/17847"}],"wp:attachment":[{"href":"https:\/\/agoravape.com\/ro\/wp-json\/wp\/v2\/media?parent=17830"}],"wp:term":[{"taxonomy":"product_brand","embeddable":true,"href":"https:\/\/agoravape.com\/ro\/wp-json\/wp\/v2\/product_brand?post=17830"},{"taxonomy":"product_cat","embeddable":true,"href":"https:\/\/agoravape.com\/ro\/wp-json\/wp\/v2\/product_cat?post=17830"},{"taxonomy":"product_tag","embeddable":true,"href":"https:\/\/agoravape.com\/ro\/wp-json\/wp\/v2\/product_tag?post=17830"}],"curies":[{"name":"wp","href":"https:\/\/api.w.org\/{rel}","templated":true}]}}