{"id":17927,"date":"2025-10-20T11:18:51","date_gmt":"2025-10-20T03:18:51","guid":{"rendered":"https:\/\/green-grasshopper-921422.hostingersite.com\/?post_type=product&#038;p=17927"},"modified":"2025-12-15T21:30:09","modified_gmt":"2025-12-15T13:30:09","slug":"lavie-cube-10000-puffs","status":"publish","type":"product","link":"https:\/\/agoravape.com\/ro\/product\/lavie-cube-10000-puffs\/","title":{"rendered":"LAVIE Cube 10000 Puffs Disposable Vape | 1600mAh Battery | Long\u2011Lasting Flavour, Made Easy"},"content":{"rendered":"<h2 data-v-md-heading=\"lavie-cube-10000-disposable-vape-1600mah-battery-what-are-the-highlights\" data-v-md-line=\"3\">LAVIE Cube 10000 disposable vape | 1600mAh battery, what are the highlights?<\/h2>\n<p data-v-md-line=\"4\">If you are tired of disposable vapes that run out of battery in a few days, you may want to take a look at this product. The LAVIE Cube is equipped with a 16 milliliter storage compartment and a 1600mAh rechargeable battery, which can accommodate up to 10000 ports. It is designed for users who pursue reliable, delicious, and durable vapes.<\/p>\n<p data-v-md-line=\"6\">You may think that having such a large capacity vape would make it bulky, but the Cube is surprisingly portable. It has a compact body measuring 112 \u00d7 40 \u00d7 17.5 millimeters, which is very comfortable to hold in the hand and weighs only 74 grams.<\/p>\n<h2 data-v-md-heading=\"excellent-performance-without-any-complex-operations\" data-v-md-line=\"8\">Performan\u021b\u0103 excelent\u0103 f\u0103r\u0103 opera\u021biuni complexe<\/h2>\n<p data-v-md-line=\"9\">The double mesh coil took on the heavy responsibility. It heats evenly, and each bite is as clean and crisp as the first bite. After one week of use, there will be no burning phenomenon. When the battery is low, simply use Type-C to charge it. It may use the same data cable as your phone, so there is no need to worry about finding a dedicated data cable.<\/p>\n<h2 data-v-md-heading=\"specification-introduction\" data-v-md-line=\"11\">Introducere \u00een specifica\u021bii<\/h2>\n<p data-v-md-line=\"12\"><strong>Frecven\u021ba de aspira\u021bie<\/strong>de p\u00e2n\u0103 la 10000 de ori<br \/>\n<strong>Con\u021binutul de nicotin\u0103<\/strong>: Standard 2% or OEM customized 5%<br \/>\n<strong>Utilizare<\/strong>: Inhale to activate<br \/>\n<strong>\u00cenc\u0103rcare<\/strong>Interfa\u021b\u0103 USB standard de tip C<br \/>\n<strong>Stare<\/strong>Gata de utilizare dup\u0103 despachetare<\/p>\n<h2 data-v-md-heading=\"full-range-of-flavors\" data-v-md-line=\"18\">Gam\u0103 complet\u0103 de arome<\/h2>\n<ul data-v-md-line=\"19\">\n<li>Ghea\u021b\u0103 de struguri<\/li>\n<li>Ghea\u021b\u0103 de pepene verde<\/li>\n<li>Blueberries, raspberries, grapes, ice cream<\/li>\n<li>\u00cenghe\u021bat\u0103 de kiwi \u0219i c\u0103p\u0219uni<\/li>\n<li>\u00cenghe\u021bat\u0103 de pepene verde cu c\u0103p\u0219uni<\/li>\n<li>Blackberry Ice<\/li>\n<li>Blackberry, Pomegranate, Cherry Ice<\/li>\n<li>Strawberry lychee ice<\/li>\n<li>Mint<\/li>\n<li>Mere duble<\/li>\n<li>Blueberry Raspberry Bubble Gum<\/li>\n<li>Apple Grape Ice<\/li>\n<li>Grape Peach Ice<\/li>\n<li>Mango Monster<\/li>\n<li>Aloe Vera Grape Ice<\/li>\n<\/ul>\n<p><img loading=\"lazy\" decoding=\"async\" class=\"aligncenter size-full wp-image-17977\" src=\"https:\/\/agoravape.com\/wp-content\/uploads\/2025\/10\/LAVIE-Cube-10000-port-disposable-vape_Agora_vape-19-scaled.webp\" alt=\"\" width=\"2560\" height=\"1811\" srcset=\"https:\/\/agoravape.com\/wp-content\/uploads\/2025\/10\/LAVIE-Cube-10000-port-disposable-vape_Agora_vape-19-scaled.webp 2560w, https:\/\/agoravape.com\/wp-content\/uploads\/2025\/10\/LAVIE-Cube-10000-port-disposable-vape_Agora_vape-19-scaled-1200x849.webp 1200w, https:\/\/agoravape.com\/wp-content\/uploads\/2025\/10\/LAVIE-Cube-10000-port-disposable-vape_Agora_vape-19-300x212.webp 300w, https:\/\/agoravape.com\/wp-content\/uploads\/2025\/10\/LAVIE-Cube-10000-port-disposable-vape_Agora_vape-19-1024x724.webp 1024w, https:\/\/agoravape.com\/wp-content\/uploads\/2025\/10\/LAVIE-Cube-10000-port-disposable-vape_Agora_vape-19-768x543.webp 768w, https:\/\/agoravape.com\/wp-content\/uploads\/2025\/10\/LAVIE-Cube-10000-port-disposable-vape_Agora_vape-19-1536x1086.webp 1536w, https:\/\/agoravape.com\/wp-content\/uploads\/2025\/10\/LAVIE-Cube-10000-port-disposable-vape_Agora_vape-19-2048x1448.webp 2048w\" sizes=\"auto, (max-width: 2560px) 100vw, 2560px\" \/><\/p>\n<h2 data-v-md-heading=\"for-you-and-your-business\" data-v-md-line=\"35\">Pentru tine \u0219i afacerea ta<\/h2>\n<p data-v-md-line=\"36\">Purchase for yourself, simple and convenient. Choose your preferred flavor and nicotine concentration, and then use Type-C charging when needed for replenishment. If you are a business owner, we can also meet your needs. LAVIE Cube comes in wholesale packaging of 200 pieces per box, so you can easily stock up and meet your customers\u2019 needs.<\/p>\n<p data-v-md-line=\"38\">We ship DDP through trusted partners such as UPS, DPD, and DHL to ensure that your goods can be sold after customs clearance. There are no unexpected expenses at the entrance.<\/p>\n<h2 data-v-md-heading=\"why-do-you-like-it\" data-v-md-line=\"40\">De ce \u00ee\u021bi place?<\/h2>\n<p data-v-md-line=\"41\"><strong>Massive suction<\/strong>: up to 10000 puffs, which means fewer repeat purchases and more time to enjoy your taste.<br \/>\n<strong>Nicotine selection<\/strong>: Choose a nicotine concentration of 2% to enjoy a smoother taste; Or for eligible markets, choose a 5% OEM nicotine concentration.<br \/>\n<strong>Rechargeable<\/strong>: Type-C charging allows you to use all 16 milliliters of e-liquid without wasting it.<br \/>\n<strong>Mesh coil<\/strong>: Double mesh coils provide consistent taste and stable suction every time.<\/p>\n<h2 data-v-md-heading=\"why-collaborate-with-agoravape\" data-v-md-line=\"46\">De ce s\u0103 colaborezi cu AgoraVape?<\/h2>\n<p data-v-md-line=\"47\">Vindem doar produse 100% originale \u0219i nu avem nicio \u00eendoial\u0103 \u00een privin\u021ba asta. Pentru clien\u021bii en-gros, aceasta \u00eenseamn\u0103 pre\u021buri corecte, asisten\u021b\u0103 fiabil\u0103 \u0219i livrare rapid\u0103 \u0219i sigur\u0103, \u021big\u0103ri electronice de unic\u0103 folosin\u021b\u0103 LAVIE Cube 10000 | baterie de 1600mAh. Contacta\u021bi-ne pentru a ne aproviziona pentru clien\u021bii dvs. \u0219i a-i face clien\u021bi fideli.<\/p>\n<p><script src=\"chrome-extension:\/\/fpelahbljekknahkcaegamhcndkfpfnc\/iFrame.js\" type=\"text\/javascript\"><\/script><\/p>","protected":false},"excerpt":{"rendered":"<p>&nbsp;<\/p>\n<p><script src=\"chrome-extension:\/\/fpelahbljekknahkcaegamhcndkfpfnc\/iFrame.js\" type=\"text\/javascript\"><\/script><\/p>\n<p><script src=\"chrome-extension:\/\/fpelahbljekknahkcaegamhcndkfpfnc\/iFrame.js\" type=\"text\/javascript\"><\/script><\/p>\n<p><script src=\"chrome-extension:\/\/fpelahbljekknahkcaegamhcndkfpfnc\/iFrame.js\" type=\"text\/javascript\"><\/script><\/p>\n<p><script src=\"chrome-extension:\/\/fpelahbljekknahkcaegamhcndkfpfnc\/iFrame.js\" type=\"text\/javascript\"><\/script><\/p>\n<p><script src=\"chrome-extension:\/\/fpelahbljekknahkcaegamhcndkfpfnc\/iFrame.js\" type=\"text\/javascript\"><\/script><\/p>\n<p><script src=\"chrome-extension:\/\/fpelahbljekknahkcaegamhcndkfpfnc\/iFrame.js\" type=\"text\/javascript\"><\/script><\/p>\n<p><script src=\"chrome-extension:\/\/fpelahbljekknahkcaegamhcndkfpfnc\/iFrame.js\" type=\"text\/javascript\"><\/script><\/p>\n<p><script src=\"chrome-extension:\/\/fpelahbljekknahkcaegamhcndkfpfnc\/iFrame.js\" type=\"text\/javascript\"><\/script><\/p>\n<p><script src=\"chrome-extension:\/\/fpelahbljekknahkcaegamhcndkfpfnc\/iFrame.js\" type=\"text\/javascript\"><\/script><\/p>\n<p><script src=\"chrome-extension:\/\/fpelahbljekknahkcaegamhcndkfpfnc\/iFrame.js\" type=\"text\/javascript\"><\/script><\/p>\n<p><script src=\"chrome-extension:\/\/fpelahbljekknahkcaegamhcndkfpfnc\/iFrame.js\" type=\"text\/javascript\"><\/script><\/p>\n<p><script src=\"chrome-extension:\/\/fpelahbljekknahkcaegamhcndkfpfnc\/iFrame.js\" type=\"text\/javascript\"><\/script><\/p>\n<p><script src=\"chrome-extension:\/\/fpelahbljekknahkcaegamhcndkfpfnc\/iFrame.js\" type=\"text\/javascript\"><\/script><\/p>\n<p><script src=\"chrome-extension:\/\/fpelahbljekknahkcaegamhcndkfpfnc\/iFrame.js\" type=\"text\/javascript\"><\/script><\/p>\n<p><script src=\"chrome-extension:\/\/fpelahbljekknahkcaegamhcndkfpfnc\/iFrame.js\" type=\"text\/javascript\"><\/script><\/p>\n<p><script src=\"chrome-extension:\/\/fpelahbljekknahkcaegamhcndkfpfnc\/iFrame.js\" type=\"text\/javascript\"><\/script><\/p>\n<p><script src=\"chrome-extension:\/\/fpelahbljekknahkcaegamhcndkfpfnc\/iFrame.js\" type=\"text\/javascript\"><\/script><\/p>\n<p><script src=\"chrome-extension:\/\/fpelahbljekknahkcaegamhcndkfpfnc\/iFrame.js\" type=\"text\/javascript\"><\/script><\/p>","protected":false},"featured_media":17976,"comment_status":"open","ping_status":"closed","template":"","meta":[],"product_brand":[238],"product_cat":[124,185,189,174,175,165,193,191,173,186,180,190],"product_tag":[],"class_list":{"0":"post-17927","1":"product","2":"type-product","3":"status-publish","4":"has-post-thumbnail","6":"product_brand-lavie","7":"product_cat-vape-by-brand","8":"product_cat-10000-puffs-high-capacity","9":"product_cat-20mg-standard-nicotine-vapes","10":"product_cat-fruit-flavors","11":"product_cat-icy-mint","12":"product_cat-lavie","13":"product_cat-mesh-coil","14":"product_cat-rechargeable-disposables","15":"product_cat-vape-by-flavor-profile","16":"product_cat-vape-by-nicotine-strength","17":"product_cat-vape-by-puff-count","18":"product_cat-vape-by-feature-or-type","20":"first","21":"instock","22":"shipping-taxable","23":"purchasable","24":"product-type-variable","25":"has-default-attributes"},"tiered_pricing_type":"percentage","tiered_pricing_fixed_rules":[],"tiered_pricing_product_settings":{"layout":"default","base_unit_name":{"singular":null,"plural":null},"default_variation":null},"tiered_pricing_minimum_quantity":10,"tiered_pricing_roles_data":[],"tiered_pricing_percentage_rules":{"30":"29","50":"35","100":"40","200":"44","500":"47","1000":"49"},"tiered_pricing_maximum_quantity":null,"tiered_pricing_quantity_step":"10","_links":{"self":[{"href":"https:\/\/agoravape.com\/ro\/wp-json\/wp\/v2\/product\/17927","targetHints":{"allow":["GET"]}}],"collection":[{"href":"https:\/\/agoravape.com\/ro\/wp-json\/wp\/v2\/product"}],"about":[{"href":"https:\/\/agoravape.com\/ro\/wp-json\/wp\/v2\/types\/product"}],"replies":[{"embeddable":true,"href":"https:\/\/agoravape.com\/ro\/wp-json\/wp\/v2\/comments?post=17927"}],"version-history":[{"count":0,"href":"https:\/\/agoravape.com\/ro\/wp-json\/wp\/v2\/product\/17927\/revisions"}],"wp:featuredmedia":[{"embeddable":true,"href":"https:\/\/agoravape.com\/ro\/wp-json\/wp\/v2\/media\/17976"}],"wp:attachment":[{"href":"https:\/\/agoravape.com\/ro\/wp-json\/wp\/v2\/media?parent=17927"}],"wp:term":[{"taxonomy":"product_brand","embeddable":true,"href":"https:\/\/agoravape.com\/ro\/wp-json\/wp\/v2\/product_brand?post=17927"},{"taxonomy":"product_cat","embeddable":true,"href":"https:\/\/agoravape.com\/ro\/wp-json\/wp\/v2\/product_cat?post=17927"},{"taxonomy":"product_tag","embeddable":true,"href":"https:\/\/agoravape.com\/ro\/wp-json\/wp\/v2\/product_tag?post=17927"}],"curies":[{"name":"wp","href":"https:\/\/api.w.org\/{rel}","templated":true}]}}