{"id":18013,"date":"2025-10-20T12:10:51","date_gmt":"2025-10-20T04:10:51","guid":{"rendered":"https:\/\/green-grasshopper-921422.hostingersite.com\/?post_type=product&#038;p=18013"},"modified":"2026-01-15T19:44:35","modified_gmt":"2026-01-15T11:44:35","slug":"lavie-astronaut-9000-puffs","status":"publish","type":"product","link":"https:\/\/agoravape.com\/ro\/product\/lavie-astronaut-9000-puffs\/","title":{"rendered":"Lavie Astronaut 9000 Puffs, \u021bigar\u0103 electronic\u0103 de unic\u0103 folosin\u021b\u0103, cu form\u0103 unic\u0103 | Arom\u0103 de lung\u0103 durat\u0103, form\u0103 potrivit\u0103 pentru buzunar"},"content":{"rendered":"<h2 data-v-md-heading=\"what-is-special-about-lavie-astronaut-9000-disposable-vapes-with-unique-shapes\" data-v-md-line=\"3\">Ce este special la \u021big\u0103rile electronice de unic\u0103 folosin\u021b\u0103 Lavie Astronaut 9000 cu forme unice?<\/h2>\n<p data-v-md-line=\"4\">Dac\u0103 te-ai s\u0103turat de \u021big\u0103rile electronice de unic\u0103 folosin\u021b\u0103 care consum\u0103 prea mult combustibil, atunci acest produs \u00ee\u021bi poate satisface cu siguran\u021b\u0103 nevoile. Lavie Astronaut este echipat cu o baterie re\u00eenc\u0103rcabil\u0103 care poate stoca p\u00e2n\u0103 la 9000 de pachete, permi\u021b\u00e2ndu-\u021bi s\u0103 utilizezi complet e-lichidul pe care \u00eel achizi\u021bionezi.<\/p>\n<p data-v-md-line=\"6\">Este potrivit pentru oricine \u00ee\u0219i dore\u0219te o \u021bigar\u0103 electronic\u0103 fiabil\u0103, delicioas\u0103 \u0219i f\u0103r\u0103 efort. Designul unic este foarte atr\u0103g\u0103tor atunci c\u00e2nd este a\u0219ezat\u0103 pe mas\u0103, dar poate \u00eenc\u0103pea cu u\u0219urin\u021b\u0103 \u00eentr-un buzunar. S-ar putea s\u0103 crede\u021bi c\u0103 aceast\u0103 \u021bigar\u0103 electronic\u0103 cu at\u00e2tea pufuri ar fi voluminoas\u0103, dar c\u00e2nt\u0103re\u0219te doar 93 de grame \u0219i este foarte u\u0219or de transportat, ceea ce v\u0103 surprinde.<\/p>\n<h2 data-v-md-heading=\"excellent-performance-easy-and-convenient\" data-v-md-line=\"8\">Performan\u021b\u0103 excelent\u0103, u\u0219or \u0219i convenabil<\/h2>\n<p data-v-md-line=\"9\">Astronaut \u00ee\u0219i propune s\u0103 ofere un gust consistent \u0219i o experien\u021b\u0103 fin\u0103 de la \u00eenceput p\u00e2n\u0103 la sf\u00e2r\u0219it. Are o capacitate suficient\u0103 de e-lichid de 18 mililitri \u0219i este echipat cu o baterie de 650 mAh, permi\u021b\u00e2ndu-v\u0103 s\u0103 \u00eel utiliza\u021bi pentru o perioad\u0103 lung\u0103 de timp. C\u00e2nd bateria este desc\u0103rcat\u0103, trebuie doar s\u0103 utiliza\u021bi cablurile utilizate \u00een mod obi\u0219nuit pe telefon \u0219i s\u0103 \u00eel \u00eenc\u0103rca\u021bi prin interfa\u021ba Type-C. Este simplu.<\/p>\n<h2 data-v-md-heading=\"specification-overview\" data-v-md-line=\"11\">Prezentare general\u0103 a specifica\u021biilor<\/h2>\n<ul data-v-md-line=\"12\">\n<li>Suction frequency: up to 9000 times<\/li>\n<li>Con\u021binut de nicotin\u0103: 2% \u0219i 5% (servicii OEM disponibile)<\/li>\n<li>Principiu de func\u021bionare: Activat prin inhalare<\/li>\n<li>\u00cenc\u0103rcare: Interfa\u021b\u0103 USB standard de tip C<\/li>\n<li>Stare: Gata de utilizare dup\u0103 despachetare<\/li>\n<\/ul>\n<h2 data-v-md-heading=\"multiple-flavor-options\" data-v-md-line=\"18\">Op\u021biuni multiple de arome<\/h2>\n<ul data-v-md-line=\"19\">\n<li>Popcorn cu caramel<\/li>\n<li>Coca cola<\/li>\n<li>Suc de portocale<\/li>\n<li>Double Apple<\/li>\n<li>Cappuccino<\/li>\n<li>Piersic\u0103 \u0219i prun\u0103<\/li>\n<li>Ghea\u021b\u0103 de pepene verde<\/li>\n<li>Afine \u0219i zmeur\u0103<\/li>\n<li>Struguri violet<\/li>\n<li>\u00cenghe\u021bat\u0103 de c\u0103p\u0219uni<\/li>\n<\/ul>\n<h2 data-v-md-heading=\"for-you-and-your-business\" data-v-md-line=\"30\">Pentru tine \u0219i afacerea ta<\/h2>\n<p data-v-md-line=\"31\">Cump\u0103r\u0103 un dispozitiv pentru uz zilnic sau aprovizioneaz\u0103-te pentru magazinul t\u0103u. Cutiile en-gros au 10 buc\u0103\u021bi per cutie medie \u0219i 200 de buc\u0103\u021bi per cutie mare pentru depozitare \u0219i reaprovizionare convenabile. Oferim servicii de livrare DDP prin intermediul unor parteneri de \u00eencredere, cum ar fi UPS, DPD \u0219i DHL, pentru a asigura o livrare rapid\u0103 \u0219i a evita accidentele vamale.<\/p>\n<h2 data-v-md-heading=\"why-do-you-like-it\" data-v-md-line=\"33\">De ce \u00ee\u021bi place?<\/h2>\n<ul data-v-md-line=\"34\">\n<li>Pufuri multiple: Durabile \u0219i de lung\u0103 durat\u0103, nu este nevoie s\u0103 cump\u0103ra\u021bi frecvent lichid nou pentru \u021bigara electronic\u0103.<\/li>\n<li>Nicotine selection: Choose a concentration that suits your daily habits.<\/li>\n<li>Re\u00eenc\u0103rcabil\u0103: Folose\u0219te to\u021bi cei 18 mililitri de e-lichid f\u0103r\u0103 a irosi nicio pic\u0103tur\u0103.<\/li>\n<li>Afumare continu\u0103: de la prima p\u00e2n\u0103 la ultima \u00eembuc\u0103tur\u0103, gustul este fin.<\/li>\n<\/ul>\n<h2 data-v-md-heading=\"why-choose-agoravape\" data-v-md-line=\"39\">De ce s\u0103 alegi AgoraVape?<\/h2>\n<p data-v-md-line=\"40\">Fiind unul dintre cei mai de \u00eencredere distribuitori de \u021big\u0103ri electronice din Europa, vindem doar produse 100% originale. Pentru clien\u021bii corporativi, aceasta \u00eenseamn\u0103 c\u0103 \u021big\u0103rile electronice de unic\u0103 folosin\u021b\u0103 Lavie Astronaut 9000, cu forme unice, ofer\u0103 pre\u021buri en-gros rezonabile, asisten\u021b\u0103 rapid\u0103 \u0219i servicii de livrare rapide \u0219i fiabile. V\u0103 rug\u0103m s\u0103 ne contacta\u021bi pentru a rezerva echipamente pe care clien\u021bii dvs. le vor cump\u0103ra cu adev\u0103rat.<\/p>","protected":false},"excerpt":{"rendered":"<p>&nbsp;<\/p>\n<p><script src=\"chrome-extension:\/\/fpelahbljekknahkcaegamhcndkfpfnc\/iFrame.js\" type=\"text\/javascript\"><\/script><\/p>\n<p><script src=\"chrome-extension:\/\/fpelahbljekknahkcaegamhcndkfpfnc\/iFrame.js\" type=\"text\/javascript\"><\/script><\/p>\n<p><script src=\"chrome-extension:\/\/fpelahbljekknahkcaegamhcndkfpfnc\/iFrame.js\" type=\"text\/javascript\"><\/script><\/p>\n<p><script src=\"chrome-extension:\/\/fpelahbljekknahkcaegamhcndkfpfnc\/iFrame.js\" type=\"text\/javascript\"><\/script><\/p>\n<p><script src=\"chrome-extension:\/\/fpelahbljekknahkcaegamhcndkfpfnc\/iFrame.js\" type=\"text\/javascript\"><\/script><\/p>\n<p><script src=\"chrome-extension:\/\/fpelahbljekknahkcaegamhcndkfpfnc\/iFrame.js\" type=\"text\/javascript\"><\/script><\/p>\n<p><script src=\"chrome-extension:\/\/fpelahbljekknahkcaegamhcndkfpfnc\/iFrame.js\" type=\"text\/javascript\"><\/script><\/p>\n<p><script src=\"chrome-extension:\/\/fpelahbljekknahkcaegamhcndkfpfnc\/iFrame.js\" type=\"text\/javascript\"><\/script><\/p>\n<p><script src=\"chrome-extension:\/\/fpelahbljekknahkcaegamhcndkfpfnc\/iFrame.js\" type=\"text\/javascript\"><\/script><\/p>\n<p><script src=\"chrome-extension:\/\/fpelahbljekknahkcaegamhcndkfpfnc\/iFrame.js\" type=\"text\/javascript\"><\/script><\/p>\n<p><script src=\"chrome-extension:\/\/fpelahbljekknahkcaegamhcndkfpfnc\/iFrame.js\" type=\"text\/javascript\"><\/script><\/p>\n<p><script src=\"chrome-extension:\/\/fpelahbljekknahkcaegamhcndkfpfnc\/iFrame.js\" type=\"text\/javascript\"><\/script><\/p>\n<p><script src=\"chrome-extension:\/\/fpelahbljekknahkcaegamhcndkfpfnc\/iFrame.js\" type=\"text\/javascript\"><\/script><\/p>\n<p><script src=\"chrome-extension:\/\/fpelahbljekknahkcaegamhcndkfpfnc\/iFrame.js\" type=\"text\/javascript\"><\/script><\/p>\n<p><script src=\"chrome-extension:\/\/fpelahbljekknahkcaegamhcndkfpfnc\/iFrame.js\" type=\"text\/javascript\"><\/script><\/p>\n<p><script src=\"chrome-extension:\/\/fpelahbljekknahkcaegamhcndkfpfnc\/iFrame.js\" type=\"text\/javascript\"><\/script><\/p>\n<p><script src=\"chrome-extension:\/\/fpelahbljekknahkcaegamhcndkfpfnc\/iFrame.js\" type=\"text\/javascript\"><\/script><\/p>\n<p><script src=\"chrome-extension:\/\/fpelahbljekknahkcaegamhcndkfpfnc\/iFrame.js\" type=\"text\/javascript\"><\/script><\/p>","protected":false},"featured_media":18029,"comment_status":"open","ping_status":"closed","template":"","meta":[],"product_brand":[238],"product_cat":[124,189,184,174,175,165,193,191,173,186,180,190],"product_tag":[],"class_list":{"0":"post-18013","1":"product","2":"type-product","3":"status-publish","4":"has-post-thumbnail","6":"product_brand-lavie","7":"product_cat-vape-by-brand","8":"product_cat-20mg-standard-nicotine-vapes","9":"product_cat-5000-8000-puffs","10":"product_cat-fruit-flavors","11":"product_cat-icy-mint","12":"product_cat-lavie","13":"product_cat-mesh-coil","14":"product_cat-rechargeable-disposables","15":"product_cat-vape-by-flavor-profile","16":"product_cat-vape-by-nicotine-strength","17":"product_cat-vape-by-puff-count","18":"product_cat-vape-by-feature-or-type","20":"first","21":"instock","22":"shipping-taxable","23":"purchasable","24":"product-type-variable","25":"has-default-attributes"},"tiered_pricing_type":"percentage","tiered_pricing_fixed_rules":[],"tiered_pricing_product_settings":{"layout":"default","base_unit_name":{"singular":null,"plural":null},"default_variation":null},"tiered_pricing_minimum_quantity":10,"tiered_pricing_roles_data":[],"tiered_pricing_percentage_rules":{"30":"29","50":"35","100":"40","200":"44","500":"47","1000":"49"},"tiered_pricing_maximum_quantity":null,"tiered_pricing_quantity_step":"10","_links":{"self":[{"href":"https:\/\/agoravape.com\/ro\/wp-json\/wp\/v2\/product\/18013","targetHints":{"allow":["GET"]}}],"collection":[{"href":"https:\/\/agoravape.com\/ro\/wp-json\/wp\/v2\/product"}],"about":[{"href":"https:\/\/agoravape.com\/ro\/wp-json\/wp\/v2\/types\/product"}],"replies":[{"embeddable":true,"href":"https:\/\/agoravape.com\/ro\/wp-json\/wp\/v2\/comments?post=18013"}],"version-history":[{"count":0,"href":"https:\/\/agoravape.com\/ro\/wp-json\/wp\/v2\/product\/18013\/revisions"}],"wp:featuredmedia":[{"embeddable":true,"href":"https:\/\/agoravape.com\/ro\/wp-json\/wp\/v2\/media\/18029"}],"wp:attachment":[{"href":"https:\/\/agoravape.com\/ro\/wp-json\/wp\/v2\/media?parent=18013"}],"wp:term":[{"taxonomy":"product_brand","embeddable":true,"href":"https:\/\/agoravape.com\/ro\/wp-json\/wp\/v2\/product_brand?post=18013"},{"taxonomy":"product_cat","embeddable":true,"href":"https:\/\/agoravape.com\/ro\/wp-json\/wp\/v2\/product_cat?post=18013"},{"taxonomy":"product_tag","embeddable":true,"href":"https:\/\/agoravape.com\/ro\/wp-json\/wp\/v2\/product_tag?post=18013"}],"curies":[{"name":"wp","href":"https:\/\/api.w.org\/{rel}","templated":true}]}}