{"id":18033,"date":"2025-10-20T12:24:56","date_gmt":"2025-10-20T04:24:56","guid":{"rendered":"https:\/\/green-grasshopper-921422.hostingersite.com\/?post_type=product&#038;p=18033"},"modified":"2025-12-15T21:30:08","modified_gmt":"2025-12-15T13:30:08","slug":"lavie-cola-6000-pufuri","status":"publish","type":"product","link":"https:\/\/agoravape.com\/ro\/product\/lavie-cola-6000-puffs\/","title":{"rendered":"Tigar\u0103 electronic\u0103 de unic\u0103 folosin\u021b\u0103 Lavie Cola 6000 Puffs cu design de sticl\u0103 | Arom\u0103 intens\u0103. Vapat f\u0103r\u0103 complica\u021bii."},"content":{"rendered":"<h2 data-v-md-heading=\"what-is-special-about-lavie-cola-s-6000-bottle-disposable-vape\" data-v-md-line=\"3\">Ce este special la \u021bigara electronic\u0103 de unic\u0103 folosin\u021b\u0103 cu 6000 de sticle de la Lavie Cola?<\/h2>\n<p data-v-md-line=\"4\">Dac\u0103 te-ai s\u0103turat s\u0103-\u021bi schimbi \u021bigara electronic\u0103 la fiecare c\u00e2teva zile, atunci acest produs este alegerea ideal\u0103. Designul sticlei de cola de la Lavie are un aspect rafinat \u0219i este practic, cu un corp compact de 110 \u00d7 30 mm, care poate \u00eenc\u0103pea cu u\u0219urin\u021b\u0103 \u00een orice buzunar. Dac\u0103 \u00ee\u021bi dore\u0219ti un gust de lung\u0103 durat\u0103 f\u0103r\u0103 efort, atunci este cu siguran\u021b\u0103 alegerea ideal\u0103.<\/p>\n<p data-v-md-line=\"6\">Poate c\u0103 pachetul de 6000 de \u021big\u0103ri electronice vi se pare voluminos, dar este surprinz\u0103tor de u\u0219oar\u0103, c\u00e2nt\u0103rind doar 75 de grame. Se simte foarte rezistent\u0103 \u00een m\u00e2n\u0103 \u0219i poate fi utilizat\u0103 imediat dup\u0103 deschiderea cutiei.<\/p>\n<h2 data-v-md-heading=\"excellent-performance-without-any-complex-operations\" data-v-md-line=\"8\">Performan\u021b\u0103 excelent\u0103 f\u0103r\u0103 opera\u021biuni complexe<\/h2>\n<p data-v-md-line=\"9\">Pur \u0219i simplu trage\u021bi un fum \u0219i va \u00eencepe s\u0103 func\u021bioneze. Bateria de 600mAh \u0219i miezul de atomizare calibrat ofer\u0103 o aspira\u021bie stabil\u0103, asigur\u00e2nd un gust consistent, cu o capacitate de 15ml. Nu este nevoie s\u0103 ac\u021biona\u021bi butoane sau s\u0103 \u00eenv\u0103\u021ba\u021bi meniurile.<\/p>\n<h2 data-v-md-heading=\"specification-introduction\" data-v-md-line=\"11\">Introducere \u00een specifica\u021bii<\/h2>\n<ul data-v-md-line=\"12\">\n<li>Frecven\u021ba de aspirare: p\u00e2n\u0103 la 6000 de ori<\/li>\n<li>Nicotin\u0103: 2% sare de nicotin\u0103 la pre\u021bul de v\u00e2nzare cu am\u0103nuntul din UE. Dac\u0103 este permis, produc\u0103torii OEM pot beneficia de o reducere de 5%.<\/li>\n<li>Capacitate lichid electronic: 15 mililitri<\/li>\n<li>Baterie: 600mAh<\/li>\n<li>Principiu de func\u021bionare: Activat prin inhalare<\/li>\n<li>\u00cenc\u0103rcare: Interfa\u021b\u0103 de \u00eenc\u0103rcare \u00eencorporat\u0103, design re\u00eenc\u0103rcabil<\/li>\n<li>Stare: Gata de utilizare dup\u0103 despachetare<\/li>\n<li>Dimensiune: 110 \u00d7 30 mm<\/li>\n<li>Greutate net\u0103: 75 grame<\/li>\n<\/ul>\n<h2 data-v-md-heading=\"full-range-of-flavors\" data-v-md-line=\"22\">Gam\u0103 complet\u0103 de arome<\/h2>\n<ul data-v-md-line=\"23\">\n<li>\u00cenghe\u021bat\u0103 de pepene verde \u0219i c\u0103p\u0219uni<\/li>\n<li>B\u0103uturi energizante<\/li>\n<li>Ghea\u021b\u0103 de struguri<\/li>\n<li>Mango Ice<\/li>\n<li>Ghea\u021b\u0103 de piersic\u0103<\/li>\n<li>Ghea\u021b\u0103 cu fructe de p\u0103dure mixte<\/li>\n<li>\u00cenghe\u021bat\u0103 de mango \u0219i c\u0103p\u0219uni<\/li>\n<li>\u00cenghe\u021bat\u0103 cu lapte de banan\u0103<\/li>\n<li>\u00cenghe\u021bat\u0103 de mere \u0219i l\u0103m\u00e2ie<\/li>\n<li>Coca-Cola Ice<\/li>\n<\/ul>\n<h2 data-v-md-heading=\"for-you-and-your-business\" data-v-md-line=\"34\">Pentru tine \u0219i afacerea ta<\/h2>\n<p data-v-md-line=\"35\">Pute\u021bi achizi\u021biona un dispozitiv pentru uz zilnic sau \u00eel pute\u021bi stoca pentru magazinul dvs. Fiecare cutie con\u021bine 10 unit\u0103\u021bi pentru depozitare \u0219i gestionare convenabil\u0103. O cutie mare de 200 de unit\u0103\u021bi per cutie este foarte rentabil\u0103 pentru comenzile \u00een vrac.<\/p>\n<p data-v-md-line=\"37\">Lucr\u0103m cu parteneri de \u00eencredere precum UPS, DPD \u0219i DHL, utiliz\u00e2nd livrarea DDP \u0219i tarife pre-procesate, astfel \u00eenc\u00e2t s\u0103 nu \u00eent\u00e2mpina\u021bi accidente la vam\u0103. Livrarea fiabil\u0103 poate fi urm\u0103rit\u0103 \u00een toat\u0103 Europa.<\/p>\n<h2 data-v-md-heading=\"why-do-you-like-it\" data-v-md-line=\"39\">De ce \u00ee\u021bi place?<\/h2>\n<ul data-v-md-line=\"40\">\n<li>Capacitate mare de fumat: durabil\u0103 \u0219i de lung\u0103 durat\u0103, nu este nevoie s\u0103 cump\u0103ra\u021bi frecvent \u021big\u0103ri noi<\/li>\n<li>Selectarea concentra\u021biei de nicotin\u0103: Alege\u021bi concentra\u021bia care vi se potrive\u0219te dumneavoastr\u0103 \u0219i pie\u021bei dumneavoastr\u0103<\/li>\n<li>Re\u00eenc\u0103rcabil: 15 mililitri de e-lichid pot fi utiliza\u021bi f\u0103r\u0103 a fi nevoie s\u0103 fie arunca\u021bi \u00een prealabil<\/li>\n<li>Nucleu de atomizor fiabil: de la prima p\u00e2n\u0103 la ultima \u00eembuc\u0103tur\u0103, gustul r\u0103m\u00e2ne consistent<\/li>\n<\/ul>\n<h2 data-v-md-heading=\"why-choose-agoravape\" data-v-md-line=\"45\">De ce s\u0103 alegi AgoraVape?<\/h2>\n<p data-v-md-line=\"46\">Vindem doar produse 100% originale, sus\u021binute de pre\u021buri en-gros fiabile \u0219i asisten\u021b\u0103 prompt\u0103. Pentru clien\u021bii din UE, v\u0103 vom ajuta s\u0103 \u00een\u021belege\u021bi reglement\u0103rile locale pentru a ne asigura c\u0103 concentra\u021bia de nicotin\u0103 \u0219i ambalajul corespunz\u0103tor pot fi livrate \u00een \u021bara\/regiunea corespunz\u0103toare. Expediem rapid \u0219i pl\u0103tim taxele vamale prin UPS, DPD \u0219i DHL. Plata se face printr-o poart\u0103 de acces securizat\u0103 \u0219i efectu\u0103m o verificare strict\u0103 a v\u00e2rstei. Pentru bunurile deteriorate sau nelivrate, vom oferi o politic\u0103 de returnare clar\u0103.<\/p>\n<p data-v-md-line=\"48\">Dori\u021bi s\u0103 afla\u021bi pre\u021bul sau o ofert\u0103 de pre\u021b en-gros pentru pachetul de 6000 de \u021big\u0103ri electronice de unic\u0103 folosin\u021b\u0103 de la Lavie Cola? V\u0103 rug\u0103m s\u0103 ne contacta\u021bi \u0219i vom preg\u0103ti stocul la care viseaz\u0103 clien\u021bii fideli.<\/p>","protected":false},"excerpt":{"rendered":"<p>&nbsp;<\/p>\n<p><script src=\"chrome-extension:\/\/fpelahbljekknahkcaegamhcndkfpfnc\/iFrame.js\" type=\"text\/javascript\"><\/script><\/p>\n<p><script src=\"chrome-extension:\/\/fpelahbljekknahkcaegamhcndkfpfnc\/iFrame.js\" type=\"text\/javascript\"><\/script><\/p>\n<p><script src=\"chrome-extension:\/\/fpelahbljekknahkcaegamhcndkfpfnc\/iFrame.js\" type=\"text\/javascript\"><\/script><\/p>\n<p><script src=\"chrome-extension:\/\/fpelahbljekknahkcaegamhcndkfpfnc\/iFrame.js\" type=\"text\/javascript\"><\/script><\/p>\n<p><script src=\"chrome-extension:\/\/fpelahbljekknahkcaegamhcndkfpfnc\/iFrame.js\" type=\"text\/javascript\"><\/script><\/p>\n<p><script src=\"chrome-extension:\/\/fpelahbljekknahkcaegamhcndkfpfnc\/iFrame.js\" type=\"text\/javascript\"><\/script><\/p>\n<p><script src=\"chrome-extension:\/\/fpelahbljekknahkcaegamhcndkfpfnc\/iFrame.js\" type=\"text\/javascript\"><\/script><\/p>\n<p><script src=\"chrome-extension:\/\/fpelahbljekknahkcaegamhcndkfpfnc\/iFrame.js\" type=\"text\/javascript\"><\/script><\/p>\n<p><script src=\"chrome-extension:\/\/fpelahbljekknahkcaegamhcndkfpfnc\/iFrame.js\" type=\"text\/javascript\"><\/script><\/p>\n<p><script src=\"chrome-extension:\/\/fpelahbljekknahkcaegamhcndkfpfnc\/iFrame.js\" type=\"text\/javascript\"><\/script><\/p>\n<p><script src=\"chrome-extension:\/\/fpelahbljekknahkcaegamhcndkfpfnc\/iFrame.js\" type=\"text\/javascript\"><\/script><\/p>\n<p><script src=\"chrome-extension:\/\/fpelahbljekknahkcaegamhcndkfpfnc\/iFrame.js\" type=\"text\/javascript\"><\/script><\/p>\n<p><script src=\"chrome-extension:\/\/fpelahbljekknahkcaegamhcndkfpfnc\/iFrame.js\" type=\"text\/javascript\"><\/script><\/p>\n<p><script src=\"chrome-extension:\/\/fpelahbljekknahkcaegamhcndkfpfnc\/iFrame.js\" type=\"text\/javascript\"><\/script><\/p>\n<p><script src=\"chrome-extension:\/\/fpelahbljekknahkcaegamhcndkfpfnc\/iFrame.js\" type=\"text\/javascript\"><\/script><\/p>\n<p><script src=\"chrome-extension:\/\/fpelahbljekknahkcaegamhcndkfpfnc\/iFrame.js\" type=\"text\/javascript\"><\/script><\/p>\n<p><script src=\"chrome-extension:\/\/fpelahbljekknahkcaegamhcndkfpfnc\/iFrame.js\" type=\"text\/javascript\"><\/script><\/p>\n<p><script src=\"chrome-extension:\/\/fpelahbljekknahkcaegamhcndkfpfnc\/iFrame.js\" type=\"text\/javascript\"><\/script><\/p>","protected":false},"featured_media":18046,"comment_status":"open","ping_status":"closed","template":"","meta":[],"product_brand":[238],"product_cat":[124,189,184,174,175,165,193,191,173,186,180,190],"product_tag":[],"class_list":{"0":"post-18033","1":"product","2":"type-product","3":"status-publish","4":"has-post-thumbnail","6":"product_brand-lavie","7":"product_cat-vape-by-brand","8":"product_cat-20mg-standard-nicotine-vapes","9":"product_cat-5000-8000-puffs","10":"product_cat-fruit-flavors","11":"product_cat-icy-mint","12":"product_cat-lavie","13":"product_cat-mesh-coil","14":"product_cat-rechargeable-disposables","15":"product_cat-vape-by-flavor-profile","16":"product_cat-vape-by-nicotine-strength","17":"product_cat-vape-by-puff-count","18":"product_cat-vape-by-feature-or-type","20":"first","21":"instock","22":"shipping-taxable","23":"purchasable","24":"product-type-variable","25":"has-default-attributes"},"tiered_pricing_type":"percentage","tiered_pricing_fixed_rules":[],"tiered_pricing_product_settings":{"layout":"default","base_unit_name":{"singular":null,"plural":null},"default_variation":null},"tiered_pricing_minimum_quantity":10,"tiered_pricing_roles_data":[],"tiered_pricing_percentage_rules":{"30":"29","50":"35","100":"40","200":"44","500":"47","1000":"49"},"tiered_pricing_maximum_quantity":null,"tiered_pricing_quantity_step":"10","_links":{"self":[{"href":"https:\/\/agoravape.com\/ro\/wp-json\/wp\/v2\/product\/18033","targetHints":{"allow":["GET"]}}],"collection":[{"href":"https:\/\/agoravape.com\/ro\/wp-json\/wp\/v2\/product"}],"about":[{"href":"https:\/\/agoravape.com\/ro\/wp-json\/wp\/v2\/types\/product"}],"replies":[{"embeddable":true,"href":"https:\/\/agoravape.com\/ro\/wp-json\/wp\/v2\/comments?post=18033"}],"version-history":[{"count":0,"href":"https:\/\/agoravape.com\/ro\/wp-json\/wp\/v2\/product\/18033\/revisions"}],"wp:featuredmedia":[{"embeddable":true,"href":"https:\/\/agoravape.com\/ro\/wp-json\/wp\/v2\/media\/18046"}],"wp:attachment":[{"href":"https:\/\/agoravape.com\/ro\/wp-json\/wp\/v2\/media?parent=18033"}],"wp:term":[{"taxonomy":"product_brand","embeddable":true,"href":"https:\/\/agoravape.com\/ro\/wp-json\/wp\/v2\/product_brand?post=18033"},{"taxonomy":"product_cat","embeddable":true,"href":"https:\/\/agoravape.com\/ro\/wp-json\/wp\/v2\/product_cat?post=18033"},{"taxonomy":"product_tag","embeddable":true,"href":"https:\/\/agoravape.com\/ro\/wp-json\/wp\/v2\/product_tag?post=18033"}],"curies":[{"name":"wp","href":"https:\/\/api.w.org\/{rel}","templated":true}]}}