{"id":18050,"date":"2025-10-20T12:35:54","date_gmt":"2025-10-20T04:35:54","guid":{"rendered":"https:\/\/green-grasshopper-921422.hostingersite.com\/?post_type=product&#038;p=18050"},"modified":"2026-01-12T13:57:30","modified_gmt":"2026-01-12T05:57:30","slug":"dispozitiv-pluscig-x30-heat-not-burn","status":"publish","type":"product","link":"https:\/\/agoravape.com\/ro\/product\/pluscig-x30-heat-not-burn-device\/","title":{"rendered":"Dispozitiv Pluscig X30 care nu arde c\u0103ldura pentru be\u021bi\u0219oarele TEREA | Putere pe tot parcursul zilei, c\u0103ldur\u0103 curat\u0103 \u0219i constant\u0103"},"content":{"rendered":"<h2 data-v-md-heading=\"pluscig-x30-heating-non-combustible-device-suitable-for-terea-cigars-what-are-the-advantages\" data-v-md-line=\"3\"><img loading=\"lazy\" decoding=\"async\" class=\"size-full wp-image-18067 alignright\" src=\"https:\/\/agoravape.com\/wp-content\/uploads\/2025\/10\/Pluscig-X30-Heat-Not-Burn-Device-for-Terea-Vape-Online_Agora_vape-3-scaled.webp\" alt=\"\" width=\"588\" height=\"2560\" srcset=\"https:\/\/agoravape.com\/wp-content\/uploads\/2025\/10\/Pluscig-X30-Heat-Not-Burn-Device-for-Terea-Vape-Online_Agora_vape-3-scaled.webp 588w, https:\/\/agoravape.com\/wp-content\/uploads\/2025\/10\/Pluscig-X30-Heat-Not-Burn-Device-for-Terea-Vape-Online_Agora_vape-3-69x300.webp 69w, https:\/\/agoravape.com\/wp-content\/uploads\/2025\/10\/Pluscig-X30-Heat-Not-Burn-Device-for-Terea-Vape-Online_Agora_vape-3-235x1024.webp 235w, https:\/\/agoravape.com\/wp-content\/uploads\/2025\/10\/Pluscig-X30-Heat-Not-Burn-Device-for-Terea-Vape-Online_Agora_vape-3-353x1536.webp 353w\" sizes=\"auto, (max-width: 588px) 100vw, 588px\" \/><\/h2>\n<h2 data-v-md-heading=\"pluscig-x30-heating-non-combustible-device-suitable-for-terea-cigars-what-are-the-advantages\" data-v-md-line=\"3\">Dispozitiv de \u00eenc\u0103lzire necombustibil Pluscig X30, potrivit pentru trabucuri TEREA, care sunt avantajele?<\/h2>\n<p data-v-md-line=\"4\">Dac\u0103 vrei s\u0103 te bucuri cu u\u0219urin\u021b\u0103 de experien\u021ba trabucurilor TEREA, Pluscig X30 \u00ee\u021bi u\u0219ureaz\u0103 lucrurile. Este conceput pentru cei care doresc o \u00eenc\u0103lzire stabil\u0103, o rezisten\u021b\u0103 de lung\u0103 durat\u0103 \u0219i o fumat lin de la unul p\u00e2n\u0103 la al 50-lea trabuc. Pur \u0219i simplu introdu trabucul TEREA \u0219i seteaz\u0103 temperatura dup\u0103 cum este necesar pentru a \u00eencepe s\u0103 \u00eel utilizezi.<\/p>\n<p data-v-md-line=\"6\">Este potrivit pentru oricine dore\u0219te o experien\u021b\u0103 de utilizare familiar\u0103 \u0219i poate controla cu precizie temperatura \u0219i timpul. Are performan\u021be fiabile \u0219i nu este nevoie s\u0103 v\u0103 face\u021bi griji cu privire la \u00eenc\u0103rcarea pe jum\u0103tate.<\/p>\n<h2 data-v-md-heading=\"excellent-performance-easy-and-convenient\" data-v-md-line=\"8\">Performan\u021b\u0103 excelent\u0103, u\u0219or \u0219i convenabil<\/h2>\n<p data-v-md-line=\"9\">X30 poate \u00eenc\u0103lzi cu precizie trabucul TEREA f\u0103r\u0103 a-l arde. Aceasta \u00eenseamn\u0103 un gust consistent \u0219i o experien\u021b\u0103 de aspirare mai lin\u0103. Pute\u021bi regla temperatura \u00eentre 200-350 \u00b0C dup\u0103 preferin\u021be, indiferent dac\u0103 prefera\u021bi c\u0103ldura sau moale, pute\u021bi \u00eencepe cu u\u0219urin\u021b\u0103. De asemenea, are o func\u021bie de cur\u0103\u021bare automat\u0103, care poate men\u021bine cavitatea \u00een stare bun\u0103 \u00eentre dou\u0103 utiliz\u0103ri. C\u00e2nd bateria este desc\u0103rcat\u0103, o pute\u021bi \u00eenc\u0103rca prin interfa\u021ba Type-C cu acela\u0219i cablu de \u00eenc\u0103rcare ca telefonul. Este simplu.<\/p>\n<p data-v-md-line=\"11\">Poate crede\u021bi c\u0103 o baterie at\u00e2t de mare \u00eenseamn\u0103 o dimensiune exagerat\u0103, dar X30 poate \u00eenc\u0103pea cu u\u0219urin\u021b\u0103 \u00eentr-un buzunar \u0219i este foarte confortabil de \u021binut \u00een m\u00e2n\u0103.<\/p>\n<h2 data-v-md-heading=\"specification-introduction\" data-v-md-line=\"13\">Introducere \u00een specifica\u021bii<\/h2>\n<ul data-v-md-line=\"14\">\n<li>Se pot folosi 45-50 de unit\u0103\u021bi de lichid TEREA pentru fiecare \u00eenc\u0103rcare.<\/li>\n<li>Baterie: baterie \u00eencorporat\u0103 de 3500 mAh<\/li>\n<li>Durata fiec\u0103rei utiliz\u0103ri: implicit 240 de secunde<\/li>\n<li>Controlul temperaturii: reglabil de la 200-350 \u00b0C<\/li>\n<li>\u00cenc\u0103rcare: USB tip C, aproximativ 120-180 de minute pentru \u00eenc\u0103rcare complet\u0103<\/li>\n<li>Utilizare: Introduce\u021bi lichidul electronic TEREA, ap\u0103sa\u021bi pentru a \u00eenc\u0103lzi \u0219i savura\u021bi.<\/li>\n<li>Cur\u0103\u021bare: Func\u021bie de cur\u0103\u021bare automat\u0103 \u00eencorporat\u0103<\/li>\n<li>Material: material PEEK, decora\u021biuni din piele<\/li>\n<li>Dimensiuni \u0219i greutate: 106,7 \u00d7 32 \u00d7 23 milimetri, 86,7 grame<\/li>\n<li>Culori: Negru, Portocaliu, Albastru, Maro<\/li>\n<li>Lista de ambalare: Dispozitiv X30, cablu de date Type-C, manual de utilizare, card de garan\u021bie, cutie cadou<\/li>\n<li>Stare: Gata de utilizare dup\u0103 despachetare<\/li>\n<\/ul>\n<h2 data-v-md-heading=\"full-range-of-products\" data-v-md-line=\"27\">Gam\u0103 complet\u0103 de produse<\/h2>\n<ul data-v-md-line=\"28\">\n<li>Acest dispozitiv folose\u0219te lichid electronic TEREA. Gustul \u0219i concentra\u021bia de nicotin\u0103 depind de tipul de tutun TEREA ales.<\/li>\n<\/ul>\n<h2 data-v-md-heading=\"for-you-and-for-your-business-as-well\" data-v-md-line=\"30\">Pentru tine, dar \u0219i pentru afacerea ta<\/h2>\n<p data-v-md-line=\"31\">Vrei s\u0103 cumperi ceva pentru tine? Alege pur \u0219i simplu culoarea. X30 este simplu de utilizat, u\u0219or de \u00eentre\u021binut \u0219i poate fi integrat cu u\u0219urin\u021b\u0103 \u00een via\u021ba ta de zi cu zi.<\/p>\n<p data-v-md-line=\"33\">Vrei s\u0103 te aprovizionezi pentru magazin? Oferim produse autentice <a class=\"wpil_keyword_link\" title=\"Pluscig\" href=\"https:\/\/agoravape.com\/ro\/vape-de-brand\/pluscig\/\" data-wpil-keyword-link=\"linked\" data-wpil-monitor-id=\"43\">Pluscig X30<\/a> Be\u021bi\u0219oare de \u021bigar\u0103 la pre\u021buri en-gros extrem de competitive. Comenzile \u00een loturi sunt expediate prin intermediul unor parteneri precum UPS, DPD \u0219i DHL \u00een DDP \u00een toat\u0103 Europa, asigur\u00e2nd lipsa incidentelor nea\u0219teptate la vam\u0103 \u0219i o urm\u0103rire fiabil\u0103 de la un cap\u0103t la altul. Trebuie s\u0103 specifica\u021bi num\u0103rul specific de cutii sau s\u0103 comanda\u021bi culori mixte? V\u0103 rug\u0103m s\u0103 ne contacta\u021bi \u0219i vom aranja pentru dumneavoastr\u0103.<\/p>\n<h2 data-v-md-heading=\"why-do-you-like-it\" data-v-md-line=\"35\">De ce \u00ee\u021bi place?<\/h2>\n<ul data-v-md-line=\"36\">\n<li>Baterie de mare capacitate, f\u0103r\u0103 griji \u0219i efort: se pot folosi p\u00e2n\u0103 la 45-50 de \u021big\u0103ri pentru fiecare \u00eenc\u0103rcare, ceea ce \u00eenseamn\u0103 c\u0103 nu este nevoie s\u0103 re\u00eenc\u0103rca\u021bi frecvent \u00een timpul zilei.<\/li>\n<li>\u00cenc\u0103lzire continu\u0103 pentru un control mai bun: temperatur\u0103 reglabil\u0103 pentru o experien\u021b\u0103 ideal\u0103 de utilizare de fiecare dat\u0103.<\/li>\n<li>Interfa\u021b\u0103 Type-C, \u00eenc\u0103rcare convenabil\u0103: Pute\u021bi \u00eenc\u0103rca folosind cablul pe care \u00eel ave\u021bi cu dumneavoastr\u0103.<\/li>\n<li>Un compartiment pentru e-lichid mai curat pentru un gust mai bun: Func\u021bia de cur\u0103\u021bare automat\u0103 ajut\u0103 la reducerea reziduurilor de e-lichid dup\u0103 fiecare utilizare.<\/li>\n<li>Durabil \u0219i robust, pl\u0103cut la atingere: material PEEK asociat cu decor din piele, robust \u0219i durabil, aspect elegant.<\/li>\n<li>Special conceput pentru TEREA: Conceput pentru a completa utilizarea stick-urilor de tutun TEREA, oferind o experien\u021b\u0103 familiar\u0103 utilizatorului.<\/li>\n<\/ul>\n<h2 data-v-md-heading=\"why-collaborate-with-agoravape\" data-v-md-line=\"43\">De ce s\u0103 colaborezi cu AgoraVape?<\/h2>\n<p data-v-md-line=\"44\">Vindem doar produse 100% originale \u0219i nu avem nicio \u00eendoial\u0103 \u00een privin\u021ba asta. Aceasta \u00eenseamn\u0103 stocuri Pluscig originale, garan\u021bie clar\u0103 \u0219i asisten\u021b\u0103 post-v\u00e2nzare prompt\u0103. Clien\u021bii no\u0219tri B2B se pot bucura de pre\u021buri reduse, servicii rapide de livrare DDP \u00een Europa \u0219i servicii de livrare flexibile oferite de transportatori de \u00eencredere, cum ar fi UPS, DPD \u0219i DHL. Dac\u0103 dori\u021bi un dispozitiv de \u00eenc\u0103lzire incombustibil pe care clien\u021bii \u00eel vor folosi zi de zi, <a class=\"wpil_keyword_link\" title=\"Pluscig\" href=\"https:\/\/agoravape.com\/ro\/marca\/pluscig\/\" data-wpil-keyword-link=\"linked\" data-wpil-monitor-id=\"64\">Pluscig X30<\/a> este alegerea ta ideal\u0103.<\/p>\n<p data-v-md-line=\"46\">Precau\u021bii \u0219i tehnici de \u00eentre\u021binere:<\/p>\n<ul data-v-md-line=\"47\">\n<li>Pentru o performan\u021b\u0103 optim\u0103, v\u0103 rug\u0103m s\u0103 acorda\u021bi dispozitivului timp pentru a finaliza ciclul automat de cur\u0103\u021bare. Dac\u0103 este necesar, v\u0103 rug\u0103m s\u0103 utiliza\u021bi un be\u021bi\u0219or de bumbac uscat pentru a cur\u0103\u021ba manual \u0219i u\u0219or compartimentul pentru e-lichid, pentru a men\u021bine cur\u0103\u021benia.<\/li>\n<li>Be\u021bi\u0219oarele de tutun TEREA pot ajusta gustul \u0219i concentra\u021bia de nicotin\u0103. Alege\u021bi o b\u0103\u021bi\u0219oar\u0103 de tutun care se potrive\u0219te preferin\u021belor dumneavoastr\u0103 legate de gust \u0219i concentra\u021bie.<\/li>\n<li>Pre\u021bul variaz\u0103 \u00een func\u021bie de capacitate. V\u0103 rug\u0103m s\u0103 ne contacta\u021bi pentru a afla despre reducerile actuale pentru comer\u021bul cu am\u0103nuntul \u0219i en-gros.<\/li>\n<\/ul>","protected":false},"excerpt":{"rendered":"<p>Pluscig X30 dispozitiv de \u00eenc\u0103lzire f\u0103r\u0103 combustibil, potrivit pentru trabucurile TEREA, care sunt avantajele? Dac\u0103 dori\u021bi s\u0103 v\u0103 bucura\u021bi cu u\u0219urin\u021b\u0103 de<\/p>","protected":false},"featured_media":18069,"comment_status":"open","ping_status":"closed","template":"","meta":[],"product_brand":[239],"product_cat":[124,165,166,191,178,173,190],"product_tag":[],"class_list":{"0":"post-18050","1":"product","2":"type-product","3":"status-publish","4":"has-post-thumbnail","6":"product_brand-pluscig","7":"product_cat-vape-by-brand","8":"product_cat-lavie","9":"product_cat-pluscig","10":"product_cat-rechargeable-disposables","11":"product_cat-tobacco","12":"product_cat-vape-by-flavor-profile","13":"product_cat-vape-by-feature-or-type","15":"first","16":"instock","17":"shipping-taxable","18":"purchasable","19":"product-type-variable","20":"has-default-attributes"},"tiered_pricing_type":"percentage","tiered_pricing_fixed_rules":[],"tiered_pricing_product_settings":{"layout":"default","base_unit_name":{"singular":null,"plural":null},"default_variation":null},"tiered_pricing_minimum_quantity":20,"tiered_pricing_roles_data":[],"tiered_pricing_percentage_rules":{"50":"35","100":"40","200":"44","500":"47","1000":"49"},"tiered_pricing_maximum_quantity":null,"tiered_pricing_quantity_step":"10","_links":{"self":[{"href":"https:\/\/agoravape.com\/ro\/wp-json\/wp\/v2\/product\/18050","targetHints":{"allow":["GET"]}}],"collection":[{"href":"https:\/\/agoravape.com\/ro\/wp-json\/wp\/v2\/product"}],"about":[{"href":"https:\/\/agoravape.com\/ro\/wp-json\/wp\/v2\/types\/product"}],"replies":[{"embeddable":true,"href":"https:\/\/agoravape.com\/ro\/wp-json\/wp\/v2\/comments?post=18050"}],"version-history":[{"count":0,"href":"https:\/\/agoravape.com\/ro\/wp-json\/wp\/v2\/product\/18050\/revisions"}],"wp:featuredmedia":[{"embeddable":true,"href":"https:\/\/agoravape.com\/ro\/wp-json\/wp\/v2\/media\/18069"}],"wp:attachment":[{"href":"https:\/\/agoravape.com\/ro\/wp-json\/wp\/v2\/media?parent=18050"}],"wp:term":[{"taxonomy":"product_brand","embeddable":true,"href":"https:\/\/agoravape.com\/ro\/wp-json\/wp\/v2\/product_brand?post=18050"},{"taxonomy":"product_cat","embeddable":true,"href":"https:\/\/agoravape.com\/ro\/wp-json\/wp\/v2\/product_cat?post=18050"},{"taxonomy":"product_tag","embeddable":true,"href":"https:\/\/agoravape.com\/ro\/wp-json\/wp\/v2\/product_tag?post=18050"}],"curies":[{"name":"wp","href":"https:\/\/api.w.org\/{rel}","templated":true}]}}