{"id":18177,"date":"2025-10-20T14:18:04","date_gmt":"2025-10-20T06:18:04","guid":{"rendered":"https:\/\/green-grasshopper-921422.hostingersite.com\/?post_type=product&#038;p=18177"},"modified":"2026-02-22T15:15:24","modified_gmt":"2026-02-22T14:15:24","slug":"bimo-40k-40000-puffs-capsula-inlocuibila","status":"publish","type":"product","link":"https:\/\/agoravape.com\/ro\/product\/bimo-40k-40000-puffs-replaceable-pod\/","title":{"rendered":"BIMO 40K Puffs Replaceable Pod System Vape | Long-Lasting Flavour, Simple Swaps"},"content":{"rendered":"<h2 data-v-md-heading=\"what-is-special-about-agoravape-a-bimo-40k-interchangeable-cigarette-cartridge-system-vape\" data-v-md-line=\"3\"><img loading=\"lazy\" decoding=\"async\" class=\"aligncenter size-full wp-image-18175\" src=\"https:\/\/agoravape.com\/wp-content\/uploads\/2025\/10\/BIMO-40k-40000-Puffs-Replaceable-Pod-Vape-Buy-Vapes_Agora_vape-2.webp\" alt=\"\" width=\"1920\" height=\"1080\" srcset=\"https:\/\/agoravape.com\/wp-content\/uploads\/2025\/10\/BIMO-40k-40000-Puffs-Replaceable-Pod-Vape-Buy-Vapes_Agora_vape-2.webp 1920w, https:\/\/agoravape.com\/wp-content\/uploads\/2025\/10\/BIMO-40k-40000-Puffs-Replaceable-Pod-Vape-Buy-Vapes_Agora_vape-2-1200x675.webp 1200w, https:\/\/agoravape.com\/wp-content\/uploads\/2025\/10\/BIMO-40k-40000-Puffs-Replaceable-Pod-Vape-Buy-Vapes_Agora_vape-2-300x169.webp 300w, https:\/\/agoravape.com\/wp-content\/uploads\/2025\/10\/BIMO-40k-40000-Puffs-Replaceable-Pod-Vape-Buy-Vapes_Agora_vape-2-1024x576.webp 1024w, https:\/\/agoravape.com\/wp-content\/uploads\/2025\/10\/BIMO-40k-40000-Puffs-Replaceable-Pod-Vape-Buy-Vapes_Agora_vape-2-768x432.webp 768w, https:\/\/agoravape.com\/wp-content\/uploads\/2025\/10\/BIMO-40k-40000-Puffs-Replaceable-Pod-Vape-Buy-Vapes_Agora_vape-2-1536x864.webp 1536w\" sizes=\"auto, (max-width: 1920px) 100vw, 1920px\" \/><\/h2>\n<h2 data-v-md-heading=\"what-is-special-about-agoravape-a-bimo-40k-interchangeable-cigarette-cartridge-system-vape\" data-v-md-line=\"3\">Ce este special la AgoraVape, un sistem de cartu\u0219e interschimbabile BIMO 40K pentru \u021big\u0103ri electronice?<\/h2>\n<p data-v-md-line=\"4\">Dac\u0103 te-ai s\u0103turat s\u0103 folose\u0219ti cartu\u0219e de \u021big\u0103ri de unic\u0103 folosin\u021b\u0103 \u00eenainte de weekend, acest produs \u00ee\u021bi va oferi cu siguran\u021b\u0103 un aspect proasp\u0103t. Sistemul de cartu\u0219e interschimbabile BIMO este echipat cu o baz\u0103 re\u00eenc\u0103rcabil\u0103, permi\u021b\u00e2ndu-\u021bi s\u0103 \u00eenlocuie\u0219ti cu u\u0219urin\u021b\u0103 cartu\u0219ele \u0219i poate g\u0103zdui p\u00e2n\u0103 la 40000 de cartu\u0219e. Nu este nevoie de efort, nu este nevoie de specula\u021bii. Gust stabil \u0219i experien\u021b\u0103 de utilizare convenabil\u0103.<\/p>\n<p data-v-md-line=\"6\">Este potrivit pentru oricine \u00ee\u0219i dore\u0219te vape-uri fiabile, delicioase \u0219i care nu necesit\u0103 \u00eenlocuiri frecvente. Trebuie doar s\u0103 pui cartu\u0219ul de \u021bigar\u0103, s\u0103 te bucuri de rezisten\u021ba curat\u0103 \u0219i apoi s\u0103 \u00eencarci baza atunci c\u00e2nd este nevoie. G\u00e2nde\u0219te-te la confortul zilnic \u0219i la durata lung\u0103 de via\u021b\u0103 a bateriei.<\/p>\n<h2 data-v-md-heading=\"excellent-performance-easy-and-convenient\" data-v-md-line=\"8\">Performan\u021b\u0103 excelent\u0103, u\u0219or \u0219i convenabil<\/h2>\n<p data-v-md-line=\"9\">Nucleul sistemului BIMO este nucleul de atomizare cu plas\u0103 1+1, astfel \u00eenc\u00e2t fiecare aspirare este la fel de delicioas\u0103 ca prima. Gustul r\u0103m\u00e2ne consistent, cu un fum fin \u0219i curg\u0103tor. C\u00e2nd bateria este desc\u0103rcat\u0103, pur \u0219i simplu \u00eenc\u0103rca\u021bi baza pentru a continua s\u0103 o utiliza\u021bi. Cartu\u0219ele sunt \u00eenlocuibile, permi\u021b\u00e2ndu-v\u0103 s\u0103 v\u0103 bucura\u021bi de o durat\u0103 lung\u0103 de via\u021b\u0103 a bateriei f\u0103r\u0103 a fi nevoie s\u0103 arunca\u021bi un cartu\u0219 plin de fiecare dat\u0103.<\/p>\n<h2 data-v-md-heading=\"specification-overview\" data-v-md-line=\"11\">Prezentare general\u0103 a specifica\u021biilor<\/h2>\n<p data-v-md-line=\"12\"><strong>Frecven\u021ba de aspira\u021bie<\/strong>de p\u00e2n\u0103 la 40000 de ori<br \/>\n<strong>Nicotine<\/strong>2% (20 mg) sau 5% (50 mg)<br \/>\n<strong>Principiul de func\u021bionare<\/strong>Sistem de cartu\u0219e \u00eenlocuibile; Vape u\u0219or de inhalat<br \/>\n<strong>Charging:<\/strong>\u00a0Baz\u0103 de baterie re\u00eenc\u0103rcabil\u0103<br \/>\n<strong>Bobina:<\/strong>\u00a0Bobin\u0103 1+1 mesh, 1.1 \u03a9<br \/>\n<strong>Capacitate e-lichid:<\/strong>\u00a026 mililitri per cartu\u0219<br \/>\n<strong>Baterie:<\/strong>\u00a01000mAh+450mAh<br \/>\n<strong>Status:<\/strong>\u00a0Ready to use out of the box<\/p>\n<h2 data-v-md-heading=\"full-range-of-flavors\" data-v-md-line=\"21\">Gam\u0103 complet\u0103 de arome<\/h2>\n<ul data-v-md-line=\"22\">\n<li>Parfum Coconut Grove<\/li>\n<li>C\u0103p\u0219uni \u0219i Mango<\/li>\n<li>Kiwi \u0219i c\u0103p\u0219uni<\/li>\n<li>Struguri<\/li>\n<li>L\u0103m\u00e2ie roz<\/li>\n<li>Ghea\u021b\u0103 de pepene verde<\/li>\n<li>Mere acre<\/li>\n<li>Suc de portocale<\/li>\n<li>Rodie Zmeur\u0103<\/li>\n<li>Triple Berry<\/li>\n<li>Pomelo ca<\/li>\n<li>Patinoar albastru<\/li>\n<\/ul>\n<p><img loading=\"lazy\" decoding=\"async\" class=\"aligncenter size-full wp-image-18176\" src=\"https:\/\/agoravape.com\/wp-content\/uploads\/2025\/10\/BIMO-40k-40000-Puffs-Replaceable-Pod-Vape-Buy-Vapes_Agora_vape-3.webp\" alt=\"\" width=\"1920\" height=\"1080\" srcset=\"https:\/\/agoravape.com\/wp-content\/uploads\/2025\/10\/BIMO-40k-40000-Puffs-Replaceable-Pod-Vape-Buy-Vapes_Agora_vape-3.webp 1920w, https:\/\/agoravape.com\/wp-content\/uploads\/2025\/10\/BIMO-40k-40000-Puffs-Replaceable-Pod-Vape-Buy-Vapes_Agora_vape-3-1200x675.webp 1200w, https:\/\/agoravape.com\/wp-content\/uploads\/2025\/10\/BIMO-40k-40000-Puffs-Replaceable-Pod-Vape-Buy-Vapes_Agora_vape-3-300x169.webp 300w, https:\/\/agoravape.com\/wp-content\/uploads\/2025\/10\/BIMO-40k-40000-Puffs-Replaceable-Pod-Vape-Buy-Vapes_Agora_vape-3-1024x576.webp 1024w, https:\/\/agoravape.com\/wp-content\/uploads\/2025\/10\/BIMO-40k-40000-Puffs-Replaceable-Pod-Vape-Buy-Vapes_Agora_vape-3-768x432.webp 768w, https:\/\/agoravape.com\/wp-content\/uploads\/2025\/10\/BIMO-40k-40000-Puffs-Replaceable-Pod-Vape-Buy-Vapes_Agora_vape-3-1536x864.webp 1536w\" sizes=\"auto, (max-width: 1920px) 100vw, 1920px\" \/><\/p>\n<h2 data-v-md-heading=\"for-you-and-your-business\" data-v-md-line=\"35\">Pentru tine \u0219i afacerea ta<\/h2>\n<p data-v-md-line=\"36\">Pute\u021bi alege sistemul de cartu\u0219e de aspira\u021bie \u00eenlocuibile BIMO 40K pentru uz personal sau \u00eel pute\u021bi achizi\u021biona pentru magazinul dvs. Cutia en-gros con\u021bine 100 de buc\u0103\u021bi, ceea ce v\u0103 faciliteaz\u0103 planificarea \u0219i rearanjarea comenzilor. Baza bateriei \u0219i cartu\u0219ele de fum sunt ambalate individual, cu 100 de buc\u0103\u021bi per cutie, ceea ce v\u0103 faciliteaz\u0103 gestionarea stocurilor.<\/p>\n<p data-v-md-line=\"38\">Livr\u0103m \u00een diverse p\u0103r\u021bi ale Europei prin intermediul unor transportatori de \u00eencredere, precum UPS, DPD \u0219i DHL, cu sistemul \u201eDelivered Duty Paid\u201d (DDP). Comanda dumneavoastr\u0103 va fi procesat\u0103 de vam\u0103 pentru o livrare \u00een siguran\u021b\u0103 \u0219i pentru a evita accidentele.<\/p>\n<h2 data-v-md-heading=\"why-do-you-like-it\" data-v-md-line=\"40\">De ce \u00ee\u021bi place?<\/h2>\n<p data-v-md-line=\"41\"><strong>Cicluri multiple de aspira\u021bie:<\/strong>\u00a0Durat\u0103 mai lung\u0103, deci nu trebuie s\u0103 cump\u0103ra\u021bi frecvent seturi noi.<br \/>\n<strong>Nicotine selection:<\/strong>\u00a0Alege\u021bi un con\u021binut de nicotin\u0103 de 2% sau 5% \u00een func\u021bie de nevoile zilnice.<br \/>\n<strong>Baz\u0103 re\u00eenc\u0103rcabil\u0103:<\/strong>\u00a0Po\u021bi folosi toate lichidele pentru \u021big\u0103ri electronice pe care le cumperi.<br \/>\n<strong>Miez de atomizare cu plas\u0103:<\/strong>\u00a0Gust continuu \u0219i stabil \u0219i fum fin, o \u00eembuc\u0103tur\u0103 dup\u0103 alta.<br \/>\n<strong>Cartu\u0219 interschimbabil:<\/strong>\u00a0Aromele pot fi schimbate f\u0103r\u0103 a fi nevoie s\u0103 \u00eenlocui\u021bi \u00eentregul dispozitiv.<\/p>\n<h2 data-v-md-heading=\"why-collaborate-with-agoravape\" data-v-md-line=\"47\">De ce s\u0103 colaborezi cu AgoraVape?<\/h2>\n<p data-v-md-line=\"48\">Vindem doar echipamente originale \u0219i fiabile. Aceasta \u00eenseamn\u0103 c\u0103 pute\u021bi avea \u00eencredere \u00een performan\u021ba noastr\u0103 fiabil\u0103. Pentru cump\u0103r\u0103torii comerciali, oferim pre\u021buri en-gros competitive, asisten\u021b\u0103 rapid\u0103 \u0219i livrare rapid\u0103 \u00een toat\u0103 Europa, cu taxe pl\u0103tite, pentru \u021big\u0103rile electronice cu sistem de cartu\u0219e \u00eenlocuibile BIMO 40K. Contacta\u021bi-ne pentru a preg\u0103ti un dispozitiv pe care clien\u021bii dvs. \u00eel vor adora cu adev\u0103rat.<\/p>\n<p data-v-md-line=\"48\"><img loading=\"lazy\" decoding=\"async\" class=\"aligncenter size-full wp-image-18174\" src=\"https:\/\/agoravape.com\/wp-content\/uploads\/2025\/10\/BIMO-40k-40000-Puffs-Replaceable-Pod-Vape-Buy-Vapes_Agora_vape-1.webp\" alt=\"\" width=\"1920\" height=\"1080\" srcset=\"https:\/\/agoravape.com\/wp-content\/uploads\/2025\/10\/BIMO-40k-40000-Puffs-Replaceable-Pod-Vape-Buy-Vapes_Agora_vape-1.webp 1920w, https:\/\/agoravape.com\/wp-content\/uploads\/2025\/10\/BIMO-40k-40000-Puffs-Replaceable-Pod-Vape-Buy-Vapes_Agora_vape-1-1200x675.webp 1200w, https:\/\/agoravape.com\/wp-content\/uploads\/2025\/10\/BIMO-40k-40000-Puffs-Replaceable-Pod-Vape-Buy-Vapes_Agora_vape-1-300x169.webp 300w, https:\/\/agoravape.com\/wp-content\/uploads\/2025\/10\/BIMO-40k-40000-Puffs-Replaceable-Pod-Vape-Buy-Vapes_Agora_vape-1-1024x576.webp 1024w, https:\/\/agoravape.com\/wp-content\/uploads\/2025\/10\/BIMO-40k-40000-Puffs-Replaceable-Pod-Vape-Buy-Vapes_Agora_vape-1-768x432.webp 768w, https:\/\/agoravape.com\/wp-content\/uploads\/2025\/10\/BIMO-40k-40000-Puffs-Replaceable-Pod-Vape-Buy-Vapes_Agora_vape-1-1536x864.webp 1536w\" sizes=\"auto, (max-width: 1920px) 100vw, 1920px\" \/><\/p>","protected":false},"excerpt":{"rendered":"<p>&nbsp;<\/p>\n<p><script src=\"chrome-extension:\/\/fpelahbljekknahkcaegamhcndkfpfnc\/iFrame.js\" type=\"text\/javascript\"><\/script><\/p>\n<p><script src=\"chrome-extension:\/\/fpelahbljekknahkcaegamhcndkfpfnc\/iFrame.js\" type=\"text\/javascript\"><\/script><\/p>\n<p><script src=\"chrome-extension:\/\/fpelahbljekknahkcaegamhcndkfpfnc\/iFrame.js\" type=\"text\/javascript\"><\/script><\/p>\n<p><script src=\"chrome-extension:\/\/fpelahbljekknahkcaegamhcndkfpfnc\/iFrame.js\" type=\"text\/javascript\"><\/script><\/p>\n<p><script src=\"chrome-extension:\/\/fpelahbljekknahkcaegamhcndkfpfnc\/iFrame.js\" type=\"text\/javascript\"><\/script><\/p>\n<p><script src=\"chrome-extension:\/\/fpelahbljekknahkcaegamhcndkfpfnc\/iFrame.js\" type=\"text\/javascript\"><\/script><\/p>\n<p><script src=\"chrome-extension:\/\/fpelahbljekknahkcaegamhcndkfpfnc\/iFrame.js\" type=\"text\/javascript\"><\/script><\/p>\n<p><script src=\"chrome-extension:\/\/fpelahbljekknahkcaegamhcndkfpfnc\/iFrame.js\" type=\"text\/javascript\"><\/script><\/p>\n<p><script src=\"chrome-extension:\/\/fpelahbljekknahkcaegamhcndkfpfnc\/iFrame.js\" type=\"text\/javascript\"><\/script><\/p>\n<p><script src=\"chrome-extension:\/\/fpelahbljekknahkcaegamhcndkfpfnc\/iFrame.js\" type=\"text\/javascript\"><\/script><\/p>\n<p><script src=\"chrome-extension:\/\/fpelahbljekknahkcaegamhcndkfpfnc\/iFrame.js\" type=\"text\/javascript\"><\/script><\/p>\n<p><script src=\"chrome-extension:\/\/fpelahbljekknahkcaegamhcndkfpfnc\/iFrame.js\" type=\"text\/javascript\"><\/script><\/p>\n<p><script src=\"chrome-extension:\/\/fpelahbljekknahkcaegamhcndkfpfnc\/iFrame.js\" type=\"text\/javascript\"><\/script><\/p>\n<p><script src=\"chrome-extension:\/\/fpelahbljekknahkcaegamhcndkfpfnc\/iFrame.js\" type=\"text\/javascript\"><\/script><\/p>\n<p><script src=\"chrome-extension:\/\/fpelahbljekknahkcaegamhcndkfpfnc\/iFrame.js\" type=\"text\/javascript\"><\/script><\/p>\n<p><script src=\"chrome-extension:\/\/fpelahbljekknahkcaegamhcndkfpfnc\/iFrame.js\" type=\"text\/javascript\"><\/script><\/p>\n<p><script src=\"chrome-extension:\/\/fpelahbljekknahkcaegamhcndkfpfnc\/iFrame.js\" type=\"text\/javascript\"><\/script><\/p>\n<p><script src=\"chrome-extension:\/\/fpelahbljekknahkcaegamhcndkfpfnc\/iFrame.js\" type=\"text\/javascript\"><\/script><\/p>","protected":false},"featured_media":18200,"comment_status":"open","ping_status":"closed","template":"","meta":[],"product_brand":[241],"product_cat":[124,185,189,176,168,174,175,193,191,173,186,180,190],"product_tag":[],"class_list":{"0":"post-18177","1":"product","2":"type-product","3":"status-publish","4":"has-post-thumbnail","6":"product_brand-bimo","7":"product_cat-vape-by-brand","8":"product_cat-10000-puffs-high-capacity","9":"product_cat-20mg-standard-nicotine-vapes","10":"product_cat-beverage","11":"product_cat-bimo","12":"product_cat-fruit-flavors","13":"product_cat-icy-mint","14":"product_cat-mesh-coil","15":"product_cat-rechargeable-disposables","16":"product_cat-vape-by-flavor-profile","17":"product_cat-vape-by-nicotine-strength","18":"product_cat-vape-by-puff-count","19":"product_cat-vape-by-feature-or-type","21":"first","22":"instock","23":"shipping-taxable","24":"purchasable","25":"product-type-variable","26":"has-default-attributes"},"tiered_pricing_type":"percentage","tiered_pricing_fixed_rules":[],"tiered_pricing_product_settings":{"layout":"default","base_unit_name":{"singular":null,"plural":null},"default_variation":null},"tiered_pricing_minimum_quantity":10,"tiered_pricing_roles_data":[],"tiered_pricing_percentage_rules":{"30":"29","50":"35","100":"40","200":"44","500":"47","1000":"49"},"tiered_pricing_maximum_quantity":null,"tiered_pricing_quantity_step":"10","_links":{"self":[{"href":"https:\/\/agoravape.com\/ro\/wp-json\/wp\/v2\/product\/18177","targetHints":{"allow":["GET"]}}],"collection":[{"href":"https:\/\/agoravape.com\/ro\/wp-json\/wp\/v2\/product"}],"about":[{"href":"https:\/\/agoravape.com\/ro\/wp-json\/wp\/v2\/types\/product"}],"replies":[{"embeddable":true,"href":"https:\/\/agoravape.com\/ro\/wp-json\/wp\/v2\/comments?post=18177"}],"version-history":[{"count":0,"href":"https:\/\/agoravape.com\/ro\/wp-json\/wp\/v2\/product\/18177\/revisions"}],"wp:featuredmedia":[{"embeddable":true,"href":"https:\/\/agoravape.com\/ro\/wp-json\/wp\/v2\/media\/18200"}],"wp:attachment":[{"href":"https:\/\/agoravape.com\/ro\/wp-json\/wp\/v2\/media?parent=18177"}],"wp:term":[{"taxonomy":"product_brand","embeddable":true,"href":"https:\/\/agoravape.com\/ro\/wp-json\/wp\/v2\/product_brand?post=18177"},{"taxonomy":"product_cat","embeddable":true,"href":"https:\/\/agoravape.com\/ro\/wp-json\/wp\/v2\/product_cat?post=18177"},{"taxonomy":"product_tag","embeddable":true,"href":"https:\/\/agoravape.com\/ro\/wp-json\/wp\/v2\/product_tag?post=18177"}],"curies":[{"name":"wp","href":"https:\/\/api.w.org\/{rel}","templated":true}]}}