{"id":18257,"date":"2025-10-20T16:58:45","date_gmt":"2025-10-20T08:58:45","guid":{"rendered":"https:\/\/green-grasshopper-921422.hostingersite.com\/?post_type=product&#038;p=18257"},"modified":"2026-01-19T22:00:15","modified_gmt":"2026-01-19T14:00:15","slug":"bimo-cristal-12000-pufuri-vape","status":"publish","type":"product","link":"https:\/\/agoravape.com\/ro\/product\/bimo-crystal-12000-puffs-vape\/","title":{"rendered":"BIMO CRYSTAL 12K Puffs cu rezisten\u021b\u0103 dubl\u0103 pentru \u021bigar\u0103 electronic\u0103 | Arom\u0103 puternic\u0103 care dureaz\u0103 p\u00e2n\u0103 la cap\u0103t"},"content":{"rendered":"<h2 data-v-md-heading=\"bimo-crystal-12k-double-mesh-coil-vape-20-flavors-what-s-up\" data-v-md-line=\"3\"><img loading=\"lazy\" decoding=\"async\" class=\"size-full wp-image-18241 alignright\" src=\"https:\/\/agoravape.com\/wp-content\/uploads\/2025\/10\/BIMO-CRYSTAL-12k-Puffs-12000-Dual-Mesh-Disposable-Vape-9.webp\" alt=\"\" width=\"1000\" height=\"1000\" srcset=\"https:\/\/agoravape.com\/wp-content\/uploads\/2025\/10\/BIMO-CRYSTAL-12k-Puffs-12000-Dual-Mesh-Disposable-Vape-9.webp 1000w, https:\/\/agoravape.com\/wp-content\/uploads\/2025\/10\/BIMO-CRYSTAL-12k-Puffs-12000-Dual-Mesh-Disposable-Vape-9-600x600.webp 600w, https:\/\/agoravape.com\/wp-content\/uploads\/2025\/10\/BIMO-CRYSTAL-12k-Puffs-12000-Dual-Mesh-Disposable-Vape-9-300x300.webp 300w, https:\/\/agoravape.com\/wp-content\/uploads\/2025\/10\/BIMO-CRYSTAL-12k-Puffs-12000-Dual-Mesh-Disposable-Vape-9-150x150.webp 150w, https:\/\/agoravape.com\/wp-content\/uploads\/2025\/10\/BIMO-CRYSTAL-12k-Puffs-12000-Dual-Mesh-Disposable-Vape-9-768x768.webp 768w\" sizes=\"auto, (max-width: 1000px) 100vw, 1000px\" \/><\/h2>\n<h2 data-v-md-heading=\"bimo-crystal-12k-double-mesh-coil-vape-20-flavors-what-s-up\" data-v-md-line=\"3\">Rezisten\u021b\u0103 dubl\u0103 BIMO CRYSTAL 12K pentru \u021bigar\u0103 electronic\u0103 | Peste 20 de arome, ce mai faci?<\/h2>\n<p data-v-md-line=\"4\">Dac\u0103 te-ai s\u0103turat de \u021big\u0103rile electronice de unic\u0103 folosin\u021b\u0103 care sunt aruncate la jum\u0103tatea s\u0103pt\u0103m\u00e2nii, merit\u0103 cu siguran\u021b\u0103 s\u0103 arunci o privire asupra acestui produs. BIMO CRYSTAL 12K poate oferi p\u00e2n\u0103 la 12000 de pufuri, cu un gust curat \u0219i stabil, \u0219i nu vei duce lips\u0103 de e-lichid nici m\u0103car a doua zi. Este conceput pentru utilizatorii care doresc o experien\u021b\u0103 de vaping fiabil\u0103, f\u0103r\u0103 a fi nevoie de meniuri complicate.<\/p>\n<p data-v-md-line=\"6\">Rezisten\u021ba cu plas\u0103 dubl\u0103 ofer\u0103 un gust mai bogat \u0219i este echipat\u0103 cu o interfa\u021b\u0103 re\u00eenc\u0103rcabil\u0103 de tip C, permi\u021b\u00e2ndu-v\u0103 s\u0103 utiliza\u021bi cu u\u0219urin\u021b\u0103 p\u00e2n\u0103 la 20 de mililitri de e-lichid. Este potrivit at\u00e2t pentru utilizarea zilnic\u0103, c\u00e2t \u0219i pentru transportul \u00een c\u0103l\u0103torii. Este compact \u0219i portabil, u\u0219or de transportat \u0219i poate fi folosit oric\u00e2nd.<\/p>\n<h2 data-v-md-heading=\"excellent-performance-without-any-complex-operations\" data-v-md-line=\"8\">Performan\u021b\u0103 excelent\u0103 f\u0103r\u0103 opera\u021biuni complexe<\/h2>\n<p data-v-md-line=\"9\">Designul cu plas\u0103 dubl\u0103 asigur\u0103 o \u00eenc\u0103lzire mai uniform\u0103, f\u0103c\u00e2nd fiecare \u00eembuc\u0103tur\u0103 la fel de delicioas\u0103 ca prima \u00eenghi\u021bitur\u0103. Nu este nevoie de butoane, pur \u0219i simplu ia o \u00eenghi\u021bitur\u0103. C\u00e2nd bateria este desc\u0103rcat\u0103, pur \u0219i simplu conecteaz\u0103 cablul de date Type-C utilizat \u00een mod obi\u0219nuit pe telefon. Simplu \u0219i convenabil. Bateria de 650 mAh poate fi \u00eenc\u0103rcat\u0103 continuu \u00een timpul utiliz\u0103rii e-lichidului, permi\u021b\u00e2ndu-\u021bi s\u0103 nu irose\u0219ti nicio pic\u0103tur\u0103 de e-lichid.<\/p>\n<h2 data-v-md-heading=\"specification-overview\" data-v-md-line=\"11\">Prezentare general\u0103 a specifica\u021biilor<\/h2>\n<p data-v-md-line=\"12\"><strong>Num\u0103r de aspira\u021bii<\/strong>: up to 12000 suctions<br \/>\n<strong>capacitate e-lichid<\/strong>20 ml<br \/>\n<strong>Nicotine<\/strong>0%, 2%, 5% op\u021bional (oferta specific\u0103 poate varia \u00een func\u021bie de \u021bar\u0103\/regiune)<br \/>\n<strong>Principiul de func\u021bionare<\/strong>Activat prin inhalare<br \/>\n<strong>\u00cenc\u0103rcare<\/strong>Interfa\u021b\u0103 USB standard de tip C<br \/>\n<strong>Battery<\/strong>Baterie re\u00eenc\u0103rcabil\u0103 de 650 mAh<br \/>\n<strong>Miez de atomizare<\/strong>: Double mesh<br \/>\n<strong>Stare<\/strong>Gata de utilizare dup\u0103 despachetare<\/p>\n<h2 data-v-md-heading=\"full-range-of-flavors\" data-v-md-line=\"21\">Gam\u0103 complet\u0103 de arome<\/h2>\n<ul data-v-md-line=\"22\">\n<li>Arom\u0103 de avocado \u0219i banan\u0103<\/li>\n<li>Arom\u0103 de mure, cire\u0219e, rodie<\/li>\n<li>Arom\u0103 de smoothie de mure<\/li>\n<li>Blueberry smoothie flavor<\/li>\n<li>Afine, zmeur\u0103, arom\u0103 de gum\u0103 de mestecat<\/li>\n<li>Arom\u0103 de smoothie de Coca-Cola<\/li>\n<li>Arom\u0103 dubl\u0103 de m\u0103r<\/li>\n<li>Arom\u0103 de ment\u0103 Vitality<\/li>\n<li>Arom\u0103 de mango \u0219i piersic\u0103<\/li>\n<li>Arom\u0103 de fructe de p\u0103dure mixte<\/li>\n<li>Fructul pasiunii, kiwi, guava<\/li>\n<li>Pineapple Coconut<\/li>\n<li>Pink Lemon Water<\/li>\n<li>Rainbow candy<\/li>\n<li>Red Bull<\/li>\n<li>Struguri de z\u0103pad\u0103<\/li>\n<li>C\u0103p\u0219uni \u0219i nuc\u0103 de cocos<\/li>\n<li>Ghea\u021b\u0103 de c\u0103p\u0219uni<\/li>\n<li>Kiwi \u0219i c\u0103p\u0219uni<\/li>\n<li>C\u0103p\u0219uni Zmeur\u0103<\/li>\n<li>Pepene verde cu c\u0103p\u0219uni<\/li>\n<li>Pepene galben triplu dulce<\/li>\n<li>Ghea\u021b\u0103 de pepene verde<\/li>\n<\/ul>\n<h2 data-v-md-heading=\"for-you-and-for-your-business-as-well\" data-v-md-line=\"46\">Pentru tine, dar \u0219i pentru afacerea ta<\/h2>\n<p data-v-md-line=\"47\">Pute\u021bi achizi\u021biona BIMO CRYSTAL 12K \u00een Europa \u0219i beneficia de servicii de livrare rapid\u0103. Dac\u0103 de\u021bine\u021bi un magazin fizic sau online, pute\u021bi achizi\u021biona prin programul nostru en-gros. Oferim servicii de livrare DDP pentru UPS, DPD \u0219i DHL pentru a v\u0103 asigura c\u0103 nu ve\u021bi \u00eent\u00e2mpina accidente la vam\u0103.<\/p>\n<p data-v-md-line=\"49\">Dac\u0103 trebuie s\u0103 amesteca\u021bi arome sau s\u0103 \u00een\u021belege\u021bi reglement\u0103rile locale privind nicotina, v\u0103 rug\u0103m s\u0103 ne contacta\u021bi. Oferim servicii de verificare a v\u00e2rstei la finalizarea comenzii \u0219i servicii logistice conforme pentru a ne asigura c\u0103 comanda dvs. este livrat\u0103 rapid \u0219i oferim servicii complete de urm\u0103rire.<\/p>\n<h2 data-v-md-heading=\"why-do-you-like-it\" data-v-md-line=\"51\">De ce \u00ee\u021bi place?<\/h2>\n<p data-v-md-line=\"52\"><strong>Respira\u021bie ad\u00e2nc\u0103:<\/strong>\u00a0Durat\u0103 de via\u021b\u0103 mai lung\u0103 a bateriei, nu trebuie s\u0103 \u00eenlocui\u021bi frecvent \u021bigara electronic\u0103.<br \/>\n<strong>Nicotine selection:<\/strong>\u00a0Alege\u021bi concentra\u021bia de nicotin\u0103 potrivit\u0103 pentru utilizarea zilnic\u0103: 0%, 2% sau 5%, \u00een func\u021bie de condi\u021biile locale de aprovizionare.<br \/>\n<strong>Re\u00eenc\u0103rcabil\u0103:<\/strong>\u00a0Po\u021bi re\u00eenc\u0103rca cu u\u0219urin\u021b\u0103 prin interfa\u021ba Type-C \u0219i po\u021bi folosi tot e-lichidul pe care \u00eel cumperi simultan.<br \/>\n<strong>Bobin\u0103 de plas\u0103:<\/strong>\u00a0Designul cu dubl\u0103 plas\u0103 al spiralei asigur\u0103 un gust fin \u0219i consistent.<\/p>\n<h2 data-v-md-heading=\"why-collaborate-with-agoravape\" data-v-md-line=\"57\">De ce s\u0103 colaborezi cu AgoraVape?<\/h2>\n<p data-v-md-line=\"58\">Fiind unul dintre distribuitorii de \u00eencredere de produse pentru \u021big\u0103ri electronice din Europa, vindem doar produse 100% originale. Pentru clien\u021bii comerciali, aceasta \u00eenseamn\u0103 pre\u021buri reduse en-gros, asisten\u021b\u0103 clien\u021bi fiabil\u0103 \u0219i servicii de livrare rapide \u0219i fiabile pentru \u021big\u0103rile electronice cu rezisten\u021b\u0103 dubl\u0103 BIMO CRYSTAL 12K. V\u0103 rug\u0103m s\u0103 ne contacta\u021bi, clien\u021bii dvs. care plaseaz\u0103 o comand\u0103 vor aprecia cu siguran\u021b\u0103 produsul dvs.<\/p>","protected":false},"excerpt":{"rendered":"<p>&nbsp;<\/p>\n<p><script src=\"chrome-extension:\/\/fpelahbljekknahkcaegamhcndkfpfnc\/iFrame.js\" type=\"text\/javascript\"><\/script><\/p>\n<p><script src=\"chrome-extension:\/\/fpelahbljekknahkcaegamhcndkfpfnc\/iFrame.js\" type=\"text\/javascript\"><\/script><\/p>\n<p><script src=\"chrome-extension:\/\/fpelahbljekknahkcaegamhcndkfpfnc\/iFrame.js\" type=\"text\/javascript\"><\/script><\/p>\n<p><script src=\"chrome-extension:\/\/fpelahbljekknahkcaegamhcndkfpfnc\/iFrame.js\" type=\"text\/javascript\"><\/script><\/p>\n<p><script src=\"chrome-extension:\/\/fpelahbljekknahkcaegamhcndkfpfnc\/iFrame.js\" type=\"text\/javascript\"><\/script><\/p>\n<p><script src=\"chrome-extension:\/\/fpelahbljekknahkcaegamhcndkfpfnc\/iFrame.js\" type=\"text\/javascript\"><\/script><\/p>\n<p><script src=\"chrome-extension:\/\/fpelahbljekknahkcaegamhcndkfpfnc\/iFrame.js\" type=\"text\/javascript\"><\/script><\/p>\n<p><script src=\"chrome-extension:\/\/fpelahbljekknahkcaegamhcndkfpfnc\/iFrame.js\" type=\"text\/javascript\"><\/script><\/p>\n<p><script src=\"chrome-extension:\/\/fpelahbljekknahkcaegamhcndkfpfnc\/iFrame.js\" type=\"text\/javascript\"><\/script><\/p>\n<p><script src=\"chrome-extension:\/\/fpelahbljekknahkcaegamhcndkfpfnc\/iFrame.js\" type=\"text\/javascript\"><\/script><\/p>\n<p><script src=\"chrome-extension:\/\/fpelahbljekknahkcaegamhcndkfpfnc\/iFrame.js\" type=\"text\/javascript\"><\/script><\/p>\n<p><script src=\"chrome-extension:\/\/fpelahbljekknahkcaegamhcndkfpfnc\/iFrame.js\" type=\"text\/javascript\"><\/script><\/p>\n<p><script src=\"chrome-extension:\/\/fpelahbljekknahkcaegamhcndkfpfnc\/iFrame.js\" type=\"text\/javascript\"><\/script><\/p>\n<p><script src=\"chrome-extension:\/\/fpelahbljekknahkcaegamhcndkfpfnc\/iFrame.js\" type=\"text\/javascript\"><\/script><\/p>\n<p><script src=\"chrome-extension:\/\/fpelahbljekknahkcaegamhcndkfpfnc\/iFrame.js\" type=\"text\/javascript\"><\/script><\/p>\n<p><script src=\"chrome-extension:\/\/fpelahbljekknahkcaegamhcndkfpfnc\/iFrame.js\" type=\"text\/javascript\"><\/script><\/p>\n<p><script src=\"chrome-extension:\/\/fpelahbljekknahkcaegamhcndkfpfnc\/iFrame.js\" type=\"text\/javascript\"><\/script><\/p>\n<p><script src=\"chrome-extension:\/\/fpelahbljekknahkcaegamhcndkfpfnc\/iFrame.js\" type=\"text\/javascript\"><\/script><\/p>\n<p><script src=\"chrome-extension:\/\/fpelahbljekknahkcaegamhcndkfpfnc\/iFrame.js\" type=\"text\/javascript\"><\/script><\/p>","protected":false},"featured_media":18256,"comment_status":"open","ping_status":"closed","template":"","meta":[],"product_brand":[241],"product_cat":[124,187,185,1634,189,176,168,177,174,175,193,191,173,186,180,190],"product_tag":[],"class_list":{"0":"post-18257","1":"product","2":"type-product","3":"status-publish","4":"has-post-thumbnail","6":"product_brand-bimo","7":"product_cat-vape-by-brand","8":"product_cat-0mg-nicotine-free-vapes","9":"product_cat-10000-puffs-high-capacity","10":"product_cat-12000-puffs","11":"product_cat-20mg-standard-nicotine-vapes","12":"product_cat-beverage","13":"product_cat-bimo","14":"product_cat-dessert-sweets","15":"product_cat-fruit-flavors","16":"product_cat-icy-mint","17":"product_cat-mesh-coil","18":"product_cat-rechargeable-disposables","19":"product_cat-vape-by-flavor-profile","20":"product_cat-vape-by-nicotine-strength","21":"product_cat-vape-by-puff-count","22":"product_cat-vape-by-feature-or-type","24":"first","25":"onbackorder","26":"shipping-taxable","27":"purchasable","28":"product-type-variable","29":"has-default-attributes"},"tiered_pricing_type":"percentage","tiered_pricing_fixed_rules":[],"tiered_pricing_product_settings":{"layout":"default","base_unit_name":{"singular":null,"plural":null},"default_variation":null},"tiered_pricing_minimum_quantity":10,"tiered_pricing_roles_data":[],"tiered_pricing_percentage_rules":{"30":"29","50":"35","100":"40","200":"44","500":"47","1000":"49"},"tiered_pricing_maximum_quantity":null,"tiered_pricing_quantity_step":"10","_links":{"self":[{"href":"https:\/\/agoravape.com\/ro\/wp-json\/wp\/v2\/product\/18257","targetHints":{"allow":["GET"]}}],"collection":[{"href":"https:\/\/agoravape.com\/ro\/wp-json\/wp\/v2\/product"}],"about":[{"href":"https:\/\/agoravape.com\/ro\/wp-json\/wp\/v2\/types\/product"}],"replies":[{"embeddable":true,"href":"https:\/\/agoravape.com\/ro\/wp-json\/wp\/v2\/comments?post=18257"}],"version-history":[{"count":0,"href":"https:\/\/agoravape.com\/ro\/wp-json\/wp\/v2\/product\/18257\/revisions"}],"wp:featuredmedia":[{"embeddable":true,"href":"https:\/\/agoravape.com\/ro\/wp-json\/wp\/v2\/media\/18256"}],"wp:attachment":[{"href":"https:\/\/agoravape.com\/ro\/wp-json\/wp\/v2\/media?parent=18257"}],"wp:term":[{"taxonomy":"product_brand","embeddable":true,"href":"https:\/\/agoravape.com\/ro\/wp-json\/wp\/v2\/product_brand?post=18257"},{"taxonomy":"product_cat","embeddable":true,"href":"https:\/\/agoravape.com\/ro\/wp-json\/wp\/v2\/product_cat?post=18257"},{"taxonomy":"product_tag","embeddable":true,"href":"https:\/\/agoravape.com\/ro\/wp-json\/wp\/v2\/product_tag?post=18257"}],"curies":[{"name":"wp","href":"https:\/\/api.w.org\/{rel}","templated":true}]}}