{"id":18300,"date":"2025-10-20T18:03:19","date_gmt":"2025-10-20T10:03:19","guid":{"rendered":"https:\/\/green-grasshopper-921422.hostingersite.com\/?post_type=product&#038;p=18300"},"modified":"2025-12-31T22:59:16","modified_gmt":"2025-12-31T14:59:16","slug":"bimo-30k-puffs-de-unica-folosinta","status":"publish","type":"product","link":"https:\/\/agoravape.com\/ro\/product\/bimo-30k-puffs-disposable\/","title":{"rendered":"BIMO 30K Puffs Vape de unic\u0103 folosin\u021b\u0103 de mare capacitate | 30ml | Arom\u0103 de lung\u0103 durat\u0103, f\u0103r\u0103 complica\u021bii"},"content":{"rendered":"<h2 data-v-md-heading=\"bimo-30k-large-capacity-disposable-vape-what-s-special-about-30ml\" data-v-md-line=\"3\"><img loading=\"lazy\" decoding=\"async\" class=\"aligncenter size-full wp-image-18283\" src=\"https:\/\/agoravape.com\/wp-content\/uploads\/2025\/10\/BIMO-30K-Puffs-High-Capacity-Disposable-Vape-30ml_Agora_vape-1.webp\" alt=\"\" width=\"1920\" height=\"900\" srcset=\"https:\/\/agoravape.com\/wp-content\/uploads\/2025\/10\/BIMO-30K-Puffs-High-Capacity-Disposable-Vape-30ml_Agora_vape-1.webp 1920w, https:\/\/agoravape.com\/wp-content\/uploads\/2025\/10\/BIMO-30K-Puffs-High-Capacity-Disposable-Vape-30ml_Agora_vape-1-1200x563.webp 1200w, https:\/\/agoravape.com\/wp-content\/uploads\/2025\/10\/BIMO-30K-Puffs-High-Capacity-Disposable-Vape-30ml_Agora_vape-1-300x141.webp 300w, https:\/\/agoravape.com\/wp-content\/uploads\/2025\/10\/BIMO-30K-Puffs-High-Capacity-Disposable-Vape-30ml_Agora_vape-1-1024x480.webp 1024w, https:\/\/agoravape.com\/wp-content\/uploads\/2025\/10\/BIMO-30K-Puffs-High-Capacity-Disposable-Vape-30ml_Agora_vape-1-768x360.webp 768w, https:\/\/agoravape.com\/wp-content\/uploads\/2025\/10\/BIMO-30K-Puffs-High-Capacity-Disposable-Vape-30ml_Agora_vape-1-1536x720.webp 1536w\" sizes=\"auto, (max-width: 1920px) 100vw, 1920px\" \/> <img loading=\"lazy\" decoding=\"async\" class=\"aligncenter size-full wp-image-18289\" src=\"https:\/\/agoravape.com\/wp-content\/uploads\/2025\/10\/BIMO-30K-Puffs-High-Capacity-Disposable-Vape-30ml_Agora_vape-7.webp\" alt=\"\" width=\"1920\" height=\"900\" srcset=\"https:\/\/agoravape.com\/wp-content\/uploads\/2025\/10\/BIMO-30K-Puffs-High-Capacity-Disposable-Vape-30ml_Agora_vape-7.webp 1920w, https:\/\/agoravape.com\/wp-content\/uploads\/2025\/10\/BIMO-30K-Puffs-High-Capacity-Disposable-Vape-30ml_Agora_vape-7-1200x563.webp 1200w, https:\/\/agoravape.com\/wp-content\/uploads\/2025\/10\/BIMO-30K-Puffs-High-Capacity-Disposable-Vape-30ml_Agora_vape-7-300x141.webp 300w, https:\/\/agoravape.com\/wp-content\/uploads\/2025\/10\/BIMO-30K-Puffs-High-Capacity-Disposable-Vape-30ml_Agora_vape-7-1024x480.webp 1024w, https:\/\/agoravape.com\/wp-content\/uploads\/2025\/10\/BIMO-30K-Puffs-High-Capacity-Disposable-Vape-30ml_Agora_vape-7-768x360.webp 768w, https:\/\/agoravape.com\/wp-content\/uploads\/2025\/10\/BIMO-30K-Puffs-High-Capacity-Disposable-Vape-30ml_Agora_vape-7-1536x720.webp 1536w\" sizes=\"auto, (max-width: 1920px) 100vw, 1920px\" \/> <img loading=\"lazy\" decoding=\"async\" class=\"aligncenter size-full wp-image-18288\" src=\"https:\/\/agoravape.com\/wp-content\/uploads\/2025\/10\/BIMO-30K-Puffs-High-Capacity-Disposable-Vape-30ml_Agora_vape-6.webp\" alt=\"\" width=\"1920\" height=\"900\" srcset=\"https:\/\/agoravape.com\/wp-content\/uploads\/2025\/10\/BIMO-30K-Puffs-High-Capacity-Disposable-Vape-30ml_Agora_vape-6.webp 1920w, https:\/\/agoravape.com\/wp-content\/uploads\/2025\/10\/BIMO-30K-Puffs-High-Capacity-Disposable-Vape-30ml_Agora_vape-6-1200x563.webp 1200w, https:\/\/agoravape.com\/wp-content\/uploads\/2025\/10\/BIMO-30K-Puffs-High-Capacity-Disposable-Vape-30ml_Agora_vape-6-300x141.webp 300w, https:\/\/agoravape.com\/wp-content\/uploads\/2025\/10\/BIMO-30K-Puffs-High-Capacity-Disposable-Vape-30ml_Agora_vape-6-1024x480.webp 1024w, https:\/\/agoravape.com\/wp-content\/uploads\/2025\/10\/BIMO-30K-Puffs-High-Capacity-Disposable-Vape-30ml_Agora_vape-6-768x360.webp 768w, https:\/\/agoravape.com\/wp-content\/uploads\/2025\/10\/BIMO-30K-Puffs-High-Capacity-Disposable-Vape-30ml_Agora_vape-6-1536x720.webp 1536w\" sizes=\"auto, (max-width: 1920px) 100vw, 1920px\" \/> <img loading=\"lazy\" decoding=\"async\" class=\"aligncenter size-full wp-image-18287\" src=\"https:\/\/agoravape.com\/wp-content\/uploads\/2025\/10\/BIMO-30K-Puffs-High-Capacity-Disposable-Vape-30ml_Agora_vape-5.webp\" alt=\"\" width=\"1920\" height=\"900\" srcset=\"https:\/\/agoravape.com\/wp-content\/uploads\/2025\/10\/BIMO-30K-Puffs-High-Capacity-Disposable-Vape-30ml_Agora_vape-5.webp 1920w, https:\/\/agoravape.com\/wp-content\/uploads\/2025\/10\/BIMO-30K-Puffs-High-Capacity-Disposable-Vape-30ml_Agora_vape-5-1200x563.webp 1200w, https:\/\/agoravape.com\/wp-content\/uploads\/2025\/10\/BIMO-30K-Puffs-High-Capacity-Disposable-Vape-30ml_Agora_vape-5-300x141.webp 300w, https:\/\/agoravape.com\/wp-content\/uploads\/2025\/10\/BIMO-30K-Puffs-High-Capacity-Disposable-Vape-30ml_Agora_vape-5-1024x480.webp 1024w, https:\/\/agoravape.com\/wp-content\/uploads\/2025\/10\/BIMO-30K-Puffs-High-Capacity-Disposable-Vape-30ml_Agora_vape-5-768x360.webp 768w, https:\/\/agoravape.com\/wp-content\/uploads\/2025\/10\/BIMO-30K-Puffs-High-Capacity-Disposable-Vape-30ml_Agora_vape-5-1536x720.webp 1536w\" sizes=\"auto, (max-width: 1920px) 100vw, 1920px\" \/> <img loading=\"lazy\" decoding=\"async\" class=\"aligncenter size-full wp-image-18286\" src=\"https:\/\/agoravape.com\/wp-content\/uploads\/2025\/10\/BIMO-30K-Puffs-High-Capacity-Disposable-Vape-30ml_Agora_vape-4.webp\" alt=\"\" width=\"1920\" height=\"900\" srcset=\"https:\/\/agoravape.com\/wp-content\/uploads\/2025\/10\/BIMO-30K-Puffs-High-Capacity-Disposable-Vape-30ml_Agora_vape-4.webp 1920w, https:\/\/agoravape.com\/wp-content\/uploads\/2025\/10\/BIMO-30K-Puffs-High-Capacity-Disposable-Vape-30ml_Agora_vape-4-1200x563.webp 1200w, https:\/\/agoravape.com\/wp-content\/uploads\/2025\/10\/BIMO-30K-Puffs-High-Capacity-Disposable-Vape-30ml_Agora_vape-4-300x141.webp 300w, https:\/\/agoravape.com\/wp-content\/uploads\/2025\/10\/BIMO-30K-Puffs-High-Capacity-Disposable-Vape-30ml_Agora_vape-4-1024x480.webp 1024w, https:\/\/agoravape.com\/wp-content\/uploads\/2025\/10\/BIMO-30K-Puffs-High-Capacity-Disposable-Vape-30ml_Agora_vape-4-768x360.webp 768w, https:\/\/agoravape.com\/wp-content\/uploads\/2025\/10\/BIMO-30K-Puffs-High-Capacity-Disposable-Vape-30ml_Agora_vape-4-1536x720.webp 1536w\" sizes=\"auto, (max-width: 1920px) 100vw, 1920px\" \/> <img loading=\"lazy\" decoding=\"async\" class=\"aligncenter size-full wp-image-18285\" src=\"https:\/\/agoravape.com\/wp-content\/uploads\/2025\/10\/BIMO-30K-Puffs-High-Capacity-Disposable-Vape-30ml_Agora_vape-3.webp\" alt=\"\" width=\"1920\" height=\"900\" srcset=\"https:\/\/agoravape.com\/wp-content\/uploads\/2025\/10\/BIMO-30K-Puffs-High-Capacity-Disposable-Vape-30ml_Agora_vape-3.webp 1920w, https:\/\/agoravape.com\/wp-content\/uploads\/2025\/10\/BIMO-30K-Puffs-High-Capacity-Disposable-Vape-30ml_Agora_vape-3-1200x563.webp 1200w, https:\/\/agoravape.com\/wp-content\/uploads\/2025\/10\/BIMO-30K-Puffs-High-Capacity-Disposable-Vape-30ml_Agora_vape-3-300x141.webp 300w, https:\/\/agoravape.com\/wp-content\/uploads\/2025\/10\/BIMO-30K-Puffs-High-Capacity-Disposable-Vape-30ml_Agora_vape-3-1024x480.webp 1024w, https:\/\/agoravape.com\/wp-content\/uploads\/2025\/10\/BIMO-30K-Puffs-High-Capacity-Disposable-Vape-30ml_Agora_vape-3-768x360.webp 768w, https:\/\/agoravape.com\/wp-content\/uploads\/2025\/10\/BIMO-30K-Puffs-High-Capacity-Disposable-Vape-30ml_Agora_vape-3-1536x720.webp 1536w\" sizes=\"auto, (max-width: 1920px) 100vw, 1920px\" \/> <img loading=\"lazy\" decoding=\"async\" class=\"aligncenter size-full wp-image-18284\" src=\"https:\/\/agoravape.com\/wp-content\/uploads\/2025\/10\/BIMO-30K-Puffs-High-Capacity-Disposable-Vape-30ml_Agora_vape-2.webp\" alt=\"\" width=\"1920\" height=\"900\" srcset=\"https:\/\/agoravape.com\/wp-content\/uploads\/2025\/10\/BIMO-30K-Puffs-High-Capacity-Disposable-Vape-30ml_Agora_vape-2.webp 1920w, https:\/\/agoravape.com\/wp-content\/uploads\/2025\/10\/BIMO-30K-Puffs-High-Capacity-Disposable-Vape-30ml_Agora_vape-2-1200x563.webp 1200w, https:\/\/agoravape.com\/wp-content\/uploads\/2025\/10\/BIMO-30K-Puffs-High-Capacity-Disposable-Vape-30ml_Agora_vape-2-300x141.webp 300w, https:\/\/agoravape.com\/wp-content\/uploads\/2025\/10\/BIMO-30K-Puffs-High-Capacity-Disposable-Vape-30ml_Agora_vape-2-1024x480.webp 1024w, https:\/\/agoravape.com\/wp-content\/uploads\/2025\/10\/BIMO-30K-Puffs-High-Capacity-Disposable-Vape-30ml_Agora_vape-2-768x360.webp 768w, https:\/\/agoravape.com\/wp-content\/uploads\/2025\/10\/BIMO-30K-Puffs-High-Capacity-Disposable-Vape-30ml_Agora_vape-2-1536x720.webp 1536w\" sizes=\"auto, (max-width: 1920px) 100vw, 1920px\" \/><\/h2>\n<h2 data-v-md-heading=\"bimo-30k-large-capacity-disposable-vape-what-s-special-about-30ml\" data-v-md-line=\"3\">Vape de unic\u0103 folosin\u021b\u0103 BIMO 30K de mare capacitate | Ce este special la 30 ml?<\/h2>\n<p data-v-md-line=\"4\">Dac\u0103 te-ai s\u0103turat s\u0103 \u00eenlocuie\u0219ti \u021big\u0103rile electronice de unic\u0103 folosin\u021b\u0103 la fiecare c\u00e2teva zile, poate vrei s\u0103 arunci o privire la acest produs. BIMO 30K are o capacitate de p\u00e2n\u0103 la 30000 de porturi \u0219i un rezervor mare de stocare de 30 de mililitri, permi\u021b\u00e2ndu-\u021bi mai mult timp s\u0103 te bucuri de m\u00e2nc\u0103ruri delicioase f\u0103r\u0103 a fi nevoie s\u0103 pierzi timpul schimb\u00e2nd echipamentul.<\/p>\n<p data-v-md-line=\"6\">Este potrivit pentru orice utilizator de vape care \u00ee\u0219i dore\u0219te simplitate, fiabilitate \u0219i o autonomie suficient\u0103 a bateriei. Nu trebuie s\u0103 v\u0103 face\u021bi griji. Trebuie doar s\u0103 alege\u021bi aroma \u0219i concentra\u021bia de nicotin\u0103 preferate \u0219i pute\u021bi \u00eencepe s\u0103 \u00eel utiliza\u021bi. S-ar putea s\u0103 crede\u021bi c\u0103 acest dispozitiv de mare capacitate este voluminos, dar ve\u021bi fi surprin\u0219i de pre\u021bul s\u0103u accesibil.<\/p>\n<h2 data-v-md-heading=\"excellent-performance-easy-and-convenient\" data-v-md-line=\"8\">Performan\u021b\u0103 excelent\u0103, u\u0219or \u0219i convenabil<\/h2>\n<p data-v-md-line=\"9\">BIMO folose\u0219te rezisten\u021be din plas\u0103 pentru a men\u021bine un gust fin \u0219i stabil \u00een orice moment. Absorb\u021bie rapid\u0103 a transpira\u021biei, \u00eenc\u0103lzire uniform\u0103, gust r\u0103coritor, nu este u\u0219or volatil. Baterie re\u00eenc\u0103rcabil\u0103 \u00eencorporat\u0103 de 700 mAh care poate fi \u00eenc\u0103rcat\u0103 printr-un port de \u00eenc\u0103rcare USB, permi\u021b\u00e2ndu-v\u0103 s\u0103 utiliza\u021bi pe deplin fiecare pic\u0103tur\u0103 de ap\u0103 de 30 ml. C\u00e2nd este necesar\u0103 \u00eenc\u0103rcarea, pur \u0219i simplu conecta\u021bi sursa de alimentare \u0219i poate fi utilizat. Simplu \u0219i convenabil.<\/p>\n<h2 data-v-md-heading=\"specification-introduction\" data-v-md-line=\"11\">Introducere \u00een specifica\u021bii<\/h2>\n<ul data-v-md-line=\"12\">\n<li>Capacitate lichid electronic: 30 mililitri<\/li>\n<li>Frecven\u021ba de aspirare: p\u00e2n\u0103 la 30000 de ori<\/li>\n<li>Con\u021binut de nicotin\u0103: \u00cen func\u021bie de pia\u021b\u0103 \u0219i de reglement\u0103rile locale, poate fi selectat ca 2% sau 5%.<\/li>\n<li>Principiu de func\u021bionare: Activat prin inhalare<\/li>\n<li>Miez de atomizare: tip plas\u0103<\/li>\n<li>Baterie: baterie re\u00eenc\u0103rcabil\u0103 de 700 mAh<\/li>\n<li>Metod\u0103 de \u00eenc\u0103rcare: Interfa\u021b\u0103 de \u00eenc\u0103rcare USB<\/li>\n<li>Stare: Gata de utilizare dup\u0103 despachetare<\/li>\n<\/ul>\n<h2 data-v-md-heading=\"multiple-flavor-options\" data-v-md-line=\"21\">Op\u021biuni multiple de arome<\/h2>\n<ul data-v-md-line=\"22\">\n<li>Fructul pasiunii, kiwi, guava<\/li>\n<li>Cool mint<\/li>\n<li>Milkshake cu mango<\/li>\n<li>Cola cu cire\u0219e<\/li>\n<li>Struguri de c\u0103p\u0219uni<\/li>\n<li>Blueberry smoothie<\/li>\n<li>Blackberry Wave<\/li>\n<li>Smoothie de c\u0103p\u0219uni<\/li>\n<li>Smoothie cu pepene verde<\/li>\n<li>Dragon fruit, banana, cherry<\/li>\n<\/ul>\n<h2 data-v-md-heading=\"for-you-and-your-business\" data-v-md-line=\"33\">Pentru tine \u0219i afacerea ta<\/h2>\n<p data-v-md-line=\"34\">Dac\u0103 dori\u021bi un produs cu capacitate mare \u0219i costuri de \u00eentre\u021binere reduse, alege\u021bi BIMO 30K. Dac\u0103 achizi\u021biona\u021bi pentru un magazin sau un lan\u021b de magazine, v\u0103 putem satisface \u0219i noi nevoile. Cutiile en-gros au 10 buc\u0103\u021bi per cutie, iar cutiile standard au 120 de buc\u0103\u021bi per cutie, ceea ce face ca rafturile \u0219i planificarea s\u0103 fie simple \u0219i u\u0219oare.<\/p>\n<p data-v-md-line=\"36\">Oferim servicii de livrare DDP \u00een Europa prin intermediul unor parteneri de \u00eencredere precum UPS, DPD \u0219i DHL, ceea ce \u00eenseamn\u0103 timpi de livrare clari \u0219i f\u0103r\u0103 probleme vamale nea\u0219teptate. Toate stocurile sunt originale \u0219i depozitate corespunz\u0103tor pentru a v\u0103 asigura c\u0103 primi\u021bi lichid proasp\u0103t \u0219i de lung\u0103 durat\u0103.<\/p>\n<h2 data-v-md-heading=\"why-do-you-like-it\" data-v-md-line=\"38\">De ce \u00ee\u021bi place?<\/h2>\n<ul data-v-md-line=\"39\">\n<li>Capacitate super mare: p\u00e2n\u0103 la 30000 de porturi, nu este nevoie s\u0103 achizi\u021biona\u021bi frecvent produse noi.<\/li>\n<li>Selectarea con\u021binutului de nicotin\u0103: Alege\u021bi un con\u021binut de nicotin\u0103 de 2% sau 5% \u00een func\u021bie de nevoile dumneavoastr\u0103 \u0219i de reglement\u0103rile locale.<\/li>\n<li>Re\u00eenc\u0103rcabil\u0103: Pute\u021bi utiliza complet capacitatea de 30 ml.<\/li>\n<li>Miez de atomizor cu plas\u0103: gust continuu \u0219i bogat, care te satisface \u00eentotdeauna.<\/li>\n<li>F\u0103r\u0103 butoane: Inhala\u021bi cu u\u0219urin\u021b\u0103 f\u0103r\u0103 a ap\u0103sa niciun buton, bucur\u00e2ndu-v\u0103 de o experien\u021b\u0103 curat\u0103 \u0219i f\u0103r\u0103 griji.<\/li>\n<\/ul>\n<h2 data-v-md-heading=\"why-choose-to-collaborate-with-agoravape\" data-v-md-line=\"45\">De ce s\u0103 alegi s\u0103 colaborezi cu AgoraVape?<\/h2>\n<p data-v-md-line=\"46\">Vindem numai produse originale 100% \u0219i suntem responsabili pentru calitatea acestora. Ca unul dintre distribuitorii de \u00eencredere de vape din Europa, v\u0103 pute\u021bi bucura de pre\u021buri cu ridicata reduse, asisten\u021b\u0103 cuprinz\u0103toare pentru clien\u021bi \u0219i servicii rapide de livrare DDP pentru vapes de unic\u0103 folosin\u021b\u0103 de mare capacitate BIMO 30K Puffs (30ml). V\u0103 invit\u0103m s\u0103 discuta\u021bi cu noi combina\u021biile de gusturi \u0219i planurile de reaprovizionare, asigur\u00e2ndu-v\u0103 c\u0103 rafturile dvs. au \u00eentotdeauna produsele de care clien\u021bii au cu adev\u0103rat nevoie.<\/p>","protected":false},"excerpt":{"rendered":"<p>&nbsp;<\/p>","protected":false},"featured_media":18299,"comment_status":"open","ping_status":"closed","template":"","meta":[],"product_brand":[241],"product_cat":[124,185,189,176,168,174,175,193,191,173,186,180,190],"product_tag":[],"class_list":{"0":"post-18300","1":"product","2":"type-product","3":"status-publish","4":"has-post-thumbnail","6":"product_brand-bimo","7":"product_cat-vape-by-brand","8":"product_cat-10000-puffs-high-capacity","9":"product_cat-20mg-standard-nicotine-vapes","10":"product_cat-beverage","11":"product_cat-bimo","12":"product_cat-fruit-flavors","13":"product_cat-icy-mint","14":"product_cat-mesh-coil","15":"product_cat-rechargeable-disposables","16":"product_cat-vape-by-flavor-profile","17":"product_cat-vape-by-nicotine-strength","18":"product_cat-vape-by-puff-count","19":"product_cat-vape-by-feature-or-type","21":"first","22":"instock","23":"shipping-taxable","24":"purchasable","25":"product-type-variable","26":"has-default-attributes"},"tiered_pricing_type":"percentage","tiered_pricing_fixed_rules":[],"tiered_pricing_product_settings":{"layout":"default","base_unit_name":{"singular":null,"plural":null},"default_variation":null},"tiered_pricing_minimum_quantity":10,"tiered_pricing_roles_data":[],"tiered_pricing_percentage_rules":{"30":"29","50":"35","100":"40","200":"44","500":"47","1000":"49"},"tiered_pricing_maximum_quantity":null,"tiered_pricing_quantity_step":"10","_links":{"self":[{"href":"https:\/\/agoravape.com\/ro\/wp-json\/wp\/v2\/product\/18300","targetHints":{"allow":["GET"]}}],"collection":[{"href":"https:\/\/agoravape.com\/ro\/wp-json\/wp\/v2\/product"}],"about":[{"href":"https:\/\/agoravape.com\/ro\/wp-json\/wp\/v2\/types\/product"}],"replies":[{"embeddable":true,"href":"https:\/\/agoravape.com\/ro\/wp-json\/wp\/v2\/comments?post=18300"}],"version-history":[{"count":0,"href":"https:\/\/agoravape.com\/ro\/wp-json\/wp\/v2\/product\/18300\/revisions"}],"wp:featuredmedia":[{"embeddable":true,"href":"https:\/\/agoravape.com\/ro\/wp-json\/wp\/v2\/media\/18299"}],"wp:attachment":[{"href":"https:\/\/agoravape.com\/ro\/wp-json\/wp\/v2\/media?parent=18300"}],"wp:term":[{"taxonomy":"product_brand","embeddable":true,"href":"https:\/\/agoravape.com\/ro\/wp-json\/wp\/v2\/product_brand?post=18300"},{"taxonomy":"product_cat","embeddable":true,"href":"https:\/\/agoravape.com\/ro\/wp-json\/wp\/v2\/product_cat?post=18300"},{"taxonomy":"product_tag","embeddable":true,"href":"https:\/\/agoravape.com\/ro\/wp-json\/wp\/v2\/product_tag?post=18300"}],"curies":[{"name":"wp","href":"https:\/\/api.w.org\/{rel}","templated":true}]}}