{"id":18992,"date":"2025-10-29T12:21:25","date_gmt":"2025-10-29T04:21:25","guid":{"rendered":"https:\/\/agoravape.com\/?post_type=product&#038;p=18992"},"modified":"2026-01-19T22:00:08","modified_gmt":"2026-01-19T14:00:08","slug":"bang-b50k-50000-puffs-vape-de-unica-folosinta","status":"publish","type":"product","link":"https:\/\/agoravape.com\/ro\/product\/bang-b50k-50000-puffs-disposable-vape\/","title":{"rendered":"Bang B50K 50000 Puffs Vape de unic\u0103 folosin\u021b\u0103 de mare capacitate | Capacitate mare, \u00eenc\u0103rcare u\u0219oar\u0103"},"content":{"rendered":"<h2 data-v-md-heading=\"what-is-special-about-bang-b50k-50000-capacity-disposable-vape\" data-v-md-line=\"3\">Ce este special la \u021bigara electronic\u0103 de unic\u0103 folosin\u021b\u0103 Bang B50K cu capacitate de 50000?<\/h2>\n<p data-v-md-line=\"5\">Dac\u0103 te-ai s\u0103turat de \u021big\u0103rile electronice de unic\u0103 folosin\u021b\u0103 care \u00ee\u0219i pierd energia \u00een doar c\u00e2teva zile, acest produs \u00ee\u021bi va u\u0219ura via\u021ba. Bang B50K are o durat\u0103 de via\u021b\u0103 a bateriei de p\u00e2n\u0103 la 50000 de unit\u0103\u021bi, fiind echipat cu un e-lichid de mare capacitate de 36 ml \u0219i o baterie re\u00eenc\u0103rcabil\u0103. Durabil \u0219i de lung\u0103 durat\u0103, nu necesit\u0103 utilizare plictisitoare.<\/p>\n<p data-v-md-line=\"7\">Dac\u0103 \u00ee\u021bi dore\u0219ti un vaporizator fiabil, delicios \u0219i u\u0219or de utilizat, atunci acesta este alegerea ideal\u0103. Nu necesit\u0103 operare prin meniu, nu necesit\u0103 injec\u021bie de ulei \u0219i nu este nevoie s\u0103 \u00eenlocuie\u0219ti miezul de atomizare. S-ar putea s\u0103 sim\u021bi c\u0103 un dispozitiv de o capacitate at\u00e2t de mare ar fi voluminos, dar totu\u0219i poate \u00eenc\u0103pea cu u\u0219urin\u021b\u0103 \u00eentr-un buzunar \u0219i arat\u0103 elegant \u0219i frumos atunci c\u00e2nd este a\u0219ezat pe birou.<\/p>\n<h2 data-v-md-heading=\"excellent-performance-and-easy-operation\" data-v-md-line=\"9\">Performan\u021b\u0103 excelent\u0103 \u0219i utilizare u\u0219oar\u0103<\/h2>\n<p data-v-md-line=\"11\">Componenta principal\u0103 a aparatului B50K este miezul de atomizare tip plas\u0103, astfel \u00eenc\u00e2t gustul r\u0103m\u00e2ne consistent de la prima p\u00e2n\u0103 la ultima \u00eembuc\u0103tur\u0103. B\u0103uturile mixte cu arom\u0103 de fructe se topesc \u00een gur\u0103, av\u00e2nd un gust r\u0103coritor, iar mentolul are un gust revigorant. C\u00e2nd bateria este desc\u0103rcat\u0103, pute\u021bi utiliza cablul de date Type-C care a fost folosit pe telefon pentru a-l \u00eenc\u0103rca. Conecta\u021bi-l la priz\u0103 \u0219i continua\u021bi s\u0103 v\u0103 bucura\u021bi.<\/p>\n<h2 data-v-md-heading=\"quick-specifications\" data-v-md-line=\"13\">Specifica\u021bii rapide<\/h2>\n<ul data-v-md-line=\"15\">\n<li>\n<p data-v-md-line=\"15\">Frecven\u021ba de fumat: p\u00e2n\u0103 la 50000 de pufuri<\/p>\n<\/li>\n<li>\n<p data-v-md-line=\"17\">Nicotine concentration: 0%, 2%, 3%, 5% optional<\/p>\n<\/li>\n<li>\n<p data-v-md-line=\"19\">Capacitate lichid electronic: 36 ml<\/p>\n<\/li>\n<li>\n<p data-v-md-line=\"21\">Baterie: baterie re\u00eenc\u0103rcabil\u0103 de 650 mAh<\/p>\n<\/li>\n<li>\n<p data-v-md-line=\"23\">Bobin\u0103: bobin\u0103 de 1,09 \u03a9 cu ochiuri<\/p>\n<\/li>\n<li>\n<p data-v-md-line=\"25\">Utilizare: Inhala\u021bi pentru activare<\/p>\n<\/li>\n<li>\n<p data-v-md-line=\"27\">Metod\u0103 de \u00eenc\u0103rcare: Interfa\u021b\u0103 USB standard de tip C<\/p>\n<\/li>\n<li>\n<p data-v-md-line=\"29\">Stare: Gata de utilizare imediat ce este scoas\u0103 din cutie<\/p>\n<\/li>\n<\/ul>\n<h2 data-v-md-heading=\"complete-flavor-lineup\" data-v-md-line=\"31\">Gam\u0103 complet\u0103 de arome<\/h2>\n<ul data-v-md-line=\"33\">\n<li>\n<p data-v-md-line=\"33\">Mint<\/p>\n<\/li>\n<li>\n<p data-v-md-line=\"35\">Ment\u0103 cu afine<\/p>\n<\/li>\n<li>\n<p data-v-md-line=\"37\">Mere duble<\/p>\n<\/li>\n<li>\n<p data-v-md-line=\"39\">Ghea\u021b\u0103 de piersic\u0103<\/p>\n<\/li>\n<li>\n<p data-v-md-line=\"41\">Afine \u0219i zmeur\u0103<\/p>\n<\/li>\n<li>\n<p data-v-md-line=\"43\">Patinoar albastru<\/p>\n<\/li>\n<li>\n<p data-v-md-line=\"45\">Afine \u0219i piersici<\/p>\n<\/li>\n<li>\n<p data-v-md-line=\"47\">Pepene verde<\/p>\n<\/li>\n<li>\n<p data-v-md-line=\"49\">Pepene verde cu c\u0103p\u0219uni<\/p>\n<\/li>\n<li>\n<p data-v-md-line=\"51\">Lici cu c\u0103p\u0219uni<\/p>\n<\/li>\n<li>\n<p data-v-md-line=\"53\">Ca strugurii<\/p>\n<\/li>\n<li>\n<p data-v-md-line=\"55\">Fructe mixte<\/p>\n<\/li>\n<\/ul>\n<h2 data-v-md-heading=\"suitable-for-individuals-and-businesses\" data-v-md-line=\"57\">Potrivit pentru persoane fizice \u0219i companii<\/h2>\n<p data-v-md-line=\"59\">Cumperi pentru tine? Alege aroma \u0219i concentra\u021bia de nicotin\u0103 preferate pentru a-\u021bi satisface nevoile pe termen lung. Bateria re\u00eenc\u0103rcabil\u0103 \u00eenseamn\u0103 c\u0103 po\u021bi folosi cu adev\u0103rat p\u00e2n\u0103 la 36 de mililitri de e-lichid f\u0103r\u0103 a-i irosi.<\/p>\n<p data-v-md-line=\"61\">Opera\u021bi un magazin fizic sau un magazin online? Bang B50K poate fi v\u00e2ndut en-gros, cu 10 buc\u0103\u021bi per cutie. De asemenea, oferim ambalaje complete de 20 de unit\u0103\u021bi per cutie pentru depozitare \u0219i transport convenabile \u0219i eficiente. Colabor\u0103m cu parteneri precum UPS, DPD \u0219i DHL pentru a oferi servicii de livrare DDP \u00een Europa, gestion\u0103m \u00een avans problemele de v\u0103muire \u0219i evit\u0103m orice accidente la recep\u021bie.<\/p>\n<h2 data-v-md-heading=\"reasons-why-you-will-like-it\" data-v-md-line=\"63\">Motive pentru care \u00ee\u021bi va pl\u0103cea<\/h2>\n<ul data-v-md-line=\"65\">\n<li>\n<p data-v-md-line=\"65\">Durat\u0103 de via\u021b\u0103 extrem de lung\u0103 a bateriei: p\u00e2n\u0103 la 50.000 de unit\u0103\u021bi, reduc\u00e2nd num\u0103rul de \u00eenlocuiri \u0219i de drumuri la magazin.<\/p>\n<\/li>\n<li>\n<p data-v-md-line=\"67\">Sunt disponibile mai multe concentra\u021bii de nicotin\u0103: 0%, 2%, 3% sau 5% pentru a satisface nevoile dumneavoastr\u0103 personalizate.<\/p>\n<\/li>\n<li>\n<p data-v-md-line=\"69\">Re\u00eenc\u0103rcabil\u0103: Interfa\u021b\u0103 de \u00eenc\u0103rcare de tip C, permi\u021b\u00e2ndu-v\u0103 s\u0103 utiliza\u021bi fiecare pic\u0103tur\u0103 de e-lichid.<\/p>\n<\/li>\n<li>\n<p data-v-md-line=\"71\">Miez de atomizor tip plas\u0103: Fiecare inhalare aduce un gust fin \u0219i o arom\u0103 stabil\u0103.<\/p>\n<\/li>\n<li>\n<p data-v-md-line=\"73\">Convenabil de utilizat: Design de activare prin inhalare, u\u0219or de operat.<\/p>\n<\/li>\n<\/ul>\n<h2 data-v-md-heading=\"why-choose-to-collaborate-with-agoravape\" data-v-md-line=\"75\">De ce s\u0103 alegi s\u0103 colaborezi cu AgoraVape?<\/h2>\n<p data-v-md-line=\"77\">Vindem doar produse 100% originale \u0219i suntem responsabili pentru produsele pe care le vindem. Clien\u021bii companiilor se pot bucura de pre\u021buri en-gros reduse, asisten\u021b\u0103 tehnic\u0103 rapid\u0103 \u0219i servicii de livrare DDP pentru \u021big\u0103rile electronice de unic\u0103 folosin\u021b\u0103 Bang B50K 50000 de mare capacitate. Contacta\u021bi-ne imediat pentru a ob\u021bine aceste \u021big\u0103ri electronice de unic\u0103 folosin\u021b\u0103 de mare capacitate fiabile, pe care clien\u021bii dumneavoastr\u0103 le vor adora.<\/p>\n<p><script src=\"chrome-extension:\/\/fpelahbljekknahkcaegamhcndkfpfnc\/iFrame.js\" type=\"text\/javascript\"><\/script><\/p>","protected":false},"excerpt":{"rendered":"<p>Bang B50K cu num\u0103rul s\u0103u masiv de 50.000 de pufuri \u0219i capacitatea de 36 ml de e-lichid. Dispune de o baterie re\u00eenc\u0103rcabil\u0103 \u0219i de o bobin\u0103 cu ochiuri pentru un gust fin \u0219i constant. Vaporizare u\u0219oar\u0103 \u0219i de lung\u0103 durat\u0103.<\/p>","protected":false},"featured_media":19004,"comment_status":"open","ping_status":"closed","template":"","meta":[],"product_brand":[197],"product_cat":[124,187,185,189,1641,123,174,175,193,191,173,186,180,190],"product_tag":[],"class_list":{"0":"post-18992","1":"product","2":"type-product","3":"status-publish","4":"has-post-thumbnail","6":"product_brand-bang","7":"product_cat-vape-by-brand","8":"product_cat-0mg-nicotine-free-vapes","9":"product_cat-10000-puffs-high-capacity","10":"product_cat-20mg-standard-nicotine-vapes","11":"product_cat-50000-puffs","12":"product_cat-bang","13":"product_cat-fruit-flavors","14":"product_cat-icy-mint","15":"product_cat-mesh-coil","16":"product_cat-rechargeable-disposables","17":"product_cat-vape-by-flavor-profile","18":"product_cat-vape-by-nicotine-strength","19":"product_cat-vape-by-puff-count","20":"product_cat-vape-by-feature-or-type","22":"first","23":"onbackorder","24":"shipping-taxable","25":"purchasable","26":"product-type-variable","27":"has-default-attributes"},"tiered_pricing_type":"percentage","tiered_pricing_fixed_rules":[],"tiered_pricing_product_settings":{"layout":"default","base_unit_name":{"singular":null,"plural":null},"default_variation":null},"tiered_pricing_minimum_quantity":10,"tiered_pricing_roles_data":[],"tiered_pricing_percentage_rules":{"30":"29","50":"35","100":"40","200":"44","500":"47","1000":"49"},"tiered_pricing_maximum_quantity":null,"tiered_pricing_quantity_step":"10","_links":{"self":[{"href":"https:\/\/agoravape.com\/ro\/wp-json\/wp\/v2\/product\/18992","targetHints":{"allow":["GET"]}}],"collection":[{"href":"https:\/\/agoravape.com\/ro\/wp-json\/wp\/v2\/product"}],"about":[{"href":"https:\/\/agoravape.com\/ro\/wp-json\/wp\/v2\/types\/product"}],"replies":[{"embeddable":true,"href":"https:\/\/agoravape.com\/ro\/wp-json\/wp\/v2\/comments?post=18992"}],"version-history":[{"count":0,"href":"https:\/\/agoravape.com\/ro\/wp-json\/wp\/v2\/product\/18992\/revisions"}],"wp:featuredmedia":[{"embeddable":true,"href":"https:\/\/agoravape.com\/ro\/wp-json\/wp\/v2\/media\/19004"}],"wp:attachment":[{"href":"https:\/\/agoravape.com\/ro\/wp-json\/wp\/v2\/media?parent=18992"}],"wp:term":[{"taxonomy":"product_brand","embeddable":true,"href":"https:\/\/agoravape.com\/ro\/wp-json\/wp\/v2\/product_brand?post=18992"},{"taxonomy":"product_cat","embeddable":true,"href":"https:\/\/agoravape.com\/ro\/wp-json\/wp\/v2\/product_cat?post=18992"},{"taxonomy":"product_tag","embeddable":true,"href":"https:\/\/agoravape.com\/ro\/wp-json\/wp\/v2\/product_tag?post=18992"}],"curies":[{"name":"wp","href":"https:\/\/api.w.org\/{rel}","templated":true}]}}