{"id":19088,"date":"2025-10-29T13:23:47","date_gmt":"2025-10-29T05:23:47","guid":{"rendered":"https:\/\/agoravape.com\/?post_type=product&#038;p=19088"},"modified":"2026-01-19T21:59:56","modified_gmt":"2026-01-19T13:59:56","slug":"bang-15000-puffs-vape-de-unica-folosinta","status":"publish","type":"product","link":"https:\/\/agoravape.com\/ro\/product\/bang-15000-puffs-disposable-vape\/","title":{"rendered":"Bang 15000 Puffs | Arom\u0103 intens\u0103 care continu\u0103 s\u0103 persiste"},"content":{"rendered":"<h2 data-v-md-heading=\"how-great-is-bang-15000-mesh-coil-disposable-vape\" data-v-md-line=\"3\"><img loading=\"lazy\" decoding=\"async\" class=\"aligncenter size-full wp-image-19063\" src=\"https:\/\/agoravape.com\/wp-content\/uploads\/2025\/10\/Bang-15000-Puffs-Massive-Flavour-That-Just-Keeps-Going_Agora_vape-2-scaled.webp\" alt=\"\" width=\"2560\" height=\"1438\" srcset=\"https:\/\/agoravape.com\/wp-content\/uploads\/2025\/10\/Bang-15000-Puffs-Massive-Flavour-That-Just-Keeps-Going_Agora_vape-2-scaled.webp 2560w, https:\/\/agoravape.com\/wp-content\/uploads\/2025\/10\/Bang-15000-Puffs-Massive-Flavour-That-Just-Keeps-Going_Agora_vape-2-scaled-1200x674.webp 1200w, https:\/\/agoravape.com\/wp-content\/uploads\/2025\/10\/Bang-15000-Puffs-Massive-Flavour-That-Just-Keeps-Going_Agora_vape-2-300x169.webp 300w, https:\/\/agoravape.com\/wp-content\/uploads\/2025\/10\/Bang-15000-Puffs-Massive-Flavour-That-Just-Keeps-Going_Agora_vape-2-1024x575.webp 1024w, https:\/\/agoravape.com\/wp-content\/uploads\/2025\/10\/Bang-15000-Puffs-Massive-Flavour-That-Just-Keeps-Going_Agora_vape-2-768x431.webp 768w, https:\/\/agoravape.com\/wp-content\/uploads\/2025\/10\/Bang-15000-Puffs-Massive-Flavour-That-Just-Keeps-Going_Agora_vape-2-1536x863.webp 1536w, https:\/\/agoravape.com\/wp-content\/uploads\/2025\/10\/Bang-15000-Puffs-Massive-Flavour-That-Just-Keeps-Going_Agora_vape-2-2048x1150.webp 2048w\" sizes=\"auto, (max-width: 2560px) 100vw, 2560px\" \/><\/h2>\n<h2 data-v-md-heading=\"how-great-is-bang-15000-mesh-coil-disposable-vape\" data-v-md-line=\"3\"><img loading=\"lazy\" decoding=\"async\" class=\"aligncenter size-full wp-image-19086\" src=\"https:\/\/agoravape.com\/wp-content\/uploads\/2025\/10\/Bang-15000-Puffs-Massive-Flavour-That-Just-Keeps-Going_Agora_vape-25.webp\" alt=\"\" width=\"1923\" height=\"1080\" srcset=\"https:\/\/agoravape.com\/wp-content\/uploads\/2025\/10\/Bang-15000-Puffs-Massive-Flavour-That-Just-Keeps-Going_Agora_vape-25.webp 1923w, https:\/\/agoravape.com\/wp-content\/uploads\/2025\/10\/Bang-15000-Puffs-Massive-Flavour-That-Just-Keeps-Going_Agora_vape-25-1200x674.webp 1200w, https:\/\/agoravape.com\/wp-content\/uploads\/2025\/10\/Bang-15000-Puffs-Massive-Flavour-That-Just-Keeps-Going_Agora_vape-25-300x168.webp 300w, https:\/\/agoravape.com\/wp-content\/uploads\/2025\/10\/Bang-15000-Puffs-Massive-Flavour-That-Just-Keeps-Going_Agora_vape-25-1024x575.webp 1024w, https:\/\/agoravape.com\/wp-content\/uploads\/2025\/10\/Bang-15000-Puffs-Massive-Flavour-That-Just-Keeps-Going_Agora_vape-25-768x431.webp 768w, https:\/\/agoravape.com\/wp-content\/uploads\/2025\/10\/Bang-15000-Puffs-Massive-Flavour-That-Just-Keeps-Going_Agora_vape-25-1536x863.webp 1536w\" sizes=\"auto, (max-width: 1923px) 100vw, 1923px\" \/><\/h2>\n<h2 data-v-md-heading=\"how-great-is-bang-15000-mesh-coil-disposable-vape\" data-v-md-line=\"3\"><\/h2>\n<h2 data-v-md-heading=\"how-great-is-bang-15000-mesh-coil-disposable-vape\" data-v-md-line=\"3\">C\u00e2t de grozav este vape-ul de unic\u0103 folosin\u021b\u0103 Bang cu rezisten\u021b\u0103 de 15000 mesh?<\/h2>\n<p data-v-md-line=\"4\">Dac\u0103 te-ai s\u0103turat de \u021big\u0103rile electronice de unic\u0103 folosin\u021b\u0103 care se stric\u0103 \u00een mai pu\u021bin de o jum\u0103tate de s\u0103pt\u0103m\u00e2n\u0103, atunci cu siguran\u021b\u0103 vei dori s\u0103 arunci o privire la acest produs. Conceptul de design al Bang 15000 este simplu: durabilitate de lung\u0103 durat\u0103. Fiecare dispozitiv are o capacitate de 15000 de pufuri, fiind conceput special pentru cei care doresc doar s\u0103 se bucure cu u\u0219urin\u021b\u0103 de vape-uri fiabile \u0219i delicioase. Nu trebuie s\u0103-\u021bi faci griji cu privire la ad\u0103ugarea de e-lichid sau la \u00eenlocuirea rezisten\u021belor; Gata de utilizare imediat ce le despachetezi.<\/p>\n<p data-v-md-line=\"6\">S-ar putea s\u0103 crezi c\u0103 o \u021bigar\u0103 electronic\u0103 de o capacitate at\u00e2t de mare ar fi voluminoas\u0103 \u0219i incomod\u0103 de transportat, dar vei fi surprins de natura u\u0219oar\u0103 \u0219i portabil\u0103 a acestei \u021big\u0103ri electronice. Indiferent dac\u0103 ie\u0219i cu prietenii sau te relaxezi acas\u0103, este perfect\u0103 pentru a fi transportat\u0103, asigur\u00e2ndu-te c\u0103 ai o \u021bigar\u0103 electronic\u0103 de \u00eencredere, care nu te va dezam\u0103gi.<\/p>\n<h2 data-v-md-heading=\"excellent-performance-worry-free\" data-v-md-line=\"8\">Excellent performance, worry free<\/h2>\n<p data-v-md-line=\"9\">Secretul gustului s\u0103u consistent const\u0103 \u00een rezisten\u021bele de tip plas\u0103 \u00eencorporate. Pe scurt, aceast\u0103 tehnologie poate \u00eenc\u0103lzi uniform lichidul pentru \u021bigara electronic\u0103, asigur\u00e2ndu-se c\u0103 fiecare \u00eembuc\u0103tur\u0103 este la fel de delicioas\u0103 ca prima \u00eenghi\u021bitur\u0103. Nu exist\u0103 miros \u00een\u021bep\u0103tor sau de ars \u0219i ofer\u0103 \u00eentotdeauna o experien\u021b\u0103 lin\u0103 \u0219i satisf\u0103c\u0103toare. C\u00e2nd bateria este desc\u0103rcat\u0103, aceasta poate fi \u00eenc\u0103rcat\u0103 folosind un cablu de date standard de tip C, care poate fi acela\u0219i cablu folosit pe telefon. Este at\u00e2t de simplu.<\/p>\n<h2 data-v-md-heading=\"specification-introduction\" data-v-md-line=\"11\">Introducere \u00een specifica\u021bii<\/h2>\n<p data-v-md-line=\"12\"><strong>Num\u0103r de aspira\u021bii<\/strong>p\u00e2n\u0103 la 15000 de aspira\u021bii<br \/>\n<strong>Nicotine<\/strong>Ofer\u0103 concentra\u021bii de 0%, 2%, 3% \u0219i 5%<br \/>\n<strong>Utilizare<\/strong>Trage\u021bi un fum pentru a activa<br \/>\n<strong>\u00cenc\u0103rcare<\/strong>Interfa\u021b\u0103 USB standard de tip C<br \/>\n<strong>Stare<\/strong>Gata de utilizare dup\u0103 despachetare<\/p>\n<h2 data-v-md-heading=\"complete-flavor-lineup\" data-v-md-line=\"18\">Gam\u0103 complet\u0103 de arome<\/h2>\n<ul data-v-md-line=\"19\">\n<li>Ghea\u021b\u0103 de ananas<\/li>\n<li>Gum\u0103 de mestecat cu pepene verde<\/li>\n<li>\u00cenghe\u021bat\u0103 cu trei fructe de p\u0103dure<\/li>\n<li>Ghea\u021b\u0103 de piersic\u0103<\/li>\n<li>Ghea\u021b\u0103 de rodie<\/li>\n<li>Patinoar albastru<\/li>\n<li>Pepene verde cu c\u0103p\u0219uni<\/li>\n<li>Ca pepenele galben<\/li>\n<li>Curcubeu fulg de z\u0103pad\u0103<\/li>\n<li>C\u0103p\u0219uni \u0219i Mango<\/li>\n<li>Struguri regali<\/li>\n<li>S\u0103rut pasional<\/li>\n<li>Double Apple<\/li>\n<li>Piersic\u0103 \u0219i Mango<\/li>\n<li>Kiwi \u0219i c\u0103p\u0219uni<\/li>\n<li>Ghea\u021b\u0103 de pepene verde<\/li>\n<li>Albastru pepene galben<\/li>\n<li>Dragoste 66<\/li>\n<li>Plaj\u0103 sexy<\/li>\n<li>Piersici \u0219i fructe de p\u0103dure<\/li>\n<li>Cool mint<\/li>\n<li>Arom\u0103 de c\u0103p\u0219uni \u0219i lici<\/li>\n<\/ul>\n<p>&nbsp;<\/p>\n<p><img loading=\"lazy\" decoding=\"async\" class=\"aligncenter size-full wp-image-19087\" src=\"https:\/\/agoravape.com\/wp-content\/uploads\/2025\/10\/Bang-15000-Puffs-Massive-Flavour-That-Just-Keeps-Going_Agora_vape-26.webp\" alt=\"\" width=\"1296\" height=\"1080\" srcset=\"https:\/\/agoravape.com\/wp-content\/uploads\/2025\/10\/Bang-15000-Puffs-Massive-Flavour-That-Just-Keeps-Going_Agora_vape-26.webp 1296w, https:\/\/agoravape.com\/wp-content\/uploads\/2025\/10\/Bang-15000-Puffs-Massive-Flavour-That-Just-Keeps-Going_Agora_vape-26-1200x1000.webp 1200w, https:\/\/agoravape.com\/wp-content\/uploads\/2025\/10\/Bang-15000-Puffs-Massive-Flavour-That-Just-Keeps-Going_Agora_vape-26-300x250.webp 300w, https:\/\/agoravape.com\/wp-content\/uploads\/2025\/10\/Bang-15000-Puffs-Massive-Flavour-That-Just-Keeps-Going_Agora_vape-26-1024x853.webp 1024w, https:\/\/agoravape.com\/wp-content\/uploads\/2025\/10\/Bang-15000-Puffs-Massive-Flavour-That-Just-Keeps-Going_Agora_vape-26-768x640.webp 768w\" sizes=\"auto, (max-width: 1296px) 100vw, 1296px\" \/><\/p>\n<h2 data-v-md-heading=\"for-you-and-for-your-business-as-well\" data-v-md-line=\"42\">Pentru tine, dar \u0219i pentru afacerea ta<\/h2>\n<p data-v-md-line=\"43\">Oferim o achizi\u021bie separat\u0103 de Bang 15000, dar dac\u0103 sunte\u021bi proprietarul unei afaceri, v\u0103 pute\u021bi aproviziona \u0219i cu produse. Oferim ambalaje en-gros de 200 de buc\u0103\u021bi per cutie, fiecare cutie con\u021bin\u00e2nd 10 dispozitive. Suntem responsabili pentru toate transporturile logistice cu parteneri de \u00eencredere precum UPS, DPD \u0219i DHL \u0219i oferim servicii de livrare cu taxe pl\u0103tite \u00een toat\u0103 Europa pentru a v\u0103 asigura c\u0103 nu ve\u021bi \u00eent\u00e2mpina accidente la vam\u0103.<\/p>\n<h2 data-v-md-heading=\"why-do-you-like-it\" data-v-md-line=\"45\">De ce \u00ee\u021bi place?<\/h2>\n<p data-v-md-line=\"46\"><strong>Massive suction<\/strong>: It lasts longer, so you don\u2019t need to buy new ones frequently.<br \/>\n<strong>Nicotine selection<\/strong>Pute\u021bi alege concentra\u021bia de nicotin\u0103 care vi se potrive\u0219te, de la f\u0103r\u0103 nicotin\u0103 la 5% nicotin\u0103.<br \/>\n<strong>Rechargeable<\/strong>\u00eenseamn\u0103 c\u0103 po\u021bi folosi fiecare pic\u0103tur\u0103 de e-lichid pe care o cumperi.<br \/>\n<strong>Mesh coil<\/strong>Ofer\u0103 un gust consistent \u0219i bogat de la \u00eenceput p\u00e2n\u0103 la sf\u00e2r\u0219it.<\/p>\n<h2 data-v-md-heading=\"why-collaborate-with-agoravape\" data-v-md-line=\"51\">De ce s\u0103 colaborezi cu AgoraVape?<\/h2>\n<p data-v-md-line=\"52\">Fiind unul dintre cei mai de \u00eencredere distribuitori de \u021big\u0103ri electronice din Europa, vindem doar produse 100% originale. Pentru clien\u021bii no\u0219tri business, aceasta \u00eenseamn\u0103 c\u0103 Bang 15000 de \u021big\u0103ri electronice ofer\u0103 pre\u021buri en-gros reduse, asisten\u021b\u0103 fiabil\u0103 \u0219i servicii de livrare rapide \u0219i fiabile. Contacta\u021bi-ne \u0219i vom preg\u0103ti un produs care s\u0103 aprecieze cu adev\u0103rat clien\u021bii no\u0219tri.<\/p>\n<p data-v-md-line=\"52\">","protected":false},"excerpt":{"rendered":"<p>C\u00e2t de grozav este Bang 15000 mesh coil vape de unic\u0103 folosin\u021b\u0103? Dac\u0103 v-a\u021bi s\u0103turat de vapoarele de unic\u0103 folosin\u021b\u0103 care se stric\u0103 \u00een mai pu\u021bin<\/p>","protected":false},"featured_media":19085,"comment_status":"open","ping_status":"closed","template":"","meta":[],"product_brand":[197],"product_cat":[124,187,185,1635,189,123,174,175,193,191,179,173,186,180,190],"product_tag":[],"class_list":{"0":"post-19088","1":"product","2":"type-product","3":"status-publish","4":"has-post-thumbnail","6":"product_brand-bang","7":"product_cat-vape-by-brand","8":"product_cat-0mg-nicotine-free-vapes","9":"product_cat-10000-puffs-high-capacity","10":"product_cat-15000-puffs","11":"product_cat-20mg-standard-nicotine-vapes","12":"product_cat-bang","13":"product_cat-fruit-flavors","14":"product_cat-icy-mint","15":"product_cat-mesh-coil","16":"product_cat-rechargeable-disposables","17":"product_cat-unique-blends","18":"product_cat-vape-by-flavor-profile","19":"product_cat-vape-by-nicotine-strength","20":"product_cat-vape-by-puff-count","21":"product_cat-vape-by-feature-or-type","23":"first","24":"onbackorder","25":"shipping-taxable","26":"purchasable","27":"product-type-variable","28":"has-default-attributes"},"tiered_pricing_type":"percentage","tiered_pricing_fixed_rules":[],"tiered_pricing_product_settings":{"layout":"default","base_unit_name":{"singular":null,"plural":null},"default_variation":null},"tiered_pricing_minimum_quantity":10,"tiered_pricing_roles_data":[],"tiered_pricing_percentage_rules":{"30":"29","50":"35","100":"40","200":"44","500":"47","1000":"49"},"tiered_pricing_maximum_quantity":null,"tiered_pricing_quantity_step":"10","_links":{"self":[{"href":"https:\/\/agoravape.com\/ro\/wp-json\/wp\/v2\/product\/19088","targetHints":{"allow":["GET"]}}],"collection":[{"href":"https:\/\/agoravape.com\/ro\/wp-json\/wp\/v2\/product"}],"about":[{"href":"https:\/\/agoravape.com\/ro\/wp-json\/wp\/v2\/types\/product"}],"replies":[{"embeddable":true,"href":"https:\/\/agoravape.com\/ro\/wp-json\/wp\/v2\/comments?post=19088"}],"version-history":[{"count":0,"href":"https:\/\/agoravape.com\/ro\/wp-json\/wp\/v2\/product\/19088\/revisions"}],"wp:featuredmedia":[{"embeddable":true,"href":"https:\/\/agoravape.com\/ro\/wp-json\/wp\/v2\/media\/19085"}],"wp:attachment":[{"href":"https:\/\/agoravape.com\/ro\/wp-json\/wp\/v2\/media?parent=19088"}],"wp:term":[{"taxonomy":"product_brand","embeddable":true,"href":"https:\/\/agoravape.com\/ro\/wp-json\/wp\/v2\/product_brand?post=19088"},{"taxonomy":"product_cat","embeddable":true,"href":"https:\/\/agoravape.com\/ro\/wp-json\/wp\/v2\/product_cat?post=19088"},{"taxonomy":"product_tag","embeddable":true,"href":"https:\/\/agoravape.com\/ro\/wp-json\/wp\/v2\/product_tag?post=19088"}],"curies":[{"name":"wp","href":"https:\/\/api.w.org\/{rel}","templated":true}]}}