{"id":19156,"date":"2025-10-29T14:01:35","date_gmt":"2025-10-29T06:01:35","guid":{"rendered":"https:\/\/agoravape.com\/?post_type=product&#038;p=19156"},"modified":"2026-03-14T16:22:20","modified_gmt":"2026-03-14T15:22:20","slug":"bang-b20hd-20000-pufuri-cartus-vape","status":"publish","type":"product","link":"https:\/\/agoravape.com\/ro\/product\/bang-b20hd-20000-puffs-vape-cartridge\/","title":{"rendered":"Cartu\u0219 de vape de unic\u0103 folosin\u021b\u0103 Bang B20HD 20000 Puffs | Num\u0103r masiv de pufuri, u\u0219or de realizat"},"content":{"rendered":"<h2 data-v-md-heading=\"what-is-special-about-bang-b20hd-20000\" data-v-md-line=\"3\"><img loading=\"lazy\" decoding=\"async\" class=\"aligncenter size-full wp-image-19174\" src=\"https:\/\/agoravape.com\/wp-content\/uploads\/2025\/10\/Bang-B20HD-20000-Puffs-Disposable-Vape-Cartridge-Massive-Puff-Count-Made-Easy_Agora_vape-1-scaled.webp\" alt=\"\" width=\"2560\" height=\"1700\" srcset=\"https:\/\/agoravape.com\/wp-content\/uploads\/2025\/10\/Bang-B20HD-20000-Puffs-Disposable-Vape-Cartridge-Massive-Puff-Count-Made-Easy_Agora_vape-1-scaled.webp 2560w, https:\/\/agoravape.com\/wp-content\/uploads\/2025\/10\/Bang-B20HD-20000-Puffs-Disposable-Vape-Cartridge-Massive-Puff-Count-Made-Easy_Agora_vape-1-scaled-1200x797.webp 1200w, https:\/\/agoravape.com\/wp-content\/uploads\/2025\/10\/Bang-B20HD-20000-Puffs-Disposable-Vape-Cartridge-Massive-Puff-Count-Made-Easy_Agora_vape-1-300x199.webp 300w, https:\/\/agoravape.com\/wp-content\/uploads\/2025\/10\/Bang-B20HD-20000-Puffs-Disposable-Vape-Cartridge-Massive-Puff-Count-Made-Easy_Agora_vape-1-1024x680.webp 1024w, https:\/\/agoravape.com\/wp-content\/uploads\/2025\/10\/Bang-B20HD-20000-Puffs-Disposable-Vape-Cartridge-Massive-Puff-Count-Made-Easy_Agora_vape-1-768x510.webp 768w, https:\/\/agoravape.com\/wp-content\/uploads\/2025\/10\/Bang-B20HD-20000-Puffs-Disposable-Vape-Cartridge-Massive-Puff-Count-Made-Easy_Agora_vape-1-1536x1020.webp 1536w, https:\/\/agoravape.com\/wp-content\/uploads\/2025\/10\/Bang-B20HD-20000-Puffs-Disposable-Vape-Cartridge-Massive-Puff-Count-Made-Easy_Agora_vape-1-2048x1360.webp 2048w\" sizes=\"auto, (max-width: 2560px) 100vw, 2560px\" \/><\/h2>\n<h2 data-v-md-heading=\"what-is-special-about-bang-b20hd-20000\" data-v-md-line=\"3\">Ce este special la Bang B20HD 20000?<\/h2>\n<p data-v-md-line=\"5\">Bine, hai s\u0103 vorbim despre Bang B20HD. Dac\u0103 te-ai s\u0103turat de \u021big\u0103rile electronice de unic\u0103 folosin\u021b\u0103 care pornesc imediat dup\u0103 utilizare, atunci trebuie s\u0103 arunci o privire la acesta. \u00cen primul r\u00e2nd, vei observa durata de via\u021b\u0103 uimitoare a bateriei sale de 20000 de porturi. Acest produs este conceput special pentru utilizatorii care \u00ee\u0219i doresc o \u021bigar\u0103 electronic\u0103 fiabil\u0103, delicioas\u0103, de lung\u0103 durat\u0103 \u0219i u\u0219or de utilizat.<\/p>\n<p data-v-md-line=\"7\">S-ar putea s\u0103 crede\u021bi c\u0103 o baterie cu o durat\u0103 de via\u021b\u0103 at\u00e2t de lung\u0103 ar fi voluminoas\u0103, dar B20HD nu este a\u0219a. Adopt\u0103 un design inteligent cu dou\u0103 componente: o baterie re\u00eenc\u0103rcabil\u0103 \u0219i un cartu\u0219 de e-lichid pre\u00eenc\u0103rcat independent. Dup\u0103 ce a\u021bi consumat cartu\u0219ul de \u021bigar\u0103, pur \u0219i simplu \u00eel \u00eenlocui\u021bi cu unul nou. Aceast\u0103 modalitate mai inteligent\u0103 de utilizare a vaporizatoarelor nu numai c\u0103 reduce risipa, dar are \u0219i o func\u021bionare simpl\u0103 \u0219i este u\u0219or de transportat.<\/p>\n<h2 data-v-md-heading=\"excellent-performance-easy-and-convenient\" data-v-md-line=\"9\">Performan\u021b\u0103 excelent\u0103, u\u0219or \u0219i convenabil<\/h2>\n<p data-v-md-line=\"11\">Acest vaporizator are un gust excelent, datorit\u0103 miezului s\u0103u atomizor \u00eencorporat cu o plas\u0103 de 1,2 \u03a9. Simplu spus, poate \u00eenc\u0103lzi uniform lichidul electronic, asigur\u00e2ndu-se c\u0103 fiecare \u00eembuc\u0103tur\u0103 \u00ee\u0219i p\u0103streaz\u0103 cel mai bun gust de la \u00eenceput p\u00e2n\u0103 la sf\u00e2r\u0219it. Nu exist\u0103 o degradare a gustului, ci doar o satisfac\u021bie constant\u0103.<\/p>\n<p data-v-md-line=\"13\">C\u00e2nd bateria este desc\u0103rcat\u0103, pur \u0219i simplu folose\u0219te un cablu de date standard de tip C pentru a \u00eenc\u0103rca - exact ca cel pe care \u00eel folose\u0219ti pentru a-\u021bi \u00eenc\u0103rca telefonul. Nu este nevoie de un \u00eenc\u0103rc\u0103tor dedicat, u\u0219or \u0219i convenabil. Pur \u0219i simplu conecteaz\u0103-l \u0219i folose\u0219te-l, asigur\u00e2ndu-te c\u0103 po\u021bi consuma fiecare pic\u0103tur\u0103 de 20 ml de e-lichid din cartu\u0219.<\/p>\n<h2 data-v-md-heading=\"quick-overview-of-product-specifications\" data-v-md-line=\"15\">Prezentare general\u0103 rapid\u0103 a specifica\u021biilor produsului<\/h2>\n<p data-v-md-line=\"17\"><strong>Frecven\u021ba fumatului:<\/strong>\u00a0p\u00e2n\u0103 la 20000 de pufuri<br \/>\n<strong>Concentra\u021bia de nicotin\u0103:<\/strong> Disponibil \u00een patru op\u021biuni de concentra\u021bie: 0%, 2%, 3% \u0219i 5%.<br \/>\n<strong>Utilizare:<\/strong>\u00a0Inspir\u0103 pentru a activa<br \/>\n<strong>Metod\u0103 de \u00eenc\u0103rcare:<\/strong>\u00a0Interfa\u021b\u0103 USB standard de tip C<br \/>\n<strong>Status:<\/strong>\u00a0Ready to use out of the box<\/p>\n<h2 data-v-md-heading=\"complete-flavor-lineup\" data-v-md-line=\"23\">Gam\u0103 complet\u0103 de arome<\/h2>\n<ul data-v-md-line=\"25\">\n<li>Piersic\u0103 \u0219i Mango<\/li>\n<li>C\u0103p\u0219uni \u0219i Mango<\/li>\n<li>C\u0103p\u0219uni \u0219i banane<\/li>\n<li>Mere acre<\/li>\n<li>Ghea\u021b\u0103 de pepene verde<\/li>\n<li>Red Bull<\/li>\n<li>Afine \u0219i struguri<\/li>\n<li>Ghea\u021ba Dragonului Negru<\/li>\n<li>Fructe mixte<\/li>\n<li>Kiwi \u0219i fructul pasiunii<\/li>\n<\/ul>\n<h2 data-v-md-heading=\"tailored-for-you-and-your-business\" data-v-md-line=\"36\">Adaptat pentru tine \u0219i afacerea ta<\/h2>\n<p data-v-md-line=\"38\">Bang B20HD 20000 poate fi achizi\u021bionat separat sau \u00een vrac dac\u0103 sunte\u021bi proprietar de afacere. Echipamentul \u0219i cartu\u0219ele sunt furnizate \u00een ambalaje en-gros de 200 de buc\u0103\u021bi per cutie. Colabor\u0103m cu parteneri DDP de \u00eencredere, cum ar fi UPS, DPD \u0219i DHL, pentru a expedia produse \u00een diverse p\u0103r\u021bi ale Europei prin livrare cu taxe vamale (DDP), astfel \u00eenc\u00e2t nu trebuie s\u0103 v\u0103 face\u021bi griji cu privire la taxele vamale.<\/p>\n<h2 data-v-md-heading=\"reasons-why-you-will-like-it\" data-v-md-line=\"40\">Motive pentru care \u00ee\u021bi va pl\u0103cea<\/h2>\n<p data-v-md-line=\"42\"><strong>Timpi de fumat extra lungi:<\/strong>\u00a0Durat\u0103 de via\u021b\u0103 mai lung\u0103 a bateriei, nu este nevoie s\u0103 cump\u0103ra\u021bi frecvent cartu\u0219e noi.<br \/>\n<strong>Sistem inteligent de cartu\u0219e pentru \u021big\u0103ri:<\/strong>\u00a0Este mai ecologic \u0219i mai convenabil dec\u00e2t \u021big\u0103rile electronice tradi\u021bionale de unic\u0103 folosin\u021b\u0103.<br \/>\n<strong>Selectarea concentra\u021biei de nicotin\u0103:<\/strong>\u00a0Po\u021bi alege concentra\u021bia de nicotin\u0103 care \u021bi se potrive\u0219te.<br \/>\n<strong>Re\u00eenc\u0103rcabil\u0103:<\/strong>\u00a0\u00ee\u021bi permite s\u0103 consumi tot lichidul pentru \u021bigar\u0103 electronic\u0103 pe care \u00eel cumperi.<br \/>\n<strong>Miez de atomizare cu plas\u0103:<\/strong>\u00a0Poate aduce un gust stabil \u0219i bogat de fiecare dat\u0103.<\/p>\n<h2 data-v-md-heading=\"why-choose-agoravape\" data-v-md-line=\"48\">De ce s\u0103 alegi AgoraVape?<\/h2>\n<p data-v-md-line=\"50\">Fiind unul dintre cei mai de \u00eencredere distribuitori de \u021big\u0103ri electronice din Europa, vindem doar produse 100% originale. Pentru clien\u021bii no\u0219tri business, aceasta \u00eenseamn\u0103 reduceri de pre\u021b en-gros de 20.000 la Bang B20HD, asisten\u021b\u0103 fiabil\u0103 \u0219i livrare rapid\u0103. Contacta\u021bi-ne, iar clien\u021bii dvs. vor aprecia cu adev\u0103rat produsul dvs. atunci c\u00e2nd \u00eel vor achizi\u021biona.<\/p>\n<p><script src=\"chrome-extension:\/\/fpelahbljekknahkcaegamhcndkfpfnc\/iFrame.js\" type=\"text\/javascript\"><\/script><\/p>\n<p><script src=\"chrome-extension:\/\/fpelahbljekknahkcaegamhcndkfpfnc\/iFrame.js\" type=\"text\/javascript\"><\/script><\/p>\n<p><script src=\"chrome-extension:\/\/fpelahbljekknahkcaegamhcndkfpfnc\/iFrame.js\" type=\"text\/javascript\"><\/script><\/p>\n<p><script src=\"chrome-extension:\/\/fpelahbljekknahkcaegamhcndkfpfnc\/iFrame.js\" type=\"text\/javascript\"><\/script><\/p>","protected":false},"excerpt":{"rendered":"<p>&nbsp;<\/p>\n<p><script src=\"chrome-extension:\/\/fpelahbljekknahkcaegamhcndkfpfnc\/iFrame.js\" type=\"text\/javascript\"><\/script><\/p>","protected":false},"featured_media":19185,"comment_status":"open","ping_status":"closed","template":"","meta":[],"product_brand":[197],"product_cat":[124,187,185,1636,189,123,176,174,175,193,191,173,186,180,190],"product_tag":[],"class_list":{"0":"post-19156","1":"product","2":"type-product","3":"status-publish","4":"has-post-thumbnail","6":"product_brand-bang","7":"product_cat-vape-by-brand","8":"product_cat-0mg-nicotine-free-vapes","9":"product_cat-10000-puffs-high-capacity","10":"product_cat-20000-puffs","11":"product_cat-20mg-standard-nicotine-vapes","12":"product_cat-bang","13":"product_cat-beverage","14":"product_cat-fruit-flavors","15":"product_cat-icy-mint","16":"product_cat-mesh-coil","17":"product_cat-rechargeable-disposables","18":"product_cat-vape-by-flavor-profile","19":"product_cat-vape-by-nicotine-strength","20":"product_cat-vape-by-puff-count","21":"product_cat-vape-by-feature-or-type","23":"first","24":"instock","25":"shipping-taxable","26":"purchasable","27":"product-type-variable","28":"has-default-attributes"},"tiered_pricing_type":"percentage","tiered_pricing_fixed_rules":[],"tiered_pricing_product_settings":{"layout":"default","base_unit_name":{"singular":null,"plural":null},"default_variation":null},"tiered_pricing_minimum_quantity":10,"tiered_pricing_roles_data":[],"tiered_pricing_percentage_rules":{"30":"29","50":"35","100":"40","200":"44","500":"47","1000":"49"},"tiered_pricing_maximum_quantity":null,"tiered_pricing_quantity_step":"10","_links":{"self":[{"href":"https:\/\/agoravape.com\/ro\/wp-json\/wp\/v2\/product\/19156","targetHints":{"allow":["GET"]}}],"collection":[{"href":"https:\/\/agoravape.com\/ro\/wp-json\/wp\/v2\/product"}],"about":[{"href":"https:\/\/agoravape.com\/ro\/wp-json\/wp\/v2\/types\/product"}],"replies":[{"embeddable":true,"href":"https:\/\/agoravape.com\/ro\/wp-json\/wp\/v2\/comments?post=19156"}],"version-history":[{"count":0,"href":"https:\/\/agoravape.com\/ro\/wp-json\/wp\/v2\/product\/19156\/revisions"}],"wp:featuredmedia":[{"embeddable":true,"href":"https:\/\/agoravape.com\/ro\/wp-json\/wp\/v2\/media\/19185"}],"wp:attachment":[{"href":"https:\/\/agoravape.com\/ro\/wp-json\/wp\/v2\/media?parent=19156"}],"wp:term":[{"taxonomy":"product_brand","embeddable":true,"href":"https:\/\/agoravape.com\/ro\/wp-json\/wp\/v2\/product_brand?post=19156"},{"taxonomy":"product_cat","embeddable":true,"href":"https:\/\/agoravape.com\/ro\/wp-json\/wp\/v2\/product_cat?post=19156"},{"taxonomy":"product_tag","embeddable":true,"href":"https:\/\/agoravape.com\/ro\/wp-json\/wp\/v2\/product_tag?post=19156"}],"curies":[{"name":"wp","href":"https:\/\/api.w.org\/{rel}","templated":true}]}}