{"id":19202,"date":"2025-10-29T14:20:51","date_gmt":"2025-10-29T06:20:51","guid":{"rendered":"https:\/\/agoravape.com\/?post_type=product&#038;p=19202"},"modified":"2026-01-19T21:59:49","modified_gmt":"2026-01-19T13:59:49","slug":"bang-gear-20000-puffs-vape","status":"publish","type":"product","link":"https:\/\/agoravape.com\/ro\/product\/bang-gear-20000-puffs-vape\/","title":{"rendered":"Bang Gear 20000 Puffs | Num\u0103r masiv de pufuri, vapat simplu"},"content":{"rendered":"<h2 data-v-md-heading=\"what-s-so-special-about-bang-gear-20000\" data-v-md-line=\"3\"><img loading=\"lazy\" decoding=\"async\" class=\"size-full wp-image-19214 alignright\" src=\"https:\/\/agoravape.com\/wp-content\/uploads\/2025\/10\/Bang-Gear-20000-Puffs-Massive-Puff-Count-Simple-Vaping_Agora_vape-1.webp\" alt=\"\" width=\"1180\" height=\"1920\" srcset=\"https:\/\/agoravape.com\/wp-content\/uploads\/2025\/10\/Bang-Gear-20000-Puffs-Massive-Puff-Count-Simple-Vaping_Agora_vape-1.webp 1180w, https:\/\/agoravape.com\/wp-content\/uploads\/2025\/10\/Bang-Gear-20000-Puffs-Massive-Puff-Count-Simple-Vaping_Agora_vape-1-184x300.webp 184w, https:\/\/agoravape.com\/wp-content\/uploads\/2025\/10\/Bang-Gear-20000-Puffs-Massive-Puff-Count-Simple-Vaping_Agora_vape-1-629x1024.webp 629w, https:\/\/agoravape.com\/wp-content\/uploads\/2025\/10\/Bang-Gear-20000-Puffs-Massive-Puff-Count-Simple-Vaping_Agora_vape-1-768x1250.webp 768w, https:\/\/agoravape.com\/wp-content\/uploads\/2025\/10\/Bang-Gear-20000-Puffs-Massive-Puff-Count-Simple-Vaping_Agora_vape-1-944x1536.webp 944w\" sizes=\"auto, (max-width: 1180px) 100vw, 1180px\" \/><\/h2>\n<h2 data-v-md-heading=\"what-s-so-special-about-bang-gear-20000\" data-v-md-line=\"3\">Ce este at\u00e2t de special la Bang Gear 20000?<\/h2>\n<p data-v-md-line=\"5\">Dac\u0103 te-ai s\u0103turat de \u021big\u0103rile electronice de unic\u0103 folosin\u021b\u0103 care se descarc\u0103 f\u0103r\u0103 baterie \u00een mai pu\u021bin de o s\u0103pt\u0103m\u00e2n\u0103, atunci trebuie s\u0103 arunci o privire la acest produs. Conceptul de design al Bang Gear 20000 este unul singur: durabilitate. Are o autonomie uimitoare a bateriei de 20000 de porturi, ceea ce \u00eenseamn\u0103 c\u0103 te po\u021bi bucura la maximum de el f\u0103r\u0103 s\u0103-\u021bi faci griji cu privire la problemele de \u00eenlocuire. S-ar putea s\u0103 crezi c\u0103 \u021big\u0103rile electronice cu o autonomie at\u00e2t de lung\u0103 a bateriei ar fi voluminoase, dar acest produs este surprinz\u0103tor de u\u0219or \u0219i portabil.<\/p>\n<p data-v-md-line=\"7\">Pentru utilizatorii de \u021big\u0103ri electronice care \u00ee\u0219i doresc doar fiabilitate, deliciu \u0219i u\u0219urin\u021b\u0103 \u00een utilizare, aceasta este alegerea perfect\u0103. Nu este nevoie s\u0103 v\u0103 face\u021bi griji cu privire la set\u0103ri sau butoane complexe; pur \u0219i simplu deschide\u021bi cutia pentru a o utiliza. Acesta este un dispozitiv simplu \u0219i u\u0219or de utilizat, care v\u0103 ofer\u0103 savoare pur\u0103 \u0219i confort.<\/p>\n<h2 data-v-md-heading=\"excellent-performance-easy-to-operate\" data-v-md-line=\"9\">Performan\u021b\u0103 excelent\u0103, u\u0219or de utilizat<\/h2>\n<p data-v-md-line=\"11\">Secretul gustului s\u0103u de lung\u0103 durat\u0103 \u0219i stabil const\u0103 \u00een miezul s\u0103u de atomizare \u00eencorporat cu o re\u021bea de 1,0 ohmi. Aceast\u0103 tehnologie asigur\u0103 c\u0103 fiecare \u00eembuc\u0103tur\u0103 este la fel de delicioas\u0103 ca prima, f\u0103r\u0103 niciun gust de ars. De la \u00eenceput p\u00e2n\u0103 la sf\u00e2r\u0219it, gustul este \u00eentotdeauna bl\u00e2nd \u0219i echilibrat.<\/p>\n<p data-v-md-line=\"13\">Datorit\u0103 capacit\u0103\u021bii sale de a re\u021bine o cantitate mare de e-lichid, dispozitivul este echipat cu o baterie re\u00eenc\u0103rcabil\u0103 \u00eencorporat\u0103. C\u00e2nd bateria este desc\u0103rcat\u0103, utiliza\u021bi pur \u0219i simplu un cablu de date standard de tip C pentru a \u00eenc\u0103rca - la fel cum v\u0103 \u00eenc\u0103rca\u021bi telefonul. Aceasta \u00eenseamn\u0103 c\u0103 pute\u021bi utiliza pe deplin fiecare pic\u0103tur\u0103 de 25 de mililitri de e-lichid achizi\u021bionat.<\/p>\n<h2 data-v-md-heading=\"brief-specifications\" data-v-md-line=\"15\">Specifica\u021bii scurte<\/h2>\n<p data-v-md-line=\"17\"><strong>Num\u0103r de porturi:<\/strong>\u00a0p\u00e2n\u0103 la 20000 de porturi.<\/p>\n<p data-v-md-line=\"19\"><strong>Concentra\u021bia de nicotin\u0103:<\/strong>\u00a0Disponibil \u00een patru op\u021biuni de concentra\u021bie: 0%, 2%, 3% \u0219i 5%.<\/p>\n<p data-v-md-line=\"21\"><strong>Utilizare:<\/strong>\u00a0Inspir\u0103 pentru a activa.<\/p>\n<p data-v-md-line=\"23\"><em>Metod\u0103 de \u00eenc\u0103rcare:<\/em>* Interfa\u021b\u0103 USB standard de tip C.<\/p>\n<p data-v-md-line=\"25\"><strong>Status:<\/strong>\u00a0Gata de utilizare dup\u0103 despachetare.<\/p>\n<h2 data-v-md-heading=\"complete-flavor-series\" data-v-md-line=\"27\">Serie complet\u0103 de arome<\/h2>\n<ul data-v-md-line=\"29\">\n<li>Kiwi \u0219i c\u0103p\u0219uni<\/li>\n<li>Ghea\u021b\u0103 de pepene verde<\/li>\n<li>Afine \u0219i zmeur\u0103<\/li>\n<li>Pepene verde cu c\u0103p\u0219uni<\/li>\n<li>C\u0103p\u0219uni \u0219i Mango<\/li>\n<li>B\u0103uturi energizante<\/li>\n<li>Afine, Cire\u0219e, L\u0103m\u00e2i<\/li>\n<li>Ghea\u021ba Dragonului Negru<\/li>\n<li>Fructe mixte<\/li>\n<li>C\u0103p\u0219uni \u0219i banane<\/li>\n<li>Ghea\u021b\u0103 de piersic\u0103<\/li>\n<li>Patinoar albastru<\/li>\n<\/ul>\n<h2 data-v-md-heading=\"tailored-for-you-and-your-business\" data-v-md-line=\"42\">Adaptat pentru tine \u0219i afacerea ta<\/h2>\n<p data-v-md-line=\"44\">Bang Gear 20000 poate fi achizi\u021bionat separat sau \u00een vrac dac\u0103 sunte\u021bi proprietar de afacere. Produsul este v\u00e2ndut \u00een ambalaje en-gros de 200 de unit\u0103\u021bi\/cutie, cu 10 unit\u0103\u021bi per cutie pentru o expunere u\u0219oar\u0103.<\/p>\n<p data-v-md-line=\"46\">\u00cen calitate de distribuitor european de \u00eencredere, v\u0103 oferim servicii convenabile. Colabor\u0103m cu parteneri DDP (Delivered Duty Paid) de \u00eencredere, cum ar fi UPS, DPD \u0219i DHL, astfel \u00eenc\u00e2t cota\u021bia pe care o vede\u021bi este pre\u021bul final pe care \u00eel pl\u0103ti\u021bi. Nu vor exista accidente \u00een timpul v\u0103muirii, ci doar produse de \u00eenalt\u0103 calitate, cu o calitate excelent\u0103, care pot fi puse pe rafturi \u00een orice moment.<\/p>\n<h2 data-v-md-heading=\"reasons-why-you-will-like-it\" data-v-md-line=\"48\">Motive pentru care \u00ee\u021bi va pl\u0103cea<\/h2>\n<p data-v-md-line=\"50\"><strong>Durat\u0103 de via\u021b\u0103 extrem de lung\u0103 a bateriei:<\/strong>\u00a0Durabil \u0219i de lung\u0103 durat\u0103, nu este nevoie de cump\u0103r\u0103turi frecvente.<\/p>\n<p data-v-md-line=\"52\"><strong>Selectarea concentra\u021biei de nicotin\u0103:<\/strong>\u00a0Po\u021bi alege concentra\u021bia de nicotin\u0103 cea mai potrivit\u0103 pentru tine.<\/p>\n<p data-v-md-line=\"54\"><strong>Re\u00eenc\u0103rcabil\u0103:<\/strong>\u00a0Interfa\u021ba Type-C v\u0103 permite s\u0103 utiliza\u021bi pe deplin toate lichidele electronice din interiorul dispozitivului.<\/p>\n<p data-v-md-line=\"56\"><strong>Miez de atomizare cu plas\u0103:<\/strong>\u00a0Poate aduce un gust stabil \u0219i bogat de fiecare dat\u0103.<\/p>\n<h2 data-v-md-heading=\"why-choose-agoravape\" data-v-md-line=\"58\">De ce s\u0103 alegi AgoraVape?<\/h2>\n<p data-v-md-line=\"60\">Fiind unul dintre cei mai de \u00eencredere distribuitori de \u021big\u0103ri electronice din Europa, vindem doar produse 100% originale. Pentru clien\u021bii no\u0219tri corporativi, aceasta \u00eenseamn\u0103 c\u0103 Bang Gear 20000 Puffs ofer\u0103 pre\u021buri en-gros reduse, asisten\u021b\u0103 tehnic\u0103 complet\u0103 \u0219i livrare rapid\u0103 \u0219i fiabil\u0103. Contacta\u021bi-ne pentru a le mul\u021bumi sincer clien\u021bilor dvs. pentru furnizarea acestui produs.<\/p>","protected":false},"excerpt":{"rendered":"<p>What\u2019s so special about Bang Gear 20000? If you\u2019re tired of disposable vapes that run out of battery before a<\/p>","protected":false},"featured_media":19225,"comment_status":"open","ping_status":"closed","template":"","meta":[],"product_brand":[197],"product_cat":[124,187,185,1636,189,123,176,174,175,193,191,173,186,180,190,192],"product_tag":[],"class_list":{"0":"post-19202","1":"product","2":"type-product","3":"status-publish","4":"has-post-thumbnail","6":"product_brand-bang","7":"product_cat-vape-by-brand","8":"product_cat-0mg-nicotine-free-vapes","9":"product_cat-10000-puffs-high-capacity","10":"product_cat-20000-puffs","11":"product_cat-20mg-standard-nicotine-vapes","12":"product_cat-bang","13":"product_cat-beverage","14":"product_cat-fruit-flavors","15":"product_cat-icy-mint","16":"product_cat-mesh-coil","17":"product_cat-rechargeable-disposables","18":"product_cat-vape-by-flavor-profile","19":"product_cat-vape-by-nicotine-strength","20":"product_cat-vape-by-puff-count","21":"product_cat-vape-by-feature-or-type","22":"product_cat-vapes-with-screens","24":"first","25":"onbackorder","26":"shipping-taxable","27":"purchasable","28":"product-type-variable","29":"has-default-attributes"},"tiered_pricing_type":"percentage","tiered_pricing_fixed_rules":[],"tiered_pricing_product_settings":{"layout":"default","base_unit_name":{"singular":null,"plural":null},"default_variation":null},"tiered_pricing_minimum_quantity":10,"tiered_pricing_roles_data":[],"tiered_pricing_percentage_rules":{"30":"29","50":"35","100":"40","200":"44","500":"47","1000":"49"},"tiered_pricing_maximum_quantity":null,"tiered_pricing_quantity_step":"10","_links":{"self":[{"href":"https:\/\/agoravape.com\/ro\/wp-json\/wp\/v2\/product\/19202","targetHints":{"allow":["GET"]}}],"collection":[{"href":"https:\/\/agoravape.com\/ro\/wp-json\/wp\/v2\/product"}],"about":[{"href":"https:\/\/agoravape.com\/ro\/wp-json\/wp\/v2\/types\/product"}],"replies":[{"embeddable":true,"href":"https:\/\/agoravape.com\/ro\/wp-json\/wp\/v2\/comments?post=19202"}],"version-history":[{"count":0,"href":"https:\/\/agoravape.com\/ro\/wp-json\/wp\/v2\/product\/19202\/revisions"}],"wp:featuredmedia":[{"embeddable":true,"href":"https:\/\/agoravape.com\/ro\/wp-json\/wp\/v2\/media\/19225"}],"wp:attachment":[{"href":"https:\/\/agoravape.com\/ro\/wp-json\/wp\/v2\/media?parent=19202"}],"wp:term":[{"taxonomy":"product_brand","embeddable":true,"href":"https:\/\/agoravape.com\/ro\/wp-json\/wp\/v2\/product_brand?post=19202"},{"taxonomy":"product_cat","embeddable":true,"href":"https:\/\/agoravape.com\/ro\/wp-json\/wp\/v2\/product_cat?post=19202"},{"taxonomy":"product_tag","embeddable":true,"href":"https:\/\/agoravape.com\/ro\/wp-json\/wp\/v2\/product_tag?post=19202"}],"curies":[{"name":"wp","href":"https:\/\/api.w.org\/{rel}","templated":true}]}}