{"id":19230,"date":"2025-10-29T14:58:50","date_gmt":"2025-10-29T06:58:50","guid":{"rendered":"https:\/\/agoravape.com\/?post_type=product&#038;p=19230"},"modified":"2026-03-26T13:22:49","modified_gmt":"2026-03-26T12:22:49","slug":"bang-25000-puffs-ecran-complet-vape","status":"publish","type":"product","link":"https:\/\/agoravape.com\/ro\/product\/bang-25000-puffs-full-screen-vape\/","title":{"rendered":"Bang 25000 Puffs | Num\u0103r masiv de pufuri cu afi\u0219aj pe tot ecranul"},"content":{"rendered":"<h2 data-v-md-heading=\"what-s-so-special-about-bang-25000\" data-v-md-line=\"3\"><img loading=\"lazy\" decoding=\"async\" class=\"aligncenter size-full wp-image-19244\" src=\"https:\/\/agoravape.com\/wp-content\/uploads\/2025\/10\/Bang-25000-Puffs-Massive-Puff-Count-with-a-Full-Screen-Display_Agora_vape-1.webp\" alt=\"\" width=\"1180\" height=\"1950\" srcset=\"https:\/\/agoravape.com\/wp-content\/uploads\/2025\/10\/Bang-25000-Puffs-Massive-Puff-Count-with-a-Full-Screen-Display_Agora_vape-1.webp 1180w, https:\/\/agoravape.com\/wp-content\/uploads\/2025\/10\/Bang-25000-Puffs-Massive-Puff-Count-with-a-Full-Screen-Display_Agora_vape-1-182x300.webp 182w, https:\/\/agoravape.com\/wp-content\/uploads\/2025\/10\/Bang-25000-Puffs-Massive-Puff-Count-with-a-Full-Screen-Display_Agora_vape-1-620x1024.webp 620w, https:\/\/agoravape.com\/wp-content\/uploads\/2025\/10\/Bang-25000-Puffs-Massive-Puff-Count-with-a-Full-Screen-Display_Agora_vape-1-768x1269.webp 768w, https:\/\/agoravape.com\/wp-content\/uploads\/2025\/10\/Bang-25000-Puffs-Massive-Puff-Count-with-a-Full-Screen-Display_Agora_vape-1-929x1536.webp 929w\" sizes=\"auto, (max-width: 1180px) 100vw, 1180px\" \/><\/h2>\n<h2 data-v-md-heading=\"what-s-so-special-about-bang-25000\" data-v-md-line=\"3\">Ce este at\u00e2t de special la Bang 25000?<\/h2>\n<p data-v-md-line=\"5\">Dac\u0103 te-ai s\u0103turat de \u021big\u0103rile electronice de unic\u0103 folosin\u021b\u0103 care se descarc\u0103 f\u0103r\u0103 baterie \u00een decurs de o s\u0103pt\u0103m\u00e2n\u0103, atunci trebuie s\u0103 arunci o privire la acest produs. Bang 25000 este conceput pentru utilizare \u00eendelungat\u0103 \u0219i are o durat\u0103 de via\u021b\u0103 a bateriei de p\u00e2n\u0103 la 25000 de porturi, ceea ce \u00eenseamn\u0103 c\u0103 poate rezista mult timp. Pentru utilizatorii de \u021big\u0103ri electronice care \u00ee\u0219i doresc doar fiabilitate, gust excelent \u0219i utilizare u\u0219oar\u0103, este alegerea perfect\u0103. Ce este cel mai bun? Este echipat cu un ecran mare \u0219i clar, care poate afi\u0219a cu precizie nivelul de lichid r\u0103mas \u0219i puterea bateriei, permi\u021b\u00e2ndu-\u021bi s\u0103 urm\u0103re\u0219ti puterea r\u0103mas\u0103 \u00een orice moment \u0219i s\u0103 evi\u021bi s\u0103 fii luat prin surprindere.<\/p>\n<h2 data-v-md-heading=\"excellent-performance-and-easy-operation\" data-v-md-line=\"7\">Performan\u021b\u0103 excelent\u0103 \u0219i utilizare u\u0219oar\u0103<\/h2>\n<p data-v-md-line=\"9\">Acest dispozitiv este conceput pentru a fi simplu \u0219i eficient. Adev\u0103ratul s\u0103u punct forte const\u0103 \u00een capacitatea mare de 25 ml de lichid pentru \u021bigar\u0103 electronic\u0103, motiv pentru care este at\u00e2t de durabil \u0219i rezistent. Intern, sunt folosite rezisten\u021be de tip plas\u0103 de \u00eenalt\u0103 calitate pentru a asigura c\u0103 fiecare \u00eembuc\u0103tur\u0103 este la fel de delicioas\u0103 ca prima \u00eenghi\u021bitur\u0103, oferind un gust fin \u0219i consistent. C\u00e2nd bateria de 650 mAh este desc\u0103rcat\u0103, aceasta poate fi \u00eenc\u0103rcat\u0103 folosind un cablu de date standard de tip C, care poate fi acela\u0219i cablu folosit pe telefon. Totul este menit s\u0103 v\u0103 u\u0219ureze via\u021ba.<\/p>\n<h2 data-v-md-heading=\"product-specifications\" data-v-md-line=\"11\">Specifica\u021bii ale produsului<\/h2>\n<p data-v-md-line=\"13\">Frecven\u021ba de fumat: p\u00e2n\u0103 la 25000 de pufuri<\/p>\n<p data-v-md-line=\"15\">Concentra\u021bie de nicotin\u0103: Disponibil\u0103 \u00een patru op\u021biuni de concentra\u021bie: 0%, 2%, 3% \u0219i 5%<\/p>\n<p data-v-md-line=\"17\"><strong>Utilizare:<\/strong>\u00a0Inspir\u0103 pentru a activa<\/p>\n<p data-v-md-line=\"19\"><strong>Metod\u0103 de \u00eenc\u0103rcare:<\/strong>\u00a0Interfa\u021b\u0103 USB standard de tip C<\/p>\n<p data-v-md-line=\"21\"><strong>Status:<\/strong>\u00a0Ready to use out of the box<\/p>\n<h2 data-v-md-heading=\"complete-flavor-lineup\" data-v-md-line=\"23\">Gam\u0103 complet\u0103 de arome<\/h2>\n<ul data-v-md-line=\"25\">\n<li>Ghea\u021b\u0103 de pepene verde<\/li>\n<li>Kiwi \u0219i c\u0103p\u0219uni<\/li>\n<li>Ghea\u021b\u0103 de c\u0103p\u0219uni<\/li>\n<li>Mango Piersic\u0103<\/li>\n<li>Afine \u0219i zmeur\u0103<\/li>\n<li>Ment\u0103 cu afine<\/li>\n<li>Fructe mixte<\/li>\n<li>Pepene verde cu c\u0103p\u0219uni<\/li>\n<li>Ghea\u021b\u0103 de struguri<\/li>\n<li>Gum\u0103 de mestecat cu pepene verde<\/li>\n<li>Patinoar albastru<\/li>\n<li>S\u00e2nge de tigru<\/li>\n<\/ul>\n<h2 data-v-md-heading=\"tailored-for-you-and-your-business\" data-v-md-line=\"38\">Adaptat pentru tine \u0219i afacerea ta<\/h2>\n<p data-v-md-line=\"40\">Bang 25000 poate fi achizi\u021bionat separat sau \u00een vrac dac\u0103 sunte\u021bi proprietarul unei afaceri. Acestea sunt v\u00e2ndute \u00een ambalaje en-gros de 200 de unit\u0103\u021bi per cutie, astfel \u00eenc\u00e2t s\u0103 pute\u021bi oferi clien\u021bilor dvs. produse de \u021big\u0103ri electronice durabile \u0219i de lung\u0103 durat\u0103 pe care le \u00eendr\u0103gesc. Colabor\u0103m cu parteneri DDP de \u00eencredere, cum ar fi UPS, DPD \u0219i DHL, pentru toate livr\u0103rile, ceea ce \u00eenseamn\u0103 c\u0103 toate bunurile au fost taxate. Nu trebuie s\u0103 v\u0103 face\u021bi griji cu privire la taxele vamale suplimentare, v\u0103 pute\u021bi bucura de servicii de livrare line \u0219i fiabile.<\/p>\n<h2 data-v-md-heading=\"the-reason-why-you-will-like-it\" data-v-md-line=\"42\">Motivul pentru care \u00ee\u021bi va pl\u0103cea<\/h2>\n<p data-v-md-line=\"44\"><strong>Durat\u0103 de via\u021b\u0103 extrem de lung\u0103 a bateriei:<\/strong>\u00a0Durat\u0103 de via\u021b\u0103 mai lung\u0103 a bateriei, nu este nevoie s\u0103 cump\u0103ra\u021bi frecvent produse noi.<\/p>\n<p data-v-md-line=\"46\"><strong>Selectarea concentra\u021biei de nicotin\u0103:<\/strong>\u00a0Po\u021bi alege concentra\u021bia de nicotin\u0103 care \u021bi se potrive\u0219te.<\/p>\n<p data-v-md-line=\"48\"><strong>Afi\u0219are pe ecran complet:<\/strong>\u00a0Ecranul clar poate afi\u0219a nivelul bateriei \u0219i e-lichidul r\u0103mas, permi\u021b\u00e2ndu-v\u0103 s\u0103 \u00eel controla\u021bi \u00een orice moment.<\/p>\n<p data-v-md-line=\"50\"><strong>Re\u00eenc\u0103rcabil\u0103:<\/strong>\u00a0\u00ee\u021bi permite s\u0103 folose\u0219ti fiecare pic\u0103tur\u0103 de e-lichid pe care o cumperi.<\/p>\n<p data-v-md-line=\"52\"><strong>Miez de atomizare cu plas\u0103:<\/strong>\u00a0Poate aduce un gust stabil \u0219i bogat de fiecare dat\u0103.<\/p>\n<h2 data-v-md-heading=\"why-choose-to-collaborate-with-agoravape\" data-v-md-line=\"54\">De ce s\u0103 alegi s\u0103 colaborezi cu AgoraVape?<\/h2>\n<p data-v-md-line=\"56\">Fiind unul dintre cei mai de \u00eencredere distribuitori de \u021big\u0103ri electronice din Europa, vindem doar produse 100% originale. Pentru clien\u021bii no\u0219tri business, aceasta \u00eenseamn\u0103 c\u0103 Bang 25000 ofer\u0103 pre\u021buri en-gros reduse, asisten\u021b\u0103 fiabil\u0103 \u0219i servicii de livrare rapide \u0219i fiabile. V\u0103 invit\u0103m s\u0103 ne contacta\u021bi \u0219i s\u0103 alege\u021bi un produs care apreciaz\u0103 cu adev\u0103rat clien\u021bii no\u0219tri.<\/p>","protected":false},"excerpt":{"rendered":"<p>What\u2019s so special about Bang 25000? If you\u2019re tired of disposable e-cigarettes that run out of battery before a week,<\/p>","protected":false},"featured_media":19256,"comment_status":"open","ping_status":"closed","template":"","meta":[],"product_brand":[197],"product_cat":[124,187,185,189,123,174,175,193,191,173,186,180,190,192],"product_tag":[],"class_list":{"0":"post-19230","1":"product","2":"type-product","3":"status-publish","4":"has-post-thumbnail","6":"product_brand-bang","7":"product_cat-vape-by-brand","8":"product_cat-0mg-nicotine-free-vapes","9":"product_cat-10000-puffs-high-capacity","10":"product_cat-20mg-standard-nicotine-vapes","11":"product_cat-bang","12":"product_cat-fruit-flavors","13":"product_cat-icy-mint","14":"product_cat-mesh-coil","15":"product_cat-rechargeable-disposables","16":"product_cat-vape-by-flavor-profile","17":"product_cat-vape-by-nicotine-strength","18":"product_cat-vape-by-puff-count","19":"product_cat-vape-by-feature-or-type","20":"product_cat-vapes-with-screens","22":"first","23":"instock","24":"shipping-taxable","25":"purchasable","26":"product-type-variable","27":"has-default-attributes"},"tiered_pricing_type":"percentage","tiered_pricing_fixed_rules":[],"tiered_pricing_product_settings":{"layout":"default","base_unit_name":{"singular":null,"plural":null},"default_variation":null},"tiered_pricing_minimum_quantity":10,"tiered_pricing_roles_data":[],"tiered_pricing_percentage_rules":{"30":"29","50":"35","100":"40","200":"44","500":"47","1000":"49"},"tiered_pricing_maximum_quantity":null,"tiered_pricing_quantity_step":"10","_links":{"self":[{"href":"https:\/\/agoravape.com\/ro\/wp-json\/wp\/v2\/product\/19230","targetHints":{"allow":["GET"]}}],"collection":[{"href":"https:\/\/agoravape.com\/ro\/wp-json\/wp\/v2\/product"}],"about":[{"href":"https:\/\/agoravape.com\/ro\/wp-json\/wp\/v2\/types\/product"}],"replies":[{"embeddable":true,"href":"https:\/\/agoravape.com\/ro\/wp-json\/wp\/v2\/comments?post=19230"}],"version-history":[{"count":0,"href":"https:\/\/agoravape.com\/ro\/wp-json\/wp\/v2\/product\/19230\/revisions"}],"wp:featuredmedia":[{"embeddable":true,"href":"https:\/\/agoravape.com\/ro\/wp-json\/wp\/v2\/media\/19256"}],"wp:attachment":[{"href":"https:\/\/agoravape.com\/ro\/wp-json\/wp\/v2\/media?parent=19230"}],"wp:term":[{"taxonomy":"product_brand","embeddable":true,"href":"https:\/\/agoravape.com\/ro\/wp-json\/wp\/v2\/product_brand?post=19230"},{"taxonomy":"product_cat","embeddable":true,"href":"https:\/\/agoravape.com\/ro\/wp-json\/wp\/v2\/product_cat?post=19230"},{"taxonomy":"product_tag","embeddable":true,"href":"https:\/\/agoravape.com\/ro\/wp-json\/wp\/v2\/product_tag?post=19230"}],"curies":[{"name":"wp","href":"https:\/\/api.w.org\/{rel}","templated":true}]}}