{"id":19379,"date":"2025-10-29T21:14:24","date_gmt":"2025-10-29T13:14:24","guid":{"rendered":"https:\/\/agoravape.com\/?post_type=product&#038;p=19379"},"modified":"2026-03-26T13:22:39","modified_gmt":"2026-03-26T12:22:39","slug":"bang-36000-puffs-mesh-coil-vape","status":"publish","type":"product","link":"https:\/\/agoravape.com\/ro\/product\/bang-36000-puffs-mesh-coil-vape\/","title":{"rendered":"Bang 36000 Puffs | O \u021bigar\u0103 electronic\u0103 cu adev\u0103rat de lung\u0103 durat\u0103"},"content":{"rendered":"<h2 data-v-md-heading=\"what-is-special-about-bang-36000\" data-v-md-line=\"3\"><img loading=\"lazy\" decoding=\"async\" class=\"size-full wp-image-19393 alignright\" src=\"https:\/\/agoravape.com\/wp-content\/uploads\/2025\/10\/Bang-36000-Puffs-A-Seriously-Long-Lasting-Vape_Agora_vape-1.webp\" alt=\"\" width=\"721\" height=\"1192\" srcset=\"https:\/\/agoravape.com\/wp-content\/uploads\/2025\/10\/Bang-36000-Puffs-A-Seriously-Long-Lasting-Vape_Agora_vape-1.webp 721w, https:\/\/agoravape.com\/wp-content\/uploads\/2025\/10\/Bang-36000-Puffs-A-Seriously-Long-Lasting-Vape_Agora_vape-1-181x300.webp 181w, https:\/\/agoravape.com\/wp-content\/uploads\/2025\/10\/Bang-36000-Puffs-A-Seriously-Long-Lasting-Vape_Agora_vape-1-619x1024.webp 619w\" sizes=\"auto, (max-width: 721px) 100vw, 721px\" \/><\/h2>\n<h2 data-v-md-heading=\"what-is-special-about-bang-36000\" data-v-md-line=\"3\">Ce este special la Bang 36000?<\/h2>\n<p data-v-md-line=\"5\">Dac\u0103 te-ai s\u0103turat de \u021big\u0103rile electronice de unic\u0103 folosin\u021b\u0103 care se descarc\u0103 f\u0103r\u0103 baterie \u00een mai pu\u021bin de o s\u0103pt\u0103m\u00e2n\u0103, atunci trebuie s\u0103 arunci o privire la acest produs. Filosofia de design a Bang 36000 este una singur\u0103: durabilitate. Are o autonomie uimitoare a bateriei cu 36000 de porturi, permi\u021b\u00e2ndu-\u021bi s\u0103 evi\u021bi \u00eenlocuirea frecvent\u0103.<\/p>\n<p data-v-md-line=\"7\">Pentru oricine \u00ee\u0219i dore\u0219te un vape fiabil, delicios \u0219i u\u0219or de utilizat, acesta este alegerea perfect\u0103. Nu este nevoie de pa\u0219i plictisitori de ungere sau set\u0103ri complexe. Pur \u0219i simplu scoate\u021bi-l din cutie \u0219i bucura\u021bi-v\u0103 de o experien\u021b\u0103 aparent nesf\u00e2r\u0219it\u0103 \u0219i de lung\u0103 durat\u0103. Este at\u00e2t de simplu.<\/p>\n<h2 data-v-md-heading=\"excellent-performance-and-easy-operation\" data-v-md-line=\"9\">Performan\u021b\u0103 excelent\u0103 \u0219i utilizare u\u0219oar\u0103<\/h2>\n<p data-v-md-line=\"11\">Poate crezi c\u0103 acest vaporizator are at\u00e2t de multe orificii de aspira\u021bie, dar nu este mic ca dimensiuni \u0219i func\u021bionarea este relativ complex\u0103, \u00eens\u0103 vei fi pl\u0103cut surprins s\u0103 descoperi c\u0103 este foarte confortabil de \u021binut \u00een m\u00e2n\u0103. Secretul gustului s\u0103u excelent const\u0103 \u00een miezul de atomizare \u00eencorporat cu o plas\u0103 de 1.0 \u03a9. Simplu spus, asta \u00eenseamn\u0103 c\u0103 fiecare mu\u0219c\u0103tur\u0103 este la fel de pur\u0103 \u0219i bogat\u0103 ca prima, f\u0103r\u0103 niciun gust de ars la jum\u0103tatea timpului.<\/p>\n<p data-v-md-line=\"13\">Chiar dac\u0103 bateria este desc\u0103rcat\u0103, pute\u021bi utiliza un cablu de date standard de tip C pentru \u00eenc\u0103rcare, la fel cum v\u0103 \u00eenc\u0103rca\u021bi telefonul. Acest design simplu v\u0103 asigur\u0103 c\u0103 v\u0103 pute\u021bi bucura pe deplin de e-lichidul de 36 ml pe care l-a\u021bi achizi\u021bionat.<\/p>\n<h2 data-v-md-heading=\"brief-specifications\" data-v-md-line=\"15\">Specifica\u021bii scurte<\/h2>\n<p data-v-md-line=\"17\"><strong>Num\u0103r de orificii de aspira\u021bie:<\/strong>\u00a0p\u00e2n\u0103 la 36000 de porturi<\/p>\n<p data-v-md-line=\"19\"><strong>Concentra\u021bia de nicotin\u0103:<\/strong>\u00a0Disponibil \u00een patru op\u021biuni de concentra\u021bie: 0%, 2%, 3% \u0219i 5%.<\/p>\n<p data-v-md-line=\"21\"><strong>Utilizare:<\/strong>\u00a0Inspir\u0103 pentru a activa<\/p>\n<p data-v-md-line=\"23\"><strong>Metod\u0103 de \u00eenc\u0103rcare:<\/strong>\u00a0Interfa\u021b\u0103 USB standard de tip C<\/p>\n<p data-v-md-line=\"25\"><strong>Status:<\/strong>\u00a0Ready to use out of the box<\/p>\n<h2 data-v-md-heading=\"complete-flavor-lineup\" data-v-md-line=\"27\">Gam\u0103 complet\u0103 de arome<\/h2>\n<ul data-v-md-line=\"29\">\n<li>Ghea\u021b\u0103 de pepene verde<\/li>\n<li>Pepene verde cu c\u0103p\u0219uni<\/li>\n<li>Kiwi \u0219i c\u0103p\u0219uni<\/li>\n<li>C\u0103p\u0219uni \u0219i Mango<\/li>\n<li>C\u0103p\u0219uni \u0219i banane<\/li>\n<li>Ghea\u021ba Dragonului Negru<\/li>\n<li>Ghea\u021b\u0103 de struguri<\/li>\n<li>Patinoar albastru<\/li>\n<li>Afine \u0219i zmeur\u0103<\/li>\n<li>Fructe mixte<\/li>\n<li>Omul cu pepene verde<\/li>\n<li>Triple Berry<\/li>\n<\/ul>\n<h2 data-v-md-heading=\"tailored-for-you-and-your-business\" data-v-md-line=\"42\">Adaptat pentru tine \u0219i afacerea ta<\/h2>\n<p data-v-md-line=\"44\">Bang 36000 este disponibil pentru achizi\u021bionare individual\u0103, iar dac\u0103 sunte\u021bi proprietar de afacere, pute\u021bi achizi\u021biona \u0219i \u00een vrac. Oferim ambalaje en-gros pentru 160 de unit\u0103\u021bi, ceea ce \u00eel face irezistibil pentru clien\u021bii dumneavoastr\u0103.<\/p>\n<p data-v-md-line=\"46\">Facem achizi\u021bia la fel de simpl\u0103 ca utilizarea. Deoarece colabor\u0103m cu parteneri DDP (Delivered Duty Paid) de \u00eencredere, cum ar fi UPS, DPD \u0219i DHL pentru livr\u0103ri \u00een toat\u0103 Europa, nu trebuie s\u0103 v\u0103 face\u021bi griji cu privire la problemele vamale legate de comanda dvs. Oferim servicii simple \u0219i fiabile.<\/p>\n<h2 data-v-md-heading=\"reasons-why-you-will-like-it\" data-v-md-line=\"48\">Motive pentru care \u00ee\u021bi va pl\u0103cea<\/h2>\n<p data-v-md-line=\"50\"><strong>Durat\u0103 de via\u021b\u0103 extrem de lung\u0103 a bateriei:<\/strong>\u00a0Durabil \u0219i de lung\u0103 durat\u0103, economisind bani \u0219i energie.<\/p>\n<p data-v-md-line=\"52\"><strong>Selectarea concentra\u021biei de nicotin\u0103:<\/strong>\u00a0Po\u021bi alege concentra\u021bia de nicotin\u0103 care \u021bi se potrive\u0219te.<\/p>\n<p data-v-md-line=\"54\"><strong>Re\u00eenc\u0103rcabil\u0103:<\/strong>\u00a0\u00ee\u021bi permite s\u0103 folose\u0219ti fiecare pic\u0103tur\u0103 de e-lichid.<\/p>\n<p data-v-md-line=\"56\"><strong>Miez de atomizare cu plas\u0103:<\/strong>\u00a0Poate aduce un gust fin \u0219i bogat de fiecare dat\u0103.<\/p>\n<p data-v-md-line=\"58\"><strong>U\u0219or de utilizat:<\/strong>\u00a0Nu sunt necesare butoane, nu sunt necesare set\u0103ri. Pur \u0219i simplu deschide\u021bi-l \u0219i bucura\u021bi-v\u0103 de el.<\/p>\n<h2 data-v-md-heading=\"why-choose-to-collaborate-with-agoravape\" data-v-md-line=\"60\">De ce s\u0103 alegi s\u0103 colaborezi cu AgoraVape?<\/h2>\n<p data-v-md-line=\"62\">Fiind unul dintre cei mai de \u00eencredere distribuitori de \u021big\u0103ri electronice din Europa, vindem doar produse 100% originale. Pentru clien\u021bii no\u0219tri corporativi, aceasta \u00eenseamn\u0103 c\u0103 \u021big\u0103rile electronice Bang 36000 Puffs ofer\u0103 pre\u021buri reduse en-gros, asisten\u021b\u0103 tehnic\u0103 excelent\u0103 \u0219i livrare rapid\u0103 \u0219i fiabil\u0103. Contacta\u021bi-ne imediat \u0219i achizi\u021biona\u021bi acest produs. Clien\u021bii dvs. \u00eel vor aprecia cu adev\u0103rat.<\/p>\n<p><script src=\"chrome-extension:\/\/fpelahbljekknahkcaegamhcndkfpfnc\/iFrame.js\" type=\"text\/javascript\"><\/script><\/p>","protected":false},"excerpt":{"rendered":"<p>&nbsp;<\/p>\n<p><script src=\"chrome-extension:\/\/fpelahbljekknahkcaegamhcndkfpfnc\/iFrame.js\" type=\"text\/javascript\"><\/script><\/p>\n<p><script src=\"chrome-extension:\/\/fpelahbljekknahkcaegamhcndkfpfnc\/iFrame.js\" type=\"text\/javascript\"><\/script><\/p>","protected":false},"featured_media":19398,"comment_status":"open","ping_status":"closed","template":"","meta":[],"product_brand":[197],"product_cat":[124,187,185,189,123,174,175,193,191,173,186,180,190],"product_tag":[],"class_list":{"0":"post-19379","1":"product","2":"type-product","3":"status-publish","4":"has-post-thumbnail","6":"product_brand-bang","7":"product_cat-vape-by-brand","8":"product_cat-0mg-nicotine-free-vapes","9":"product_cat-10000-puffs-high-capacity","10":"product_cat-20mg-standard-nicotine-vapes","11":"product_cat-bang","12":"product_cat-fruit-flavors","13":"product_cat-icy-mint","14":"product_cat-mesh-coil","15":"product_cat-rechargeable-disposables","16":"product_cat-vape-by-flavor-profile","17":"product_cat-vape-by-nicotine-strength","18":"product_cat-vape-by-puff-count","19":"product_cat-vape-by-feature-or-type","21":"first","22":"instock","23":"shipping-taxable","24":"purchasable","25":"product-type-variable","26":"has-default-attributes"},"tiered_pricing_type":"percentage","tiered_pricing_fixed_rules":[],"tiered_pricing_product_settings":{"layout":"default","base_unit_name":{"singular":null,"plural":null},"default_variation":null},"tiered_pricing_minimum_quantity":10,"tiered_pricing_roles_data":[],"tiered_pricing_percentage_rules":{"30":"29","50":"35","100":"40","200":"44","500":"47","1000":"49"},"tiered_pricing_maximum_quantity":null,"tiered_pricing_quantity_step":"10","_links":{"self":[{"href":"https:\/\/agoravape.com\/ro\/wp-json\/wp\/v2\/product\/19379","targetHints":{"allow":["GET"]}}],"collection":[{"href":"https:\/\/agoravape.com\/ro\/wp-json\/wp\/v2\/product"}],"about":[{"href":"https:\/\/agoravape.com\/ro\/wp-json\/wp\/v2\/types\/product"}],"replies":[{"embeddable":true,"href":"https:\/\/agoravape.com\/ro\/wp-json\/wp\/v2\/comments?post=19379"}],"version-history":[{"count":0,"href":"https:\/\/agoravape.com\/ro\/wp-json\/wp\/v2\/product\/19379\/revisions"}],"wp:featuredmedia":[{"embeddable":true,"href":"https:\/\/agoravape.com\/ro\/wp-json\/wp\/v2\/media\/19398"}],"wp:attachment":[{"href":"https:\/\/agoravape.com\/ro\/wp-json\/wp\/v2\/media?parent=19379"}],"wp:term":[{"taxonomy":"product_brand","embeddable":true,"href":"https:\/\/agoravape.com\/ro\/wp-json\/wp\/v2\/product_brand?post=19379"},{"taxonomy":"product_cat","embeddable":true,"href":"https:\/\/agoravape.com\/ro\/wp-json\/wp\/v2\/product_cat?post=19379"},{"taxonomy":"product_tag","embeddable":true,"href":"https:\/\/agoravape.com\/ro\/wp-json\/wp\/v2\/product_tag?post=19379"}],"curies":[{"name":"wp","href":"https:\/\/api.w.org\/{rel}","templated":true}]}}