{"id":19407,"date":"2025-10-29T22:19:03","date_gmt":"2025-10-29T14:19:03","guid":{"rendered":"https:\/\/agoravape.com\/?post_type=product&#038;p=19407"},"modified":"2026-03-26T13:22:39","modified_gmt":"2026-03-26T12:22:39","slug":"bang-40000-puffs-reincarcabila-vape","status":"publish","type":"product","link":"https:\/\/agoravape.com\/ro\/product\/bang-40000-puffs-rechargeable-vape\/","title":{"rendered":"Bang 40000 Puffs | Arom\u0103 cu adev\u0103rat persistent\u0103"},"content":{"rendered":"<h2 data-v-md-heading=\"what-s-so-special-about-bang-40000\" data-v-md-line=\"3\">Ce este at\u00e2t de special la Bang 40000?<\/h2>\n<p data-v-md-line=\"5\">Dac\u0103 te-ai s\u0103turat de \u021big\u0103rile electronice de unic\u0103 folosin\u021b\u0103 care se consum\u0103 la scurt timp dup\u0103 cump\u0103rare, atunci trebuie s\u0103 arunci o privire la acest produs. Filosofia de design a Bang 40000 este una singur\u0103: durabilitatea. Are o capacitate uria\u0219\u0103 de p\u00e2n\u0103 la 40000 de pufuri, put\u00e2nd fi utilizat\u0103 continuu pentru o perioad\u0103 lung\u0103 de timp, permi\u021b\u00e2ndu-\u021bi s\u0103 evi\u021bi vizitele frecvente la magazinele de vape.<\/p>\n<p data-v-md-line=\"7\">S-ar putea s\u0103 crede\u021bi c\u0103 o \u021bigar\u0103 electronic\u0103 de o capacitate at\u00e2t de mare ar fi voluminoas\u0103 \u0219i impracticabil\u0103, dar designul s\u0103u este surprinz\u0103tor de sofisticat. Pentru utilizatorii care \u00ee\u0219i doresc doar o \u021bigar\u0103 electronic\u0103 fiabil\u0103 \u0219i delicioas\u0103 \u0219i vor s\u0103 se bucure de distrac\u021bia pe care o aduce \u00een fiecare zi, f\u0103r\u0103 a-\u0219i face griji cu privire la reumplerea lichidului electronic sau la efectuarea de set\u0103ri complexe, Bang 40000 este, f\u0103r\u0103 \u00eendoial\u0103, alegerea perfect\u0103.<\/p>\n<h2 data-v-md-heading=\"excellent-performance-and-easy-operation\" data-v-md-line=\"9\">Performan\u021b\u0103 excelent\u0103 \u0219i utilizare u\u0219oar\u0103<\/h2>\n<p data-v-md-line=\"11\">Secretul gustului s\u0103u consistent este miezul atomizatorului \u00eencorporat cu o grosime de 1,2 \u03a9. Simplu spus, asta \u00eenseamn\u0103 c\u0103 poate \u00eenc\u0103lzi uniform e-lichidul, f\u0103c\u00e2nd fiecare \u00eembuc\u0103tur\u0103 la fel de delicioas\u0103 ca prima. Chiar \u0219i spre sf\u00e2r\u0219itul duratei sale de via\u021b\u0103, nu va exista un gust aspru sau o arom\u0103 diminuat\u0103.<\/p>\n<p data-v-md-line=\"13\">Mai mult, c\u00e2nd bateria de 850mAh este desc\u0103rcat\u0103, nu trebuie s\u0103 arunca\u021bi dispozitivul \u00eempreun\u0103 cu lichidul r\u0103mas. Folosi\u021bi doar un cablu de date standard de tip C pentru \u00eenc\u0103rcare - exact a\u0219a cum v\u0103 \u00eenc\u0103rca\u021bi telefonul. Este at\u00e2t de simplu, asigura\u021bi-v\u0103 c\u0103 v\u0103 pute\u021bi bucura pe deplin de fiecare puf de lichid pe care cheltui\u021bi bani.<\/p>\n<h2 data-v-md-heading=\"product-specifications\" data-v-md-line=\"15\">Specifica\u021bii ale produsului<\/h2>\n<p data-v-md-line=\"17\"><strong>Num\u0103r de porturi:<\/strong>\u00a0p\u00e2n\u0103 la 40000 de porturi<\/p>\n<p data-v-md-line=\"19\"><strong>Con\u021binut de nicotin\u0103:<\/strong>\u00a0Mai multe op\u021biuni de concentra\u021bie disponibile (v\u0103 rug\u0103m s\u0103 verifica\u021bi ambalajul)<\/p>\n<p data-v-md-line=\"21\"><strong>Utilizare:<\/strong>\u00a0Inspir\u0103 pentru a activa<\/p>\n<p data-v-md-line=\"23\"><strong>Metod\u0103 de \u00eenc\u0103rcare:<\/strong>\u00a0Interfa\u021b\u0103 USB standard de tip C<\/p>\n<p data-v-md-line=\"25\"><strong>Status:<\/strong>\u00a0Ready to use out of the box<\/p>\n<h2 data-v-md-heading=\"complete-flavor-lineup\" data-v-md-line=\"27\">Gam\u0103 complet\u0103 de arome<\/h2>\n<ul data-v-md-line=\"29\">\n<li>Pepene verde<\/li>\n<li>Pepene verde cu c\u0103p\u0219uni<\/li>\n<li>Kiwi \u0219i c\u0103p\u0219uni<\/li>\n<li>Afine \u0219i zmeur\u0103<\/li>\n<li>Afine \u0219i struguri<\/li>\n<li>B\u0103uturi energizante<\/li>\n<li>Double Apple<\/li>\n<li>Mango and Peach<\/li>\n<li>Afine \u0219i l\u0103m\u00e2i<\/li>\n<li>Ghea\u021b\u0103 de piersic\u0103<\/li>\n<li>Love66 (grepfrut \u0219i fructul pasiunii)<\/li>\n<li>Triple Berry<\/li>\n<\/ul>\n<h2 data-v-md-heading=\"tailored-for-you-and-your-business\" data-v-md-line=\"42\">Adaptat pentru tine \u0219i afacerea ta<\/h2>\n<p data-v-md-line=\"44\">Am lansat pachetele Bang de 40000 de \u021big\u0103ri electronice pentru vape, pe care le pute\u021bi achizi\u021biona separat. Dac\u0103 sunte\u021bi proprietarul unei afaceri, pute\u021bi achizi\u021biona \u0219i \u00een vrac. Acestea sunt livrate \u00een ambalaje en-gros de 128 de unit\u0103\u021bi\/cutie, ceea ce v\u0103 permite s\u0103 p\u0103stra\u021bi suficiente stocuri pe rafturi. Acest produs este durabil \u0219i apreciat de clien\u021bi.<\/p>\n<p data-v-md-line=\"46\">Folosim un serviciu de \u00eencredere Delivered Duty Paid (DDP) \u0219i colabor\u0103m cu parteneri precum UPS, DPD \u0219i DHL pentru a expedia produse \u00een diverse loca\u021bii din Europa. Aceasta \u00eenseamn\u0103 c\u0103 comanda dvs. poate fi livrat\u0103 rapid, f\u0103r\u0103 a v\u0103 face griji cu privire la taxe nea\u0219teptate sau ascunse din partea vamal\u0103, permi\u021b\u00e2ndu-v\u0103 s\u0103 v\u0103 concentra\u021bi asupra opera\u021biunilor comerciale.<\/p>\n<h2 data-v-md-heading=\"the-reason-why-you-will-like-it\" data-v-md-line=\"48\">Motivul pentru care \u00ee\u021bi va pl\u0103cea<\/h2>\n<p data-v-md-line=\"50\"><strong>Durabil \u0219i de lung\u0103 durat\u0103:<\/strong>\u00a0Cu o durat\u0103 de via\u021b\u0103 mai lung\u0103, nu este nevoie s\u0103 cump\u0103ra\u021bi frecvent produse noi.<br \/>\n<strong>Selectarea concentra\u021biei de nicotin\u0103:<\/strong>\u00a0Po\u021bi alege concentra\u021bia de nicotin\u0103 care \u021bi se potrive\u0219te.<br \/>\n<strong>Re\u00eenc\u0103rcabil\u0103:<\/strong>\u00a0\u00ee\u021bi permite s\u0103 consumi tot lichidul pentru \u021bigar\u0103 electronic\u0103 pe care \u00eel cumperi.<br \/>\n<strong>Miez de atomizare cu plas\u0103:<\/strong>\u00a0Poate aduce un gust stabil \u0219i bogat de fiecare dat\u0103.<\/p>\n<h2 data-v-md-heading=\"why-choose-agoravape\" data-v-md-line=\"55\">De ce s\u0103 alegi AgoraVape?<\/h2>\n<p data-v-md-line=\"57\">Fiind unul dintre cei mai de \u00eencredere distribuitori de \u021big\u0103ri electronice din Europa, vindem doar produse 100% originale. Pentru clien\u021bii no\u0219tri corporativi, aceasta \u00eenseamn\u0103 c\u0103 \u021big\u0103rile electronice Bang 40000 Puffs se pot bucura de pre\u021buri en-gros reduse, asisten\u021b\u0103 post-v\u00e2nzare fiabil\u0103 \u0219i servicii de livrare rapid\u0103. Contacta\u021bi-ne imediat \u0219i achizi\u021biona\u021bi acest produs. Clien\u021bii dvs. \u00eel vor aprecia cu adev\u0103rat.<\/p>\n<p><script src=\"chrome-extension:\/\/fpelahbljekknahkcaegamhcndkfpfnc\/iFrame.js\" type=\"text\/javascript\"><\/script><\/p>","protected":false},"excerpt":{"rendered":"<p>&nbsp;<\/p>\n<p><script src=\"chrome-extension:\/\/fpelahbljekknahkcaegamhcndkfpfnc\/iFrame.js\" type=\"text\/javascript\"><\/script><\/p>\n<p><script src=\"chrome-extension:\/\/fpelahbljekknahkcaegamhcndkfpfnc\/iFrame.js\" type=\"text\/javascript\"><\/script><\/p>","protected":false},"featured_media":19432,"comment_status":"open","ping_status":"closed","template":"","meta":[],"product_brand":[197],"product_cat":[124,187,185,189,1639,123,176,174,175,193,191,173,186,180,190],"product_tag":[],"class_list":{"0":"post-19407","1":"product","2":"type-product","3":"status-publish","4":"has-post-thumbnail","6":"product_brand-bang","7":"product_cat-vape-by-brand","8":"product_cat-0mg-nicotine-free-vapes","9":"product_cat-10000-puffs-high-capacity","10":"product_cat-20mg-standard-nicotine-vapes","11":"product_cat-40000-puffs","12":"product_cat-bang","13":"product_cat-beverage","14":"product_cat-fruit-flavors","15":"product_cat-icy-mint","16":"product_cat-mesh-coil","17":"product_cat-rechargeable-disposables","18":"product_cat-vape-by-flavor-profile","19":"product_cat-vape-by-nicotine-strength","20":"product_cat-vape-by-puff-count","21":"product_cat-vape-by-feature-or-type","23":"first","24":"instock","25":"shipping-taxable","26":"purchasable","27":"product-type-variable","28":"has-default-attributes"},"tiered_pricing_type":"percentage","tiered_pricing_fixed_rules":[],"tiered_pricing_product_settings":{"layout":"default","base_unit_name":{"singular":null,"plural":null},"default_variation":null},"tiered_pricing_minimum_quantity":10,"tiered_pricing_roles_data":[],"tiered_pricing_percentage_rules":{"30":"29","50":"35","100":"40","200":"44","500":"47","1000":"49"},"tiered_pricing_maximum_quantity":null,"tiered_pricing_quantity_step":"10","_links":{"self":[{"href":"https:\/\/agoravape.com\/ro\/wp-json\/wp\/v2\/product\/19407","targetHints":{"allow":["GET"]}}],"collection":[{"href":"https:\/\/agoravape.com\/ro\/wp-json\/wp\/v2\/product"}],"about":[{"href":"https:\/\/agoravape.com\/ro\/wp-json\/wp\/v2\/types\/product"}],"replies":[{"embeddable":true,"href":"https:\/\/agoravape.com\/ro\/wp-json\/wp\/v2\/comments?post=19407"}],"version-history":[{"count":0,"href":"https:\/\/agoravape.com\/ro\/wp-json\/wp\/v2\/product\/19407\/revisions"}],"wp:featuredmedia":[{"embeddable":true,"href":"https:\/\/agoravape.com\/ro\/wp-json\/wp\/v2\/media\/19432"}],"wp:attachment":[{"href":"https:\/\/agoravape.com\/ro\/wp-json\/wp\/v2\/media?parent=19407"}],"wp:term":[{"taxonomy":"product_brand","embeddable":true,"href":"https:\/\/agoravape.com\/ro\/wp-json\/wp\/v2\/product_brand?post=19407"},{"taxonomy":"product_cat","embeddable":true,"href":"https:\/\/agoravape.com\/ro\/wp-json\/wp\/v2\/product_cat?post=19407"},{"taxonomy":"product_tag","embeddable":true,"href":"https:\/\/agoravape.com\/ro\/wp-json\/wp\/v2\/product_tag?post=19407"}],"curies":[{"name":"wp","href":"https:\/\/api.w.org\/{rel}","templated":true}]}}