{"id":19458,"date":"2025-10-30T10:15:31","date_gmt":"2025-10-30T02:15:31","guid":{"rendered":"https:\/\/agoravape.com\/?post_type=product&#038;p=19458"},"modified":"2026-01-30T17:05:21","modified_gmt":"2026-01-30T09:05:21","slug":"bang-blaze-20000-puffs-vape","status":"publish","type":"product","link":"https:\/\/agoravape.com\/ro\/product\/bang-blaze-20000-puffs-vape\/","title":{"rendered":"Bang Blaze 20000 Puffs | Capacitate masiv\u0103, simplificat\u0103"},"content":{"rendered":"<h2 data-v-md-heading=\"what-is-special-about-bang-blaze-20000\" data-v-md-line=\"3\"><img loading=\"lazy\" decoding=\"async\" class=\"size-full wp-image-19472 alignright\" src=\"https:\/\/agoravape.com\/wp-content\/uploads\/2025\/10\/Bang-Blaze-20000-Puffs-Massive-Capacity-Made-Simple_Agora_vape-1-scaled.webp\" alt=\"\" width=\"1434\" height=\"2560\" srcset=\"https:\/\/agoravape.com\/wp-content\/uploads\/2025\/10\/Bang-Blaze-20000-Puffs-Massive-Capacity-Made-Simple_Agora_vape-1-scaled.webp 1434w, https:\/\/agoravape.com\/wp-content\/uploads\/2025\/10\/Bang-Blaze-20000-Puffs-Massive-Capacity-Made-Simple_Agora_vape-1-scaled-1200x2142.webp 1200w, https:\/\/agoravape.com\/wp-content\/uploads\/2025\/10\/Bang-Blaze-20000-Puffs-Massive-Capacity-Made-Simple_Agora_vape-1-168x300.webp 168w, https:\/\/agoravape.com\/wp-content\/uploads\/2025\/10\/Bang-Blaze-20000-Puffs-Massive-Capacity-Made-Simple_Agora_vape-1-574x1024.webp 574w, https:\/\/agoravape.com\/wp-content\/uploads\/2025\/10\/Bang-Blaze-20000-Puffs-Massive-Capacity-Made-Simple_Agora_vape-1-768x1371.webp 768w, https:\/\/agoravape.com\/wp-content\/uploads\/2025\/10\/Bang-Blaze-20000-Puffs-Massive-Capacity-Made-Simple_Agora_vape-1-860x1536.webp 860w, https:\/\/agoravape.com\/wp-content\/uploads\/2025\/10\/Bang-Blaze-20000-Puffs-Massive-Capacity-Made-Simple_Agora_vape-1-1147x2048.webp 1147w\" sizes=\"auto, (max-width: 1434px) 100vw, 1434px\" \/><\/h2>\n<h2 data-v-md-heading=\"what-is-special-about-bang-blaze-20000\" data-v-md-line=\"3\">Ce este special la Bang Blaze 20000?<\/h2>\n<p data-v-md-line=\"5\">Dac\u0103 te-ai s\u0103turat de \u021big\u0103rile electronice de unic\u0103 folosin\u021b\u0103 care r\u0103m\u00e2n f\u0103r\u0103 baterie la jum\u0103tatea s\u0103pt\u0103m\u00e2nii, atunci trebuie s\u0103 arunci o privire la acest produs. Conceptul de design al Bang Blaze 20000 este unul singur: durabilitate. Are o capacitate imens\u0103 de p\u00e2n\u0103 la 20000 de porturi, permi\u021b\u00e2ndu-\u021bi s\u0103 te bucuri de o experien\u021b\u0103 de lung\u0103 durat\u0103. Pentru oricine \u00ee\u0219i dore\u0219te o \u021bigar\u0103 electronic\u0103 fiabil\u0103, delicioas\u0103 \u0219i u\u0219or de utilizat, aceasta este alegerea ideal\u0103. Gata de utilizare imediat ce o folose\u0219ti, f\u0103r\u0103 a fi nevoie de opera\u021biuni complicate.<\/p>\n<p data-v-md-line=\"7\">Poate crezi c\u0103 o \u021bigar\u0103 electronic\u0103 de o capacitate at\u00e2t de mare ar fi voluminoas\u0103, dar vei fi surprins de dimensiunile sale deosebite \u0219i de u\u0219urin\u021ba \u00een transport. Acesta este un dispozitiv simplu \u0219i practic, conceput pentru cei care \u0219tiu exact ce \u00ee\u0219i doresc: o \u021bigar\u0103 electronic\u0103 fiabil\u0103 \u0219i durabil\u0103. Unele modele sunt chiar echipate cu ecrane mici \u0219i practice care afi\u0219eaz\u0103 nivelul bateriei \u0219i lichidul r\u0103mas, permi\u021b\u00e2ndu-\u021bi s\u0103 urm\u0103re\u0219ti starea bateriei \u00een orice moment.<\/p>\n<h2 data-v-md-heading=\"excellent-performance-and-easy-operation\" data-v-md-line=\"9\">Performan\u021b\u0103 excelent\u0103 \u0219i utilizare u\u0219oar\u0103<\/h2>\n<p data-v-md-line=\"11\">Secretul gustului s\u0103u excelent const\u0103 \u00een miezul atomizator cu plas\u0103 \u00eencorporat. Simplu spus, poate \u00eenc\u0103lzi lichidul pentru \u021bigar\u0103 electronic\u0103 mai uniform, asigur\u00e2ndu-se c\u0103 fiecare \u00eembuc\u0103tur\u0103 este la fel de delicioas\u0103 ca prima. Nu va exista un gust de ars, ci doar o textur\u0103 constant\u0103 \u0219i fin\u0103. De la \u00eenceput p\u00e2n\u0103 la sf\u00e2r\u0219it, gustul este bogat \u0219i fin.<\/p>\n<p data-v-md-line=\"13\">Chiar dac\u0103 bateria este desc\u0103rcat\u0103, po\u021bi folosi \u00een continuare un cablu de date standard de tip C pentru \u00eenc\u0103rcare \u2013 exact ca \u00een modul \u00een care \u00ee\u021bi \u00eencarci telefonul. De\u0219i este un detaliu mic, \u00eenseamn\u0103 c\u0103 nu mai trebuie s\u0103-\u021bi faci griji cu privire la g\u0103sirea unui cablu de date dedicat. Simplu \u0219i convenabil.<\/p>\n<h2 data-v-md-heading=\"product-specifications\" data-v-md-line=\"15\">Specifica\u021bii ale produsului<\/h2>\n<p data-v-md-line=\"17\"><strong>Frecven\u021ba fumatului:<\/strong>\u00a0p\u00e2n\u0103 la 20000 de pufuri<\/p>\n<p data-v-md-line=\"19\"><strong>Concentra\u021bia de nicotin\u0103:<\/strong>\u00a0Disponibil \u00een patru op\u021biuni de concentra\u021bie: 0%, 2%, 3% \u0219i 5%<\/p>\n<p data-v-md-line=\"21\"><strong>Utilizare:<\/strong>\u00a0Inspir\u0103 pentru a activa<\/p>\n<p data-v-md-line=\"23\"><strong>Metod\u0103 de \u00eenc\u0103rcare:<\/strong>\u00a0Interfa\u021b\u0103 USB standard de tip C<\/p>\n<p data-v-md-line=\"25\"><strong>Status:<\/strong>\u00a0Ready to use out of the box<\/p>\n<h2 data-v-md-heading=\"complete-flavor-lineup\" data-v-md-line=\"27\">Gam\u0103 complet\u0103 de arome<\/h2>\n<ul data-v-md-line=\"29\">\n<li>Arom\u0103 de pepene verde<\/li>\n<li>Strawberry and watermelon flavor<\/li>\n<li>Arom\u0103 de ghea\u021b\u0103 de afine<\/li>\n<li>Blueberry and raspberry flavor<\/li>\n<li>Arom\u0103 de ghea\u021b\u0103 de c\u0103p\u0219uni<\/li>\n<li>Strawberry Strange Fruit Flavor<\/li>\n<li>Arom\u0103 de mango, piersic\u0103, pepene verde<\/li>\n<li>Arom\u0103 de kiwi, fructul pasiunii, guava<\/li>\n<li>Arom\u0103 de \u00eenghe\u021bat\u0103 de piersic\u0103<\/li>\n<li>Arom\u0103 de fructe de p\u0103dure mixte<\/li>\n<li>Arom\u0103 de afine \u0219i struguri<\/li>\n<li>Arom\u0103 de gum\u0103 de mestecat cu pepene verde<\/li>\n<\/ul>\n<h2 data-v-md-heading=\"tailored-for-you-and-your-business\" data-v-md-line=\"42\">Adaptat pentru tine \u0219i afacerea ta<\/h2>\n<p data-v-md-line=\"44\">Bang Blaze 20000 este acum disponibil pentru achizi\u021bionare personal\u0103, iar dac\u0103 sunte\u021bi proprietar de afacere, pute\u021bi achizi\u021biona \u0219i \u00een vrac. Acestea sunt furnizate \u00een cutii en-gros de 10 unit\u0103\u021bi \u0219i \u00een cutii mari de 200 de unit\u0103\u021bi, ceea ce v\u0103 faciliteaz\u0103 plasarea produselor de \u00eenalt\u0103 calitate pe rafturi.<\/p>\n<p data-v-md-line=\"46\">Colabor\u0103m cu parteneri logistici de \u00eencredere, precum UPS, DPD \u0219i DHL, pentru a gestiona toate aspectele logistice. Toate m\u0103rfurile sunt expediate cu respectarea principiului \u201eLivrare cu taxe vamale pl\u0103tite\u201d (DDP), a\u0219a c\u0103 nu trebuie s\u0103 v\u0103 face\u021bi griji cu privire la taxele vamale. Ne angaj\u0103m s\u0103 v\u0103 oferim un proces fluid \u0219i fiabil, permi\u021b\u00e2ndu-v\u0103 s\u0103 ob\u021bine\u021bi cu u\u0219urin\u021b\u0103 produse autentice \u0219i populare.<\/p>\n<h2 data-v-md-heading=\"reasons-why-you-will-like-it\" data-v-md-line=\"48\">Motive pentru care \u00ee\u021bi va pl\u0103cea<\/h2>\n<p data-v-md-line=\"50\"><strong>Durat\u0103 de via\u021b\u0103 extrem de lung\u0103 a bateriei:<\/strong>\u00a0Durabil \u0219i de lung\u0103 durat\u0103, nu este nevoie de cump\u0103r\u0103turi frecvente.<\/p>\n<p data-v-md-line=\"52\"><strong>Selectarea concentra\u021biei de nicotin\u0103:<\/strong>\u00a0Po\u021bi alege concentra\u021bia de nicotin\u0103 care \u021bi se potrive\u0219te, de la f\u0103r\u0103 nicotin\u0103 la 5% nicotin\u0103.<\/p>\n<p data-v-md-line=\"54\"><strong>Re\u00eenc\u0103rcabil\u0103:<\/strong>\u00a0\u00ee\u021bi permite s\u0103 folose\u0219ti fiecare pic\u0103tur\u0103 de e-lichid pe care o cumperi.<\/p>\n<p data-v-md-line=\"56\"><strong>Miez de atomizare cu plas\u0103:<\/strong>\u00a0Poate aduce un gust stabil \u0219i bogat de fiecare dat\u0103.<\/p>\n<h2 data-v-md-heading=\"why-choose-to-collaborate-with-agoravape\" data-v-md-line=\"58\">De ce s\u0103 alegi s\u0103 colaborezi cu AgoraVape?<\/h2>\n<p data-v-md-line=\"60\">Fiind unul dintre cei mai de \u00eencredere distribuitori de \u021big\u0103ri electronice din Europa, vindem doar produse 100% originale. Pentru clien\u021bii no\u0219tri corporativi, aceasta \u00eenseamn\u0103 reduceri de pre\u021b en-gros Bang Blaze 20000, asisten\u021b\u0103 tehnic\u0103 complet\u0103 \u0219i livrare rapid\u0103 \u0219i fiabil\u0103. Contacta\u021bi-ne imediat pentru a v\u0103 face clien\u021bii s\u0103 aprecieze cu adev\u0103rat produsele pe care le oferi\u021bi.<\/p>\n<p><script src=\"chrome-extension:\/\/fpelahbljekknahkcaegamhcndkfpfnc\/iFrame.js\" type=\"text\/javascript\"><\/script><\/p>","protected":false},"excerpt":{"rendered":"<p>&nbsp;<\/p>\n<p><script src=\"chrome-extension:\/\/fpelahbljekknahkcaegamhcndkfpfnc\/iFrame.js\" type=\"text\/javascript\"><\/script><\/p>\n<p><script src=\"chrome-extension:\/\/fpelahbljekknahkcaegamhcndkfpfnc\/iFrame.js\" type=\"text\/javascript\"><\/script><\/p>\n<p><script src=\"chrome-extension:\/\/fpelahbljekknahkcaegamhcndkfpfnc\/iFrame.js\" type=\"text\/javascript\"><\/script><\/p>\n<p><script src=\"chrome-extension:\/\/fpelahbljekknahkcaegamhcndkfpfnc\/iFrame.js\" type=\"text\/javascript\"><\/script><\/p>","protected":false},"featured_media":19483,"comment_status":"open","ping_status":"closed","template":"","meta":[],"product_brand":[197],"product_cat":[124,187,185,1636,189,123,174,175,193,191,173,186,180,190],"product_tag":[],"class_list":{"0":"post-19458","1":"product","2":"type-product","3":"status-publish","4":"has-post-thumbnail","6":"product_brand-bang","7":"product_cat-vape-by-brand","8":"product_cat-0mg-nicotine-free-vapes","9":"product_cat-10000-puffs-high-capacity","10":"product_cat-20000-puffs","11":"product_cat-20mg-standard-nicotine-vapes","12":"product_cat-bang","13":"product_cat-fruit-flavors","14":"product_cat-icy-mint","15":"product_cat-mesh-coil","16":"product_cat-rechargeable-disposables","17":"product_cat-vape-by-flavor-profile","18":"product_cat-vape-by-nicotine-strength","19":"product_cat-vape-by-puff-count","20":"product_cat-vape-by-feature-or-type","22":"first","23":"onbackorder","24":"shipping-taxable","25":"purchasable","26":"product-type-variable","27":"has-default-attributes"},"tiered_pricing_type":"percentage","tiered_pricing_fixed_rules":[],"tiered_pricing_product_settings":{"layout":"default","base_unit_name":{"singular":null,"plural":null},"default_variation":null},"tiered_pricing_minimum_quantity":10,"tiered_pricing_roles_data":[],"tiered_pricing_percentage_rules":{"30":"29","50":"35","100":"40","200":"44","500":"47","1000":"49"},"tiered_pricing_maximum_quantity":null,"tiered_pricing_quantity_step":"10","_links":{"self":[{"href":"https:\/\/agoravape.com\/ro\/wp-json\/wp\/v2\/product\/19458","targetHints":{"allow":["GET"]}}],"collection":[{"href":"https:\/\/agoravape.com\/ro\/wp-json\/wp\/v2\/product"}],"about":[{"href":"https:\/\/agoravape.com\/ro\/wp-json\/wp\/v2\/types\/product"}],"replies":[{"embeddable":true,"href":"https:\/\/agoravape.com\/ro\/wp-json\/wp\/v2\/comments?post=19458"}],"version-history":[{"count":0,"href":"https:\/\/agoravape.com\/ro\/wp-json\/wp\/v2\/product\/19458\/revisions"}],"wp:featuredmedia":[{"embeddable":true,"href":"https:\/\/agoravape.com\/ro\/wp-json\/wp\/v2\/media\/19483"}],"wp:attachment":[{"href":"https:\/\/agoravape.com\/ro\/wp-json\/wp\/v2\/media?parent=19458"}],"wp:term":[{"taxonomy":"product_brand","embeddable":true,"href":"https:\/\/agoravape.com\/ro\/wp-json\/wp\/v2\/product_brand?post=19458"},{"taxonomy":"product_cat","embeddable":true,"href":"https:\/\/agoravape.com\/ro\/wp-json\/wp\/v2\/product_cat?post=19458"},{"taxonomy":"product_tag","embeddable":true,"href":"https:\/\/agoravape.com\/ro\/wp-json\/wp\/v2\/product_tag?post=19458"}],"curies":[{"name":"wp","href":"https:\/\/api.w.org\/{rel}","templated":true}]}}