{"id":19485,"date":"2025-10-30T10:34:52","date_gmt":"2025-10-30T02:34:52","guid":{"rendered":"https:\/\/agoravape.com\/?post_type=product&#038;p=19485"},"modified":"2026-01-13T01:03:16","modified_gmt":"2026-01-12T17:03:16","slug":"bang-blaze-bk40s-40000-puffs-aroma-dubla","status":"publish","type":"product","link":"https:\/\/agoravape.com\/ro\/product\/bang-blaze-bk40s-40000-puffs-dual-flavor\/","title":{"rendered":"Bang Blaze BK40S 40000 Pufuri | Dou\u0103 arome \u00eentr-una, f\u0103r\u0103 b\u0103taie de cap"},"content":{"rendered":"<h2 data-v-md-heading=\"what-is-the-special-feature-of-bang-blaze-bk40s-40000-dual-flavored-vape\" data-v-md-line=\"3\"><img loading=\"lazy\" decoding=\"async\" class=\"size-full wp-image-19499 alignright\" src=\"https:\/\/agoravape.com\/wp-content\/uploads\/2025\/10\/Bang-Blaze-BK40S-40000-Puffs-Two-Flavours-in-One-Zero-Hassle_Agora_vape-1-scaled.webp\" alt=\"\" width=\"828\" height=\"2560\" srcset=\"https:\/\/agoravape.com\/wp-content\/uploads\/2025\/10\/Bang-Blaze-BK40S-40000-Puffs-Two-Flavours-in-One-Zero-Hassle_Agora_vape-1-scaled.webp 828w, https:\/\/agoravape.com\/wp-content\/uploads\/2025\/10\/Bang-Blaze-BK40S-40000-Puffs-Two-Flavours-in-One-Zero-Hassle_Agora_vape-1-97x300.webp 97w, https:\/\/agoravape.com\/wp-content\/uploads\/2025\/10\/Bang-Blaze-BK40S-40000-Puffs-Two-Flavours-in-One-Zero-Hassle_Agora_vape-1-331x1024.webp 331w, https:\/\/agoravape.com\/wp-content\/uploads\/2025\/10\/Bang-Blaze-BK40S-40000-Puffs-Two-Flavours-in-One-Zero-Hassle_Agora_vape-1-497x1536.webp 497w, https:\/\/agoravape.com\/wp-content\/uploads\/2025\/10\/Bang-Blaze-BK40S-40000-Puffs-Two-Flavours-in-One-Zero-Hassle_Agora_vape-1-662x2048.webp 662w, https:\/\/agoravape.com\/wp-content\/uploads\/2025\/10\/Bang-Blaze-BK40S-40000-Puffs-Two-Flavours-in-One-Zero-Hassle_Agora_vape-1-1200x3712.webp 1200w\" sizes=\"auto, (max-width: 828px) 100vw, 828px\" \/><\/h2>\n<h2 data-v-md-heading=\"what-is-the-special-feature-of-bang-blaze-bk40s-40000-dual-flavored-vape\" data-v-md-line=\"3\">Care este caracteristica special\u0103 a \u021big\u0103rii electronice cu arom\u0103 dubl\u0103 Bang Blaze BK40S 40000?<\/h2>\n<p data-v-md-line=\"5\">Bine, hai s\u0103 vorbim despre plictiseal\u0103. Ai cump\u0103rat o \u021bigar\u0103 electronic\u0103 de unic\u0103 folosin\u021b\u0103 cu capacitate mare, sper\u00e2nd c\u0103 va rezista mult timp, dar dup\u0103 c\u00e2teva zile te vei plictisi de acela\u0219i gust. \u00cen acest moment, Bang Blaze BK40S \u021bi-a fost de folos. Acest dispozitiv submineaz\u0103 experien\u021ba tradi\u021bional\u0103 a \u021big\u0103rilor electronice prin amestecarea a dou\u0103 arome complet diferite \u0219i rafinate \u00eentr-o singur\u0103 \u021bigar\u0103 electronic\u0103. Vrei o schimbare de gust? Ap\u0103s\u0103 u\u0219or comutatorul.<\/p>\n<p data-v-md-line=\"7\">Pentru cei care se bucur\u0103 de arome diverse, dar nu vor s\u0103 aib\u0103 dou\u0103 dispozitive cu ei, este alegerea perfect\u0103. Dac\u0103 dori\u021bi doar o \u021bigar\u0103 electronic\u0103 fiabil\u0103, delicioas\u0103 \u0219i proasp\u0103t\u0103, atunci acest produs merit\u0103 cu siguran\u021b\u0103 aten\u021bia dumneavoastr\u0103. Aceast\u0103 \u021bigar\u0103 electronic\u0103 este conceput\u0103 pentru durabilitate \u0219i poate oferi o experien\u021b\u0103 de fumat de p\u00e2n\u0103 la 40000 de pufuri.<\/p>\n<h2 data-v-md-heading=\"excellent-performance-and-easy-operation\" data-v-md-line=\"9\">Performan\u021b\u0103 excelent\u0103 \u0219i utilizare u\u0219oar\u0103<\/h2>\n<p data-v-md-line=\"11\">S-ar putea s\u0103 crezi c\u0103 un vaporizator cu at\u00e2t de multe porturi de fumat \u0219i dou\u0103 arome ar fi complicat, dar \u00een realitate este foarte simplu. Misterul const\u0103 \u00een designul rezisten\u021bei cu plas\u0103 dubl\u0103. Aceasta \u00eenseamn\u0103 c\u0103, indiferent de aroma pe care o alegi, fiecare \u00eembuc\u0103tur\u0103 este la fel de delicioas\u0103 ca prima - gustul este consistent, bl\u00e2nd \u0219i fin, p\u00e2n\u0103 la ultima \u00eembuc\u0103tur\u0103.<\/p>\n<p data-v-md-line=\"13\">Chiar dac\u0103 bateria este desc\u0103rcat\u0103, nu trebuie s\u0103 v\u0103 face\u021bi griji. Folosi\u021bi doar un cablu de date standard de tip C pentru a \u00eenc\u0103rca, la fel cum v\u0103 \u00eenc\u0103rca\u021bi telefonul. Aceasta \u00eenseamn\u0103 c\u0103 pute\u021bi utiliza la maximum cei 40 ml de lichid electronic pe care i-a\u021bi achizi\u021bionat f\u0103r\u0103 a l\u0103sa nicio pic\u0103tur\u0103. Totul este menit s\u0103 v\u0103 u\u0219ureze via\u021ba.<\/p>\n<h2 data-v-md-heading=\"quick-specifications\" data-v-md-line=\"15\">Specifica\u021bii rapide<\/h2>\n<p data-v-md-line=\"17\"><strong>Frecven\u021ba fumatului:<\/strong>\u00a0p\u00e2n\u0103 la 40000 de pufuri<\/p>\n<p data-v-md-line=\"19\"><strong>Concentra\u021bia de nicotin\u0103:<\/strong>\u00a0Disponibil \u00een trei concentra\u021bii: 2%, 3% \u0219i 5%<\/p>\n<p data-v-md-line=\"21\"><strong>Utilizare:<\/strong>\u00a0Activarea prin inhalare poate fi comutat\u0103 printr-un simplu comutator gustativ<\/p>\n<p data-v-md-line=\"23\"><strong>Metod\u0103 de \u00eenc\u0103rcare:<\/strong>\u00a0Interfa\u021b\u0103 USB standard de tip C<\/p>\n<p data-v-md-line=\"25\"><strong>Status:<\/strong>\u00a0Ready to use out of the box<\/p>\n<h2 data-v-md-heading=\"complete-flavor-lineup\" data-v-md-line=\"27\">Gam\u0103 complet\u0103 de arome<\/h2>\n<p data-v-md-line=\"29\">Emo\u021bia se afl\u0103 aici. Fiecare dispozitiv vine preinstalat cu dou\u0103 arome perfect potrivite.<\/p>\n<ul data-v-md-line=\"31\">\n<li>Arom\u0103 de pepene verde\/arom\u0103 de pepene verde cu c\u0103p\u0219uni<\/li>\n<li>Arom\u0103 de ghea\u021b\u0103 de afine\/Arom\u0103 de zmeur\u0103 de afine<\/li>\n<li>Arom\u0103 de ghea\u021b\u0103 de mango\/arom\u0103 de c\u0103p\u0219uni \u0219i mango<\/li>\n<li>Arom\u0103 de pepene verde\/Arom\u0103 de gum\u0103 de mestecat cu pepene verde<\/li>\n<li>Arom\u0103 de ghea\u021b\u0103 de ananas\/Arom\u0103 de ananas \u0219i nuc\u0103 de cocos<\/li>\n<li>Arom\u0103 de fructe mixte\/Arom\u0103 de trei fructe de p\u0103dure<\/li>\n<li>Arom\u0103 de piersic\u0103 \u00eenghe\u021bat\u0103\/Arom\u0103 de mango \u0219i piersic\u0103<\/li>\n<li>Arom\u0103 de cire\u0219e\/Arom\u0103 de cola cu cire\u0219e<\/li>\n<li>Arom\u0103 de struguri\/Arom\u0103 de afine<\/li>\n<li>Arom\u0103 de ment\u0103\/Arom\u0103 de afine \u0219i ment\u0103<\/li>\n<li>Arom\u0103 de Black Dragon Ice\/Arom\u0103 de Red Bull<\/li>\n<li>Arom\u0103 de ghea\u021b\u0103 de c\u0103p\u0219uni\/Arom\u0103 de fructe ciudate de c\u0103p\u0219uni<\/li>\n<\/ul>\n<h2 data-v-md-heading=\"tailored-for-you-and-your-business\" data-v-md-line=\"44\">Adaptat pentru tine \u0219i afacerea ta<\/h2>\n<p data-v-md-line=\"46\">Bang Blaze BK40S este acum disponibil pentru achizi\u021bionarea la sticl\u0103 individual\u0103, iar dac\u0103 sunte\u021bi proprietarul unei afaceri, pute\u021bi achizi\u021biona \u0219i \u00een vrac. Oferim ambalaje en-gros de 200 de sticle\/cutie, ceea ce v\u0103 permite s\u0103 oferi\u021bi clien\u021bilor produse cu adev\u0103rat unice.<\/p>\n<p data-v-md-line=\"48\">Colabor\u0103m cu parteneri de \u00eencredere Delivered Duty Paid (DDP), precum UPS, DPD \u0219i DHL, pentru a transporta produse \u00een diverse loca\u021bii din Europa. Aceasta \u00eenseamn\u0103 c\u0103 pute\u021bi primi rapid comenzi, pute\u021bi urm\u0103ri informa\u021biile logistice pe tot parcursul procesului \u0219i nu v\u0103 pute\u021bi face griji cu privire la taxele vamale suplimentare. Totul este simplu \u0219i clar, la fel ca produsele pe care le vindem.<\/p>\n<h2 data-v-md-heading=\"reasons-why-you-will-like-it\" data-v-md-line=\"50\">Motive pentru care \u00ee\u021bi va pl\u0103cea<\/h2>\n<p data-v-md-line=\"52\"><strong>Durat\u0103 de via\u021b\u0103 extrem de lung\u0103 a bateriei:<\/strong>\u00a0Durabil \u0219i de lung\u0103 durat\u0103, nu este nevoie de cump\u0103r\u0103turi frecvente.<\/p>\n<p data-v-md-line=\"54\"><strong>Arome duble:<\/strong>\u00a0\u00ee\u021bi permite s\u0103 schimbi aromele \u00een orice moment, lu\u00e2nd adio monotoniei.<\/p>\n<p data-v-md-line=\"56\"><strong>Re\u00eenc\u0103rcabil\u0103:<\/strong>\u00a0Cu o baterie cu o capacitate de 650 mAh, te po\u021bi bucura pe deplin de e-lichid.<\/p>\n<p data-v-md-line=\"58\"><strong>Miez de atomizor cu plas\u0103 dubl\u0103:<\/strong>\u00a0Poate aduce un gust stabil \u0219i bogat de fiecare dat\u0103.<\/p>\n<h2 data-v-md-heading=\"why-choose-agoravape\" data-v-md-line=\"60\">De ce s\u0103 alegi AgoraVape?<\/h2>\n<p data-v-md-line=\"62\">Fiind unul dintre cei mai de \u00eencredere distribuitori de \u021big\u0103ri electronice din Europa, vindem doar produse 100% originale. Pentru clien\u021bii no\u0219tri corporativi, aceasta \u00eenseamn\u0103 c\u0103 Bang Blaze BK40S ofer\u0103 pre\u021buri reduse en-gros, asisten\u021b\u0103 tehnic\u0103 complet\u0103 \u0219i livrare rapid\u0103 \u0219i fiabil\u0103. Contacta\u021bi-ne pentru a v\u0103 face clien\u021bii s\u0103 aprecieze cu adev\u0103rat produsele pe care le oferim.<\/p>","protected":false},"excerpt":{"rendered":"<p>&nbsp;<\/p>\n<p><script src=\"chrome-extension:\/\/fpelahbljekknahkcaegamhcndkfpfnc\/iFrame.js\" type=\"text\/javascript\"><\/script><\/p>\n<p><script src=\"chrome-extension:\/\/fpelahbljekknahkcaegamhcndkfpfnc\/iFrame.js\" type=\"text\/javascript\"><\/script><\/p>\n<p><script src=\"chrome-extension:\/\/fpelahbljekknahkcaegamhcndkfpfnc\/iFrame.js\" type=\"text\/javascript\"><\/script><\/p>","protected":false},"featured_media":19509,"comment_status":"open","ping_status":"closed","template":"","meta":[],"product_brand":[197],"product_cat":[124,187,185,189,1639,123,176,195,174,175,193,191,173,186,180,190],"product_tag":[],"class_list":{"0":"post-19485","1":"product","2":"type-product","3":"status-publish","4":"has-post-thumbnail","6":"product_brand-bang","7":"product_cat-vape-by-brand","8":"product_cat-0mg-nicotine-free-vapes","9":"product_cat-10000-puffs-high-capacity","10":"product_cat-20mg-standard-nicotine-vapes","11":"product_cat-40000-puffs","12":"product_cat-bang","13":"product_cat-beverage","14":"product_cat-dual-flavor-switch","15":"product_cat-fruit-flavors","16":"product_cat-icy-mint","17":"product_cat-mesh-coil","18":"product_cat-rechargeable-disposables","19":"product_cat-vape-by-flavor-profile","20":"product_cat-vape-by-nicotine-strength","21":"product_cat-vape-by-puff-count","22":"product_cat-vape-by-feature-or-type","24":"first","25":"instock","26":"shipping-taxable","27":"purchasable","28":"product-type-variable","29":"has-default-attributes"},"tiered_pricing_type":"percentage","tiered_pricing_fixed_rules":[],"tiered_pricing_product_settings":{"layout":"default","base_unit_name":{"singular":null,"plural":null},"default_variation":null},"tiered_pricing_minimum_quantity":10,"tiered_pricing_roles_data":[],"tiered_pricing_percentage_rules":{"30":"29","50":"35","100":"40","200":"44","500":"47","1000":"49"},"tiered_pricing_maximum_quantity":null,"tiered_pricing_quantity_step":"10","_links":{"self":[{"href":"https:\/\/agoravape.com\/ro\/wp-json\/wp\/v2\/product\/19485","targetHints":{"allow":["GET"]}}],"collection":[{"href":"https:\/\/agoravape.com\/ro\/wp-json\/wp\/v2\/product"}],"about":[{"href":"https:\/\/agoravape.com\/ro\/wp-json\/wp\/v2\/types\/product"}],"replies":[{"embeddable":true,"href":"https:\/\/agoravape.com\/ro\/wp-json\/wp\/v2\/comments?post=19485"}],"version-history":[{"count":0,"href":"https:\/\/agoravape.com\/ro\/wp-json\/wp\/v2\/product\/19485\/revisions"}],"wp:featuredmedia":[{"embeddable":true,"href":"https:\/\/agoravape.com\/ro\/wp-json\/wp\/v2\/media\/19509"}],"wp:attachment":[{"href":"https:\/\/agoravape.com\/ro\/wp-json\/wp\/v2\/media?parent=19485"}],"wp:term":[{"taxonomy":"product_brand","embeddable":true,"href":"https:\/\/agoravape.com\/ro\/wp-json\/wp\/v2\/product_brand?post=19485"},{"taxonomy":"product_cat","embeddable":true,"href":"https:\/\/agoravape.com\/ro\/wp-json\/wp\/v2\/product_cat?post=19485"},{"taxonomy":"product_tag","embeddable":true,"href":"https:\/\/agoravape.com\/ro\/wp-json\/wp\/v2\/product_tag?post=19485"}],"curies":[{"name":"wp","href":"https:\/\/api.w.org\/{rel}","templated":true}]}}