{"id":19539,"date":"2025-10-30T11:23:46","date_gmt":"2025-10-30T03:23:46","guid":{"rendered":"https:\/\/agoravape.com\/?post_type=product&#038;p=19539"},"modified":"2026-01-30T17:04:35","modified_gmt":"2026-01-30T09:04:35","slug":"bang-blaze-60000-puffs-aroma-vape","status":"publish","type":"product","link":"https:\/\/agoravape.com\/ro\/product\/bang-blaze-60000-puffs-flavor-vape\/","title":{"rendered":"Bang Blaze 60000 Puffs | Patru arome \u00eentr-un singur dispozitiv simplu"},"content":{"rendered":"<h2 data-v-md-heading=\"what-s-special-about-bang-blaze-60000\" data-v-md-line=\"3\"><img loading=\"lazy\" decoding=\"async\" class=\"aligncenter size-full wp-image-19556\" src=\"https:\/\/agoravape.com\/wp-content\/uploads\/2025\/10\/Bang-Blaze-60000-Puffs-Four-Flavours-in-One-Simple-Device_Agora_vape-4-scaled.webp\" alt=\"\" width=\"2560\" height=\"1280\" srcset=\"https:\/\/agoravape.com\/wp-content\/uploads\/2025\/10\/Bang-Blaze-60000-Puffs-Four-Flavours-in-One-Simple-Device_Agora_vape-4-scaled.webp 2560w, https:\/\/agoravape.com\/wp-content\/uploads\/2025\/10\/Bang-Blaze-60000-Puffs-Four-Flavours-in-One-Simple-Device_Agora_vape-4-scaled-1200x600.webp 1200w, https:\/\/agoravape.com\/wp-content\/uploads\/2025\/10\/Bang-Blaze-60000-Puffs-Four-Flavours-in-One-Simple-Device_Agora_vape-4-300x150.webp 300w, https:\/\/agoravape.com\/wp-content\/uploads\/2025\/10\/Bang-Blaze-60000-Puffs-Four-Flavours-in-One-Simple-Device_Agora_vape-4-1024x512.webp 1024w, https:\/\/agoravape.com\/wp-content\/uploads\/2025\/10\/Bang-Blaze-60000-Puffs-Four-Flavours-in-One-Simple-Device_Agora_vape-4-768x384.webp 768w, https:\/\/agoravape.com\/wp-content\/uploads\/2025\/10\/Bang-Blaze-60000-Puffs-Four-Flavours-in-One-Simple-Device_Agora_vape-4-1536x768.webp 1536w, https:\/\/agoravape.com\/wp-content\/uploads\/2025\/10\/Bang-Blaze-60000-Puffs-Four-Flavours-in-One-Simple-Device_Agora_vape-4-2048x1024.webp 2048w\" sizes=\"auto, (max-width: 2560px) 100vw, 2560px\" \/><\/h2>\n<h2 data-v-md-heading=\"what-s-special-about-bang-blaze-60000\" data-v-md-line=\"3\">Ce este special la Bang Blaze 60000?<\/h2>\n<p data-v-md-line=\"5\">Ca s\u0103 fiu sincer, este firesc ca oamenii s\u0103 se plictiseasc\u0103 de \u021big\u0103rile electronice cu o singur\u0103 arom\u0103. Poate c\u0103 \u00ee\u021bi place s\u0103pt\u0103m\u00e2na aceasta, dar s\u0103pt\u0103m\u00e2na viitoare vrei s\u0103-\u021bi schimbi gusturile. Bang Blaze 60000 \u0219tie bine asta. Acest dispozitiv inteligent integreaz\u0103 patru arome diferite de cartu\u0219e de \u021bigar\u0103 \u00eentr-unul singur, care pot fi schimbate cu o simpl\u0103 rotire u\u0219oar\u0103, permi\u021b\u00e2ndu-\u021bi s\u0103 te bucuri de prospe\u021bime oric\u00e2nd, oriunde.<\/p>\n<p data-v-md-line=\"7\">\u00cen mod normal, trebuie s\u0103 ai cu tine patru \u021big\u0103ri electronice diferite pentru a experimenta o varietate at\u00e2t de bogat\u0103 de arome, dar Bang Blaze combin\u0103 toate caracteristicile \u00eentr-unul singur. Pentru persoanele c\u0103rora le place s\u0103 \u00eencerce diferite arome, dar nu vor s\u0103 care mult echipament sau pentru cele care au dificult\u0103\u021bi \u00een a lua o decizie, este alegerea perfect\u0103. Acest dispozitiv are o durat\u0103 de via\u021b\u0103 a bateriei de p\u00e2n\u0103 la 60000 de porturi \u0219i este durabil.<\/p>\n<h2 data-v-md-heading=\"excellent-performance-and-easy-operation\" data-v-md-line=\"9\">Performan\u021b\u0103 excelent\u0103 \u0219i utilizare u\u0219oar\u0103<\/h2>\n<p data-v-md-line=\"11\">Are o rezisten\u021b\u0103 \u00eencorporat\u0103 cu o rezolu\u021bie de 1.0 \u03a9, ceea ce \u00eenseamn\u0103 c\u0103 fiecare \u00eembuc\u0103tur\u0103 este la fel de delicioas\u0103 ca prima. Gustul este consistent, plin \u0219i bogat \u0219i nu va exista niciodat\u0103 un gust dezam\u0103gitor de ars, precum alte \u021big\u0103ri electronice.<\/p>\n<p data-v-md-line=\"13\">Este echipat cu o baterie cu o capacitate de p\u00e2n\u0103 la 650 mAh, oferind o autonomie de lung\u0103 durat\u0103. C\u00e2nd bateria este desc\u0103rcat\u0103, pur \u0219i simplu utiliza\u021bi un cablu de date standard de tip C pentru a \u00eenc\u0103rca - exact a\u0219a cum v\u0103 \u00eenc\u0103rca\u021bi telefonul. Simplu \u0219i convenabil.<\/p>\n<h2 data-v-md-heading=\"quick-specifications\" data-v-md-line=\"15\">Specifica\u021bii rapide<\/h2>\n<p data-v-md-line=\"17\"><strong>Frecven\u021ba fumatului:<\/strong>\u00a0p\u00e2n\u0103 la 60000 de pufuri<\/p>\n<p data-v-md-line=\"19\"><strong>Concentra\u021bia de nicotin\u0103:<\/strong>\u00a0Disponibil \u00een patru op\u021biuni de concentra\u021bie: 0%, 2%, 3% \u0219i 5%<\/p>\n<p data-v-md-line=\"21\"><strong>Utilizare:<\/strong>\u00a0Inspir\u0103 pentru a activa<\/p>\n<p data-v-md-line=\"23\"><strong>Metod\u0103 de \u00eenc\u0103rcare:<\/strong>\u00a0Interfa\u021b\u0103 USB standard de tip C<\/p>\n<p data-v-md-line=\"25\"><strong>Status:<\/strong>\u00a0Ready to use out of the box<\/p>\n<h2 data-v-md-heading=\"rich-flavor-options\" data-v-md-line=\"27\">Rich flavor options<\/h2>\n<p data-v-md-line=\"29\">Fiecare dispozitiv vine preinstalat cu patru combina\u021bii complementare de arome. Trebuie doar s\u0103 alege\u021bi combina\u021bia pe care dori\u021bi s\u0103 o utiliza\u021bi.<\/p>\n<p data-v-md-line=\"31\"><strong>Grupa 1:<\/strong>\u00a0Ghea\u021b\u0103 de pepene verde\/Ment\u0103 de afine\/Ghea\u021b\u0103 Fuji\/Romantism de l\u0103m\u00e2ie<br \/>\n<strong>Grupa 2:<\/strong>\u00a0Pepene Verde \u00cenghe\u021bat\/Afine Cire\u0219e\/Or\u0103 de Var\u0103\/Mango Acru Ananas<br \/>\n<strong>Grupa 3:<\/strong>\u00a0Ghea\u021b\u0103 de afine\/Ghea\u021b\u0103 de piersici\/Bomb\u0103 curcubeu\/L\u0103m\u00e2ie-lime<br \/>\n<strong>Grupa 4:<\/strong>\u00a0Ghea\u021b\u0103 de afine\/Piersic\u0103, Mango, Pepene verde\/S\u0103rut pasional\/M\u0103r cu miere<br \/>\n<strong>Grupa 5:<\/strong>\u00a0Afine, zmeur\u0103, fructe de p\u0103dure mixte, cire\u0219e californiene, mango din fructul pasiunii<br \/>\n<strong>Grupa 6:<\/strong>\u00a0Afine, zmeur\u0103, \u00eenghe\u021bat\u0103 de struguri, \u00eenghe\u021bat\u0103 de fructe de p\u0103dure, aloe vera, mango, pepene galben<br \/>\n<strong>Grupa 7:<\/strong>\u00a0B\u0103uturi energizante\/c\u0103p\u0219uni, banane, mango, piersici, caise, fructul pasiunii, kiwi, lime<br \/>\n<strong>Grupa 8:<\/strong>\u00a0B\u0103uturi energizante\/afine \u0219i pepeni verzi\/mere acri\u0219oare \u0219i zmeur\u0103\/ursule\u021bi de mestecat<br \/>\n<strong>Grupa 9:<\/strong>\u00a0C\u0103p\u0219uni \u0219i Mango\/Gum\u0103 de mestecat cu pepene verde\/Mojito Ro\u0219u\/Love 66<br \/>\n<strong>Grupa 10:<\/strong>\u00a0C\u0103p\u0219uni Mango\/C\u0103p\u0219uni Kiwi\/M\u0103r Struguri\/Pepene Verde Fructul Dragonului<br \/>\n<strong>Grupa 11:<\/strong>\u00a0C\u0103p\u0219uni \u0219i pepene verde\/Ap\u0103 de dragon negru\/Pepene triplu cu miere\/Struguri cu meri\u0219or<br \/>\n<strong>Grupa 12:<\/strong>\u00a0C\u0103p\u0219uni Pepene Verde\/Kiwi Fructul Pasiunii Guava\/Mango \u00cenghe\u021bat\u0103\/Pepene Verde Piersic\u0103 Acri\u0219oar\u0103<\/p>\n<h2 data-v-md-heading=\"tailored-for-you-and-your-business\" data-v-md-line=\"44\">Adaptat pentru tine \u0219i afacerea ta<\/h2>\n<p data-v-md-line=\"46\">Bang Blaze 60000 este acum disponibil pentru achizi\u021bionarea la sticl\u0103 individual\u0103, iar dac\u0103 sunte\u021bi proprietarul unei afaceri, pute\u021bi achizi\u021biona \u0219i \u00een vrac. Oferim ambalaje en-gros de 100 sau 200 de sticle, ceea ce v\u0103 faciliteaz\u0103 aprovizionarea \u0219i v\u0103 asigur\u0103 c\u0103 rafturile dvs. sunt \u00eentotdeauna pline de produse pe care clien\u021bii le iubesc cu adev\u0103rat.<\/p>\n<p data-v-md-line=\"48\">Colabor\u0103m cu parteneri de \u00eencredere Delivered Duty Paid (DDP), precum UPS, DPD \u0219i DHL, pentru a gestiona toate aspectele legate de transport. Aceasta \u00eenseamn\u0103 c\u0103 pre\u021bul afi\u0219at este pre\u021bul final pe care \u00eel pl\u0103ti\u021bi, f\u0103r\u0103 a v\u0103 face griji cu privire la taxele vamale sau \u00eent\u00e2rzieri.<\/p>\n<h2 data-v-md-heading=\"reasons-why-you-will-like-it\" data-v-md-line=\"50\">Motive pentru care \u00ee\u021bi va pl\u0103cea<\/h2>\n<p data-v-md-line=\"52\"><strong>Patru arome \u00eentr-una singur\u0103:<\/strong>\u00a0Po\u021bi schimba aromele oric\u00e2nd f\u0103r\u0103 a schimba dispozitivul.<\/p>\n<p data-v-md-line=\"54\"><strong>Durabil:<\/strong>\u00a0Durabil, nu este nevoie s\u0103 cump\u0103ra\u021bi frecvent cartu\u0219e noi.<\/p>\n<p data-v-md-line=\"56\"><strong>Selectarea concentra\u021biei de nicotin\u0103:<\/strong>\u00a0Po\u021bi alege concentra\u021bia de nicotin\u0103 care \u021bi se potrive\u0219te.<\/p>\n<p data-v-md-line=\"58\"><strong>Re\u00eenc\u0103rcabil\u0103:<\/strong>\u00a0\u00eenseamn\u0103 c\u0103 po\u021bi utiliza pe deplin fiecare pic\u0103tur\u0103 de e-lichid pe care o cumperi.<\/p>\n<p data-v-md-line=\"60\"><strong>Miez de atomizare cu plas\u0103:<\/strong>\u00a0Poate aduce un gust stabil \u0219i bogat de fiecare dat\u0103.<\/p>\n<h2 data-v-md-heading=\"why-choose-to-collaborate-with-agoravape\" data-v-md-line=\"62\">De ce s\u0103 alegi s\u0103 colaborezi cu AgoraVape?<\/h2>\n<p data-v-md-line=\"64\">Fiind unul dintre cei mai de \u00eencredere distribuitori de \u021big\u0103ri electronice din Europa, vindem doar produse 100% originale. Pentru clien\u021bii no\u0219tri corporativi, aceasta \u00eenseamn\u0103 reduceri la pre\u021bul en-gros al Bang Blaze 60000, asisten\u021b\u0103 tehnic\u0103 complet\u0103 \u0219i livrare rapid\u0103 \u0219i fiabil\u0103. Contacta\u021bi-ne pentru a avea acest produs pe care clien\u021bii dvs. \u00eel vor aprecia cu adev\u0103rat.<\/p>\n<p><script src=\"chrome-extension:\/\/fpelahbljekknahkcaegamhcndkfpfnc\/iFrame.js\" type=\"text\/javascript\"><\/script><\/p>","protected":false},"excerpt":{"rendered":"<p>&nbsp;<\/p>\n<p><script src=\"chrome-extension:\/\/fpelahbljekknahkcaegamhcndkfpfnc\/iFrame.js\" type=\"text\/javascript\"><\/script><\/p>\n<p><script src=\"chrome-extension:\/\/fpelahbljekknahkcaegamhcndkfpfnc\/iFrame.js\" type=\"text\/javascript\"><\/script><\/p>\n<p><script src=\"chrome-extension:\/\/fpelahbljekknahkcaegamhcndkfpfnc\/iFrame.js\" type=\"text\/javascript\"><\/script><\/p>","protected":false},"featured_media":19563,"comment_status":"open","ping_status":"closed","template":"","meta":[],"product_brand":[197],"product_cat":[124,187,185,189,1642,123,176,177,195,174,175,193,191,173,186,180,190],"product_tag":[],"class_list":{"0":"post-19539","1":"product","2":"type-product","3":"status-publish","4":"has-post-thumbnail","6":"product_brand-bang","7":"product_cat-vape-by-brand","8":"product_cat-0mg-nicotine-free-vapes","9":"product_cat-10000-puffs-high-capacity","10":"product_cat-20mg-standard-nicotine-vapes","11":"product_cat-60000-puffs","12":"product_cat-bang","13":"product_cat-beverage","14":"product_cat-dessert-sweets","15":"product_cat-dual-flavor-switch","16":"product_cat-fruit-flavors","17":"product_cat-icy-mint","18":"product_cat-mesh-coil","19":"product_cat-rechargeable-disposables","20":"product_cat-vape-by-flavor-profile","21":"product_cat-vape-by-nicotine-strength","22":"product_cat-vape-by-puff-count","23":"product_cat-vape-by-feature-or-type","25":"first","26":"instock","27":"shipping-taxable","28":"purchasable","29":"product-type-variable","30":"has-default-attributes"},"tiered_pricing_type":"percentage","tiered_pricing_fixed_rules":[],"tiered_pricing_product_settings":{"layout":"default","base_unit_name":{"singular":null,"plural":null},"default_variation":null},"tiered_pricing_minimum_quantity":10,"tiered_pricing_roles_data":[],"tiered_pricing_percentage_rules":{"30":"29","50":"35","100":"40","200":"44","500":"47","1000":"49"},"tiered_pricing_maximum_quantity":null,"tiered_pricing_quantity_step":"10","_links":{"self":[{"href":"https:\/\/agoravape.com\/ro\/wp-json\/wp\/v2\/product\/19539","targetHints":{"allow":["GET"]}}],"collection":[{"href":"https:\/\/agoravape.com\/ro\/wp-json\/wp\/v2\/product"}],"about":[{"href":"https:\/\/agoravape.com\/ro\/wp-json\/wp\/v2\/types\/product"}],"replies":[{"embeddable":true,"href":"https:\/\/agoravape.com\/ro\/wp-json\/wp\/v2\/comments?post=19539"}],"version-history":[{"count":0,"href":"https:\/\/agoravape.com\/ro\/wp-json\/wp\/v2\/product\/19539\/revisions"}],"wp:featuredmedia":[{"embeddable":true,"href":"https:\/\/agoravape.com\/ro\/wp-json\/wp\/v2\/media\/19563"}],"wp:attachment":[{"href":"https:\/\/agoravape.com\/ro\/wp-json\/wp\/v2\/media?parent=19539"}],"wp:term":[{"taxonomy":"product_brand","embeddable":true,"href":"https:\/\/agoravape.com\/ro\/wp-json\/wp\/v2\/product_brand?post=19539"},{"taxonomy":"product_cat","embeddable":true,"href":"https:\/\/agoravape.com\/ro\/wp-json\/wp\/v2\/product_cat?post=19539"},{"taxonomy":"product_tag","embeddable":true,"href":"https:\/\/agoravape.com\/ro\/wp-json\/wp\/v2\/product_tag?post=19539"}],"curies":[{"name":"wp","href":"https:\/\/api.w.org\/{rel}","templated":true}]}}