{"id":19594,"date":"2025-10-30T12:52:37","date_gmt":"2025-10-30T04:52:37","guid":{"rendered":"https:\/\/agoravape.com\/?post_type=product&#038;p=19594"},"modified":"2026-01-30T17:03:30","modified_gmt":"2026-01-30T09:03:30","slug":"bang-king-30k-pro-30000-puffs-vape","status":"publish","type":"product","link":"https:\/\/agoravape.com\/ro\/product\/bang-king-30k-pro-30000-puffs-vape\/","title":{"rendered":"Bang King 30K Pro 30000 Puffs | Arom\u0103 cu adev\u0103rat de lung\u0103 durat\u0103"},"content":{"rendered":"<h2 data-v-md-heading=\"what-is-the-bang-king-30k-pro-like\" data-v-md-line=\"3\"><img loading=\"lazy\" decoding=\"async\" class=\"aligncenter size-full wp-image-19620\" src=\"https:\/\/agoravape.com\/wp-content\/uploads\/2025\/10\/Bang-King-30K-Pro-30000-Puffs-Seriously-Long-Lasting-Flavour_Agora_vape-13.webp\" alt=\"\" width=\"1024\" height=\"1024\" srcset=\"https:\/\/agoravape.com\/wp-content\/uploads\/2025\/10\/Bang-King-30K-Pro-30000-Puffs-Seriously-Long-Lasting-Flavour_Agora_vape-13.webp 1024w, https:\/\/agoravape.com\/wp-content\/uploads\/2025\/10\/Bang-King-30K-Pro-30000-Puffs-Seriously-Long-Lasting-Flavour_Agora_vape-13-600x600.webp 600w, https:\/\/agoravape.com\/wp-content\/uploads\/2025\/10\/Bang-King-30K-Pro-30000-Puffs-Seriously-Long-Lasting-Flavour_Agora_vape-13-300x300.webp 300w, https:\/\/agoravape.com\/wp-content\/uploads\/2025\/10\/Bang-King-30K-Pro-30000-Puffs-Seriously-Long-Lasting-Flavour_Agora_vape-13-150x150.webp 150w, https:\/\/agoravape.com\/wp-content\/uploads\/2025\/10\/Bang-King-30K-Pro-30000-Puffs-Seriously-Long-Lasting-Flavour_Agora_vape-13-768x768.webp 768w\" sizes=\"auto, (max-width: 1024px) 100vw, 1024px\" \/><\/h2>\n<h2 data-v-md-heading=\"what-is-the-bang-king-30k-pro-like\" data-v-md-line=\"3\">Cum este Bang King 30K Pro?<\/h2>\n<p data-v-md-line=\"5\">Dac\u0103 te-ai s\u0103turat de \u021big\u0103rile electronice de unic\u0103 folosin\u021b\u0103 care se consum\u0103 la scurt timp dup\u0103 cump\u0103rare, atunci trebuie s\u0103 arunci o privire la acest produs. Bang King 30K Pro este cu siguran\u021b\u0103 o \u021bigar\u0103 electronic\u0103 durabil\u0103, care poate oferi p\u00e2n\u0103 la 30.000 de pufuri per dispozitiv. S-ar putea s\u0103 crezi c\u0103 o putere at\u00e2t de mare ar fi greoaie \u0219i greoaie, dar vei fi surprins de aderen\u021ba \u0219i confortul la transport.<\/p>\n<p data-v-md-line=\"7\">Acest dispozitiv este perfect pentru utilizatorii care \u00ee\u0219i doresc doar o experien\u021b\u0103 de vaping fiabil\u0103, delicioas\u0103 \u0219i f\u0103r\u0103 probleme. Este conceput pentru utilizare pe termen lung, ceea ce \u00eenseamn\u0103 c\u0103 nu trebuie s\u0103 lua\u021bi \u00een considerare \u00eenlocuirea timp de mai multe s\u0103pt\u0103m\u00e2ni la r\u00e2nd. Construit cu 36 ml de e-lichid de capacitate ultra-mare, durabil \u0219i de lung\u0103 durat\u0103.<\/p>\n<h2 data-v-md-heading=\"excellent-performance-convenient-experience\" data-v-md-line=\"9\">Performan\u021b\u0103 excelent\u0103, experien\u021b\u0103 convenabil\u0103<\/h2>\n<p data-v-md-line=\"11\">Secretul gustului s\u0103u consistent este miezul de atomizare \u00eencorporat cu o grosime de 1.0 \u03a9. Aceast\u0103 tehnologie asigur\u0103 un gust bogat \u0219i fin de la prima p\u00e2n\u0103 la ultima \u00eembuc\u0103tur\u0103. Chiar \u0219i spre final, calitatea nu va sc\u0103dea, ceea ce este complet diferit de deficien\u021bele comune ale altor \u021big\u0103ri electronice de unic\u0103 folosin\u021b\u0103.<\/p>\n<p data-v-md-line=\"13\">Este echipat cu o baterie cu o capacitate de p\u00e2n\u0103 la 850mAh. C\u00e2nd bateria este desc\u0103rcat\u0103, poate fi \u00eenc\u0103rcat\u0103 folosind un cablu de date standard de tip C - exact ca cel pe care \u00eel utiliza\u021bi pentru a \u00eenc\u0103rca telefonul. Nu este nevoie de un \u00eenc\u0103rc\u0103tor dedicat, este u\u0219or \u0219i convenabil. Totul este conceput pentru simplitate \u0219i comoditate.<\/p>\n<h2 data-v-md-heading=\"quick-specifications\" data-v-md-line=\"15\">Specifica\u021bii rapide<\/h2>\n<p data-v-md-line=\"17\"><strong>Frecven\u021ba fumatului:<\/strong>\u00a0p\u00e2n\u0103 la 30000 de pufuri<\/p>\n<p data-v-md-line=\"19\"><strong>Concentra\u021bia de nicotin\u0103:<\/strong>\u00a0Disponibil \u00een patru op\u021biuni de concentra\u021bie: 0%, 2%, 3% \u0219i 5%<\/p>\n<p data-v-md-line=\"21\"><strong>Utilizare:<\/strong>\u00a0Inspir\u0103 pentru a activa<\/p>\n<p data-v-md-line=\"23\"><strong>Metod\u0103 de \u00eenc\u0103rcare:<\/strong>\u00a0Interfa\u021b\u0103 USB standard de tip C<\/p>\n<p data-v-md-line=\"25\"><strong>Status:<\/strong>\u00a0Ready to use out of the box<\/p>\n<h2 data-v-md-heading=\"rich-flavor-options\" data-v-md-line=\"27\">Rich flavor options<\/h2>\n<p data-v-md-line=\"29\">Oferim o varietate de op\u021biuni de arome, exist\u0103 \u00eentotdeauna una care \u021bi se potrive\u0219te. Gama actual\u0103 de produse include:<\/p>\n<ul data-v-md-line=\"31\">\n<li>Afine \u0219i zmeur\u0103<\/li>\n<li>Pepene verde cu c\u0103p\u0219uni<\/li>\n<li>Patinoar albastru<\/li>\n<li>Ment\u0103 proasp\u0103t\u0103<\/li>\n<li>Struguri de c\u0103p\u0219uni<\/li>\n<li>Afine, Meri\u0219oare, Cire\u0219e<\/li>\n<li>Pepene verde<\/li>\n<li>Kiwi \u0219i c\u0103p\u0219uni<\/li>\n<li>Ment\u0103, Afine \u0219i Zmeur\u0103 (Ment\u0103, Afine \u0219i Zmeur\u0103)<\/li>\n<li>Triple Berry<\/li>\n<li>Cire\u0219e de pepene verde<\/li>\n<li>Zmeur\u0103 Neagr\u0103 Flash (Zmeur\u0103 Neagr\u0103 Flash)<\/li>\n<\/ul>\n<h2 data-v-md-heading=\"tailored-for-you-and-your-business\" data-v-md-line=\"44\">Adaptat pentru tine \u0219i afacerea ta<\/h2>\n<p data-v-md-line=\"46\">Am lansat v\u00e2nz\u0103ri individuale de Bang King 30K Pro, iar dac\u0103 sunte\u021bi proprietarul unei afaceri, pute\u021bi achizi\u021biona \u0219i \u00een vrac. Produsul este v\u00e2ndut \u00een ambalaje en-gros, cu 200 de buc\u0103\u021bi per cutie. Acest lucru v\u0103 permite s\u0103 men\u021bine\u021bi o aprovizionare suficient\u0103 cu produsele cele mai bine v\u00e2ndute.<\/p>\n<p data-v-md-line=\"48\">Colabor\u0103m cu parteneri precum UPS, DPD \u0219i DHL pentru a expedia \u00een diverse p\u0103r\u021bi ale Europei prin metode fiabile Delivered Duty Paid (DDP). Pute\u021bi primi bunurile rapid, f\u0103r\u0103 a v\u0103 face griji cu privire la taxe vamale suplimentare. \u00centregul proces, de la depozitul nostru p\u00e2n\u0103 la u\u0219a dumneavoastr\u0103, este lin \u0219i ne\u00eentrerupt.<\/p>\n<h2 data-v-md-heading=\"reasons-why-you-will-like-it\" data-v-md-line=\"50\">Motive pentru care \u00ee\u021bi va pl\u0103cea<\/h2>\n<p data-v-md-line=\"52\"><strong>Durat\u0103 lung\u0103 de via\u021b\u0103 a bateriei:<\/strong>\u00a0Durabil \u0219i de lung\u0103 durat\u0103, nu este nevoie s\u0103 cump\u0103ra\u021bi frecvent cartu\u0219e noi.<\/p>\n<p data-v-md-line=\"54\"><strong>Selectarea concentra\u021biei de nicotin\u0103:<\/strong>\u00a0Po\u021bi alege concentra\u021bia de nicotin\u0103 care \u021bi se potrive\u0219te, de la f\u0103r\u0103 nicotin\u0103 p\u00e2n\u0103 la senza\u021bie puternic\u0103 \u00een g\u00e2t, totul este disponibil.<\/p>\n<p data-v-md-line=\"56\"><strong>Re\u00eenc\u0103rcabil\u0103:<\/strong>\u00a0v\u0103 permite s\u0103 consuma\u021bi cei 36 ml de e-lichid pe care i-a\u021bi cump\u0103rat.<\/p>\n<p data-v-md-line=\"58\"><strong>Miez de atomizare cu plas\u0103:<\/strong>\u00a0Poate aduce un gust stabil \u0219i bogat de fiecare dat\u0103.<\/p>\n<h2 data-v-md-heading=\"why-choose-agoravape\" data-v-md-line=\"60\">De ce s\u0103 alegi AgoraVape?<\/h2>\n<p data-v-md-line=\"62\">Fiind unul dintre cei mai de \u00eencredere distribuitori de \u021big\u0103ri electronice din Europa, vindem doar produse 100% originale. Pentru clien\u021bii no\u0219tri corporativi, aceasta \u00eenseamn\u0103 c\u0103 Bang King 30K Pro ofer\u0103 pre\u021buri reduse en-gros, asisten\u021b\u0103 tehnic\u0103 complet\u0103 \u0219i livrare rapid\u0103 \u0219i fiabil\u0103. Contacta\u021bi-ne pentru a v\u0103 face clien\u021bii s\u0103 aprecieze cu adev\u0103rat produsele pe care le oferim.<\/p>","protected":false},"excerpt":{"rendered":"<p>&nbsp;<\/p>\n<p><script src=\"chrome-extension:\/\/fpelahbljekknahkcaegamhcndkfpfnc\/iFrame.js\" type=\"text\/javascript\"><\/script><\/p>\n<p><script src=\"chrome-extension:\/\/fpelahbljekknahkcaegamhcndkfpfnc\/iFrame.js\" type=\"text\/javascript\"><\/script><\/p>\n<p><script src=\"chrome-extension:\/\/fpelahbljekknahkcaegamhcndkfpfnc\/iFrame.js\" type=\"text\/javascript\"><\/script><\/p>\n<p><script src=\"chrome-extension:\/\/fpelahbljekknahkcaegamhcndkfpfnc\/iFrame.js\" type=\"text\/javascript\"><\/script><\/p>","protected":false},"featured_media":19619,"comment_status":"open","ping_status":"closed","template":"","meta":[],"product_brand":[197],"product_cat":[124,187,185,189,123,174,175,193,191,179,173,186,180,190],"product_tag":[],"class_list":{"0":"post-19594","1":"product","2":"type-product","3":"status-publish","4":"has-post-thumbnail","6":"product_brand-bang","7":"product_cat-vape-by-brand","8":"product_cat-0mg-nicotine-free-vapes","9":"product_cat-10000-puffs-high-capacity","10":"product_cat-20mg-standard-nicotine-vapes","11":"product_cat-bang","12":"product_cat-fruit-flavors","13":"product_cat-icy-mint","14":"product_cat-mesh-coil","15":"product_cat-rechargeable-disposables","16":"product_cat-unique-blends","17":"product_cat-vape-by-flavor-profile","18":"product_cat-vape-by-nicotine-strength","19":"product_cat-vape-by-puff-count","20":"product_cat-vape-by-feature-or-type","22":"first","23":"instock","24":"shipping-taxable","25":"purchasable","26":"product-type-variable","27":"has-default-attributes"},"tiered_pricing_type":"percentage","tiered_pricing_fixed_rules":[],"tiered_pricing_product_settings":{"layout":"default","base_unit_name":{"singular":null,"plural":null},"default_variation":null},"tiered_pricing_minimum_quantity":10,"tiered_pricing_roles_data":[],"tiered_pricing_percentage_rules":{"30":"29","50":"35","100":"40","200":"44","500":"47","1000":"49"},"tiered_pricing_maximum_quantity":null,"tiered_pricing_quantity_step":"10","_links":{"self":[{"href":"https:\/\/agoravape.com\/ro\/wp-json\/wp\/v2\/product\/19594","targetHints":{"allow":["GET"]}}],"collection":[{"href":"https:\/\/agoravape.com\/ro\/wp-json\/wp\/v2\/product"}],"about":[{"href":"https:\/\/agoravape.com\/ro\/wp-json\/wp\/v2\/types\/product"}],"replies":[{"embeddable":true,"href":"https:\/\/agoravape.com\/ro\/wp-json\/wp\/v2\/comments?post=19594"}],"version-history":[{"count":0,"href":"https:\/\/agoravape.com\/ro\/wp-json\/wp\/v2\/product\/19594\/revisions"}],"wp:featuredmedia":[{"embeddable":true,"href":"https:\/\/agoravape.com\/ro\/wp-json\/wp\/v2\/media\/19619"}],"wp:attachment":[{"href":"https:\/\/agoravape.com\/ro\/wp-json\/wp\/v2\/media?parent=19594"}],"wp:term":[{"taxonomy":"product_brand","embeddable":true,"href":"https:\/\/agoravape.com\/ro\/wp-json\/wp\/v2\/product_brand?post=19594"},{"taxonomy":"product_cat","embeddable":true,"href":"https:\/\/agoravape.com\/ro\/wp-json\/wp\/v2\/product_cat?post=19594"},{"taxonomy":"product_tag","embeddable":true,"href":"https:\/\/agoravape.com\/ro\/wp-json\/wp\/v2\/product_tag?post=19594"}],"curies":[{"name":"wp","href":"https:\/\/api.w.org\/{rel}","templated":true}]}}