{"id":19675,"date":"2025-10-30T14:10:22","date_gmt":"2025-10-30T06:10:22","guid":{"rendered":"https:\/\/agoravape.com\/?post_type=product&#038;p=19675"},"modified":"2026-01-30T17:01:28","modified_gmt":"2026-01-30T09:01:28","slug":"bang-king-15000-puffs-vape","status":"publish","type":"product","link":"https:\/\/agoravape.com\/ro\/product\/bang-king-15000-puffs-vape\/","title":{"rendered":"Bang King 15000 Puffs | Longevitate Serioas\u0103, F\u0103r\u0103 Probleme"},"content":{"rendered":"<h2 data-v-md-heading=\"what-is-the-bang-king-15000-port-mesh-coil-disposable-vape\" data-v-md-line=\"3\"><img loading=\"lazy\" decoding=\"async\" class=\"size-full wp-image-19703 alignright\" src=\"https:\/\/agoravape.com\/wp-content\/uploads\/2025\/10\/Bang-King-15000-Puffs-Serious-Longevity-Zero-Hassle_Agora_vape-16.webp\" alt=\"\" width=\"1440\" height=\"1206\" srcset=\"https:\/\/agoravape.com\/wp-content\/uploads\/2025\/10\/Bang-King-15000-Puffs-Serious-Longevity-Zero-Hassle_Agora_vape-16.webp 1440w, https:\/\/agoravape.com\/wp-content\/uploads\/2025\/10\/Bang-King-15000-Puffs-Serious-Longevity-Zero-Hassle_Agora_vape-16-1200x1005.webp 1200w, https:\/\/agoravape.com\/wp-content\/uploads\/2025\/10\/Bang-King-15000-Puffs-Serious-Longevity-Zero-Hassle_Agora_vape-16-300x251.webp 300w, https:\/\/agoravape.com\/wp-content\/uploads\/2025\/10\/Bang-King-15000-Puffs-Serious-Longevity-Zero-Hassle_Agora_vape-16-1024x858.webp 1024w, https:\/\/agoravape.com\/wp-content\/uploads\/2025\/10\/Bang-King-15000-Puffs-Serious-Longevity-Zero-Hassle_Agora_vape-16-768x643.webp 768w\" sizes=\"auto, (max-width: 1440px) 100vw, 1440px\" \/><\/h2>\n<h2 data-v-md-heading=\"what-is-the-bang-king-15000-port-mesh-coil-disposable-vape\" data-v-md-line=\"3\">Ce este \u021bigara electronic\u0103 de unic\u0103 folosin\u021b\u0103 Bang King cu rezisten\u021b\u0103 tip plas\u0103 de 15000 porturi?<\/h2>\n<p data-v-md-line=\"5\">Bine, haide\u021bi s\u0103 vorbim despre aceast\u0103 \u021bigar\u0103 electronic\u0103 cu adev\u0103rat durabil\u0103. Bang King 15000 nu urm\u0103re\u0219te fantezia sau complexitatea - se concentreaz\u0103 doar pe durabilitate. Un dispozitiv poate fuma 15000 de pufuri, ceea ce \u00eenseamn\u0103 c\u0103 \u00eel pute\u021bi folosi continuu timp de s\u0103pt\u0103m\u00e2ni f\u0103r\u0103 s\u0103 v\u0103 face\u021bi griji cu privire la \u00eenlocuirea cartu\u0219elor. De asemenea, are o capacitate de e-lichid de p\u00e2n\u0103 la 25 ml, ca s\u0103 fiu sincer, ceea ce este mai mare dec\u00e2t capacitatea majorit\u0103\u021bii \u021big\u0103rilor electronice de unic\u0103 folosin\u021b\u0103 de pe pia\u021b\u0103.<\/p>\n<p data-v-md-line=\"7\">Ceea ce apreciez cel mai mult la acest vape este faptul c\u0103 nu sacrific\u0103 calitatea de dragul cantit\u0103\u021bii. S-ar putea s\u0103 crezi c\u0103 dup\u0103 ce ai luat at\u00e2tea \u00eenghi\u021bituri, gustul va deveni mai u\u0219or, dar rezisten\u021ba tip plas\u0103 \u00ee\u021bi poate men\u021bine gustul proasp\u0103t p\u00e2n\u0103 la sf\u00e2r\u0219it. Dac\u0103 te-ai s\u0103turat s\u0103 cumperi constant \u021big\u0103ri electronice noi sau s\u0103 te confrun\u021bi constant cu dispozitive care se stric\u0103 \u00eenainte de a se consuma lichidul, atunci acest produs este cu siguran\u021b\u0103 alegerea ideal\u0103.<\/p>\n<h2 data-v-md-heading=\"excellent-performance-and-easy-operation\" data-v-md-line=\"9\">Performan\u021b\u0103 excelent\u0103 \u0219i utilizare u\u0219oar\u0103<\/h2>\n<p data-v-md-line=\"11\">Tehnologia acestui produs este simpl\u0103, dar ingenioas\u0103. Miezul de atomizare cu plas\u0103 de 1.0 \u03a9 nu este o truc, ci poate aduce \u00eembun\u0103t\u0103\u021biri semnificative. Indiferent dac\u0103 \u00eel utiliza\u021bi pentru prima dat\u0103 sau l-a\u021bi folosit deja de 5000 de ori, fiecare \u00eembuc\u0103tur\u0103 v\u0103 va oferi un gust bogat \u0219i consistent \u0219i un fum intens. O baterie cu o capacitate de 550 mAh poate p\u0103rea pu\u021bin mai bun\u0103, dar cu un port de \u00eenc\u0103rcare Type-C, este complet suficient\u0103. C\u00e2nd este nevoie de \u00eenc\u0103rcare, utiliza\u021bi pur \u0219i simplu cablul de date pe care \u00eel utiliza\u021bi de obicei pentru a \u00eenc\u0103rca telefonul. Nu este nevoie s\u0103 c\u0103uta\u021bi un \u00eenc\u0103rc\u0103tor dedicat, este, de asemenea, foarte u\u0219or de utilizat.<\/p>\n<h2 data-v-md-heading=\"product-specifications\" data-v-md-line=\"13\">Specifica\u021bii ale produsului<\/h2>\n<p data-v-md-line=\"15\"><strong>Frecven\u021ba fumatului:<\/strong>\u00a0p\u00e2n\u0103 la 15000 de pufuri<\/p>\n<p data-v-md-line=\"17\"><strong>Capacitate e-lichid:<\/strong>\u00a025 ml ulei preumplut<\/p>\n<p data-v-md-line=\"19\"><strong>Baterie:<\/strong>\u00a0Baterie re\u00eenc\u0103rcabil\u0103 de 550 mAh (tip 13350)<\/p>\n<p data-v-md-line=\"21\"><strong>Utilizare:<\/strong>\u00a0Inspir\u0103 pentru a activa<\/p>\n<p data-v-md-line=\"23\"><strong>Metod\u0103 de \u00eenc\u0103rcare:<\/strong>\u00a0Interfa\u021b\u0103 USB standard de tip C<\/p>\n<p data-v-md-line=\"25\"><strong>Miez de atomizare:<\/strong>\u00a0Miez de atomizare cu plas\u0103 de 1,0 \u03a9, oferind o savoare constant\u0103<\/p>\n<p data-v-md-line=\"27\"><strong>Status:<\/strong>\u00a0Ready to use out of the box<\/p>\n<h2 data-v-md-heading=\"complete-flavor-lineup\" data-v-md-line=\"29\">Gam\u0103 complet\u0103 de arome<\/h2>\n<ul data-v-md-line=\"31\">\n<li>Piersic\u0103 \u0219i Mango<\/li>\n<li>Triple Berry<\/li>\n<li>Pepene verde cu c\u0103p\u0219uni<\/li>\n<li>C\u0103p\u0219uni crocante<\/li>\n<li>Afine \u0219i zmeur\u0103<\/li>\n<li>Aloe Vera Struguri<\/li>\n<li>Double Apple<\/li>\n<li>Ghea\u021b\u0103 de piersic\u0103<\/li>\n<li>Kiwi \u0219i c\u0103p\u0219uni<\/li>\n<li>Fructe mixte<\/li>\n<li>C\u0103p\u0219uni \u0219i banane<\/li>\n<li>Kiwi, fructul pasiunii, guava<\/li>\n<li>Zmeur\u0103 cu mere acre<\/li>\n<li>Gum\u0103 de mestecat cu pepene verde<\/li>\n<li>Iaurt cu c\u0103p\u0219uni<\/li>\n<li>Ghea\u021ba Dragonului Negru<\/li>\n<li>Pink Lemon Water<\/li>\n<li>Floricele de porumb cu cire\u0219e<\/li>\n<li>Ghea\u021b\u0103 de mentol<\/li>\n<li>Cotton candy<\/li>\n<\/ul>\n<h2 data-v-md-heading=\"tailored-for-you-and-your-business\" data-v-md-line=\"52\">Adaptat pentru tine \u0219i afacerea ta<\/h2>\n<p data-v-md-line=\"54\">Am lansat Bang King 15000 puffs, pe care le pute\u021bi achizi\u021biona separat. Dac\u0103 de\u021bine\u021bi un magazin sau trebuie s\u0103 cump\u0103ra\u021bi \u00een cantit\u0103\u021bi mari, v\u0103 oferim solu\u021bii profesionale de v\u00e2nzare en-gros pentru a v\u0103 satisface nevoile. Produsele sunt ambalate \u00een cutii de 100 sau 200 de buc\u0103\u021bi, \u00eengrijite \u0219i ordonate, \u0219i pot fi expediate oric\u00e2nd. Fiecare cutie de carton este ambalat\u0103 profesional (200 de buc\u0103\u021bi de cutii de carton cu dimensiunile de 55 \u00d7 29,5 \u00d7 26 centimetri \u0219i o greutate de aproximativ 18,85 kilograme, ceea ce v\u0103 permite s\u0103 \u00een\u021belege\u021bi cu u\u0219urin\u021b\u0103 specifica\u021biile produsului).<\/p>\n<p data-v-md-line=\"56\">Mai important, suntem responsabili pentru toate aspectele logistice. Oferim servicii de livrare DDP prin UPS, DPD \u0219i DHL, iar toate tarifele sunt prepl\u0103tite. Nu trebuie s\u0103 v\u0103 face\u021bi griji cu privire la taxele vamale sau alte costuri ascunse. Indiferent dac\u0103 comanda\u021bi una sau o sut\u0103 de buc\u0103\u021bi, le putem livra direct la u\u0219a dumneavoastr\u0103.<\/p>\n<h2 data-v-md-heading=\"reasons-why-you-will-like-it\" data-v-md-line=\"58\">Motive pentru care \u00ee\u021bi va pl\u0103cea<\/h2>\n<p data-v-md-line=\"60\"><strong>15000 de pufuri:<\/strong>\u00a0suficient pentru a fi utilizat timp de c\u00e2teva s\u0103pt\u0103m\u00e2ni \u2013 nu este nevoie s\u0103 cump\u0103ra\u021bi frecvent cartu\u0219e de schimb<\/p>\n<p data-v-md-line=\"62\"><strong>25 ml lichid pentru \u021bigar\u0103 electronic\u0103:<\/strong>\u00a0Capacitate mai mare de lichid pentru \u021big\u0103ri electronice dec\u00e2t majoritatea \u021big\u0103rilor electronice de unic\u0103 folosin\u021b\u0103, raport calitate-pre\u021b bun<\/p>\n<p data-v-md-line=\"64\"><strong>\u00cenc\u0103rcare tip C:<\/strong>\u00a0Folose\u0219te acela\u0219i cablu de \u00eenc\u0103rcare ca majoritatea telefoanelor moderne \u2013 convenabil \u0219i rapid<\/p>\n<p data-v-md-line=\"66\"><strong>Miezul atomizorului cu plas\u0103:<\/strong>\u00a0asigur\u0103 un gust constant de la \u00eenceput p\u00e2n\u0103 la sf\u00e2r\u0219it, nu doar \u00een primele c\u00e2teva sute de \u00eembuc\u0103turi<\/p>\n<p data-v-md-line=\"68\"><strong>20 de arome:<\/strong>\u00a0De la \u00eenghe\u021bat\u0103 clasic\u0103 de ment\u0103 la bezele pline de distrac\u021bie \u2013 exist\u0103 \u00eentotdeauna una care \u021bi se potrive\u0219te<\/p>\n<h2 data-v-md-heading=\"why-choose-to-collaborate-with-agoravape\" data-v-md-line=\"70\">De ce s\u0103 alegi s\u0103 colaborezi cu AgoraVape?<\/h2>\n<p data-v-md-line=\"72\">Fiind unul dintre cei mai de \u00eencredere distribuitori de \u021big\u0103ri electronice din Europa, vindem doar produse 100% originale. Pentru clien\u021bii no\u0219tri corporativi, aceasta \u00eenseamn\u0103 c\u0103 \u021big\u0103rile electronice Bang King 15000 v\u0103 vor oferi pre\u021buri en-gros extrem de competitive, asisten\u021b\u0103 tehnic\u0103 fiabil\u0103 \u0219i servicii de livrare rapide \u0219i stabile. Contacta\u021bi-ne \u0219i achizi\u021biona\u021bi un produs pe care clien\u021bii dvs. \u00eel vor aprecia cu adev\u0103rat.<\/p>","protected":false},"excerpt":{"rendered":"<p>&nbsp;<\/p>\n<p><script src=\"chrome-extension:\/\/fpelahbljekknahkcaegamhcndkfpfnc\/iFrame.js\" type=\"text\/javascript\"><\/script><\/p>\n<p><script src=\"chrome-extension:\/\/fpelahbljekknahkcaegamhcndkfpfnc\/iFrame.js\" type=\"text\/javascript\"><\/script><\/p>\n<p><script src=\"chrome-extension:\/\/fpelahbljekknahkcaegamhcndkfpfnc\/iFrame.js\" type=\"text\/javascript\"><\/script><\/p>\n<p><script src=\"chrome-extension:\/\/fpelahbljekknahkcaegamhcndkfpfnc\/iFrame.js\" type=\"text\/javascript\"><\/script><\/p>","protected":false},"featured_media":19707,"comment_status":"open","ping_status":"closed","template":"","meta":[],"product_brand":[197],"product_cat":[124,187,185,1635,189,123,176,177,174,175,193,191,173,186,180,190],"product_tag":[],"class_list":{"0":"post-19675","1":"product","2":"type-product","3":"status-publish","4":"has-post-thumbnail","6":"product_brand-bang","7":"product_cat-vape-by-brand","8":"product_cat-0mg-nicotine-free-vapes","9":"product_cat-10000-puffs-high-capacity","10":"product_cat-15000-puffs","11":"product_cat-20mg-standard-nicotine-vapes","12":"product_cat-bang","13":"product_cat-beverage","14":"product_cat-dessert-sweets","15":"product_cat-fruit-flavors","16":"product_cat-icy-mint","17":"product_cat-mesh-coil","18":"product_cat-rechargeable-disposables","19":"product_cat-vape-by-flavor-profile","20":"product_cat-vape-by-nicotine-strength","21":"product_cat-vape-by-puff-count","22":"product_cat-vape-by-feature-or-type","24":"first","25":"instock","26":"shipping-taxable","27":"purchasable","28":"product-type-variable","29":"has-default-attributes"},"tiered_pricing_type":"percentage","tiered_pricing_fixed_rules":[],"tiered_pricing_product_settings":{"layout":"default","base_unit_name":{"singular":null,"plural":null},"default_variation":null},"tiered_pricing_minimum_quantity":10,"tiered_pricing_roles_data":[],"tiered_pricing_percentage_rules":{"30":"29","50":"35","100":"40","200":"44","500":"47","1000":"49"},"tiered_pricing_maximum_quantity":null,"tiered_pricing_quantity_step":"10","_links":{"self":[{"href":"https:\/\/agoravape.com\/ro\/wp-json\/wp\/v2\/product\/19675","targetHints":{"allow":["GET"]}}],"collection":[{"href":"https:\/\/agoravape.com\/ro\/wp-json\/wp\/v2\/product"}],"about":[{"href":"https:\/\/agoravape.com\/ro\/wp-json\/wp\/v2\/types\/product"}],"replies":[{"embeddable":true,"href":"https:\/\/agoravape.com\/ro\/wp-json\/wp\/v2\/comments?post=19675"}],"version-history":[{"count":0,"href":"https:\/\/agoravape.com\/ro\/wp-json\/wp\/v2\/product\/19675\/revisions"}],"wp:featuredmedia":[{"embeddable":true,"href":"https:\/\/agoravape.com\/ro\/wp-json\/wp\/v2\/media\/19707"}],"wp:attachment":[{"href":"https:\/\/agoravape.com\/ro\/wp-json\/wp\/v2\/media?parent=19675"}],"wp:term":[{"taxonomy":"product_brand","embeddable":true,"href":"https:\/\/agoravape.com\/ro\/wp-json\/wp\/v2\/product_brand?post=19675"},{"taxonomy":"product_cat","embeddable":true,"href":"https:\/\/agoravape.com\/ro\/wp-json\/wp\/v2\/product_cat?post=19675"},{"taxonomy":"product_tag","embeddable":true,"href":"https:\/\/agoravape.com\/ro\/wp-json\/wp\/v2\/product_tag?post=19675"}],"curies":[{"name":"wp","href":"https:\/\/api.w.org\/{rel}","templated":true}]}}