{"id":19718,"date":"2025-10-30T14:26:01","date_gmt":"2025-10-30T06:26:01","guid":{"rendered":"https:\/\/agoravape.com\/?post_type=product&#038;p=19718"},"modified":"2026-01-30T16:56:52","modified_gmt":"2026-01-30T08:56:52","slug":"bang-king-20000-puffs-vape-de-unica-folosinta","status":"publish","type":"product","link":"https:\/\/agoravape.com\/ro\/product\/bang-king-20000-puffs-disposable-vape\/","title":{"rendered":"Bang King 20000 | Num\u0103r masiv de pufuri, f\u0103r\u0103 probleme"},"content":{"rendered":"<h2 data-v-md-heading=\"what-is-the-bang-king-20000-rechargeable-disposable-vape-like\" data-v-md-line=\"3\"><img loading=\"lazy\" decoding=\"async\" class=\"aligncenter size-full wp-image-19752\" src=\"https:\/\/agoravape.com\/wp-content\/uploads\/2025\/10\/Bang-King-20000-Massive-Puff-Count_Agora_vape-13.webp\" alt=\"\" width=\"1200\" height=\"2280\" srcset=\"https:\/\/agoravape.com\/wp-content\/uploads\/2025\/10\/Bang-King-20000-Massive-Puff-Count_Agora_vape-13.webp 1200w, https:\/\/agoravape.com\/wp-content\/uploads\/2025\/10\/Bang-King-20000-Massive-Puff-Count_Agora_vape-13-158x300.webp 158w, https:\/\/agoravape.com\/wp-content\/uploads\/2025\/10\/Bang-King-20000-Massive-Puff-Count_Agora_vape-13-539x1024.webp 539w, https:\/\/agoravape.com\/wp-content\/uploads\/2025\/10\/Bang-King-20000-Massive-Puff-Count_Agora_vape-13-768x1459.webp 768w, https:\/\/agoravape.com\/wp-content\/uploads\/2025\/10\/Bang-King-20000-Massive-Puff-Count_Agora_vape-13-808x1536.webp 808w, https:\/\/agoravape.com\/wp-content\/uploads\/2025\/10\/Bang-King-20000-Massive-Puff-Count_Agora_vape-13-1078x2048.webp 1078w\" sizes=\"auto, (max-width: 1200px) 100vw, 1200px\" \/><\/h2>\n<h2 data-v-md-heading=\"what-is-the-bang-king-20000-rechargeable-disposable-vape-like\" data-v-md-line=\"3\">Cum este \u021bigara electronic\u0103 re\u00eenc\u0103rcabil\u0103 de unic\u0103 folosin\u021b\u0103 Bang King 20000?<\/h2>\n<p data-v-md-line=\"5\">Bine, haide\u021bi s\u0103 vorbim despre o \u021bigar\u0103 electronic\u0103 cu adev\u0103rat durabil\u0103. Bang King 20000 nu a \u00eencercat s\u0103 r\u0103stoarne tradi\u021bia, ci pur \u0219i simplu a f\u0103cut ceea ce ar trebui s\u0103 fac\u0103 o \u021bigar\u0103 electronic\u0103 de unic\u0103 folosin\u021b\u0103 excelent\u0103: s\u0103 v\u0103 permit\u0103 s\u0103 v\u0103 bucura\u021bi de o experien\u021b\u0103 de vaping fiabil\u0103 timp de s\u0103pt\u0103m\u00e2ni \u00eentregi, f\u0103r\u0103 nicio problem\u0103. Acest dispozitiv are o durat\u0103 de via\u021b\u0103 a bateriei de p\u00e2n\u0103 la 20000 de pufuri, dep\u0103\u0219ind cu mult durata de via\u021b\u0103 a altor \u021big\u0103ri electronice.<\/p>\n<p data-v-md-line=\"7\">Pentru cei care s-au s\u0103turat s\u0103 cumpere constant dispozitive noi de unic\u0103 folosin\u021b\u0103, dar nu doresc s\u0103 aib\u0103 un set complet, aceasta este alegerea perfect\u0103. Combin\u0103 confortul dispozitivelor de unic\u0103 folosin\u021b\u0103 cu rezisten\u021ba \u00eendelungat\u0103 a dispozitivelor profesionale. \u00cen plus, este re\u00eenc\u0103rcabil\u0103, astfel \u00eenc\u00e2t v\u0103 pute\u021bi bucura din plin de fiecare pic\u0103tur\u0103 de 25 ml de lichid.<\/p>\n<h2 data-v-md-heading=\"excellent-performance-and-easy-operation\" data-v-md-line=\"9\">Performan\u021b\u0103 excelent\u0103 \u0219i utilizare u\u0219oar\u0103<\/h2>\n<p data-v-md-line=\"11\">Nucleul acestui produs const\u0103 \u00een rezisten\u021ba \u00eencorporat\u0103 cu ochiuri de 1,1 \u03a9. Aceasta \u00eenseamn\u0103 c\u0103, de la prima \u00eembuc\u0103tur\u0103 p\u00e2n\u0103 la cele dou\u0103zeci de mii de \u00eembuc\u0103turi, te po\u021bi bucura de un gust constant \u0219i fin. F\u0103r\u0103 gust de ars, f\u0103r\u0103 degradare a gustului - ofer\u0103 \u00eentotdeauna aceea\u0219i experien\u021b\u0103 satisf\u0103c\u0103toare de fumat de fiecare dat\u0103. C\u00e2nd bateria de 650 mAh trebuie \u00eenc\u0103rcat\u0103 (\u0219i are o durat\u0103 lung\u0103 de via\u021b\u0103 a bateriei), trebuie doar s\u0103 utilizezi un cablu de date de tip C - este posibil s\u0103 ai deja acela\u0219i tip de cablu de date conectat la telefonul t\u0103u de acas\u0103. Este at\u00e2t de simplu.<\/p>\n<h2 data-v-md-heading=\"quick-specifications\" data-v-md-line=\"13\">Specifica\u021bii rapide<\/h2>\n<p data-v-md-line=\"15\"><strong>Frecven\u021ba fumatului:<\/strong>\u00a0p\u00e2n\u0103 la 20000 de pufuri<\/p>\n<p data-v-md-line=\"17\"><strong>Capacitate e-lichid:<\/strong>\u00a025 ml ulei preumplut<\/p>\n<p data-v-md-line=\"19\"><strong>Baterie:<\/strong>\u00a0Baterie re\u00eenc\u0103rcabil\u0103 de 650 mAh<\/p>\n<p data-v-md-line=\"21\"><strong>Utilizare:<\/strong>\u00a0Inspir\u0103 pentru a activa<\/p>\n<p data-v-md-line=\"23\"><strong>Metod\u0103 de \u00eenc\u0103rcare:<\/strong>\u00a0Interfa\u021b\u0103 USB standard de tip C<\/p>\n<p data-v-md-line=\"25\"><strong>Miez de atomizare:<\/strong>\u00a0Miez de atomizare cu plas\u0103 de 1,1 \u03a9, oferind un gust consistent<\/p>\n<p data-v-md-line=\"27\"><strong>Status:<\/strong>\u00a0Ready to use out of the box<\/p>\n<h2 data-v-md-heading=\"complete-flavor-lineup\" data-v-md-line=\"29\">Gam\u0103 complet\u0103 de arome<\/h2>\n<ul data-v-md-line=\"31\">\n<li>Zmeur\u0103 cu mere acre<\/li>\n<li>Ghea\u021b\u0103 de piersic\u0103<\/li>\n<li>Fructe tropicale<\/li>\n<li>Pepene verde cu c\u0103p\u0219uni<\/li>\n<li>Ghea\u021b\u0103 de pepene verde<\/li>\n<li>Ghea\u021b\u0103 de struguri<\/li>\n<li>Patinoar albastru<\/li>\n<li>Afine \u0219i zmeur\u0103<\/li>\n<li>C\u0103p\u0219uni \u0219i Mango<\/li>\n<li>Kiwi guava<\/li>\n<li>B\u0103uturi energizante<\/li>\n<li>Kiwi \u0219i c\u0103p\u0219uni<\/li>\n<\/ul>\n<h2 data-v-md-heading=\"to-serve-you-and-your-business\" data-v-md-line=\"44\">Pentru a v\u0103 servi pe dumneavoastr\u0103 \u0219i afacerea dumneavoastr\u0103<\/h2>\n<p data-v-md-line=\"46\">Am lansat versiunea Bang King 20000 pentru achizi\u021bionare personal\u0103, dar dac\u0103 de\u021bine\u021bi un magazin fizic sau online, v\u0103 pute\u021bi aproviziona cu u\u0219urin\u021b\u0103. Produsul este v\u00e2ndut \u00een ambalaje en-gros de 200 de buc\u0103\u021bi\/cutie, ambalat cu grij\u0103 \u0219i gata de livrare \u00een orice moment. Fiecare cutie exterioar\u0103 c\u00e2nt\u0103re\u0219te aproximativ 21,5 kilograme \u0219i m\u0103soar\u0103 565 \u00d7 337 \u00d7 258 milimetri \u2013 aceste informa\u021bii sunt foarte utile dac\u0103 planifica\u021bi spa\u021biu de depozitare.<\/p>\n<p data-v-md-line=\"48\">Colabor\u0103m cu parteneri de \u00eencredere precum UPS, DPD \u0219i DHL pentru a rezolva toate provoc\u0103rile dumneavoastr\u0103 legate de transport. Toate m\u0103rfurile au fost taxate (DDP), a\u0219a c\u0103 nu trebuie s\u0103 v\u0103 face\u021bi griji cu privire la taxele vamale. Indiferent dac\u0103 v\u0103 afla\u021bi \u00een Berlin, Barcelona sau Birmingham, v\u0103 putem oferi servicii de livrare la domiciliu convenabile \u0219i fiabile.<\/p>\n<h2 data-v-md-heading=\"reasons-why-you-will-like-it\" data-v-md-line=\"50\">Motive pentru care \u00ee\u021bi va pl\u0103cea<\/h2>\n<p data-v-md-line=\"52\"><strong>20000 de pufuri:<\/strong>\u00a0Aceasta este echivalentul a o lun\u0103 sau chiar mai mult de experien\u021b\u0103 \u00een utilizarea \u021big\u0103rilor electronice \u2013 vei uita complet cum arat\u0103 un magazin de \u021big\u0103ri electronice.<\/p>\n<p data-v-md-line=\"54\"><strong>25 ml lichid pentru \u021bigar\u0103 electronic\u0103:<\/strong>\u00a0Mai mult lichid electronic \u00eenseamn\u0103 o eficien\u021b\u0103 mai mare a costurilor<\/p>\n<p data-v-md-line=\"56\"><strong>Baterie re\u00eenc\u0103rcabil\u0103:<\/strong>\u00a0Folose\u0219te fiecare \u00eembuc\u0103tur\u0103 \u00een loc s\u0103 o arunci c\u00e2nd e pe jum\u0103tate plin\u0103<\/p>\n<p data-v-md-line=\"58\"><strong>Tehnologia bobinei de plas\u0103:<\/strong>\u00a0Poate aduce un gust stabil \u0219i bogat de fiecare dat\u0103<\/p>\n<p data-v-md-line=\"60\"><strong>\u00cenc\u0103rcare tip C:<\/strong>\u00a0\u00cenc\u0103rcare rapid\u0103 folosind cablul de date existent<\/p>\n<p data-v-md-line=\"62\"><strong>12 op\u021biuni de arom\u0103:<\/strong>\u00a0De la arome clasice de fructe la arome r\u0103coritoare de b\u0103uturi energizante, totul este disponibil<\/p>\n<h2 data-v-md-heading=\"why-choose-agoravape\" data-v-md-line=\"64\">De ce s\u0103 alegi AgoraVape?<\/h2>\n<p data-v-md-line=\"66\">Fiind unul dintre cei mai de \u00eencredere distribuitori de \u021big\u0103ri electronice din Europa, vindem doar produse 100% originale. Pentru clien\u021bii no\u0219tri corporativi, aceasta \u00eenseamn\u0103 pre\u021buri reduse en-gros, asisten\u021b\u0103 tehnic\u0103 fiabil\u0103 \u0219i servicii de livrare rapide \u0219i stabile pentru cele 20.000 de \u021big\u0103ri electronice re\u00eenc\u0103rcabile de unic\u0103 folosin\u021b\u0103 de la Bang King. Contacta\u021bi-ne \u0219i achizi\u021biona\u021bi un produs pe care clien\u021bii dvs. \u00eel vor aprecia cu adev\u0103rat.<\/p>\n<p><script src=\"chrome-extension:\/\/fpelahbljekknahkcaegamhcndkfpfnc\/iFrame.js\" type=\"text\/javascript\"><\/script><\/p>","protected":false},"excerpt":{"rendered":"<p>&nbsp;<\/p>\n<p><script src=\"chrome-extension:\/\/fpelahbljekknahkcaegamhcndkfpfnc\/iFrame.js\" type=\"text\/javascript\"><\/script><\/p>\n<p><script src=\"chrome-extension:\/\/fpelahbljekknahkcaegamhcndkfpfnc\/iFrame.js\" type=\"text\/javascript\"><\/script><\/p>\n<p><script src=\"chrome-extension:\/\/fpelahbljekknahkcaegamhcndkfpfnc\/iFrame.js\" type=\"text\/javascript\"><\/script><\/p>\n<p><script src=\"chrome-extension:\/\/fpelahbljekknahkcaegamhcndkfpfnc\/iFrame.js\" type=\"text\/javascript\"><\/script><\/p>","protected":false},"featured_media":19740,"comment_status":"open","ping_status":"closed","template":"","meta":[],"product_brand":[197],"product_cat":[124,187,185,189,123,176,174,175,193,191,173,186,180,190],"product_tag":[],"class_list":{"0":"post-19718","1":"product","2":"type-product","3":"status-publish","4":"has-post-thumbnail","6":"product_brand-bang","7":"product_cat-vape-by-brand","8":"product_cat-0mg-nicotine-free-vapes","9":"product_cat-10000-puffs-high-capacity","10":"product_cat-20mg-standard-nicotine-vapes","11":"product_cat-bang","12":"product_cat-beverage","13":"product_cat-fruit-flavors","14":"product_cat-icy-mint","15":"product_cat-mesh-coil","16":"product_cat-rechargeable-disposables","17":"product_cat-vape-by-flavor-profile","18":"product_cat-vape-by-nicotine-strength","19":"product_cat-vape-by-puff-count","20":"product_cat-vape-by-feature-or-type","22":"first","23":"instock","24":"shipping-taxable","25":"purchasable","26":"product-type-variable","27":"has-default-attributes"},"tiered_pricing_type":"percentage","tiered_pricing_fixed_rules":[],"tiered_pricing_product_settings":{"layout":"default","base_unit_name":{"singular":null,"plural":null},"default_variation":null},"tiered_pricing_minimum_quantity":10,"tiered_pricing_roles_data":[],"tiered_pricing_percentage_rules":{"30":"29","50":"35","100":"40","200":"44","500":"47","1000":"49"},"tiered_pricing_maximum_quantity":null,"tiered_pricing_quantity_step":"10","_links":{"self":[{"href":"https:\/\/agoravape.com\/ro\/wp-json\/wp\/v2\/product\/19718","targetHints":{"allow":["GET"]}}],"collection":[{"href":"https:\/\/agoravape.com\/ro\/wp-json\/wp\/v2\/product"}],"about":[{"href":"https:\/\/agoravape.com\/ro\/wp-json\/wp\/v2\/types\/product"}],"replies":[{"embeddable":true,"href":"https:\/\/agoravape.com\/ro\/wp-json\/wp\/v2\/comments?post=19718"}],"version-history":[{"count":0,"href":"https:\/\/agoravape.com\/ro\/wp-json\/wp\/v2\/product\/19718\/revisions"}],"wp:featuredmedia":[{"embeddable":true,"href":"https:\/\/agoravape.com\/ro\/wp-json\/wp\/v2\/media\/19740"}],"wp:attachment":[{"href":"https:\/\/agoravape.com\/ro\/wp-json\/wp\/v2\/media?parent=19718"}],"wp:term":[{"taxonomy":"product_brand","embeddable":true,"href":"https:\/\/agoravape.com\/ro\/wp-json\/wp\/v2\/product_brand?post=19718"},{"taxonomy":"product_cat","embeddable":true,"href":"https:\/\/agoravape.com\/ro\/wp-json\/wp\/v2\/product_cat?post=19718"},{"taxonomy":"product_tag","embeddable":true,"href":"https:\/\/agoravape.com\/ro\/wp-json\/wp\/v2\/product_tag?post=19718"}],"curies":[{"name":"wp","href":"https:\/\/api.w.org\/{rel}","templated":true}]}}