{"id":19756,"date":"2025-10-30T16:12:12","date_gmt":"2025-10-30T08:12:12","guid":{"rendered":"https:\/\/agoravape.com\/?post_type=product&#038;p=19756"},"modified":"2025-12-15T21:29:45","modified_gmt":"2025-12-15T13:29:45","slug":"bang-king-25000-puffs-nicotina-inalta-vape","status":"publish","type":"product","link":"https:\/\/agoravape.com\/ro\/product\/bang-king-25000-puffs-high-nicotine-vape\/","title":{"rendered":"Bang King 25000 | Extrem de rezistent, extrem de simplu"},"content":{"rendered":"<h2 data-v-md-heading=\"what-is-the-bang-king-25000-high-nicotine-disposable-vape-like\" data-v-md-line=\"3\"><img loading=\"lazy\" decoding=\"async\" class=\"aligncenter size-full wp-image-19782\" src=\"https:\/\/agoravape.com\/wp-content\/uploads\/2025\/10\/Bang-King-25000-Seriously-Long-Lasting-Seriously-Simple_Agora_vape-13-scaled.webp\" alt=\"\" width=\"2560\" height=\"1440\" srcset=\"https:\/\/agoravape.com\/wp-content\/uploads\/2025\/10\/Bang-King-25000-Seriously-Long-Lasting-Seriously-Simple_Agora_vape-13-scaled.webp 2560w, https:\/\/agoravape.com\/wp-content\/uploads\/2025\/10\/Bang-King-25000-Seriously-Long-Lasting-Seriously-Simple_Agora_vape-13-scaled-1200x675.webp 1200w, https:\/\/agoravape.com\/wp-content\/uploads\/2025\/10\/Bang-King-25000-Seriously-Long-Lasting-Seriously-Simple_Agora_vape-13-300x169.webp 300w, https:\/\/agoravape.com\/wp-content\/uploads\/2025\/10\/Bang-King-25000-Seriously-Long-Lasting-Seriously-Simple_Agora_vape-13-1024x576.webp 1024w, https:\/\/agoravape.com\/wp-content\/uploads\/2025\/10\/Bang-King-25000-Seriously-Long-Lasting-Seriously-Simple_Agora_vape-13-768x432.webp 768w, https:\/\/agoravape.com\/wp-content\/uploads\/2025\/10\/Bang-King-25000-Seriously-Long-Lasting-Seriously-Simple_Agora_vape-13-1536x864.webp 1536w, https:\/\/agoravape.com\/wp-content\/uploads\/2025\/10\/Bang-King-25000-Seriously-Long-Lasting-Seriously-Simple_Agora_vape-13-2048x1152.webp 2048w\" sizes=\"auto, (max-width: 2560px) 100vw, 2560px\" \/><\/h2>\n<h2 data-v-md-heading=\"what-is-the-bang-king-25000-high-nicotine-disposable-vape-like\" data-v-md-line=\"3\">Cum este \u021bigara electronic\u0103 de unic\u0103 folosin\u021b\u0103 Bang King 25000 cu con\u021binut ridicat de nicotin\u0103?<\/h2>\n<p data-v-md-line=\"5\">Bine, haide\u021bi s\u0103 vorbim despre acest vape cu adev\u0103rat durabil. Bang King 25000 nu urm\u0103re\u0219te fantezia sau complexitatea - este un vape de unic\u0103 folosin\u021b\u0103 robust \u0219i fiabil, care r\u0103m\u00e2ne puternic chiar dac\u0103 alte produse au fost deja casate. Un dispozitiv poate fuma 25000 de pufuri, ceea ce \u00eenseamn\u0103 c\u0103 \u00eel pute\u021bi utiliza continuu timp de s\u0103pt\u0103m\u00e2ni sau chiar luni, f\u0103r\u0103 a fi nevoie s\u0103 \u00eenlocui\u021bi frecvent cartu\u0219ele.<\/p>\n<p data-v-md-line=\"7\">Pentru cei care s-au s\u0103turat de \u021big\u0103rile electronice de unic\u0103 folosin\u021b\u0103 care pretind c\u0103 dureaz\u0103 mult timp, dar nu rezist\u0103 nici m\u0103car un weekend, acest produs este alegerea perfect\u0103. Este diferit de altele. O concentra\u021bie de nicotin\u0103 de 5% poate satisface nevoile utilizatorilor care au nevoie de ele, \u00een timp ce designul re\u00eenc\u0103rcabil \u00eenseamn\u0103 c\u0103 pute\u021bi folosi cu adev\u0103rat fiecare pic\u0103tur\u0103 de e-lichid.<\/p>\n<h2 data-v-md-heading=\"excellent-performance-and-easy-operation\" data-v-md-line=\"9\">Performan\u021b\u0103 excelent\u0103 \u0219i utilizare u\u0219oar\u0103<\/h2>\n<p data-v-md-line=\"11\">Designul lui Bang King 25000 este concis \u0219i clar. Miezul de atomizare \u00eencorporat asigur\u0103 acela\u0219i gust ca \u00eenainte, f\u0103r\u0103 mirosul de ars comun al \u021big\u0103rilor electronice ieftine din stadiul ulterior. Capacitatea bateriei de 650 mAh poate p\u0103rea mic\u0103, dar esen\u021bialul este c\u0103 accept\u0103 \u00eenc\u0103rcarea de tip C. A\u0219adar, chiar dac\u0103 bateria este desc\u0103rcat\u0103 (ceea ce se \u00eent\u00e2mpl\u0103 rar), trebuie doar s\u0103 utiliza\u021bi acela\u0219i cablu de date pentru a \u00eenc\u0103rca telefonul. \u00cenc\u0103rc\u00e2nd timp de zece minute, v\u0103 pute\u021bi bucura de c\u00e2teva ore de experien\u021b\u0103 de vaping. Este at\u00e2t de simplu.<\/p>\n<h2 data-v-md-heading=\"product-specifications\" data-v-md-line=\"13\">Specifica\u021bii ale produsului<\/h2>\n<p data-v-md-line=\"15\"><strong>Frecven\u021ba fumatului:<\/strong>\u00a0p\u00e2n\u0103 la 25000 de pufuri<\/p>\n<p data-v-md-line=\"17\"><strong>Con\u021binut de nicotin\u0103:<\/strong>\u00a05% (50mg\/ml) \u2013 intensitate moderat\u0103 a fumatului<\/p>\n<p data-v-md-line=\"19\"><strong>Utilizare:<\/strong>\u00a0Inspir\u0103 pentru a activa<\/p>\n<p data-v-md-line=\"21\"><strong>Metod\u0103 de \u00eenc\u0103rcare:<\/strong>\u00a0Interfa\u021b\u0103 USB standard de tip C<\/p>\n<p data-v-md-line=\"23\"><strong>Baterie:<\/strong>\u00a0Baterie re\u00eenc\u0103rcabil\u0103 de 650 mAh<\/p>\n<p data-v-md-line=\"25\"><strong>Status:<\/strong>\u00a0Ready to use out of the box<\/p>\n<h2 data-v-md-heading=\"complete-flavor-lineup\" data-v-md-line=\"27\">Gam\u0103 complet\u0103 de arome<\/h2>\n<ul data-v-md-line=\"29\">\n<li>Afine \u0219i zmeur\u0103<\/li>\n<li>Ghea\u021b\u0103 de piersic\u0103<\/li>\n<li>Pepene verde cu c\u0103p\u0219uni<\/li>\n<li>Ghea\u021b\u0103 de pepene verde<\/li>\n<li>C\u0103p\u0219uni \u0219i banane<\/li>\n<li>Mere acre<\/li>\n<li>\u00cenghe\u021bat\u0103 cu trei fructe de p\u0103dure<\/li>\n<li>Fructe tropicale<\/li>\n<li>Bomb\u0103 de cire\u0219e<\/li>\n<li>Ghea\u021b\u0103 de struguri<\/li>\n<li>Piersic\u0103 \u0219i Mango<\/li>\n<li>C\u0103p\u0219uni \u0219i Mango<\/li>\n<\/ul>\n<p><img loading=\"lazy\" decoding=\"async\" class=\"aligncenter size-full wp-image-19770\" src=\"https:\/\/agoravape.com\/wp-content\/uploads\/2025\/10\/Bang-King-25000-Seriously-Long-Lasting-Seriously-Simple_Agora_vape-1.webp\" alt=\"\" width=\"1920\" height=\"1240\" srcset=\"https:\/\/agoravape.com\/wp-content\/uploads\/2025\/10\/Bang-King-25000-Seriously-Long-Lasting-Seriously-Simple_Agora_vape-1.webp 1920w, https:\/\/agoravape.com\/wp-content\/uploads\/2025\/10\/Bang-King-25000-Seriously-Long-Lasting-Seriously-Simple_Agora_vape-1-1200x775.webp 1200w, https:\/\/agoravape.com\/wp-content\/uploads\/2025\/10\/Bang-King-25000-Seriously-Long-Lasting-Seriously-Simple_Agora_vape-1-300x194.webp 300w, https:\/\/agoravape.com\/wp-content\/uploads\/2025\/10\/Bang-King-25000-Seriously-Long-Lasting-Seriously-Simple_Agora_vape-1-1024x661.webp 1024w, https:\/\/agoravape.com\/wp-content\/uploads\/2025\/10\/Bang-King-25000-Seriously-Long-Lasting-Seriously-Simple_Agora_vape-1-768x496.webp 768w, https:\/\/agoravape.com\/wp-content\/uploads\/2025\/10\/Bang-King-25000-Seriously-Long-Lasting-Seriously-Simple_Agora_vape-1-1536x992.webp 1536w\" sizes=\"auto, (max-width: 1920px) 100vw, 1920px\" \/><\/p>\n<h2 data-v-md-heading=\"tailored-for-you-and-your-business\" data-v-md-line=\"42\">Adaptat pentru tine \u0219i afacerea ta<\/h2>\n<p data-v-md-line=\"44\">Bang King 25000 este disponibil pentru achizi\u021bionare individual\u0103, iar dac\u0103 sunte\u021bi proprietarul unei afaceri, pute\u021bi achizi\u021biona \u0219i \u00een vrac. Ambalat corespunz\u0103tor. Produsul este furnizat \u00een ambalaje en-gros de 200 de buc\u0103\u021bi per cutie, \u00eengrijit \u0219i ordonat, put\u00e2nd fi expediat oric\u00e2nd. Fiecare cutie de carton m\u0103soar\u0103 61,5 \u00d7 30,5 \u00d7 26,7 centimetri \u0219i c\u00e2nt\u0103re\u0219te aproximativ 19,25 kilograme \u2013 ceea ce \u00eel face u\u0219or de depozitat \u0219i o alegere ideal\u0103 pentru men\u021binerea unui spa\u021biu suficient pe rafturi.<\/p>\n<p data-v-md-line=\"46\">\u00cen plus, cu siguran\u021b\u0103 ve\u021bi aprecia un lucru la noi: folosim parteneri de \u00eencredere precum UPS, DPD \u0219i DHL \u0219i folosim livrarea DDP (Delivered Duty Paid) pentru a procesa \u00een avans toate taxele vamale. Aceasta \u00eenseamn\u0103 c\u0103 nu trebuie s\u0103 v\u0103 face\u021bi griji cu privire la taxe vamale suplimentare sau ascunse - livr\u0103m pur \u0219i simplu la u\u0219a dumneavoastr\u0103 sau la depozitul dumneavoastr\u0103.<\/p>\n<h2 data-v-md-heading=\"reasons-why-you-will-like-it\" data-v-md-line=\"48\">Motive pentru care \u00ee\u021bi va pl\u0103cea<\/h2>\n<p data-v-md-line=\"50\"><strong>25000 de porturi:<\/strong>\u00a0Nu este o gre\u0219eal\u0103 de scriere \u2013 are o durat\u0103 lung\u0103 de via\u021b\u0103 a bateriei, economisindu-v\u0103 bani \u0219i efort.<\/p>\n<p data-v-md-line=\"52\"><strong>Concentra\u021bie mare de nicotin\u0103:<\/strong>\u00a0Concentra\u021bie de nicotin\u0103 de 5%, satisfac\u021bie suficient\u0103 poate fi ob\u021binut\u0103 f\u0103r\u0103 inhalare frecvent\u0103<\/p>\n<p data-v-md-line=\"54\"><strong>Baterie re\u00eenc\u0103rcabil\u0103:<\/strong>\u00a0v\u0103 permite s\u0103 folosi\u021bi fiecare pic\u0103tur\u0103 de lichid electronic f\u0103r\u0103 s\u0103 v\u0103 face\u021bi griji c\u0103 bateria se va desc\u0103rca \u0219i va provoca risip\u0103<\/p>\n<p data-v-md-line=\"56\"><strong>Miezul atomizorului cu plas\u0103:<\/strong>\u00a0Ofer\u0103 \u00een mod constant un gust bogat \u0219i fin de la prima p\u00e2n\u0103 la ultima \u00eembuc\u0103tur\u0103<\/p>\n<p data-v-md-line=\"58\"><strong>\u00cenc\u0103rcare tip C:<\/strong>\u00a0Folose\u0219te acela\u0219i cablu de \u00eenc\u0103rcare ca majoritatea dispozitivelor moderne \u2013 nu este nevoie s\u0103 cau\u021bi un \u00eenc\u0103rc\u0103tor dedicat<\/p>\n<h2 data-v-md-heading=\"why-choose-agoravape\" data-v-md-line=\"60\">De ce s\u0103 alegi AgoraVape?<\/h2>\n<p data-v-md-line=\"62\">Fiind unul dintre cei mai de \u00eencredere distribuitori de \u021big\u0103ri electronice din Europa, vindem doar produse 100% originale. Pentru clien\u021bii no\u0219tri corporativi, aceasta \u00eenseamn\u0103 reduceri de 25.000 de dolari la pre\u021burile en-gros de la Bang King, asisten\u021b\u0103 tehnic\u0103 complet\u0103 \u0219i servicii de livrare rapide \u0219i fiabile. Contacta\u021bi-ne pentru a le mul\u021bumi sincer clien\u021bilor dvs. pentru furnizarea acestui produs.<\/p>","protected":false},"excerpt":{"rendered":"<p>&nbsp;<\/p>\n<p><script src=\"chrome-extension:\/\/fpelahbljekknahkcaegamhcndkfpfnc\/iFrame.js\" type=\"text\/javascript\"><\/script><\/p>\n<p><script src=\"chrome-extension:\/\/fpelahbljekknahkcaegamhcndkfpfnc\/iFrame.js\" type=\"text\/javascript\"><\/script><\/p>\n<p><script src=\"chrome-extension:\/\/fpelahbljekknahkcaegamhcndkfpfnc\/iFrame.js\" type=\"text\/javascript\"><\/script><\/p>\n<p><script src=\"chrome-extension:\/\/fpelahbljekknahkcaegamhcndkfpfnc\/iFrame.js\" type=\"text\/javascript\"><\/script><\/p>\n<p><script src=\"chrome-extension:\/\/fpelahbljekknahkcaegamhcndkfpfnc\/iFrame.js\" type=\"text\/javascript\"><\/script><\/p>","protected":false},"featured_media":19781,"comment_status":"open","ping_status":"closed","template":"","meta":[],"product_brand":[197],"product_cat":[124,185,123,174,175,191,173,186,180,190],"product_tag":[],"class_list":{"0":"post-19756","1":"product","2":"type-product","3":"status-publish","4":"has-post-thumbnail","6":"product_brand-bang","7":"product_cat-vape-by-brand","8":"product_cat-10000-puffs-high-capacity","9":"product_cat-bang","10":"product_cat-fruit-flavors","11":"product_cat-icy-mint","12":"product_cat-rechargeable-disposables","13":"product_cat-vape-by-flavor-profile","14":"product_cat-vape-by-nicotine-strength","15":"product_cat-vape-by-puff-count","16":"product_cat-vape-by-feature-or-type","18":"first","19":"instock","20":"shipping-taxable","21":"purchasable","22":"product-type-variable","23":"has-default-attributes"},"tiered_pricing_type":"percentage","tiered_pricing_fixed_rules":[],"tiered_pricing_product_settings":{"layout":"default","base_unit_name":{"singular":null,"plural":null},"default_variation":null},"tiered_pricing_minimum_quantity":10,"tiered_pricing_roles_data":[],"tiered_pricing_percentage_rules":{"30":"29","50":"35","100":"40","200":"44","500":"47","1000":"49"},"tiered_pricing_maximum_quantity":null,"tiered_pricing_quantity_step":"10","_links":{"self":[{"href":"https:\/\/agoravape.com\/ro\/wp-json\/wp\/v2\/product\/19756","targetHints":{"allow":["GET"]}}],"collection":[{"href":"https:\/\/agoravape.com\/ro\/wp-json\/wp\/v2\/product"}],"about":[{"href":"https:\/\/agoravape.com\/ro\/wp-json\/wp\/v2\/types\/product"}],"replies":[{"embeddable":true,"href":"https:\/\/agoravape.com\/ro\/wp-json\/wp\/v2\/comments?post=19756"}],"version-history":[{"count":0,"href":"https:\/\/agoravape.com\/ro\/wp-json\/wp\/v2\/product\/19756\/revisions"}],"wp:featuredmedia":[{"embeddable":true,"href":"https:\/\/agoravape.com\/ro\/wp-json\/wp\/v2\/media\/19781"}],"wp:attachment":[{"href":"https:\/\/agoravape.com\/ro\/wp-json\/wp\/v2\/media?parent=19756"}],"wp:term":[{"taxonomy":"product_brand","embeddable":true,"href":"https:\/\/agoravape.com\/ro\/wp-json\/wp\/v2\/product_brand?post=19756"},{"taxonomy":"product_cat","embeddable":true,"href":"https:\/\/agoravape.com\/ro\/wp-json\/wp\/v2\/product_cat?post=19756"},{"taxonomy":"product_tag","embeddable":true,"href":"https:\/\/agoravape.com\/ro\/wp-json\/wp\/v2\/product_tag?post=19756"}],"curies":[{"name":"wp","href":"https:\/\/api.w.org\/{rel}","templated":true}]}}