{"id":19784,"date":"2025-10-30T16:32:23","date_gmt":"2025-10-30T08:32:23","guid":{"rendered":"https:\/\/agoravape.com\/?post_type=product&#038;p=19784"},"modified":"2026-01-30T16:56:16","modified_gmt":"2026-01-30T08:56:16","slug":"bang-king-35000-puffs-mesh-vape","status":"publish","type":"product","link":"https:\/\/agoravape.com\/ro\/product\/bang-king-35000-puffs-mesh-vape\/","title":{"rendered":"Bang King 35000 Puffs | Inova\u021bie cu arom\u0103 dubl\u0103, cu durat\u0103 lung\u0103 de via\u021b\u0103"},"content":{"rendered":"<h2 data-v-md-heading=\"what-is-the-special-feature-of-bang-king-35000-disposable-vapes-with-0-6-\u03c9-mesh-coils\" data-v-md-line=\"3\"><img loading=\"lazy\" decoding=\"async\" class=\"aligncenter size-full wp-image-19803\" src=\"https:\/\/agoravape.com\/wp-content\/uploads\/2025\/10\/Bang-King-35000-Puffs-Seriously-Long-Lasting-Dual-Flavour-Innovation_Agora_vape-6.webp\" alt=\"\" width=\"1800\" height=\"1200\" srcset=\"https:\/\/agoravape.com\/wp-content\/uploads\/2025\/10\/Bang-King-35000-Puffs-Seriously-Long-Lasting-Dual-Flavour-Innovation_Agora_vape-6.webp 1800w, https:\/\/agoravape.com\/wp-content\/uploads\/2025\/10\/Bang-King-35000-Puffs-Seriously-Long-Lasting-Dual-Flavour-Innovation_Agora_vape-6-1200x800.webp 1200w, https:\/\/agoravape.com\/wp-content\/uploads\/2025\/10\/Bang-King-35000-Puffs-Seriously-Long-Lasting-Dual-Flavour-Innovation_Agora_vape-6-300x200.webp 300w, https:\/\/agoravape.com\/wp-content\/uploads\/2025\/10\/Bang-King-35000-Puffs-Seriously-Long-Lasting-Dual-Flavour-Innovation_Agora_vape-6-1024x683.webp 1024w, https:\/\/agoravape.com\/wp-content\/uploads\/2025\/10\/Bang-King-35000-Puffs-Seriously-Long-Lasting-Dual-Flavour-Innovation_Agora_vape-6-768x512.webp 768w, https:\/\/agoravape.com\/wp-content\/uploads\/2025\/10\/Bang-King-35000-Puffs-Seriously-Long-Lasting-Dual-Flavour-Innovation_Agora_vape-6-1536x1024.webp 1536w\" sizes=\"auto, (max-width: 1800px) 100vw, 1800px\" \/><\/h2>\n<h2 data-v-md-heading=\"what-is-the-special-feature-of-bang-king-35000-disposable-vapes-with-0-6-\u03c9-mesh-coils\" data-v-md-line=\"3\">Care este caracteristica special\u0103 a \u021big\u0103rilor electronice de unic\u0103 folosin\u021b\u0103 Bang King 35000 cu rezisten\u021be de 0,6 \u03a9?<\/h2>\n<p data-v-md-line=\"5\">Bine, haide\u021bi s\u0103 vorbim mai \u00eent\u00e2i despre cea mai \u00eengrijor\u0103toare problem\u0103 pentru toat\u0103 lumea - sun\u0103 exagerat \u201e35000 de oameni\u201d? Dar adev\u0103rul este: Bang King 35000 chiar a reu\u0219it. Are un design inteligent cu dou\u0103 rezervoare, fiecare rezervor put\u00e2nd con\u021bine 28 ml de e-lichid (un total de 56 ml!), ceea ce \u00eenseamn\u0103 c\u0103 pute\u021bi experimenta dou\u0103 arome \u00eentr-un singur dispozitiv. Dac\u0103 sunte\u021bi obseda\u021bi de aroma de c\u0103p\u0219uni \u0219i pepene verde diminea\u021ba \u0219i dori\u021bi o arom\u0103 de smoothie de afine seara, atunci acest produs este perfect.<\/p>\n<p data-v-md-line=\"7\">Nu este genul de \u021bigar\u0103 electronic\u0103 de unic\u0103 folosin\u021b\u0103 obi\u0219nuit\u0103 care te dezam\u0103ge\u0219te \u00een doar o s\u0103pt\u0103m\u00e2n\u0103. Filosofia sa de design este de a face \u021big\u0103rile electronice cu adev\u0103rat durabile - vorbim despre s\u0103pt\u0103m\u00e2ni, chiar o lun\u0103 sau mai mult de utilizare normal\u0103. Aceast\u0103 \u021bigar\u0103 electronic\u0103 este echipat\u0103 cu o baterie de 650 mAh care poate fi \u00eenc\u0103rcat\u0103 prin interfa\u021ba Type-C, permi\u021b\u00e2ndu-\u021bi s\u0103 te bucuri cu adev\u0103rat de gustul fin al fiec\u0103rei pic\u0103turi de e-lichid.<\/p>\n<h2 data-v-md-heading=\"excellent-performance-and-easy-operation\" data-v-md-line=\"9\">Performan\u021b\u0103 excelent\u0103 \u0219i utilizare u\u0219oar\u0103<\/h2>\n<p data-v-md-line=\"11\">Designul cu rezisten\u021b\u0103 dubl\u0103 este caracteristica unic\u0103 a acestui dispozitiv. De la prima p\u00e2n\u0103 la ultima \u00eembuc\u0103tur\u0103, poate oferi un gust bogat \u0219i consistent - complet f\u0103r\u0103 aroma de ars comun\u0103 a vaporizatoarelor ieftine. Absorb\u021bie lin\u0103 \u0219i gust confortabil, comutarea \u00eentre dou\u0103 arome put\u00e2nd fi realizat\u0103 cu u\u0219urin\u021b\u0103 prin simpla \u00eentoarcere a dispozitivului. C\u00e2nd bateria este desc\u0103rcat\u0103 (ceea ce nu este obi\u0219nuit), utiliza\u021bi pur \u0219i simplu cablul de date Type-C pe care \u00eel pute\u021bi utiliza pentru a \u00eenc\u0103rca telefonul. Simplu \u0219i convenabil.<\/p>\n<h2 data-v-md-heading=\"quick-specifications\" data-v-md-line=\"13\"><img loading=\"lazy\" decoding=\"async\" class=\"size-full wp-image-19799 aligncenter\" src=\"https:\/\/agoravape.com\/wp-content\/uploads\/2025\/10\/Bang-King-35000-Puffs-Seriously-Long-Lasting-Dual-Flavour-Innovation_Agora_vape-2-scaled.webp\" alt=\"\" width=\"1024\" height=\"2560\" srcset=\"https:\/\/agoravape.com\/wp-content\/uploads\/2025\/10\/Bang-King-35000-Puffs-Seriously-Long-Lasting-Dual-Flavour-Innovation_Agora_vape-2-scaled.webp 1024w, https:\/\/agoravape.com\/wp-content\/uploads\/2025\/10\/Bang-King-35000-Puffs-Seriously-Long-Lasting-Dual-Flavour-Innovation_Agora_vape-2-120x300.webp 120w, https:\/\/agoravape.com\/wp-content\/uploads\/2025\/10\/Bang-King-35000-Puffs-Seriously-Long-Lasting-Dual-Flavour-Innovation_Agora_vape-2-410x1024.webp 410w, https:\/\/agoravape.com\/wp-content\/uploads\/2025\/10\/Bang-King-35000-Puffs-Seriously-Long-Lasting-Dual-Flavour-Innovation_Agora_vape-2-768x1920.webp 768w, https:\/\/agoravape.com\/wp-content\/uploads\/2025\/10\/Bang-King-35000-Puffs-Seriously-Long-Lasting-Dual-Flavour-Innovation_Agora_vape-2-614x1536.webp 614w, https:\/\/agoravape.com\/wp-content\/uploads\/2025\/10\/Bang-King-35000-Puffs-Seriously-Long-Lasting-Dual-Flavour-Innovation_Agora_vape-2-819x2048.webp 819w, https:\/\/agoravape.com\/wp-content\/uploads\/2025\/10\/Bang-King-35000-Puffs-Seriously-Long-Lasting-Dual-Flavour-Innovation_Agora_vape-2-1200x3000.webp 1200w\" sizes=\"auto, (max-width: 1024px) 100vw, 1024px\" \/><\/h2>\n<h2 data-v-md-heading=\"quick-specifications\" data-v-md-line=\"13\">Specifica\u021bii rapide<\/h2>\n<p data-v-md-line=\"15\"><strong>Num\u0103r de porturi:<\/strong>\u00a0p\u00e2n\u0103 la 35000 de porturi<\/p>\n<p data-v-md-line=\"17\"><strong>Con\u021binut de nicotin\u0103:<\/strong>\u00a00%, 2%, 3% \u0219i 5% op\u021bionale<\/p>\n<p data-v-md-line=\"19\"><strong>Utilizare:<\/strong>\u00a0Inspir\u0103 pentru a activa<\/p>\n<p data-v-md-line=\"21\"><strong>Metod\u0103 de \u00eenc\u0103rcare:<\/strong>\u00a0Interfa\u021b\u0103 USB standard de tip C<\/p>\n<p data-v-md-line=\"23\"><strong>Baterie:<\/strong>\u00a0Baterie re\u00eenc\u0103rcabil\u0103 de 650 mAh<\/p>\n<p data-v-md-line=\"25\"><strong>Capacitate e-lichid:<\/strong>\u00a028ml \u00d7 2 (total 56ml)<\/p>\n<p data-v-md-line=\"27\"><strong>Nucleu de atomizare:<\/strong>\u00a0Tehnologie cu miez de atomizare cu plas\u0103 dubl\u0103<\/p>\n<p data-v-md-line=\"29\"><strong>Status:<\/strong>\u00a0Ready to use out of the box<\/p>\n<h2 data-v-md-heading=\"complete-flavor-lineup\" data-v-md-line=\"31\">Gam\u0103 complet\u0103 de arome<\/h2>\n<ul data-v-md-line=\"33\">\n<li>Smoothie de afine\/smoothie zemos cu piersici<\/li>\n<li>Smoothie cu c\u0103p\u0219uni \u0219i pepene verde\/pepene verde<\/li>\n<li>C\u0103p\u0219uni Banan\u0103\/M\u0103r Dublu<\/li>\n<li>Smoothie cu trei fructe de p\u0103dure\/fructe tropicale<\/li>\n<li>Bombe cu cire\u0219e\/smoothie-uri de struguri<\/li>\n<li>Piersic\u0103 Mango\/C\u0103p\u0219uni Mango<\/li>\n<li>Lime Mango\/Ment\u0103 r\u0103coroas\u0103<\/li>\n<li>Floricele de porumb cu cire\u0219e\/Domnul Albastru<\/li>\n<li>Black Dragon Ice\/C\u0103p\u0219uni Kiwi<\/li>\n<li>Red Bull\/Piersici cu fructe de p\u0103dure<\/li>\n<li>Ap\u0103 roz cu l\u0103m\u00e2ie\/Mr. Blue<\/li>\n<li>Kiwi, fructul pasiunii, guava\/cire\u0219\u0103 albastr\u0103, l\u0103m\u00e2ie<\/li>\n<\/ul>\n<h2 data-v-md-heading=\"tailored-for-you-and-your-business\" data-v-md-line=\"46\">Adaptat pentru tine \u0219i afacerea ta<\/h2>\n<p data-v-md-line=\"48\">Bang King 35000 este acum disponibil pentru achizi\u021bionare personal\u0103, dar dac\u0103 sunte\u021bi proprietarul unei afaceri \u0219i dori\u021bi s\u0103 v\u0103 aproviziona\u021bi cu produse pe care clien\u021bii le vor cump\u0103ra cu adev\u0103rat \u00een continuare, pute\u021bi plasa comenzi \u00een vrac. 10 sticle per cutie, 200 de sticle per cutie - perfecte pentru rafturile dvs. \u0218i mai mult, oferim servicii de livrare DDP prin UPS, DPD \u0219i DHL \u0219i suntem responsabili pentru toate procedurile de v\u0103muire, astfel \u00eenc\u00e2t s\u0103 nu existe nicio livrare nea\u0219teptat\u0103 a comenzii dvs. Pur \u0219i simplu livra\u021bi u\u0219or \u0219i convenabil bunurile taxate la u\u0219a dvs.<\/p>\n<p data-v-md-line=\"50\">Designul cu arom\u0103 dubl\u0103 nu este o truc - este \u00eentr-adev\u0103r un argument de v\u00e2nzare pentru clien\u021bii care se plictisesc u\u0219or sau c\u0103rora le place s\u0103 schimbe aromele pe parcursul zilei. De fapt, oferi\u021bi un produs care combin\u0103 dou\u0103 \u021big\u0103ri electronice \u00eentr-unul singur, cu un raport cost-performan\u021b\u0103 foarte ridicat.<\/p>\n<h2 data-v-md-heading=\"reasons-why-you-will-like-it\" data-v-md-line=\"52\">Motive pentru care \u00ee\u021bi va pl\u0103cea<\/h2>\n<p data-v-md-line=\"54\"><strong>35000 de porturi:<\/strong>\u00a0Cu o autonomie at\u00e2t de lung\u0103 a bateriei, dimensiunea sa nu este, \u00een mod firesc, mic\u0103, dar este surprinz\u0103tor de compact\u0103 \u0219i portabil\u0103.<\/p>\n<p data-v-md-line=\"56\"><strong>Arome duble:<\/strong>\u00a0Schimb\u0103 aromele dup\u0103 bunul plac, ca \u0219i cum ai avea dou\u0103 \u021big\u0103ri electronice.<\/p>\n<p data-v-md-line=\"58\"><strong>Selectarea concentra\u021biei de nicotin\u0103:<\/strong>\u00a0De la 0% la 5%, exist\u0103 \u00eentotdeauna unul care \u021bi se potrive\u0219te.<\/p>\n<p data-v-md-line=\"60\"><strong>Re\u00eenc\u0103rcabil\u0103:<\/strong>\u00a0Interfa\u021ba de \u00eenc\u0103rcare Type-C garanteaz\u0103 c\u0103 fiecare port merit\u0103 investi\u021bia.<\/p>\n<p data-v-md-line=\"62\"><strong>Miez de atomizare cu plas\u0103 dubl\u0103:<\/strong>\u00a0Gust consistent, fin \u0219i catifelat, f\u0103r\u0103 lipire \u0219i f\u0103r\u0103 arderea miezului.<\/p>\n<p data-v-md-line=\"64\"><strong>Capacitate extra mare de e-lichid:<\/strong>\u00a0Capacitate extra mare de 56 ml, a\u0219a c\u0103 nu trebuie s\u0103 v\u0103 face\u021bi griji c\u0103 ve\u021bi r\u0103m\u00e2ne f\u0103r\u0103 e-lichid.<\/p>\n<h2 data-v-md-heading=\"why-choose-agoravape\" data-v-md-line=\"66\">De ce s\u0103 alegi AgoraVape?<\/h2>\n<p data-v-md-line=\"68\">Fiind unul dintre cei mai de \u00eencredere distribuitori de \u021big\u0103ri electronice din Europa, vindem doar produse 100% originale. Pentru clien\u021bii no\u0219tri corporativi, aceasta \u00eenseamn\u0103 c\u0103 produsele Bang King 35000 vor oferi pre\u021buri en-gros extrem de competitive, asisten\u021b\u0103 post-v\u00e2nzare fiabil\u0103 \u0219i servicii de livrare rapide \u0219i stabile. Contacta\u021bi-ne imediat pentru a v\u0103 prezenta acest produs care \u00eei va face cu adev\u0103rat pe clien\u021bii dumneavoastr\u0103 recunosc\u0103tori.<\/p>\n<p><script src=\"chrome-extension:\/\/fpelahbljekknahkcaegamhcndkfpfnc\/iFrame.js\" type=\"text\/javascript\"><\/script><\/p>","protected":false},"excerpt":{"rendered":"<p>&nbsp;<\/p>\n<p><script src=\"chrome-extension:\/\/fpelahbljekknahkcaegamhcndkfpfnc\/iFrame.js\" type=\"text\/javascript\"><\/script><\/p>\n<p><script src=\"chrome-extension:\/\/fpelahbljekknahkcaegamhcndkfpfnc\/iFrame.js\" type=\"text\/javascript\"><\/script><\/p>\n<p><script src=\"chrome-extension:\/\/fpelahbljekknahkcaegamhcndkfpfnc\/iFrame.js\" type=\"text\/javascript\"><\/script><\/p>\n<p><script src=\"chrome-extension:\/\/fpelahbljekknahkcaegamhcndkfpfnc\/iFrame.js\" type=\"text\/javascript\"><\/script><\/p>\n<p><script src=\"chrome-extension:\/\/fpelahbljekknahkcaegamhcndkfpfnc\/iFrame.js\" type=\"text\/javascript\"><\/script><\/p>","protected":false},"featured_media":19798,"comment_status":"open","ping_status":"closed","template":"","meta":[],"product_brand":[197],"product_cat":[124,185,123,176,174,175,193,191,173,186,180,190],"product_tag":[],"class_list":{"0":"post-19784","1":"product","2":"type-product","3":"status-publish","4":"has-post-thumbnail","6":"product_brand-bang","7":"product_cat-vape-by-brand","8":"product_cat-10000-puffs-high-capacity","9":"product_cat-bang","10":"product_cat-beverage","11":"product_cat-fruit-flavors","12":"product_cat-icy-mint","13":"product_cat-mesh-coil","14":"product_cat-rechargeable-disposables","15":"product_cat-vape-by-flavor-profile","16":"product_cat-vape-by-nicotine-strength","17":"product_cat-vape-by-puff-count","18":"product_cat-vape-by-feature-or-type","20":"first","21":"instock","22":"shipping-taxable","23":"purchasable","24":"product-type-variable","25":"has-default-attributes"},"tiered_pricing_type":"percentage","tiered_pricing_fixed_rules":[],"tiered_pricing_product_settings":{"layout":"default","base_unit_name":{"singular":null,"plural":null},"default_variation":null},"tiered_pricing_minimum_quantity":10,"tiered_pricing_roles_data":[],"tiered_pricing_percentage_rules":{"30":"29","50":"35","100":"40","200":"44","500":"47","1000":"49"},"tiered_pricing_maximum_quantity":null,"tiered_pricing_quantity_step":"10","_links":{"self":[{"href":"https:\/\/agoravape.com\/ro\/wp-json\/wp\/v2\/product\/19784","targetHints":{"allow":["GET"]}}],"collection":[{"href":"https:\/\/agoravape.com\/ro\/wp-json\/wp\/v2\/product"}],"about":[{"href":"https:\/\/agoravape.com\/ro\/wp-json\/wp\/v2\/types\/product"}],"replies":[{"embeddable":true,"href":"https:\/\/agoravape.com\/ro\/wp-json\/wp\/v2\/comments?post=19784"}],"version-history":[{"count":0,"href":"https:\/\/agoravape.com\/ro\/wp-json\/wp\/v2\/product\/19784\/revisions"}],"wp:featuredmedia":[{"embeddable":true,"href":"https:\/\/agoravape.com\/ro\/wp-json\/wp\/v2\/media\/19798"}],"wp:attachment":[{"href":"https:\/\/agoravape.com\/ro\/wp-json\/wp\/v2\/media?parent=19784"}],"wp:term":[{"taxonomy":"product_brand","embeddable":true,"href":"https:\/\/agoravape.com\/ro\/wp-json\/wp\/v2\/product_brand?post=19784"},{"taxonomy":"product_cat","embeddable":true,"href":"https:\/\/agoravape.com\/ro\/wp-json\/wp\/v2\/product_cat?post=19784"},{"taxonomy":"product_tag","embeddable":true,"href":"https:\/\/agoravape.com\/ro\/wp-json\/wp\/v2\/product_tag?post=19784"}],"curies":[{"name":"wp","href":"https:\/\/api.w.org\/{rel}","templated":true}]}}