{"id":19860,"date":"2025-10-30T17:10:02","date_gmt":"2025-10-30T09:10:02","guid":{"rendered":"https:\/\/agoravape.com\/?post_type=product&#038;p=19860"},"modified":"2026-01-19T21:59:07","modified_gmt":"2026-01-19T13:59:07","slug":"bang-king-bk45-45000-pufuri-rezervor-triplu-vape","status":"publish","type":"product","link":"https:\/\/agoravape.com\/ro\/product\/bang-king-bk45-45000-puffs-triple-tank-vape\/","title":{"rendered":"Bang King BK45 45000 Puffs | Trei arome, un singur dispozitiv, satisfac\u021bie nesf\u00e2r\u0219it\u0103"},"content":{"rendered":"<h2 data-v-md-heading=\"what-is-special-about-bang-king-bk45-45000-three-pack-vape\" data-v-md-line=\"3\"><img loading=\"lazy\" decoding=\"async\" class=\"size-full wp-image-19874 alignright\" src=\"https:\/\/agoravape.com\/wp-content\/uploads\/2025\/10\/Bang-King-BK45-45000-Puffs-Three-Flavours-One-Device-Endless-Satisfaction_Agora_vape-1-scaled.webp\" alt=\"\" width=\"1080\" height=\"2560\" srcset=\"https:\/\/agoravape.com\/wp-content\/uploads\/2025\/10\/Bang-King-BK45-45000-Puffs-Three-Flavours-One-Device-Endless-Satisfaction_Agora_vape-1-scaled.webp 1080w, https:\/\/agoravape.com\/wp-content\/uploads\/2025\/10\/Bang-King-BK45-45000-Puffs-Three-Flavours-One-Device-Endless-Satisfaction_Agora_vape-1-127x300.webp 127w, https:\/\/agoravape.com\/wp-content\/uploads\/2025\/10\/Bang-King-BK45-45000-Puffs-Three-Flavours-One-Device-Endless-Satisfaction_Agora_vape-1-432x1024.webp 432w, https:\/\/agoravape.com\/wp-content\/uploads\/2025\/10\/Bang-King-BK45-45000-Puffs-Three-Flavours-One-Device-Endless-Satisfaction_Agora_vape-1-768x1821.webp 768w, https:\/\/agoravape.com\/wp-content\/uploads\/2025\/10\/Bang-King-BK45-45000-Puffs-Three-Flavours-One-Device-Endless-Satisfaction_Agora_vape-1-648x1536.webp 648w, https:\/\/agoravape.com\/wp-content\/uploads\/2025\/10\/Bang-King-BK45-45000-Puffs-Three-Flavours-One-Device-Endless-Satisfaction_Agora_vape-1-864x2048.webp 864w, https:\/\/agoravape.com\/wp-content\/uploads\/2025\/10\/Bang-King-BK45-45000-Puffs-Three-Flavours-One-Device-Endless-Satisfaction_Agora_vape-1-1200x2845.webp 1200w\" sizes=\"auto, (max-width: 1080px) 100vw, 1080px\" \/><\/h2>\n<h2 data-v-md-heading=\"what-is-special-about-bang-king-bk45-45000-three-pack-vape\" data-v-md-line=\"3\">Ce este special la \u021bigara electronic\u0103 Bang King BK45 45000 \u00een pachet de trei?<\/h2>\n<p data-v-md-line=\"5\">Acest vape este diferit - po\u021bi comuta liber \u00eentre trei arome f\u0103r\u0103 a fi nevoie s\u0103 ai trei dispozitive la tine. Bang King BK45 nu este doar un vape obi\u0219nuit de unic\u0103 folosin\u021b\u0103, cu un num\u0103r uimitor de pufuri. Adopt\u0103 un design inteligent cu trei compartimente, care poate con\u021bine un total de 45 de mililitri de e-lichid (15 mililitri per compartiment), permi\u021b\u00e2ndu-\u021bi s\u0103-\u021bi schimbi gustul oric\u00e2nd, oriunde. Pur \u0219i simplu rote\u0219te u\u0219or \u0219i comut\u0103 pentru a experimenta o arom\u0103 complet nou\u0103.<\/p>\n<p data-v-md-line=\"7\">Dac\u0103 nu po\u021bi p\u0103stra aceea\u0219i arom\u0103 pentru o perioad\u0103 lung\u0103 de timp sau dac\u0103 pur \u0219i simplu \u00ee\u021bi place s\u0103 ai mai multe op\u021biuni, atunci acest vape \u00ee\u021bi va schimba complet experien\u021ba de fumat. Spune adio b\u0103t\u0103ilor de cap de a-\u021bi umple buzunarele cu diverse dispozitive, spune adio oboselii gustative - cu un singur dispozitiv elegant, te po\u021bi bucura de prospe\u021bime s\u0103pt\u0103m\u00e2ni \u00eentregi.<\/p>\n<h2 data-v-md-heading=\"excellent-performance-easy-to-operate\" data-v-md-line=\"9\">Performan\u021b\u0103 excelent\u0103, u\u0219or de utilizat<\/h2>\n<p data-v-md-line=\"11\">Tehnologia cu spiral\u0103 tip plas\u0103 asigur\u0103 c\u0103 fiecare \u00eembuc\u0103tur\u0103 (45000 de \u00eembuc\u0103turi) men\u021bine un gust proasp\u0103t \u0219i consistent, indiferent dac\u0103 a\u021bi tras 100 sau 40000 de \u00eembuc\u0103turi. O baterie re\u00eenc\u0103rcabil\u0103 de 650 mAh este suficient\u0103 pentru a satisface cererea de e-lichid de mare capacitate. C\u00e2nd trebuie s\u0103 reumple\u021bi e-lichidul, pur \u0219i simplu conecta\u021bi un cablu de date standard de tip C - la fel ca cel pe care \u00eel utiliza\u021bi pentru a \u00eenc\u0103rca telefonul. Adev\u0103ratul punct culminant const\u0103 \u00een designul cu trei compartimente. S-ar putea s\u0103 crede\u021bi c\u0103 comutarea \u00eentre trei compartimente independente pentru e-lichid este complicat\u0103, dar \u00een realitate este foarte simpl\u0103 - doar o r\u0103sucire u\u0219oar\u0103 pentru a trece la urm\u0103toarea arom\u0103.<\/p>\n<h2 data-v-md-heading=\"quick-specifications\" data-v-md-line=\"13\">Specifica\u021bii rapide<\/h2>\n<p data-v-md-line=\"15\"><strong>Frecven\u021ba fumatului:<\/strong>\u00a0de p\u00e2n\u0103 la 45000 de ori<\/p>\n<p data-v-md-line=\"17\"><strong>Concentra\u021bia de nicotin\u0103:<\/strong>\u00a0Disponibil \u00een patru op\u021biuni de concentra\u021bie: 0%, 2%, 3% \u0219i 5%<\/p>\n<p data-v-md-line=\"19\"><strong>Utilizare:<\/strong>\u00a0Inspir\u0103 pentru a activa<\/p>\n<p data-v-md-line=\"21\"><strong>Metod\u0103 de \u00eenc\u0103rcare:<\/strong>\u00a0Interfa\u021b\u0103 USB standard de tip C<\/p>\n<p data-v-md-line=\"23\"><strong>Capacitate e-lichid:<\/strong>\u00a0Capacitate total\u0103 45 ml (15 ml x 3 compartimente pentru e-lichid)<\/p>\n<p data-v-md-line=\"25\"><strong>Baterie:<\/strong>\u00a0Baterie re\u00eenc\u0103rcabil\u0103 de 650 mAh<\/p>\n<p data-v-md-line=\"27\"><strong>Status:<\/strong>\u00a0Ready to use out of the box<\/p>\n<h2 data-v-md-heading=\"complete-flavor-lineup\" data-v-md-line=\"29\">Gam\u0103 complet\u0103 de arome<\/h2>\n<p data-v-md-line=\"31\">Fiecare dispozitiv vine preinstalat cu trei variante complementare:<\/p>\n<ul data-v-md-line=\"33\">\n<li>Watermelon\/Red Bull\/Strawberry Kiwi<\/li>\n<li>Lemon Lime\/Strawberry Watermelon\/Blueberry Ice<\/li>\n<li>C\u0103p\u0219uni Banan\u0103\/Zmeur\u0103 Pepene Verde\/L\u0103m\u00e2ie Lime<\/li>\n<li>C\u0103p\u0219uni \u0219i kiwi\/Mango acru \u0219i ananas\/Red Bull<\/li>\n<li>Fructe tropicale\/c\u0103p\u0219uni, pepeni verzi\/piersici cu l\u0103m\u00e2ie<\/li>\n<li>Ananas Nuc\u0103 de cocos\/C\u0103p\u0219uni Banan\u0103\/Afine Zmeur\u0103<\/li>\n<li>C\u0103p\u0219uni Zmeur\u0103\/Pepene Triplu Miere\/Mango Acru Ananas<\/li>\n<li>Pepene verde cu zmeur\u0103\/mango cu piersic\u0103\/c\u0103p\u0219uni cu kiwi<\/li>\n<li>Cola cu c\u0103p\u0219uni \u0219i vanilie\/Afine \u0219i zmeur\u0103\/L\u0103m\u00e2ie \u0219i lime<\/li>\n<li>\u00cenghe\u021bat\u0103 de pepene verde\/c\u0103p\u0219uni\/Triplu pepene verde<\/li>\n<\/ul>\n<h2 data-v-md-heading=\"tailored-for-you-and-your-business\" data-v-md-line=\"44\">Adaptat pentru tine \u0219i afacerea ta<\/h2>\n<p data-v-md-line=\"46\">Am lansat \u021big\u0103rile electronice Bang King BK45 45000 cu trei doze, disponibile pentru achizi\u021bionare personal\u0103. Dac\u0103 sunte\u021bi proprietarul unei afaceri \u0219i dori\u021bi s\u0103 oferi\u021bi produse cu adev\u0103rat unice, pute\u021bi plasa \u0219i comenzi \u00een vrac. Produsul este v\u00e2ndut \u00een ambalaje en-gros de 10 unit\u0103\u021bi\/cutie, cu o cutie exterioar\u0103 care con\u021bine 200 de unit\u0103\u021bi. Oferim servicii de livrare DDP dup\u0103 plata taxelor, prin intermediul unor parteneri de \u00eencredere precum UPS, DPD \u0219i DHL, asigur\u00e2ndu-v\u0103 c\u0103 comanda dvs. este livrat\u0103 rapid, f\u0103r\u0103 griji legate de taxele vamale. Acest produs \u00eei va face pe clien\u021bii dvs. s\u0103 revin\u0103, nu doar pentru a-\u0219i reface lichidul, ci \u0219i pentru a \u00eencerca diferite combina\u021bii de arome.<\/p>\n<h2 data-v-md-heading=\"reasons-why-you-will-like-it\" data-v-md-line=\"48\">Motive pentru care \u00ee\u021bi va pl\u0103cea<\/h2>\n<p data-v-md-line=\"50\"><strong>Trei \u00eentr-o arom\u0103:<\/strong>\u00a0Nu este nevoie s\u0103 transporta\u021bi mai multe dispozitive, pute\u021bi comuta \u00eentre diferite arome pe tot parcursul zilei<\/p>\n<p data-v-md-line=\"52\"><strong>Peste 45000 de pufuri:<\/strong>\u00a0Un singur dispozitiv \u00ee\u021bi poate satisface nevoile de vaping timp de s\u0103pt\u0103m\u00e2ni.<\/p>\n<p data-v-md-line=\"54\"><strong>Selectarea concentra\u021biei de nicotin\u0103:<\/strong>\u00a0Concentra\u021bie de nicotin\u0103 de la 0% la 5% pentru a satisface nevoile dumneavoastr\u0103 personalizate<\/p>\n<p data-v-md-line=\"56\"><strong>Baterie re\u00eenc\u0103rcabil\u0103:<\/strong>\u00a0Profit\u0103 la maximum de fiecare pic\u0103tur\u0103 de 45 ml de lichid pentru \u021bigar\u0103 electronic\u0103 pe care o consumi<\/p>\n<p data-v-md-line=\"58\"><strong>Tehnologia bobinei de plas\u0103:<\/strong>\u00a0Gust bogat \u0219i consistent de la prima p\u00e2n\u0103 la ultima \u00eembuc\u0103tur\u0103<\/p>\n<p data-v-md-line=\"60\"><strong>Comutare u\u0219oar\u0103:<\/strong>\u00a0Pur \u0219i simplu roti\u021bi pentru a schimba aromele - curat \u0219i eficient, u\u0219or \u0219i convenabil<\/p>\n<h2 data-v-md-heading=\"why-choose-to-collaborate-with-agoravape\" data-v-md-line=\"62\">De ce s\u0103 alegi s\u0103 colaborezi cu AgoraVape?<\/h2>\n<p data-v-md-line=\"64\">Fiind unul dintre cei mai de \u00eencredere distribuitori de \u021big\u0103ri electronice din Europa, vindem doar produse 100% originale. Pentru clien\u021bii no\u0219tri corporativi, aceasta \u00eenseamn\u0103 c\u0103 se pot bucura de pre\u021burile en-gros excelente pentru Bang King BK45, de asisten\u021b\u0103 post-v\u00e2nzare fiabil\u0103 \u0219i de servicii de livrare rapide \u0219i fiabile care acoper\u0103 \u00eentreaga Europ\u0103. Acesta nu este doar un produs obi\u0219nuit pentru \u021big\u0103ri electronice, ci \u0219i o lucrare inovatoare care poate cu adev\u0103rat \u00eenc\u00e2nta clien\u021bii dumneavoastr\u0103. Contacta\u021bi-ne imediat \u0219i deveni\u021bi distribuitor al acestui produs bestseller!<\/p>\n<p><script src=\"chrome-extension:\/\/fpelahbljekknahkcaegamhcndkfpfnc\/iFrame.js\" type=\"text\/javascript\"><\/script><\/p>","protected":false},"excerpt":{"rendered":"<p>&nbsp;<\/p>\n<p><script src=\"chrome-extension:\/\/fpelahbljekknahkcaegamhcndkfpfnc\/iFrame.js\" type=\"text\/javascript\"><\/script><\/p>\n<p><script src=\"chrome-extension:\/\/fpelahbljekknahkcaegamhcndkfpfnc\/iFrame.js\" type=\"text\/javascript\"><\/script><\/p>\n<p><script src=\"chrome-extension:\/\/fpelahbljekknahkcaegamhcndkfpfnc\/iFrame.js\" type=\"text\/javascript\"><\/script><\/p>\n<p><script src=\"chrome-extension:\/\/fpelahbljekknahkcaegamhcndkfpfnc\/iFrame.js\" type=\"text\/javascript\"><\/script><\/p>\n<p><script src=\"chrome-extension:\/\/fpelahbljekknahkcaegamhcndkfpfnc\/iFrame.js\" type=\"text\/javascript\"><\/script><\/p>\n<p><script src=\"chrome-extension:\/\/fpelahbljekknahkcaegamhcndkfpfnc\/iFrame.js\" type=\"text\/javascript\"><\/script><\/p>","protected":false},"featured_media":19880,"comment_status":"open","ping_status":"closed","template":"","meta":[],"product_brand":[197],"product_cat":[124,187,185,189,1640,123,176,195,174,175,191,173,186,180,190],"product_tag":[],"class_list":{"0":"post-19860","1":"product","2":"type-product","3":"status-publish","4":"has-post-thumbnail","6":"product_brand-bang","7":"product_cat-vape-by-brand","8":"product_cat-0mg-nicotine-free-vapes","9":"product_cat-10000-puffs-high-capacity","10":"product_cat-20mg-standard-nicotine-vapes","11":"product_cat-45000-puffs","12":"product_cat-bang","13":"product_cat-beverage","14":"product_cat-dual-flavor-switch","15":"product_cat-fruit-flavors","16":"product_cat-icy-mint","17":"product_cat-rechargeable-disposables","18":"product_cat-vape-by-flavor-profile","19":"product_cat-vape-by-nicotine-strength","20":"product_cat-vape-by-puff-count","21":"product_cat-vape-by-feature-or-type","23":"first","24":"onbackorder","25":"shipping-taxable","26":"purchasable","27":"product-type-variable","28":"has-default-attributes"},"tiered_pricing_type":"percentage","tiered_pricing_fixed_rules":[],"tiered_pricing_product_settings":{"layout":"default","base_unit_name":{"singular":null,"plural":null},"default_variation":null},"tiered_pricing_minimum_quantity":10,"tiered_pricing_roles_data":[],"tiered_pricing_percentage_rules":{"30":"29","50":"35","100":"40","200":"44","500":"47","1000":"49"},"tiered_pricing_maximum_quantity":null,"tiered_pricing_quantity_step":"10","_links":{"self":[{"href":"https:\/\/agoravape.com\/ro\/wp-json\/wp\/v2\/product\/19860","targetHints":{"allow":["GET"]}}],"collection":[{"href":"https:\/\/agoravape.com\/ro\/wp-json\/wp\/v2\/product"}],"about":[{"href":"https:\/\/agoravape.com\/ro\/wp-json\/wp\/v2\/types\/product"}],"replies":[{"embeddable":true,"href":"https:\/\/agoravape.com\/ro\/wp-json\/wp\/v2\/comments?post=19860"}],"version-history":[{"count":0,"href":"https:\/\/agoravape.com\/ro\/wp-json\/wp\/v2\/product\/19860\/revisions"}],"wp:featuredmedia":[{"embeddable":true,"href":"https:\/\/agoravape.com\/ro\/wp-json\/wp\/v2\/media\/19880"}],"wp:attachment":[{"href":"https:\/\/agoravape.com\/ro\/wp-json\/wp\/v2\/media?parent=19860"}],"wp:term":[{"taxonomy":"product_brand","embeddable":true,"href":"https:\/\/agoravape.com\/ro\/wp-json\/wp\/v2\/product_brand?post=19860"},{"taxonomy":"product_cat","embeddable":true,"href":"https:\/\/agoravape.com\/ro\/wp-json\/wp\/v2\/product_cat?post=19860"},{"taxonomy":"product_tag","embeddable":true,"href":"https:\/\/agoravape.com\/ro\/wp-json\/wp\/v2\/product_tag?post=19860"}],"curies":[{"name":"wp","href":"https:\/\/api.w.org\/{rel}","templated":true}]}}