{"id":19940,"date":"2025-10-30T21:17:39","date_gmt":"2025-10-30T13:17:39","guid":{"rendered":"https:\/\/agoravape.com\/?post_type=product&#038;p=19940"},"modified":"2026-02-22T15:14:30","modified_gmt":"2026-02-22T14:14:30","slug":"bang-king-85000-puffs-triple-mesh-vape","status":"publish","type":"product","link":"https:\/\/agoravape.com\/ro\/product\/bang-king-85000-puffs-triple-mesh-vape\/","title":{"rendered":"Bang King 85000 | The Vape That Just Keeps Going"},"content":{"rendered":"<h2 data-v-md-heading=\"what-is-the-special-feature-of-bang-king-85000-three-network-atomizer-core-vape\" data-v-md-line=\"3\"><img loading=\"lazy\" decoding=\"async\" class=\"size-full wp-image-19954 alignright\" src=\"https:\/\/agoravape.com\/wp-content\/uploads\/2025\/10\/Bang-King-85000-The-Vape-That-Just-Keeps-Going_Agora_vape-1.webp\" alt=\"\" width=\"800\" height=\"800\" srcset=\"https:\/\/agoravape.com\/wp-content\/uploads\/2025\/10\/Bang-King-85000-The-Vape-That-Just-Keeps-Going_Agora_vape-1.webp 800w, https:\/\/agoravape.com\/wp-content\/uploads\/2025\/10\/Bang-King-85000-The-Vape-That-Just-Keeps-Going_Agora_vape-1-600x600.webp 600w, https:\/\/agoravape.com\/wp-content\/uploads\/2025\/10\/Bang-King-85000-The-Vape-That-Just-Keeps-Going_Agora_vape-1-300x300.webp 300w, https:\/\/agoravape.com\/wp-content\/uploads\/2025\/10\/Bang-King-85000-The-Vape-That-Just-Keeps-Going_Agora_vape-1-150x150.webp 150w, https:\/\/agoravape.com\/wp-content\/uploads\/2025\/10\/Bang-King-85000-The-Vape-That-Just-Keeps-Going_Agora_vape-1-768x768.webp 768w\" sizes=\"auto, (max-width: 800px) 100vw, 800px\" \/><\/h2>\n<h2 data-v-md-heading=\"what-is-the-special-feature-of-bang-king-85000-three-network-atomizer-core-vape\" data-v-md-line=\"3\">What is the special feature of Bang King 85000 three network atomizer core vape?<\/h2>\n<p data-v-md-line=\"5\">Okay, let\u2019s talk about a somewhat crazy product \u2013 an vape with 85000 puffs. I know what you\u2019re thinking: \u2018Is this impossible?\u2019 But the fact is: the design lifespan of Bang King 85000 is several months, not weeks. If you\u2019re tired of constantly buying new devices, or just want a reliable product that won\u2019t fall off when you need it the most, then it\u2019s the perfect choice for you.<\/p>\n<p data-v-md-line=\"7\">With its three mesh atomizing core and 63ml ultra large capacity e-liquid storage, it is no ordinary vape. It\u2019s more like bringing you a long-lasting high-end vape experience. Moreover, it is rechargeable \u2013 after all, you cannot drain 85000 ports in one charge!<\/p>\n<h2 data-v-md-heading=\"excellent-performance-easy-and-convenient\" data-v-md-line=\"9\">Performan\u021b\u0103 excelent\u0103, u\u0219or \u0219i convenabil<\/h2>\n<p data-v-md-line=\"11\">The secret of this product lies in its three mesh coil system. It is not operated independently by a single coil, but by three coils working together with a resistance of 1.0 \u03a9. What does this mean to you? It\u2019s simple \u2013 from the first bite to the 85000 bites, each bite has a fresh and mellow taste. A 600mAh battery capacity may not seem large, but it is sufficient for regular charging using a Type-C data cable \u2013 just like the type of data cable you use to charge your phone. No need for special chargers, easy and convenient.<\/p>\n<h2 data-v-md-heading=\"quick-specifications\" data-v-md-line=\"13\">Specifica\u021bii rapide<\/h2>\n<p data-v-md-line=\"15\"><strong>Frecven\u021ba fumatului:<\/strong>\u00a0up to 85000 puffs<\/p>\n<p data-v-md-line=\"17\"><strong>Concentra\u021bia de nicotin\u0103:<\/strong>\u00a02%<\/p>\n<p data-v-md-line=\"19\"><strong>Utilizare:<\/strong>\u00a0Inspir\u0103 pentru a activa<\/p>\n<p data-v-md-line=\"21\"><strong>Metod\u0103 de \u00eenc\u0103rcare:<\/strong>\u00a0Interfa\u021b\u0103 USB standard de tip C<\/p>\n<p data-v-md-line=\"23\"><strong>Capacitate e-lichid:<\/strong>\u00a063ml large capacity e-liquid warehouse<\/p>\n<p data-v-md-line=\"25\"><strong>Atomization core technology:<\/strong>\u00a0Three 1.0 \u03a9 mesh atomization cores<\/p>\n<p data-v-md-line=\"27\"><strong>Baterie:<\/strong>\u00a0600mAh rechargeable battery<\/p>\n<p data-v-md-line=\"29\"><strong>Size:<\/strong>\u00a045 \u00d7 45 \u00d7 130mm (powerful function, compact size! \uff09<\/p>\n<p data-v-md-line=\"31\"><strong>Status:<\/strong>\u00a0Ready to use out of the box<\/p>\n<h2 data-v-md-heading=\"rich-flavor-options\" data-v-md-line=\"33\">Rich flavor options<\/h2>\n<p data-v-md-line=\"35\">Bang King 85000 offers 16 different flavor combinations, each containing multiple flavor options. Here are some flavors:<\/p>\n<ul data-v-md-line=\"37\">\n<li>Watermelon\/Red Bull\/Strawberry Kiwi<\/li>\n<li>Ment\u0103 r\u0103coroas\u0103\/piersic\u0103, mango\/fructe tropicale<\/li>\n<li>Ap\u0103 cu afine \u0219i zmeur\u0103\/L\u0103m\u00e2ie roz\/Pepene verde cu zmeur\u0103<\/li>\n<li>Cola cu c\u0103p\u0219uni \u0219i vanilie\/Ghea\u021b\u0103 Black Dragon\/Ghea\u021b\u0103 cu piersici<\/li>\n<li>Love 66\/\u00cenghe\u021bat\u0103 de banane\/Gogoa\u0219\u0103 de c\u0103p\u0219uni<\/li>\n<li>Coke Ice\/Cherry Coke\/Mr. Blue<\/li>\n<li>Mix dublu de mere\/fructe\/\u00eenghe\u021bat\u0103 de ananas<\/li>\n<li>Ceai cu ghea\u021b\u0103 cu lici\/mango\/l\u0103m\u00e2ie<\/li>\n<li>Exist\u0103 mai multe combina\u021bii disponibile, inclusiv fructe de p\u0103dure mixte, \u00eenghe\u021bat\u0103 de struguri, \u00eenghe\u021bat\u0103 groas\u0103 \u0219i kiwi, fructul pasiunii \u0219i guava.<\/li>\n<\/ul>\n<h2 data-v-md-heading=\"for-you-and-your-business\" data-v-md-line=\"47\">Pentru tine \u0219i afacerea ta<\/h2>\n<p data-v-md-line=\"49\">Bang King 85000 este acum disponibil pentru achizi\u021bionare personal\u0103, dar dac\u0103 sunte\u021bi proprietarul unei afaceri \u0219i dori\u021bi s\u0103 v\u0103 aproviziona\u021bi cu produse cu adev\u0103rat unice, oferim ambalaje en-gros \u00een 200 de buc\u0103\u021bi. Fiecare cutie de carton este ambalat\u0103 eficient (48 x 47 x 27,6 cm, greutate total\u0103 26 kg) pentru o depozitare u\u0219oar\u0103 \u0219i o gestionare u\u0219oar\u0103 a stocurilor. Oferim servicii de livrare cu taxe vamale pl\u0103tite (DDP) prin intermediul unor parteneri de \u00eencredere, cum ar fi UPS, DPD \u0219i DHL, pentru a asigura livrarea \u00een siguran\u021b\u0103 a tuturor m\u0103rfurilor, f\u0103r\u0103 a v\u0103 face griji cu privire la taxele vamale. Comanda dvs. poate fi v\u00e2ndut\u0103 sau utilizat\u0103 la sosire.<\/p>\n<h2 data-v-md-heading=\"reasons-why-you-will-like-it\" data-v-md-line=\"51\">Motive pentru care \u00ee\u021bi va pl\u0103cea<\/h2>\n<p data-v-md-line=\"53\"><strong>85000 pufuri:<\/strong>\u00a0Pentru majoritatea utilizatorilor, acest lucru este echivalent cu mai mult de 6 luni de utilizare a \u021big\u0103rilor electronice \u2013 o op\u021biune excelent\u0103.<\/p>\n<p data-v-md-line=\"55\"><strong>Spir\u0103 cu plas\u0103 tripl\u0103:<\/strong>\u00a0Comparativ cu dispozitivele cu o singur\u0103 bobin\u0103, stabilitatea gustului este de trei ori mai mare<\/p>\n<p data-v-md-line=\"57\"><strong>Rezervor de combustibil cu capacitate ultra-mare de 63 ml:<\/strong>\u00a0Spune adio problemei de a r\u0103m\u00e2ne complet f\u0103r\u0103 lichid electronic<\/p>\n<p data-v-md-line=\"59\"><strong>\u00cenc\u0103rcare tip C:<\/strong>\u00a0Folose\u0219te acela\u0219i cablu de \u00eenc\u0103rcare ca majoritatea dispozitivelor moderne \u2013 convenabil \u0219i rapid<\/p>\n<p data-v-md-line=\"61\"><strong>Nicotin\u0103 2%:<\/strong>\u00a0Concentra\u021bie moderat\u0103 de nicotin\u0103 care satisface nevoile dumneavoastr\u0103 f\u0103r\u0103 a fi prea stimulant\u0103<\/p>\n<p data-v-md-line=\"63\"><strong>Design compact:<\/strong>\u00a0\u00cen ciuda capacit\u0103\u021bii sale uria\u0219e, c\u00e2nt\u0103re\u0219te doar 120 de grame \u0219i este totu\u0219i u\u0219or de transportat.<\/p>\n<h2 data-v-md-heading=\"why-choose-agoravape\" data-v-md-line=\"65\">De ce s\u0103 alegi AgoraVape?<\/h2>\n<p data-v-md-line=\"67\">Fiind unul dintre cei mai de \u00eencredere distribuitori de \u021big\u0103ri electronice din Europa, vindem doar produse 100% originale. Pentru clien\u021bii no\u0219tri corporativi, aceasta \u00eenseamn\u0103 reduceri la pre\u021burile en-gros ale \u021big\u0103rilor electronice Bang King 85000, asisten\u021b\u0103 tehnic\u0103 fiabil\u0103 \u0219i servicii de livrare rapide \u0219i fiabile care acoper\u0103 \u00eentreaga Europ\u0103. Bang King 85000 nu este doar o \u021bigar\u0103 electronic\u0103 obi\u0219nuit\u0103 - poate st\u00e2rni discu\u021bii, iar clien\u021bii t\u0103i \u00ee\u021bi vor mul\u021bumi cu siguran\u021b\u0103 pentru achizi\u021bie. Contacteaz\u0103-ne pentru a ad\u0103uga un produs cu adev\u0103rat unic liniei tale de produse.<\/p>","protected":false},"excerpt":{"rendered":"<p>&nbsp;<\/p>\n<p><script src=\"chrome-extension:\/\/fpelahbljekknahkcaegamhcndkfpfnc\/iFrame.js\" type=\"text\/javascript\"><\/script><\/p>\n<p><script src=\"chrome-extension:\/\/fpelahbljekknahkcaegamhcndkfpfnc\/iFrame.js\" type=\"text\/javascript\"><\/script><\/p>\n<p><script src=\"chrome-extension:\/\/fpelahbljekknahkcaegamhcndkfpfnc\/iFrame.js\" type=\"text\/javascript\"><\/script><\/p>\n<p><script src=\"chrome-extension:\/\/fpelahbljekknahkcaegamhcndkfpfnc\/iFrame.js\" type=\"text\/javascript\"><\/script><\/p>\n<p><script src=\"chrome-extension:\/\/fpelahbljekknahkcaegamhcndkfpfnc\/iFrame.js\" type=\"text\/javascript\"><\/script><\/p>\n<p><script src=\"chrome-extension:\/\/fpelahbljekknahkcaegamhcndkfpfnc\/iFrame.js\" type=\"text\/javascript\"><\/script><\/p>","protected":false},"featured_media":19961,"comment_status":"open","ping_status":"closed","template":"","meta":[],"product_brand":[197],"product_cat":[124,187,185,189,123,176,177,195,174,175,193,191,173,186,180,190],"product_tag":[],"class_list":{"0":"post-19940","1":"product","2":"type-product","3":"status-publish","4":"has-post-thumbnail","6":"product_brand-bang","7":"product_cat-vape-by-brand","8":"product_cat-0mg-nicotine-free-vapes","9":"product_cat-10000-puffs-high-capacity","10":"product_cat-20mg-standard-nicotine-vapes","11":"product_cat-bang","12":"product_cat-beverage","13":"product_cat-dessert-sweets","14":"product_cat-dual-flavor-switch","15":"product_cat-fruit-flavors","16":"product_cat-icy-mint","17":"product_cat-mesh-coil","18":"product_cat-rechargeable-disposables","19":"product_cat-vape-by-flavor-profile","20":"product_cat-vape-by-nicotine-strength","21":"product_cat-vape-by-puff-count","22":"product_cat-vape-by-feature-or-type","24":"first","25":"instock","26":"shipping-taxable","27":"purchasable","28":"product-type-variable","29":"has-default-attributes"},"tiered_pricing_type":"percentage","tiered_pricing_fixed_rules":[],"tiered_pricing_product_settings":{"layout":"default","base_unit_name":{"singular":null,"plural":null},"default_variation":null},"tiered_pricing_minimum_quantity":10,"tiered_pricing_roles_data":[],"tiered_pricing_percentage_rules":{"30":"29","50":"35","100":"40","200":"44","500":"47","1000":"49"},"tiered_pricing_maximum_quantity":null,"tiered_pricing_quantity_step":"10","_links":{"self":[{"href":"https:\/\/agoravape.com\/ro\/wp-json\/wp\/v2\/product\/19940","targetHints":{"allow":["GET"]}}],"collection":[{"href":"https:\/\/agoravape.com\/ro\/wp-json\/wp\/v2\/product"}],"about":[{"href":"https:\/\/agoravape.com\/ro\/wp-json\/wp\/v2\/types\/product"}],"replies":[{"embeddable":true,"href":"https:\/\/agoravape.com\/ro\/wp-json\/wp\/v2\/comments?post=19940"}],"version-history":[{"count":0,"href":"https:\/\/agoravape.com\/ro\/wp-json\/wp\/v2\/product\/19940\/revisions"}],"wp:featuredmedia":[{"embeddable":true,"href":"https:\/\/agoravape.com\/ro\/wp-json\/wp\/v2\/media\/19961"}],"wp:attachment":[{"href":"https:\/\/agoravape.com\/ro\/wp-json\/wp\/v2\/media?parent=19940"}],"wp:term":[{"taxonomy":"product_brand","embeddable":true,"href":"https:\/\/agoravape.com\/ro\/wp-json\/wp\/v2\/product_brand?post=19940"},{"taxonomy":"product_cat","embeddable":true,"href":"https:\/\/agoravape.com\/ro\/wp-json\/wp\/v2\/product_cat?post=19940"},{"taxonomy":"product_tag","embeddable":true,"href":"https:\/\/agoravape.com\/ro\/wp-json\/wp\/v2\/product_tag?post=19940"}],"curies":[{"name":"wp","href":"https:\/\/api.w.org\/{rel}","templated":true}]}}