{"id":19980,"date":"2025-10-30T21:35:46","date_gmt":"2025-10-30T13:35:46","guid":{"rendered":"https:\/\/agoravape.com\/?post_type=product&#038;p=19980"},"modified":"2026-01-19T21:59:00","modified_gmt":"2026-01-19T13:59:00","slug":"bang-starry-25000-puffs-vape","status":"publish","type":"product","link":"https:\/\/agoravape.com\/ro\/product\/bang-starry-25000-puffs-vape\/","title":{"rendered":"Bang Starry 25000 | Massive Puff Count, Zero Hassle"},"content":{"rendered":"<h2 data-v-md-heading=\"what-is-the-special-feature-of-bang-starry-25000-rechargeable-mesh-coil-vape\" data-v-md-line=\"3\"><img loading=\"lazy\" decoding=\"async\" class=\"size-full wp-image-20029 aligncenter\" src=\"https:\/\/agoravape.com\/wp-content\/uploads\/2025\/10\/Bang-Starry-25000-Massive-Puff-Count-Zero-Hassle_Agora_vape-6-scaled.webp\" alt=\"\" width=\"1163\" height=\"2560\" srcset=\"https:\/\/agoravape.com\/wp-content\/uploads\/2025\/10\/Bang-Starry-25000-Massive-Puff-Count-Zero-Hassle_Agora_vape-6-scaled.webp 1163w, https:\/\/agoravape.com\/wp-content\/uploads\/2025\/10\/Bang-Starry-25000-Massive-Puff-Count-Zero-Hassle_Agora_vape-6-136x300.webp 136w, https:\/\/agoravape.com\/wp-content\/uploads\/2025\/10\/Bang-Starry-25000-Massive-Puff-Count-Zero-Hassle_Agora_vape-6-465x1024.webp 465w, https:\/\/agoravape.com\/wp-content\/uploads\/2025\/10\/Bang-Starry-25000-Massive-Puff-Count-Zero-Hassle_Agora_vape-6-768x1690.webp 768w, https:\/\/agoravape.com\/wp-content\/uploads\/2025\/10\/Bang-Starry-25000-Massive-Puff-Count-Zero-Hassle_Agora_vape-6-698x1536.webp 698w, https:\/\/agoravape.com\/wp-content\/uploads\/2025\/10\/Bang-Starry-25000-Massive-Puff-Count-Zero-Hassle_Agora_vape-6-931x2048.webp 931w, https:\/\/agoravape.com\/wp-content\/uploads\/2025\/10\/Bang-Starry-25000-Massive-Puff-Count-Zero-Hassle_Agora_vape-6-1200x2641.webp 1200w\" sizes=\"auto, (max-width: 1163px) 100vw, 1163px\" \/><\/h2>\n<h2 data-v-md-heading=\"what-is-the-special-feature-of-bang-starry-25000-rechargeable-mesh-coil-vape\" data-v-md-line=\"3\">Care este caracteristica special\u0103 a \u021big\u0103rii electronice Bang Starry 25000 cu rezisten\u021b\u0103 re\u00eenc\u0103rcabil\u0103 \u00een plas\u0103?<\/h2>\n<p data-v-md-line=\"5\">Ca s\u0103 fiu sincer, majoritatea \u021big\u0103rilor electronice de unic\u0103 folosin\u021b\u0103 sunt exagerate, dar dezam\u0103gesc dup\u0103 c\u00e2teva zile. Bang Starry 25000 este complet diferit. Acest dispozitiv are o autonomie uimitoare a bateriei de 25000 de porturi, ceea ce nu este genul de produs obi\u0219nuit care te dezam\u0103ge\u0219te miercurea. Este conceput pentru cei care sper\u0103 c\u0103 \u021big\u0103rile electronice pot \u021bine pasul cu ritmul vie\u021bii, \u00een loc s\u0103 fie constr\u00e2n\u0219i de acesta.<\/p>\n<p data-v-md-line=\"7\">\u0218i mai bine, s-ar putea s\u0103 sim\u021bi c\u0103 un dispozitiv cu o autonomie a bateriei de 25000 ar trebui s\u0103 fie la fel de voluminos ca o c\u0103r\u0103mid\u0103, dar Bang Starry poate \u00eenc\u0103pea cu u\u0219urin\u021b\u0103 \u00een buzunar. Pentru cei care s-au s\u0103turat s\u0103 cumpere constant dispozitive noi sau s\u0103 se confrunte cu set\u0103ri complexe, este alegerea perfect\u0103. Alege\u021bi aroma preferat\u0103 \u0219i bucura\u021bi-v\u0103 de ea timp de s\u0103pt\u0103m\u00e2ni \u00eentregi.<\/p>\n<h2 data-v-md-heading=\"excellent-performance-easy-and-convenient\" data-v-md-line=\"9\">Performan\u021b\u0103 excelent\u0103, u\u0219or \u0219i convenabil<\/h2>\n<p data-v-md-line=\"11\">Secretul gustului bogat \u0219i constant? Miezul de atomizare cu plas\u0103 de 1,1 \u03a9 asigur\u0103 o prospe\u021bime de fiecare \u00eembuc\u0103tur\u0103 \u2013 indiferent dac\u0103 a\u021bi tras 10 sau 10.000 de pufuri. Capacitatea de 28 ml de e-lichid v\u0103 permite s\u0103 v\u0103 bucura\u021bi de o experien\u021b\u0103 lin\u0103, iar bateria de 800 mAh are o durat\u0103 lung\u0103 de via\u021b\u0103, a\u0219a c\u0103 nu trebuie s\u0103 v\u0103 face\u021bi griji c\u0103 bateria se descarc\u0103. C\u00e2nd este necesar\u0103 \u00eenc\u0103rcarea, utiliza\u021bi pur \u0219i simplu un cablu de date Type-C \u2013 la fel ca atunci c\u00e2nd v\u0103 \u00eenc\u0103rca\u021bi telefonul. Simplu \u0219i convenabil.<\/p>\n<h2 data-v-md-heading=\"product-specifications\" data-v-md-line=\"13\">Specifica\u021bii ale produsului<\/h2>\n<p data-v-md-line=\"15\"><strong>Frecven\u021ba fumatului:<\/strong>\u00a0p\u00e2n\u0103 la 25000 de pufuri<\/p>\n<p data-v-md-line=\"17\"><strong>Capacitate e-lichid:<\/strong>\u00a028 ml ulei preumplut<\/p>\n<p data-v-md-line=\"19\"><strong>Baterie:<\/strong>\u00a0Baterie re\u00eenc\u0103rcabil\u0103 de 800 mAh<\/p>\n<p data-v-md-line=\"21\"><strong>Miez de atomizare:<\/strong>\u00a0Miez de atomizare cu plas\u0103 de 1,1 \u03a9, oferind un gust fin \u0219i stabil<\/p>\n<p data-v-md-line=\"23\"><strong>Interfa\u021b\u0103 de \u00eenc\u0103rcare:<\/strong>\u00a0Interfa\u021b\u0103 USB standard de tip C<\/p>\n<p data-v-md-line=\"25\"><strong>Status:<\/strong>\u00a0Ready to use out of the box<\/p>\n<h2 data-v-md-heading=\"complete-flavor-lineup\" data-v-md-line=\"27\">Gam\u0103 complet\u0103 de arome<\/h2>\n<ul data-v-md-line=\"29\">\n<li>Pepene verde cu c\u0103p\u0219uni<\/li>\n<li>Suc de cire\u0219e<\/li>\n<li>Ghea\u021b\u0103 de piersic\u0103<\/li>\n<li>Kiwi \u0219i fructul pasiunii<\/li>\n<li>Ghea\u021b\u0103 de pepene verde<\/li>\n<li>Red Bull<\/li>\n<li>Ghea\u021b\u0103 de struguri<\/li>\n<li>Patinoar albastru<\/li>\n<li>C\u0103p\u0219uni \u0219i banane<\/li>\n<li>L\u0103m\u00e2ie ca<\/li>\n<li>Mere duble<\/li>\n<li>Mango Ice<\/li>\n<li>Ghea\u021b\u0103 de ananas<\/li>\n<li>Coca-Cola Ice<\/li>\n<li>Rodie<\/li>\n<li>Patinoar albastru<\/li>\n<\/ul>\n<h2 data-v-md-heading=\"tailored-for-you-and-your-business\" data-v-md-line=\"46\">Adaptat pentru tine \u0219i afacerea ta<\/h2>\n<p data-v-md-line=\"48\">Am deschis acum Bang Starry 25000 pentru achizi\u021bii personale, dar dac\u0103 sunte\u021bi proprietarul unei afaceri \u0219i dori\u021bi s\u0103 v\u0103 aproviziona\u021bi cu produse pe care clien\u021bii le vor cump\u0103ra din nou, solu\u021bia noastr\u0103 en-gros v\u0103 poate satisface nevoile. Fiecare lot de m\u0103rfuri vine cu documenta\u021bie complet\u0103 \u0219i este livrat dup\u0103 taxare (DDP) prin intermediul unor parteneri de \u00eencredere precum UPS, DPD \u0219i DHL, a\u0219a c\u0103 nu trebuie s\u0103 v\u0103 face\u021bi griji cu privire la taxele vamale.<\/p>\n<p data-v-md-line=\"50\">Pentru comercian\u021bii cu am\u0103nuntul \u0219i distribuitori, Bang ofer\u0103 \u0219i asisten\u021b\u0103 OEM\/ODM, ceea ce \u00eenseamn\u0103 c\u0103 pute\u021bi personaliza comenzile \u00een func\u021bie de cererea pie\u021bei. Tocmai aceast\u0103 flexibilitate face din Bang Starry o alegere \u00een\u021beleapt\u0103 pentru companiile din \u00eentreaga Europ\u0103.<\/p>\n<h2 data-v-md-heading=\"reasons-why-you-will-like-it\" data-v-md-line=\"52\">Motive pentru care \u00ee\u021bi va pl\u0103cea<\/h2>\n<p data-v-md-line=\"54\"><strong>25000 de pufuri:<\/strong>\u00a0Bucur\u0103-te de s\u0103pt\u0103m\u00e2ni \u00eentregi de experien\u021b\u0103 de vaping f\u0103r\u0103 a fi nevoie s\u0103 \u00eenlocuie\u0219ti miezul atomizorului<\/p>\n<p data-v-md-line=\"56\"><strong>Tehnologie de baz\u0103 cu atomizare a plasei:<\/strong>\u00a0Fiecare \u00eembuc\u0103tur\u0103 aduce acela\u0219i gust excelent<\/p>\n<p data-v-md-line=\"58\"><strong>Capacitate extra mare de 28 ml:<\/strong>\u00a0Capacitatea mai mare a e-lichidului \u00eenseamn\u0103 o eficien\u021b\u0103 mai mare a costurilor<\/p>\n<p data-v-md-line=\"60\"><strong>\u00cenc\u0103rcare prin USB tip C:<\/strong>\u00a0Rapid \u0219i convenabil, pute\u021bi utiliza cablul de date existent<\/p>\n<p data-v-md-line=\"62\"><strong>16 op\u021biuni de arome:<\/strong>\u00a0De la arome clasice de fructe la arome unice precum Red Bull \u0219i Iced Coke, totul este disponibil.<\/p>\n<h2 data-v-md-heading=\"why-choose-to-collaborate-with-agoravape\" data-v-md-line=\"64\">De ce s\u0103 alegi s\u0103 colaborezi cu AgoraVape?<\/h2>\n<p data-v-md-line=\"66\">Fiind unul dintre cei mai de \u00eencredere distribuitori de \u021big\u0103ri electronice din Europa, vindem doar produse 100% originale. Pentru clien\u021bii no\u0219tri corporativi, aceasta \u00eenseamn\u0103 reduceri de 25.000 la pre\u021burile en-gros de la Bang Starry, asisten\u021b\u0103 tehnic\u0103 complet\u0103 \u0219i servicii de livrare rapide \u0219i fiabile. Contacta\u021bi-ne imediat pentru a le mul\u021bumi clien\u021bilor dvs. pentru furnizarea acestui produs.<\/p>\n<p><script src=\"chrome-extension:\/\/fpelahbljekknahkcaegamhcndkfpfnc\/iFrame.js\" type=\"text\/javascript\"><\/script><\/p>\n<p><script src=\"chrome-extension:\/\/fpelahbljekknahkcaegamhcndkfpfnc\/iFrame.js\" type=\"text\/javascript\"><\/script><\/p>","protected":false},"excerpt":{"rendered":"<p>&nbsp;<\/p>\n<p><script src=\"chrome-extension:\/\/fpelahbljekknahkcaegamhcndkfpfnc\/iFrame.js\" type=\"text\/javascript\"><\/script><\/p>\n<p><script src=\"chrome-extension:\/\/fpelahbljekknahkcaegamhcndkfpfnc\/iFrame.js\" type=\"text\/javascript\"><\/script><\/p>\n<p><script src=\"chrome-extension:\/\/fpelahbljekknahkcaegamhcndkfpfnc\/iFrame.js\" type=\"text\/javascript\"><\/script><\/p>\n<p><script src=\"chrome-extension:\/\/fpelahbljekknahkcaegamhcndkfpfnc\/iFrame.js\" type=\"text\/javascript\"><\/script><\/p>\n<p><script src=\"chrome-extension:\/\/fpelahbljekknahkcaegamhcndkfpfnc\/iFrame.js\" type=\"text\/javascript\"><\/script><\/p>\n<p><script src=\"chrome-extension:\/\/fpelahbljekknahkcaegamhcndkfpfnc\/iFrame.js\" type=\"text\/javascript\"><\/script><\/p>","protected":false},"featured_media":20040,"comment_status":"open","ping_status":"closed","template":"","meta":[],"product_brand":[197],"product_cat":[124,187,185,189,123,176,174,175,193,191,173,186,180,190],"product_tag":[],"class_list":{"0":"post-19980","1":"product","2":"type-product","3":"status-publish","4":"has-post-thumbnail","6":"product_brand-bang","7":"product_cat-vape-by-brand","8":"product_cat-0mg-nicotine-free-vapes","9":"product_cat-10000-puffs-high-capacity","10":"product_cat-20mg-standard-nicotine-vapes","11":"product_cat-bang","12":"product_cat-beverage","13":"product_cat-fruit-flavors","14":"product_cat-icy-mint","15":"product_cat-mesh-coil","16":"product_cat-rechargeable-disposables","17":"product_cat-vape-by-flavor-profile","18":"product_cat-vape-by-nicotine-strength","19":"product_cat-vape-by-puff-count","20":"product_cat-vape-by-feature-or-type","22":"first","23":"onbackorder","24":"shipping-taxable","25":"purchasable","26":"product-type-variable","27":"has-default-attributes"},"tiered_pricing_type":"percentage","tiered_pricing_fixed_rules":[],"tiered_pricing_product_settings":{"layout":"default","base_unit_name":{"singular":null,"plural":null},"default_variation":null},"tiered_pricing_minimum_quantity":10,"tiered_pricing_roles_data":[],"tiered_pricing_percentage_rules":{"30":"29","50":"35","100":"40","200":"44","500":"47","1000":"49"},"tiered_pricing_maximum_quantity":null,"tiered_pricing_quantity_step":"10","_links":{"self":[{"href":"https:\/\/agoravape.com\/ro\/wp-json\/wp\/v2\/product\/19980","targetHints":{"allow":["GET"]}}],"collection":[{"href":"https:\/\/agoravape.com\/ro\/wp-json\/wp\/v2\/product"}],"about":[{"href":"https:\/\/agoravape.com\/ro\/wp-json\/wp\/v2\/types\/product"}],"replies":[{"embeddable":true,"href":"https:\/\/agoravape.com\/ro\/wp-json\/wp\/v2\/comments?post=19980"}],"version-history":[{"count":0,"href":"https:\/\/agoravape.com\/ro\/wp-json\/wp\/v2\/product\/19980\/revisions"}],"wp:featuredmedia":[{"embeddable":true,"href":"https:\/\/agoravape.com\/ro\/wp-json\/wp\/v2\/media\/20040"}],"wp:attachment":[{"href":"https:\/\/agoravape.com\/ro\/wp-json\/wp\/v2\/media?parent=19980"}],"wp:term":[{"taxonomy":"product_brand","embeddable":true,"href":"https:\/\/agoravape.com\/ro\/wp-json\/wp\/v2\/product_brand?post=19980"},{"taxonomy":"product_cat","embeddable":true,"href":"https:\/\/agoravape.com\/ro\/wp-json\/wp\/v2\/product_cat?post=19980"},{"taxonomy":"product_tag","embeddable":true,"href":"https:\/\/agoravape.com\/ro\/wp-json\/wp\/v2\/product_tag?post=19980"}],"curies":[{"name":"wp","href":"https:\/\/api.w.org\/{rel}","templated":true}]}}