{"id":20049,"date":"2025-10-31T10:19:54","date_gmt":"2025-10-31T02:19:54","guid":{"rendered":"https:\/\/agoravape.com\/?post_type=product&#038;p=20049"},"modified":"2026-02-22T15:15:29","modified_gmt":"2026-02-22T14:15:29","slug":"bang-tn-12000-kettle-vape","status":"publish","type":"product","link":"https:\/\/agoravape.com\/ro\/product\/bang-tn-12000-kettle-vape\/","title":{"rendered":"Bang TN 12000 | Vape-ul unic \u00een form\u0103 de ceaun care dureaz\u0103 s\u0103pt\u0103m\u00e2ni \u00eentregi"},"content":{"rendered":"<h2 data-v-md-heading=\"what-are-the-special-features-of-bang-tn-12000-pot-shaped-disposable-vape\" data-v-md-line=\"3\"><img loading=\"lazy\" decoding=\"async\" class=\"size-full wp-image-20067 alignright\" src=\"https:\/\/agoravape.com\/wp-content\/uploads\/2025\/10\/Bang-TN-12000-The-Unique-Kettle-Shaped-Vape-That-Lasts-for-Weeks_Agora_vape-1.webp\" alt=\"\" width=\"1242\" height=\"771\" srcset=\"https:\/\/agoravape.com\/wp-content\/uploads\/2025\/10\/Bang-TN-12000-The-Unique-Kettle-Shaped-Vape-That-Lasts-for-Weeks_Agora_vape-1.webp 1242w, https:\/\/agoravape.com\/wp-content\/uploads\/2025\/10\/Bang-TN-12000-The-Unique-Kettle-Shaped-Vape-That-Lasts-for-Weeks_Agora_vape-1-1200x745.webp 1200w, https:\/\/agoravape.com\/wp-content\/uploads\/2025\/10\/Bang-TN-12000-The-Unique-Kettle-Shaped-Vape-That-Lasts-for-Weeks_Agora_vape-1-300x186.webp 300w, https:\/\/agoravape.com\/wp-content\/uploads\/2025\/10\/Bang-TN-12000-The-Unique-Kettle-Shaped-Vape-That-Lasts-for-Weeks_Agora_vape-1-1024x636.webp 1024w, https:\/\/agoravape.com\/wp-content\/uploads\/2025\/10\/Bang-TN-12000-The-Unique-Kettle-Shaped-Vape-That-Lasts-for-Weeks_Agora_vape-1-768x477.webp 768w, https:\/\/agoravape.com\/wp-content\/uploads\/2025\/10\/Bang-TN-12000-The-Unique-Kettle-Shaped-Vape-That-Lasts-for-Weeks_Agora_vape-1-886x550.webp 886w, https:\/\/agoravape.com\/wp-content\/uploads\/2025\/10\/Bang-TN-12000-The-Unique-Kettle-Shaped-Vape-That-Lasts-for-Weeks_Agora_vape-1-805x500.webp 805w\" sizes=\"auto, (max-width: 1242px) 100vw, 1242px\" \/><\/h2>\n<h2 data-v-md-heading=\"what-are-the-special-features-of-bang-tn-12000-pot-shaped-disposable-vape\" data-v-md-line=\"3\">Care sunt caracteristicile speciale ale \u021big\u0103rii electronice de unic\u0103 folosin\u021b\u0103 Bang TN 12000 \u00een form\u0103 de vas?<\/h2>\n<p data-v-md-line=\"5\">Acest vape este diferit de altele, cu siguran\u021b\u0103 poate ie\u0219i \u00een eviden\u021b\u0103. Bang TN 12000 nu este vape-ul dreptunghiular tipic pe care \u00eel g\u0103se\u0219ti adesea \u00een buzunar. Are un aspect unic \u00een form\u0103 de vas, plin de personalitate \u0219i, mai important, are o autonomie a bateriei de p\u00e2n\u0103 la 12000 de \u00eenghi\u021bituri, permi\u021b\u00e2ndu-\u021bi s\u0103 te bucuri de s\u0103pt\u0103m\u00e2ni \u00een loc de zile.<\/p>\n<p data-v-md-line=\"7\">Dac\u0103 te-ai s\u0103turat s\u0103 \u00eenlocuie\u0219ti frecvent \u021big\u0103rile electronice de unic\u0103 folosin\u021b\u0103 sau te-ai s\u0103turat de acelea\u0219i \u021big\u0103ri electronice vechi, atunci acest produs merit\u0103 cu siguran\u021b\u0103 aten\u021bia ta. Se potrive\u0219te perfect utilizatorilor care \u00ee\u0219i doresc o \u021bigar\u0103 electronic\u0103 fiabil\u0103, durabil\u0103, confortabil\u0103 \u0219i unic\u0103.<\/p>\n<h2 data-v-md-heading=\"excellent-performance-and-easy-operation\" data-v-md-line=\"9\">Performan\u021b\u0103 excelent\u0103 \u0219i utilizare u\u0219oar\u0103<\/h2>\n<p data-v-md-line=\"11\">Miezul de atomizare \u00eencorporat cu plas\u0103 de 1,1 \u03a9 asigur\u0103 un gust consistent \u0219i fin de la prima p\u00e2n\u0103 la ultima \u00eembuc\u0103tur\u0103 \u2013 lu\u00e2nd adio gustului de ars comun al dispozitivelor ieftine. Cu o capacitate de 20 ml de e-lichid, te po\u021bi bucura de o experien\u021b\u0103 de vaporizare de lung\u0103 durat\u0103, f\u0103r\u0103 reumpleri frecvente. C\u00e2nd o baterie de 650 mAh trebuie \u00eenc\u0103rcat\u0103, pur \u0219i simplu folose\u0219te un cablu de date Type-C \u2013 la fel ca cel pe care \u00eel folose\u0219ti pentru a-\u021bi \u00eenc\u0103rca telefonul. Este at\u00e2t de simplu.<\/p>\n<h2 data-v-md-heading=\"quick-specifications\" data-v-md-line=\"13\">Specifica\u021bii rapide<\/h2>\n<p data-v-md-line=\"15\"><strong>Frecven\u021ba fumatului:<\/strong>\u00a0p\u00e2n\u0103 la 12000 de pufuri<\/p>\n<p data-v-md-line=\"17\"><strong>Capacitate e-lichid:<\/strong>\u00a020 ml ulei preumplut<\/p>\n<p data-v-md-line=\"19\"><strong>Baterie:<\/strong>\u00a0Baterie re\u00eenc\u0103rcabil\u0103 de 650 mAh (baterie 18250)<\/p>\n<p data-v-md-line=\"21\"><strong>Utilizare:<\/strong>\u00a0Inspir\u0103 pentru a activa<\/p>\n<p data-v-md-line=\"23\"><strong>Metod\u0103 de \u00eenc\u0103rcare:<\/strong>\u00a0Interfa\u021b\u0103 USB standard de tip C<\/p>\n<p data-v-md-line=\"25\"><strong>Miez de atomizare:<\/strong>\u00a0Miez de atomizare cu plas\u0103 de 1,1 \u03a9, oferind o experien\u021b\u0103 de fumat lin\u0103 \u0219i stabil\u0103<\/p>\n<p data-v-md-line=\"27\"><strong>Status:<\/strong>\u00a0Ready to use out of the box<\/p>\n<h2 data-v-md-heading=\"complete-flavor-lineup\" data-v-md-line=\"29\">Gam\u0103 complet\u0103 de arome<\/h2>\n<ul data-v-md-line=\"31\">\n<li>\u00cenghe\u021bat\u0103 de afine \u0219i zmeur\u0103<\/li>\n<li>C\u0103p\u0219uni \u0219i Mango<\/li>\n<li>C\u0103p\u0219uni \u0219i banane<\/li>\n<li>Ghea\u021b\u0103 de pepene verde<\/li>\n<li>Domnul Blueberry<\/li>\n<li>Ghea\u021b\u0103 de struguri<\/li>\n<li>Mint<\/li>\n<li>Sos de fructe mixte<\/li>\n<li>Lici cu c\u0103p\u0219uni<\/li>\n<li>Ghea\u021b\u0103 de c\u0103p\u0219uni<\/li>\n<li>Ghea\u021b\u0103 de piersic\u0103<\/li>\n<li>Pepene verde \u0219i c\u0103p\u0219uni<\/li>\n<\/ul>\n<h2 data-v-md-heading=\"tailored-for-you-and-your-business\" data-v-md-line=\"44\">Adaptat pentru tine \u0219i afacerea ta<\/h2>\n<p data-v-md-line=\"46\">Am creat acest produs uimitor TN 12000 pentru achizi\u021bionare personal\u0103, dar dac\u0103 sunte\u021bi proprietarul unei afaceri \u0219i dori\u021bi s\u0103 oferi\u021bi clien\u021bilor produse unice, pute\u021bi alege solu\u021bia noastr\u0103 en-gros. Designul fierb\u0103torului nu este o truc, ci mai degrab\u0103 face ca aceste produse s\u0103 ias\u0103 \u00een eviden\u021b\u0103 pe rafturile dumneavoastr\u0103. \u00cen plus, oferim servicii de livrare cu taxe vamale pl\u0103tite (DDP) prin intermediul unor parteneri de \u00eencredere, cum ar fi UPS, DPD \u0219i DHL, asigur\u00e2ndu-v\u0103 c\u0103 nu trebuie s\u0103 v\u0103 face\u021bi griji cu privire la taxele vamale. Bunurile dumneavoastr\u0103 vor fi livrate la timp, cu u\u0219urin\u021b\u0103 \u0219i f\u0103r\u0103 griji.<\/p>\n<h2 data-v-md-heading=\"reasons-why-you-will-like-it\" data-v-md-line=\"48\">Motive pentru care \u00ee\u021bi va pl\u0103cea<\/h2>\n<p data-v-md-line=\"50\"><strong>Peste 12000 de mu\u0219c\u0103turi:<\/strong>\u00a0Permi\u021b\u00e2ndu-v\u0103 s\u0103 v\u0103 bucura\u021bi de s\u0103pt\u0103m\u00e2ni \u00een loc de zile<\/p>\n<p data-v-md-line=\"52\"><strong>Design unic al ghiveciului:<\/strong>\u00a0Prindere confortabil\u0103, nu se rostogole\u0219te u\u0219or de pe mas\u0103<\/p>\n<p data-v-md-line=\"54\"><strong>20 ml lichid pentru \u021bigar\u0103 electronic\u0103:<\/strong>\u00a0Mai mult e-lichid, mai mult raport calitate-pre\u021b<\/p>\n<p data-v-md-line=\"56\"><strong>Baterie re\u00eenc\u0103rcabil\u0103:<\/strong>\u00a0Profit\u0103 la maximum de fiecare pic\u0103tur\u0103 de lichid electronic pe care o consumi<\/p>\n<p data-v-md-line=\"58\"><strong>Tehnologia bobinei de plas\u0103:<\/strong>\u00a0Gust persistent \u0219i stabil<\/p>\n<p data-v-md-line=\"60\"><strong>12 op\u021biuni de arom\u0103:<\/strong>\u00a0De la amestecuri de fructe la ment\u0103 r\u0103coritoare, exist\u0103 \u00eentotdeauna unul care \u021bi se potrive\u0219te.<\/p>\n<h2 data-v-md-heading=\"why-choose-to-collaborate-with-agoravape\" data-v-md-line=\"62\">De ce s\u0103 alegi s\u0103 colaborezi cu AgoraVape?<\/h2>\n<p data-v-md-line=\"64\">Fiind unul dintre cei mai de \u00eencredere distribuitori de \u021big\u0103ri electronice din Europa, vindem doar produse 100% originale. Pentru clien\u021bii no\u0219tri corporativi, aceasta \u00eenseamn\u0103 c\u0103 produsele Bang TN 12000 vor oferi pre\u021buri en-gros extrem de competitive, asisten\u021b\u0103 post-v\u00e2nzare fiabil\u0103 \u0219i servicii de livrare rapide \u0219i stabile. Contacta\u021bi-ne imediat pentru a achizi\u021biona acest produs care v\u0103 satisface cu adev\u0103rat clien\u021bii - este suficient de unic pentru a le capta aten\u021bia \u0219i suficient de fiabil pentru a-i face clien\u021bi fideli.<\/p>\n<p><script src=\"chrome-extension:\/\/fpelahbljekknahkcaegamhcndkfpfnc\/iFrame.js\" type=\"text\/javascript\"><\/script><\/p>","protected":false},"excerpt":{"rendered":"<p>&nbsp;<\/p>\n<p><script src=\"chrome-extension:\/\/fpelahbljekknahkcaegamhcndkfpfnc\/iFrame.js\" type=\"text\/javascript\"><\/script><\/p>\n<p><script src=\"chrome-extension:\/\/fpelahbljekknahkcaegamhcndkfpfnc\/iFrame.js\" type=\"text\/javascript\"><\/script><\/p>\n<p><script src=\"chrome-extension:\/\/fpelahbljekknahkcaegamhcndkfpfnc\/iFrame.js\" type=\"text\/javascript\"><\/script><\/p>\n<p><script src=\"chrome-extension:\/\/fpelahbljekknahkcaegamhcndkfpfnc\/iFrame.js\" type=\"text\/javascript\"><\/script><\/p>\n<p><script src=\"chrome-extension:\/\/fpelahbljekknahkcaegamhcndkfpfnc\/iFrame.js\" type=\"text\/javascript\"><\/script><\/p>\n<p><script src=\"chrome-extension:\/\/fpelahbljekknahkcaegamhcndkfpfnc\/iFrame.js\" type=\"text\/javascript\"><\/script><\/p>\n<p><script src=\"chrome-extension:\/\/fpelahbljekknahkcaegamhcndkfpfnc\/iFrame.js\" type=\"text\/javascript\"><\/script><\/p>\n<p><script src=\"chrome-extension:\/\/fpelahbljekknahkcaegamhcndkfpfnc\/iFrame.js\" type=\"text\/javascript\"><\/script><\/p>","protected":false},"featured_media":20078,"comment_status":"open","ping_status":"closed","template":"","meta":[],"product_brand":[197],"product_cat":[124,187,185,1634,189,123,174,175,193,191,179,173,186,180,190],"product_tag":[],"class_list":{"0":"post-20049","1":"product","2":"type-product","3":"status-publish","4":"has-post-thumbnail","6":"product_brand-bang","7":"product_cat-vape-by-brand","8":"product_cat-0mg-nicotine-free-vapes","9":"product_cat-10000-puffs-high-capacity","10":"product_cat-12000-puffs","11":"product_cat-20mg-standard-nicotine-vapes","12":"product_cat-bang","13":"product_cat-fruit-flavors","14":"product_cat-icy-mint","15":"product_cat-mesh-coil","16":"product_cat-rechargeable-disposables","17":"product_cat-unique-blends","18":"product_cat-vape-by-flavor-profile","19":"product_cat-vape-by-nicotine-strength","20":"product_cat-vape-by-puff-count","21":"product_cat-vape-by-feature-or-type","23":"first","24":"onbackorder","25":"shipping-taxable","26":"purchasable","27":"product-type-variable","28":"has-default-attributes"},"tiered_pricing_type":"percentage","tiered_pricing_fixed_rules":[],"tiered_pricing_product_settings":{"layout":"default","base_unit_name":{"singular":null,"plural":null},"default_variation":null},"tiered_pricing_minimum_quantity":10,"tiered_pricing_roles_data":[],"tiered_pricing_percentage_rules":{"30":"29","50":"35","100":"40","200":"44","500":"47","1000":"49"},"tiered_pricing_maximum_quantity":null,"tiered_pricing_quantity_step":"10","_links":{"self":[{"href":"https:\/\/agoravape.com\/ro\/wp-json\/wp\/v2\/product\/20049","targetHints":{"allow":["GET"]}}],"collection":[{"href":"https:\/\/agoravape.com\/ro\/wp-json\/wp\/v2\/product"}],"about":[{"href":"https:\/\/agoravape.com\/ro\/wp-json\/wp\/v2\/types\/product"}],"replies":[{"embeddable":true,"href":"https:\/\/agoravape.com\/ro\/wp-json\/wp\/v2\/comments?post=20049"}],"version-history":[{"count":0,"href":"https:\/\/agoravape.com\/ro\/wp-json\/wp\/v2\/product\/20049\/revisions"}],"wp:featuredmedia":[{"embeddable":true,"href":"https:\/\/agoravape.com\/ro\/wp-json\/wp\/v2\/media\/20078"}],"wp:attachment":[{"href":"https:\/\/agoravape.com\/ro\/wp-json\/wp\/v2\/media?parent=20049"}],"wp:term":[{"taxonomy":"product_brand","embeddable":true,"href":"https:\/\/agoravape.com\/ro\/wp-json\/wp\/v2\/product_brand?post=20049"},{"taxonomy":"product_cat","embeddable":true,"href":"https:\/\/agoravape.com\/ro\/wp-json\/wp\/v2\/product_cat?post=20049"},{"taxonomy":"product_tag","embeddable":true,"href":"https:\/\/agoravape.com\/ro\/wp-json\/wp\/v2\/product_tag?post=20049"}],"curies":[{"name":"wp","href":"https:\/\/api.w.org\/{rel}","templated":true}]}}