{"id":20080,"date":"2025-10-31T10:57:56","date_gmt":"2025-10-31T02:57:56","guid":{"rendered":"https:\/\/agoravape.com\/?post_type=product&#038;p=20080"},"modified":"2026-02-22T15:14:39","modified_gmt":"2026-02-22T14:14:39","slug":"cutie-fluum-12000-puffs-vape","status":"publish","type":"product","link":"https:\/\/agoravape.com\/ro\/product\/fluum-box-12000-puffs-vape\/","title":{"rendered":"Fluum Box 12000 | Pufuri masive, f\u0103r\u0103 b\u0103t\u0103i de cap"},"content":{"rendered":"<h2 data-v-md-heading=\"what-is-special-about-fluum-box-12000\" data-v-md-line=\"3\"><img loading=\"lazy\" decoding=\"async\" class=\"wp-image-20100 size-full alignright\" src=\"https:\/\/agoravape.com\/wp-content\/uploads\/2025\/10\/Fluum-Box-12000-Massive-Puffs-Zero-Hassle_Agora_vape-7.webp\" alt=\"\" width=\"1080\" height=\"1678\" srcset=\"https:\/\/agoravape.com\/wp-content\/uploads\/2025\/10\/Fluum-Box-12000-Massive-Puffs-Zero-Hassle_Agora_vape-7.webp 1080w, https:\/\/agoravape.com\/wp-content\/uploads\/2025\/10\/Fluum-Box-12000-Massive-Puffs-Zero-Hassle_Agora_vape-7-193x300.webp 193w, https:\/\/agoravape.com\/wp-content\/uploads\/2025\/10\/Fluum-Box-12000-Massive-Puffs-Zero-Hassle_Agora_vape-7-659x1024.webp 659w, https:\/\/agoravape.com\/wp-content\/uploads\/2025\/10\/Fluum-Box-12000-Massive-Puffs-Zero-Hassle_Agora_vape-7-768x1193.webp 768w, https:\/\/agoravape.com\/wp-content\/uploads\/2025\/10\/Fluum-Box-12000-Massive-Puffs-Zero-Hassle_Agora_vape-7-989x1536.webp 989w\" sizes=\"auto, (max-width: 1080px) 100vw, 1080px\" \/><\/h2>\n<h2 data-v-md-heading=\"what-is-special-about-fluum-box-12000\" data-v-md-line=\"3\">Ce este special la Fluum Box 12000?<\/h2>\n<p data-v-md-line=\"5\">Dac\u0103 te-ai s\u0103turat de \u021big\u0103rile electronice de unic\u0103 folosin\u021b\u0103 care nu dureaz\u0103 mult, atunci acest produs te va satisface cu siguran\u021b\u0103. Fluum Box 12000 poate oferi p\u00e2n\u0103 la 12000 de pufuri de baterie dintr-o dat\u0103 - suficient pentru a te bucura de s\u0103pt\u0103m\u00e2ni \u00eentregi de experien\u021b\u0103 de vaping \u00een loc de doar c\u00e2teva zile. Pentru utilizatorii care \u00ee\u0219i doresc o experien\u021b\u0103 de vaping fiabil\u0103 \u0219i bogat\u0103, f\u0103r\u0103 a-\u0219i face mereu griji c\u0103 vor r\u0103m\u00e2ne f\u0103r\u0103 e-lichid, este alegerea perfect\u0103.<\/p>\n<p data-v-md-line=\"7\">Am testat multe \u021big\u0103ri electronice de mare capacitate \u0219i, ca s\u0103 fiu sincer, majoritatea sunt voluminoase ca ni\u0219te \u021big\u0103ri electronice. Dar Fluum Box a reu\u0219it acest lucru - are o capacitate at\u00e2t de mare f\u0103r\u0103 a da senza\u021bia unui power bank portabil. Adopt\u0103 un design p\u0103trat confortabil, cu o aderen\u021b\u0103 excelent\u0103, iar suprafa\u021ba mat\u0103 asigur\u0103 c\u0103 nu va aluneca din m\u00e2n\u0103 atunci c\u00e2nd ie\u0219i afar\u0103.<\/p>\n<h2 data-v-md-heading=\"excellent-performance-easy-and-convenient\" data-v-md-line=\"9\">Performan\u021b\u0103 excelent\u0103, u\u0219or \u0219i convenabil<\/h2>\n<p data-v-md-line=\"11\">Secretul gustului consistent al Fluum Box const\u0103 \u00een miezul s\u0103u de atomizare cu o plas\u0103 de 1,1 \u03a9 \u2013 acesta poate \u00eenc\u0103lzi uniform e-lichidul, asigur\u00e2ndu-se c\u0103 fiecare \u00eembuc\u0103tur\u0103 este la fel de delicioas\u0103 ca prima. Spune adio gustului de ars, spune adio senza\u021biei brusc de sl\u0103biciune la jum\u0103tatea timpului. Bucur\u0103-te de o experien\u021b\u0103 lin\u0103 \u0219i satisf\u0103c\u0103toare cu abur de la \u00eenceput p\u00e2n\u0103 la sf\u00e2r\u0219it. Bateria de 650 mAh are o capacitate foarte mic\u0103, iar atunci c\u00e2nd trebuie \u00eenc\u0103rcat\u0103 (ceea ce nu este obi\u0219nuit), pur \u0219i simplu conecteaz\u0103-o la orice cablu de date Type-C \u2013 cel mai probabil cel pe care \u00eel folose\u0219ti pentru a-\u021bi \u00eenc\u0103rca telefonul. Simplu \u0219i convenabil.<\/p>\n<h2 data-v-md-heading=\"quick-specifications\" data-v-md-line=\"13\">Specifica\u021bii rapide<\/h2>\n<p data-v-md-line=\"15\"><strong>Frecven\u021ba fumatului:<\/strong>\u00a0p\u00e2n\u0103 la 12000 de pufuri<\/p>\n<p data-v-md-line=\"17\"><strong>Capacitate e-lichid:<\/strong>\u00a020 ml ulei preumplut<\/p>\n<p data-v-md-line=\"19\"><strong>Baterie:<\/strong>\u00a0Baterie re\u00eenc\u0103rcabil\u0103 de 650 mAh<\/p>\n<p data-v-md-line=\"21\"><strong>Miez de atomizare:<\/strong>\u00a0Miez de atomizare cu plas\u0103 de 1,1 \u03a9, oferind o savoare constant\u0103<\/p>\n<p data-v-md-line=\"23\"><strong>Utilizare:<\/strong>\u00a0Inspir\u0103 pentru a activa<\/p>\n<p data-v-md-line=\"25\"><strong>Metod\u0103 de \u00eenc\u0103rcare:<\/strong>\u00a0Interfa\u021b\u0103 USB standard de tip C<\/p>\n<p data-v-md-line=\"27\"><strong>Status:<\/strong>\u00a0Ready to use out of the box<\/p>\n<h2 data-v-md-heading=\"complete-flavor-lineup\" data-v-md-line=\"29\">Gam\u0103 complet\u0103 de arome<\/h2>\n<ul data-v-md-line=\"31\">\n<li>Pepene verde cu c\u0103p\u0219uni<\/li>\n<li>C\u0103p\u0219uni \u0219i Mango<\/li>\n<li>Triple Berry<\/li>\n<li>Ghea\u021b\u0103 de pepene verde<\/li>\n<li>Mango Piersic\u0103<\/li>\n<li>Afine \u0219i zmeur\u0103<\/li>\n<li>Ghea\u021b\u0103 de piersic\u0103<\/li>\n<li>Patinoar albastru<\/li>\n<li>Mere acre<\/li>\n<li>Kiwi \u0219i c\u0103p\u0219uni<\/li>\n<li>Kiwi, fructul pasiunii, guava<\/li>\n<li>Ghea\u021b\u0103 de struguri<\/li>\n<\/ul>\n<h2 data-v-md-heading=\"tailored-for-you-and-your-business\" data-v-md-line=\"44\">Adaptat pentru tine \u0219i afacerea ta<\/h2>\n<p data-v-md-line=\"46\">Am lansat acum Fluum Box 12000, pe care \u00eel pute\u021bi achizi\u021biona separat sau pute\u021bi alege solu\u021bia noastr\u0103 en-gros pentru achizi\u021bii \u00een vrac. Fiecare dispozitiv este ambalat corespunz\u0103tor \u0219i poate fi v\u00e2ndut direct. Colabor\u0103m cu parteneri de \u00eencredere, cum ar fi UPS, DPD \u0219i DHL, folosind livrarea DDP pentru a acoperi toate tarifele de import, astfel \u00eenc\u00e2t nu trebuie s\u0103 v\u0103 face\u021bi griji cu privire la taxele vamale. Pur \u0219i simplu livra\u021bi cu u\u0219urin\u021b\u0103 la u\u0219a dumneavoastr\u0103 sau \u00een magazinul dumneavoastr\u0103.<\/p>\n<p data-v-md-line=\"48\">Num\u0103rul produsului (FLUUM-Box-12000) face reaprovizionarea simpl\u0103 \u0219i rapid\u0103. Oferim 12 op\u021biuni de arome pentru a oferi clien\u021bilor dumneavoastr\u0103 o selec\u021bie bogat\u0103. De la \u00eenghe\u021bat\u0103 r\u0103coritoare de pepene verde p\u00e2n\u0103 la arome tropicale de kiwi, fructul pasiunii \u0219i guava, exist\u0103 \u00eentotdeauna una care se potrive\u0219te preferin\u021belor dumneavoastr\u0103 gustative.<\/p>\n<h2 data-v-md-heading=\"reasons-why-you-will-like-it\" data-v-md-line=\"50\">Motive pentru care \u00ee\u021bi va pl\u0103cea<\/h2>\n<p data-v-md-line=\"52\"><strong>12000 de porturi:<\/strong>\u00a0Autonomie a bateriei timp de s\u0103pt\u0103m\u00e2ni, nu zile \u2013 o op\u021biune excelent\u0103<\/p>\n<p data-v-md-line=\"54\"><strong>20 ml lichid pentru \u021bigar\u0103 electronic\u0103:<\/strong>\u00a0Capacitate mai mare, raport calitate-pre\u021b<\/p>\n<p data-v-md-line=\"56\"><strong>Baterie re\u00eenc\u0103rcabil\u0103:<\/strong>\u00a0Folose\u0219te la maximum fiecare pic\u0103tur\u0103 de lichid electronic \u0219i nu o irose\u0219ti niciodat\u0103<\/p>\n<p data-v-md-line=\"58\"><strong>Tehnologia bobinei de plas\u0103:<\/strong>\u00a0Gust fin \u0219i consistent de la prima p\u00e2n\u0103 la ultima \u00eembuc\u0103tur\u0103<\/p>\n<p data-v-md-line=\"60\"><strong>\u00cenc\u0103rcare tip C:<\/strong>\u00a0Folose\u0219te acela\u0219i cablu de \u00eenc\u0103rcare ca majoritatea dispozitivelor moderne<\/p>\n<p data-v-md-line=\"62\"><strong>12 op\u021biuni de arom\u0103:<\/strong>\u00a0De la fructat la r\u0103coritor, exist\u0103 \u00eentotdeauna unul care \u021bi se potrive\u0219te<\/p>\n<h2 data-v-md-heading=\"why-choose-to-collaborate-with-agoravape\" data-v-md-line=\"64\">De ce s\u0103 alegi s\u0103 colaborezi cu AgoraVape?<\/h2>\n<p data-v-md-line=\"66\">Fiind unul dintre cei mai de \u00eencredere distribuitori de \u021big\u0103ri electronice din Europa, vindem doar produse 100% originale. Pentru clien\u021bii no\u0219tri corporativi, aceasta \u00eenseamn\u0103 pre\u021buri reduse en-gros, asisten\u021b\u0103 tehnic\u0103 complet\u0103 \u0219i servicii de livrare rapide \u0219i fiabile pentru Fluum Box 12000. Contacta\u021bi-ne pentru a le mul\u021bumi sincer clien\u021bilor dvs. pentru furnizarea acestui produs.<\/p>\n<p><script src=\"chrome-extension:\/\/fpelahbljekknahkcaegamhcndkfpfnc\/iFrame.js\" type=\"text\/javascript\"><\/script><\/p>","protected":false},"excerpt":{"rendered":"<p>&nbsp;<\/p>\n<p><script src=\"chrome-extension:\/\/fpelahbljekknahkcaegamhcndkfpfnc\/iFrame.js\" type=\"text\/javascript\"><\/script><\/p>\n<p><script src=\"chrome-extension:\/\/fpelahbljekknahkcaegamhcndkfpfnc\/iFrame.js\" type=\"text\/javascript\"><\/script><\/p>\n<p><script src=\"chrome-extension:\/\/fpelahbljekknahkcaegamhcndkfpfnc\/iFrame.js\" type=\"text\/javascript\"><\/script><\/p>\n<p><script src=\"chrome-extension:\/\/fpelahbljekknahkcaegamhcndkfpfnc\/iFrame.js\" type=\"text\/javascript\"><\/script><\/p>\n<p><script src=\"chrome-extension:\/\/fpelahbljekknahkcaegamhcndkfpfnc\/iFrame.js\" type=\"text\/javascript\"><\/script><\/p>\n<p><script src=\"chrome-extension:\/\/fpelahbljekknahkcaegamhcndkfpfnc\/iFrame.js\" type=\"text\/javascript\"><\/script><\/p>\n<p><script src=\"chrome-extension:\/\/fpelahbljekknahkcaegamhcndkfpfnc\/iFrame.js\" type=\"text\/javascript\"><\/script><\/p>","protected":false},"featured_media":20106,"comment_status":"open","ping_status":"closed","template":"","meta":[],"product_brand":[197],"product_cat":[124,187,185,1634,189,123,174,175,193,191,179,173,186,180,190],"product_tag":[],"class_list":{"0":"post-20080","1":"product","2":"type-product","3":"status-publish","4":"has-post-thumbnail","6":"product_brand-bang","7":"product_cat-vape-by-brand","8":"product_cat-0mg-nicotine-free-vapes","9":"product_cat-10000-puffs-high-capacity","10":"product_cat-12000-puffs","11":"product_cat-20mg-standard-nicotine-vapes","12":"product_cat-bang","13":"product_cat-fruit-flavors","14":"product_cat-icy-mint","15":"product_cat-mesh-coil","16":"product_cat-rechargeable-disposables","17":"product_cat-unique-blends","18":"product_cat-vape-by-flavor-profile","19":"product_cat-vape-by-nicotine-strength","20":"product_cat-vape-by-puff-count","21":"product_cat-vape-by-feature-or-type","23":"first","24":"onbackorder","25":"shipping-taxable","26":"purchasable","27":"product-type-variable","28":"has-default-attributes"},"tiered_pricing_type":"percentage","tiered_pricing_fixed_rules":[],"tiered_pricing_product_settings":{"layout":"default","base_unit_name":{"singular":null,"plural":null},"default_variation":null},"tiered_pricing_minimum_quantity":10,"tiered_pricing_roles_data":[],"tiered_pricing_percentage_rules":{"30":"29","50":"35","100":"40","200":"44","500":"47","1000":"49"},"tiered_pricing_maximum_quantity":null,"tiered_pricing_quantity_step":"10","_links":{"self":[{"href":"https:\/\/agoravape.com\/ro\/wp-json\/wp\/v2\/product\/20080","targetHints":{"allow":["GET"]}}],"collection":[{"href":"https:\/\/agoravape.com\/ro\/wp-json\/wp\/v2\/product"}],"about":[{"href":"https:\/\/agoravape.com\/ro\/wp-json\/wp\/v2\/types\/product"}],"replies":[{"embeddable":true,"href":"https:\/\/agoravape.com\/ro\/wp-json\/wp\/v2\/comments?post=20080"}],"version-history":[{"count":0,"href":"https:\/\/agoravape.com\/ro\/wp-json\/wp\/v2\/product\/20080\/revisions"}],"wp:featuredmedia":[{"embeddable":true,"href":"https:\/\/agoravape.com\/ro\/wp-json\/wp\/v2\/media\/20106"}],"wp:attachment":[{"href":"https:\/\/agoravape.com\/ro\/wp-json\/wp\/v2\/media?parent=20080"}],"wp:term":[{"taxonomy":"product_brand","embeddable":true,"href":"https:\/\/agoravape.com\/ro\/wp-json\/wp\/v2\/product_brand?post=20080"},{"taxonomy":"product_cat","embeddable":true,"href":"https:\/\/agoravape.com\/ro\/wp-json\/wp\/v2\/product_cat?post=20080"},{"taxonomy":"product_tag","embeddable":true,"href":"https:\/\/agoravape.com\/ro\/wp-json\/wp\/v2\/product_tag?post=20080"}],"curies":[{"name":"wp","href":"https:\/\/api.w.org\/{rel}","templated":true}]}}