{"id":21121,"date":"2026-01-18T00:23:32","date_gmt":"2026-01-17T16:23:32","guid":{"rendered":"https:\/\/agoravape.com\/?post_type=product&#038;p=21121"},"modified":"2026-02-22T15:14:24","modified_gmt":"2026-02-22T14:14:24","slug":"myde-8in1-150k-150000-puffs-vape","status":"publish","type":"product","link":"https:\/\/agoravape.com\/ro\/product\/myde-8in1-150k-150000-puffs-vape\/","title":{"rendered":"MYDE 8 \u00een 1 150k 150000 Puffs cu 4 rezisten\u021be Mesh | Schimb\u0103 aromele, p\u0103streaz\u0103-le simple"},"content":{"rendered":"<h2 data-v-md-heading=\"what-is-myde-8-in-1-150000-mouth-4-mesh-coil-electronic-cigarette-like\" data-v-md-line=\"1\"><img loading=\"lazy\" decoding=\"async\" class=\"aligncenter size-full wp-image-21134\" src=\"https:\/\/agoravape.com\/wp-content\/uploads\/2026\/01\/MYDE-8in1-150k-150000-Puffs-4-Mesh-Coil-Vape-Switch-Flavours-Keep-It-Simple_Agora_vape-2-scaled.webp\" alt=\"\" width=\"2560\" height=\"1163\" srcset=\"https:\/\/agoravape.com\/wp-content\/uploads\/2026\/01\/MYDE-8in1-150k-150000-Puffs-4-Mesh-Coil-Vape-Switch-Flavours-Keep-It-Simple_Agora_vape-2-scaled.webp 2560w, https:\/\/agoravape.com\/wp-content\/uploads\/2026\/01\/MYDE-8in1-150k-150000-Puffs-4-Mesh-Coil-Vape-Switch-Flavours-Keep-It-Simple_Agora_vape-2-scaled-1200x545.webp 1200w, https:\/\/agoravape.com\/wp-content\/uploads\/2026\/01\/MYDE-8in1-150k-150000-Puffs-4-Mesh-Coil-Vape-Switch-Flavours-Keep-It-Simple_Agora_vape-2-300x136.webp 300w, https:\/\/agoravape.com\/wp-content\/uploads\/2026\/01\/MYDE-8in1-150k-150000-Puffs-4-Mesh-Coil-Vape-Switch-Flavours-Keep-It-Simple_Agora_vape-2-1024x465.webp 1024w, https:\/\/agoravape.com\/wp-content\/uploads\/2026\/01\/MYDE-8in1-150k-150000-Puffs-4-Mesh-Coil-Vape-Switch-Flavours-Keep-It-Simple_Agora_vape-2-768x349.webp 768w, https:\/\/agoravape.com\/wp-content\/uploads\/2026\/01\/MYDE-8in1-150k-150000-Puffs-4-Mesh-Coil-Vape-Switch-Flavours-Keep-It-Simple_Agora_vape-2-1536x698.webp 1536w, https:\/\/agoravape.com\/wp-content\/uploads\/2026\/01\/MYDE-8in1-150k-150000-Puffs-4-Mesh-Coil-Vape-Switch-Flavours-Keep-It-Simple_Agora_vape-2-2048x930.webp 2048w, https:\/\/agoravape.com\/wp-content\/uploads\/2026\/01\/MYDE-8in1-150k-150000-Puffs-4-Mesh-Coil-Vape-Switch-Flavours-Keep-It-Simple_Agora_vape-2-18x8.webp 18w\" sizes=\"auto, (max-width: 2560px) 100vw, 2560px\" \/><\/h2>\n<h2 data-v-md-heading=\"what-is-myde-8-in-1-150000-mouth-4-mesh-coil-electronic-cigarette-like\" data-v-md-line=\"1\">Cum este \u021bigara electronic\u0103 MYDE 8-\u00een-1 cu 150000 de guri \u0219i 4 bobine de ochi?<\/h2>\n<p data-v-md-line=\"3\">Dac\u0103 te-ai s\u0103turat de \u021big\u0103rile electronice de unic\u0103 folosin\u021b\u0103 care pot dura doar o zi \u0219i apoi se epuizeaz\u0103, atunci aceast\u0103 \u021bigar\u0103 electronic\u0103 MYDE 8-\u00een-1 te va satisface cu siguran\u021b\u0103. Este conceput\u0103 pentru utilizare pe termen lung (p\u00e2n\u0103 la 150000 de pufuri) \u0219i ofer\u0103 o func\u021bie de schimbare a aromelor 8-\u00een-1, permi\u021b\u00e2ndu-\u021bi s\u0103 schimbi cu u\u0219urin\u021b\u0103 aromele f\u0103r\u0103 a avea la tine dou\u0103 sau trei \u021big\u0103ri electronice.<\/p>\n<p data-v-md-line=\"5\">S-ar putea s\u0103 sim\u021bi c\u0103 \u021big\u0103rile electronice cu num\u0103r mare de \u021big\u0103ri sunt la fel de grele ca ni\u0219te c\u0103r\u0103mizi \u00een buzunar, dar portabilitatea lor este surprinz\u0103tor de bun\u0103. Corpul se simte foarte solid, cu o rezisten\u021b\u0103 constant\u0103 la aspira\u021bie, iar metoda de utilizare este, de asemenea, foarte simpl\u0103: alege aroma, inhaleaz\u0103 \u0219i savureaz\u0103.<\/p>\n<p data-v-md-line=\"5\"><img loading=\"lazy\" decoding=\"async\" class=\"size-full wp-image-21133 alignright\" src=\"https:\/\/agoravape.com\/wp-content\/uploads\/2026\/01\/MYDE-8in1-150k-150000-Puffs-4-Mesh-Coil-Vape-Switch-Flavours-Keep-It-Simple_Agora_vape-1-scaled.webp\" alt=\"\" width=\"1829\" height=\"2560\" srcset=\"https:\/\/agoravape.com\/wp-content\/uploads\/2026\/01\/MYDE-8in1-150k-150000-Puffs-4-Mesh-Coil-Vape-Switch-Flavours-Keep-It-Simple_Agora_vape-1-scaled.webp 1829w, https:\/\/agoravape.com\/wp-content\/uploads\/2026\/01\/MYDE-8in1-150k-150000-Puffs-4-Mesh-Coil-Vape-Switch-Flavours-Keep-It-Simple_Agora_vape-1-scaled-1200x1680.webp 1200w, https:\/\/agoravape.com\/wp-content\/uploads\/2026\/01\/MYDE-8in1-150k-150000-Puffs-4-Mesh-Coil-Vape-Switch-Flavours-Keep-It-Simple_Agora_vape-1-214x300.webp 214w, https:\/\/agoravape.com\/wp-content\/uploads\/2026\/01\/MYDE-8in1-150k-150000-Puffs-4-Mesh-Coil-Vape-Switch-Flavours-Keep-It-Simple_Agora_vape-1-731x1024.webp 731w, https:\/\/agoravape.com\/wp-content\/uploads\/2026\/01\/MYDE-8in1-150k-150000-Puffs-4-Mesh-Coil-Vape-Switch-Flavours-Keep-It-Simple_Agora_vape-1-768x1075.webp 768w, https:\/\/agoravape.com\/wp-content\/uploads\/2026\/01\/MYDE-8in1-150k-150000-Puffs-4-Mesh-Coil-Vape-Switch-Flavours-Keep-It-Simple_Agora_vape-1-1097x1536.webp 1097w, https:\/\/agoravape.com\/wp-content\/uploads\/2026\/01\/MYDE-8in1-150k-150000-Puffs-4-Mesh-Coil-Vape-Switch-Flavours-Keep-It-Simple_Agora_vape-1-1463x2048.webp 1463w, https:\/\/agoravape.com\/wp-content\/uploads\/2026\/01\/MYDE-8in1-150k-150000-Puffs-4-Mesh-Coil-Vape-Switch-Flavours-Keep-It-Simple_Agora_vape-1-9x12.webp 9w\" sizes=\"auto, (max-width: 1829px) 100vw, 1829px\" \/><\/p>\n<h2 data-v-md-heading=\"excellent-performance-and-easy-operation\" data-v-md-line=\"7\">Performan\u021b\u0103 excelent\u0103 \u0219i utilizare u\u0219oar\u0103<\/h2>\n<p data-v-md-line=\"9\">Aceast\u0103 \u021bigar\u0103 electronic\u0103 este echipat\u0103 cu 4 miezuri de atomizare cu plas\u0103 de 1,2 \u03a9, responsabile pentru oferirea unei experien\u021be puternice de atomizare. Simplu spus, aceste miezuri de atomizare asigur\u0103 un gust consistent \u0219i previn estomparea gustului pe parcurs. \u00cen plus, este echipat\u0103 cu o baterie re\u00eenc\u0103rcabil\u0103 de 850 mAh care accept\u0103 \u00eenc\u0103rcare USB Type-C. Chiar dac\u0103 bateria se descarc\u0103 \u00eenaintea lichidului electronic, nu trebuie s\u0103 v\u0103 face\u021bi griji c\u0103 \u021bigara electronic\u0103 va fi aruncat\u0103. De asemenea, este echipat\u0103 cu un ecran LED, permi\u021b\u00e2ndu-v\u0103 s\u0103 \u00een\u021belege\u021bi cu u\u0219urin\u021b\u0103 starea de utilizare f\u0103r\u0103 a ghici.<\/p>\n<h2 data-v-md-heading=\"quick-specifications\" data-v-md-line=\"11\">Specifica\u021bii rapide<\/h2>\n<ul data-v-md-line=\"13\">\n<li>\n<p data-v-md-line=\"13\">Frecven\u021ba de fumat: p\u00e2n\u0103 la 150.000 de pufuri<\/p>\n<\/li>\n<li>\n<p data-v-md-line=\"15\">Capacitate e-lichid: 58 mililitri<\/p>\n<\/li>\n<li>\n<p data-v-md-line=\"17\">Miez de atomizare: 4 miezuri de atomizare tip plas\u0103, 1,2 \u03a9<\/p>\n<\/li>\n<li>\n<p data-v-md-line=\"19\">Baterie: Baterie re\u00eenc\u0103rcabil\u0103 de 850 mAh<\/p>\n<\/li>\n<li>\n<p data-v-md-line=\"21\">Concentra\u021bie de nicotin\u0103: 0%\/2%\/3%\/5%<\/p>\n<\/li>\n<li>\n<p data-v-md-line=\"23\">Utilizare: Inhala\u021bi pentru activare<\/p>\n<\/li>\n<li>\n<p data-v-md-line=\"25\">Metod\u0103 de \u00eenc\u0103rcare: Interfa\u021b\u0103 USB tip C<\/p>\n<\/li>\n<li>\n<p data-v-md-line=\"27\">Ecran de afi\u0219are: Ecran de afi\u0219are LED<\/p>\n<\/li>\n<li>\n<p data-v-md-line=\"29\">Dimensiuni\/Greutate: 39 \u00d7 39 \u00d7 118 milimetri, 130 grame (o singur\u0103 ma\u0219in\u0103)<\/p>\n<\/li>\n<li>\n<p data-v-md-line=\"31\">Stare: Gata de utilizare imediat ce este scoas\u0103 din cutie<\/p>\n<\/li>\n<\/ul>\n<h2 data-v-md-heading=\"rich-flavor-options\" data-v-md-line=\"33\">Rich flavor options<\/h2>\n<p data-v-md-line=\"35\">Fiecare configura\u021bie ofer\u0103 4 combina\u021bii de arome (pe care le pute\u021bi schimba oric\u00e2nd) cu plecare de la:<\/p>\n<ul data-v-md-line=\"36\">\n<li>\u00cenghe\u021bat\u0103 de c\u0103p\u0219uni + \u00eenghe\u021bat\u0103 de pepene verde + \u00eenghe\u021bat\u0103 de piersici + \u00eenghe\u021bat\u0103 de fructul pasiunii<\/li>\n<li>Ghea\u021b\u0103 de c\u0103p\u0219uni + Ghea\u021b\u0103 de afine + Ghea\u021b\u0103 de struguri + Ghea\u021b\u0103 de m\u0103r verde<\/li>\n<li>\u00cenghe\u021bat\u0103 de c\u0103p\u0219uni + mango + ananas + \u00eenghe\u021bat\u0103<\/li>\n<li>Ghea\u021b\u0103 de afine+Ghea\u021b\u0103 de l\u0103m\u00e2ie cu zmeur\u0103+Gum\u0103 de mestecat cu pepene verde+Ment\u0103<\/li>\n<li>Pepene verde+zmeur\u0103+cire\u0219e+cola<\/li>\n<li>\u00cenghe\u021bat\u0103 de struguri + piersic\u0103 de mango + \u00eenghe\u021bat\u0103 de pepene verde + \u00eenghe\u021bat\u0103 de afine<\/li>\n<li>C\u0103p\u0219uni, kiwi+afine, nuc\u0103 de cocos+mix de prune+mango<\/li>\n<li>\u00cenghe\u021bat\u0103 de banan\u0103 + \u00cenghe\u021bat\u0103 de c\u0103p\u0219uni + \u00cenghe\u021bat\u0103 de pepene verde + \u00cenghe\u021bat\u0103 de l\u0103m\u00e2ie<\/li>\n<li>\u00cenghe\u021bat\u0103 de c\u0103p\u0219uni + \u00cenghe\u021bat\u0103 de ananas \u0219i cocos + \u00cenghe\u021bat\u0103 de mango + \u00cenghe\u021bat\u0103 de fructul pasiunii<\/li>\n<li>Ananas \u0219i nuc\u0103 de cocos + Ghea\u021b\u0103 de l\u0103m\u00e2ie + Ghea\u021b\u0103 de afine + B\u0103utur\u0103 energizant\u0103<\/li>\n<\/ul>\n<h2 data-v-md-heading=\"for-you-and-your-business\" data-v-md-line=\"47\">Pentru tine \u0219i afacerea ta<\/h2>\n<p data-v-md-line=\"49\">Po\u021bi revendica MYDE, o \u021bigar\u0103 electronic\u0103 8 \u00een 1 potrivit\u0103 pentru uz personal. Dac\u0103 \u00ee\u021bi dore\u0219ti o \u021bigar\u0103 electronic\u0103 de unic\u0103 folosin\u021b\u0103 care fumeaz\u0103 puternic \u0219i nu te plictise\u0219te \u00een doar dou\u0103 zile, este cu siguran\u021b\u0103 alegerea ideal\u0103. Dac\u0103 cumperi pentru un magazin, acest produs este, de asemenea, un articol excelent de v\u00e2nzare, deoarece clien\u021bii pot \u00een\u021belege rapid argumentul s\u0103u forte: \u201eUn dispozitiv, arome multiple, re\u00eenc\u0103rcabil\u0103\u201d.<\/p>\n<p data-v-md-line=\"51\">\u00cen ceea ce prive\u0219te v\u00e2nzarea en-gros, acest produs este livrat sub form\u0103 de cutii de 150 de buc\u0103\u021bi. Lucr\u0103m \u00een colaborare cu parteneri logistici de \u00eencredere din UE \u0219i putem aranja transportul cu taxe vamale pl\u0103tite (DDP) c\u00e2t mai mult posibil, economisindu-v\u0103 probleme vamale \u0219i taxe nea\u0219teptate.<\/p>\n<h2 data-v-md-heading=\"reasons-why-you-will-like-it\" data-v-md-line=\"53\">Motive pentru care \u00ee\u021bi va pl\u0103cea<\/h2>\n<ul data-v-md-line=\"55\">\n<li>\n<p data-v-md-line=\"55\">Aspira\u021bie ultra-lung\u0103: Durabil\u0103 \u0219i de lung\u0103 durat\u0103, reduc\u00e2nd frecven\u021ba de \u00eenlocuire.<\/p>\n<\/li>\n<li>\n<p data-v-md-line=\"56\">Comutare a gusturilor (8 \u00een 1): C\u00e2nd o arom\u0103 \u00eencepe s\u0103 devin\u0103 monoton\u0103, aceasta poate aduce o senza\u021bie de prospe\u021bime.<\/p>\n<\/li>\n<li>\n<p data-v-md-line=\"57\">Baterie re\u00eenc\u0103rcabil\u0103: V\u0103 ajut\u0103 s\u0103 utiliza\u021bi la maximum lichidul electronic pe care l-a\u021bi achizi\u021bionat.<\/p>\n<\/li>\n<li>\n<p data-v-md-line=\"59\">Structura cu 4 bobine de ochiuri: asigur\u0103 o rezisten\u021b\u0103 constant\u0103 la aspira\u021bie \u0219i un gust pl\u0103cut.<\/p>\n<\/li>\n<li>\n<p data-v-md-line=\"60\">Ecran LED: Nu mai este nevoie s\u0103 ghici\u021bi c\u00e2nd trebuie \u00eenc\u0103rcat.<\/p>\n<\/li>\n<\/ul>\n<h2 data-v-md-heading=\"why-choose-to-collaborate-with-agoravape\" data-v-md-line=\"62\">De ce s\u0103 alegi s\u0103 colaborezi cu AgoraVape?<\/h2>\n<p data-v-md-line=\"64\">Nu vom vinde niciodat\u0103 stocuri din surse necunoscute. AgoraVape se concentreaz\u0103 pe garan\u021bia 100% a produselor autentice, livrarea logistic\u0103 fiabil\u0103 \u0219i oferirea de asisten\u021b\u0103 practic\u0103 \u0219i eficient\u0103 pentru consumatori \u0219i comercian\u021bi cu am\u0103nuntul. Dac\u0103 dori\u021bi s\u0103 achizi\u021biona\u021bi \u021big\u0103ri electronice MYDE 8-\u00een-1 150k 150000 gur\u0103 cu 4 bobine la pre\u021buri en-gros \u0219i cu solu\u021bii de livrare fiabile \u00een UE, v\u0103 rug\u0103m s\u0103 ne contacta\u021bi \u0219i v\u0103 vom ajuta s\u0103 aranja\u021bi comenzi potrivite pentru clien\u021bii dvs.<\/p>\n<p><script src=\"chrome-extension:\/\/fpelahbljekknahkcaegamhcndkfpfnc\/iFrame.js\" type=\"text\/javascript\"><\/script><\/p>","protected":false},"excerpt":{"rendered":"<p>&nbsp;<\/p>\n<p><script src=\"chrome-extension:\/\/fpelahbljekknahkcaegamhcndkfpfnc\/iFrame.js\" type=\"text\/javascript\"><\/script><\/p>\n<p><script src=\"chrome-extension:\/\/fpelahbljekknahkcaegamhcndkfpfnc\/iFrame.js\" type=\"text\/javascript\"><\/script><\/p>\n<p><script src=\"chrome-extension:\/\/fpelahbljekknahkcaegamhcndkfpfnc\/iFrame.js\" type=\"text\/javascript\"><\/script><\/p>\n<p><script src=\"chrome-extension:\/\/fpelahbljekknahkcaegamhcndkfpfnc\/iFrame.js\" type=\"text\/javascript\"><\/script><\/p>\n<p><script src=\"chrome-extension:\/\/fpelahbljekknahkcaegamhcndkfpfnc\/iFrame.js\" type=\"text\/javascript\"><\/script><\/p>\n<p><script src=\"chrome-extension:\/\/fpelahbljekknahkcaegamhcndkfpfnc\/iFrame.js\" type=\"text\/javascript\"><\/script><\/p>\n<p><script src=\"chrome-extension:\/\/fpelahbljekknahkcaegamhcndkfpfnc\/iFrame.js\" type=\"text\/javascript\"><\/script><\/p>\n<p><script src=\"chrome-extension:\/\/fpelahbljekknahkcaegamhcndkfpfnc\/iFrame.js\" type=\"text\/javascript\"><\/script><\/p>\n<p><script src=\"chrome-extension:\/\/fpelahbljekknahkcaegamhcndkfpfnc\/iFrame.js\" type=\"text\/javascript\"><\/script><\/p>\n<p><script src=\"chrome-extension:\/\/fpelahbljekknahkcaegamhcndkfpfnc\/iFrame.js\" type=\"text\/javascript\"><\/script><\/p>\n<p><script src=\"chrome-extension:\/\/fpelahbljekknahkcaegamhcndkfpfnc\/iFrame.js\" type=\"text\/javascript\"><\/script><\/p>","protected":false},"featured_media":21144,"comment_status":"open","ping_status":"closed","template":"","meta":[],"product_brand":[221],"product_cat":[124,185,176,177,1674,174,175,193,148,191,173,186,180,190],"product_tag":[],"class_list":{"0":"post-21121","1":"product","2":"type-product","3":"status-publish","4":"has-post-thumbnail","6":"product_brand-myde","7":"product_cat-vape-by-brand","8":"product_cat-10000-puffs-high-capacity","9":"product_cat-beverage","10":"product_cat-dessert-sweets","11":"product_cat-eu-warehouse","12":"product_cat-fruit-flavors","13":"product_cat-icy-mint","14":"product_cat-mesh-coil","15":"product_cat-myde","16":"product_cat-rechargeable-disposables","17":"product_cat-vape-by-flavor-profile","18":"product_cat-vape-by-nicotine-strength","19":"product_cat-vape-by-puff-count","20":"product_cat-vape-by-feature-or-type","22":"first","23":"instock","24":"shipping-taxable","25":"purchasable","26":"product-type-variable","27":"has-default-attributes"},"tiered_pricing_type":"percentage","tiered_pricing_fixed_rules":[],"tiered_pricing_product_settings":{"layout":"default","base_unit_name":{"singular":null,"plural":null},"default_variation":null},"tiered_pricing_minimum_quantity":10,"tiered_pricing_roles_data":[],"tiered_pricing_percentage_rules":{"30":"29","50":"35","100":"40","200":"44","500":"47","1000":"49"},"tiered_pricing_maximum_quantity":null,"tiered_pricing_quantity_step":"10","_links":{"self":[{"href":"https:\/\/agoravape.com\/ro\/wp-json\/wp\/v2\/product\/21121","targetHints":{"allow":["GET"]}}],"collection":[{"href":"https:\/\/agoravape.com\/ro\/wp-json\/wp\/v2\/product"}],"about":[{"href":"https:\/\/agoravape.com\/ro\/wp-json\/wp\/v2\/types\/product"}],"replies":[{"embeddable":true,"href":"https:\/\/agoravape.com\/ro\/wp-json\/wp\/v2\/comments?post=21121"}],"version-history":[{"count":0,"href":"https:\/\/agoravape.com\/ro\/wp-json\/wp\/v2\/product\/21121\/revisions"}],"wp:featuredmedia":[{"embeddable":true,"href":"https:\/\/agoravape.com\/ro\/wp-json\/wp\/v2\/media\/21144"}],"wp:attachment":[{"href":"https:\/\/agoravape.com\/ro\/wp-json\/wp\/v2\/media?parent=21121"}],"wp:term":[{"taxonomy":"product_brand","embeddable":true,"href":"https:\/\/agoravape.com\/ro\/wp-json\/wp\/v2\/product_brand?post=21121"},{"taxonomy":"product_cat","embeddable":true,"href":"https:\/\/agoravape.com\/ro\/wp-json\/wp\/v2\/product_cat?post=21121"},{"taxonomy":"product_tag","embeddable":true,"href":"https:\/\/agoravape.com\/ro\/wp-json\/wp\/v2\/product_tag?post=21121"}],"curies":[{"name":"wp","href":"https:\/\/api.w.org\/{rel}","templated":true}]}}