{"id":21146,"date":"2026-01-18T00:53:54","date_gmt":"2026-01-17T16:53:54","guid":{"rendered":"https:\/\/agoravape.com\/?post_type=product&#038;p=21146"},"modified":"2026-03-26T13:22:26","modified_gmt":"2026-03-26T12:22:26","slug":"myde-ak80000-80000-puffs-dtl-vape","status":"publish","type":"product","link":"https:\/\/agoravape.com\/ro\/product\/myde-ak80000-80000-puffs-dtl-vape\/","title":{"rendered":"MYDE AK80000 80000 Pufuri DTL Vape de Mare Putere | Nori Mari, Mai Pu\u021bin\u0103 B\u0103taie de Cap"},"content":{"rendered":"<h2 data-v-md-heading=\"what-is-myde-ak80000-80000-high-power-dtl-electronic-cigarette-like\" data-v-md-line=\"1\"><\/h2>\n<p><img loading=\"lazy\" decoding=\"async\" class=\"size-full wp-image-21205 alignright\" src=\"https:\/\/agoravape.com\/wp-content\/uploads\/2026\/01\/MYDE-AK80000-80000-Puffs-High-Power-DTL-Vape_Agora_vape-2.webp\" alt=\"\" width=\"1280\" height=\"1659\" srcset=\"https:\/\/agoravape.com\/wp-content\/uploads\/2026\/01\/MYDE-AK80000-80000-Puffs-High-Power-DTL-Vape_Agora_vape-2.webp 1280w, https:\/\/agoravape.com\/wp-content\/uploads\/2026\/01\/MYDE-AK80000-80000-Puffs-High-Power-DTL-Vape_Agora_vape-2-1200x1555.webp 1200w, https:\/\/agoravape.com\/wp-content\/uploads\/2026\/01\/MYDE-AK80000-80000-Puffs-High-Power-DTL-Vape_Agora_vape-2-231x300.webp 231w, https:\/\/agoravape.com\/wp-content\/uploads\/2026\/01\/MYDE-AK80000-80000-Puffs-High-Power-DTL-Vape_Agora_vape-2-790x1024.webp 790w, https:\/\/agoravape.com\/wp-content\/uploads\/2026\/01\/MYDE-AK80000-80000-Puffs-High-Power-DTL-Vape_Agora_vape-2-768x995.webp 768w, https:\/\/agoravape.com\/wp-content\/uploads\/2026\/01\/MYDE-AK80000-80000-Puffs-High-Power-DTL-Vape_Agora_vape-2-1185x1536.webp 1185w, https:\/\/agoravape.com\/wp-content\/uploads\/2026\/01\/MYDE-AK80000-80000-Puffs-High-Power-DTL-Vape_Agora_vape-2-9x12.webp 9w\" sizes=\"auto, (max-width: 1280px) 100vw, 1280px\" \/> <img loading=\"lazy\" decoding=\"async\" class=\"size-full wp-image-21206 alignright\" src=\"https:\/\/agoravape.com\/wp-content\/uploads\/2026\/01\/MYDE-AK80000-80000-Puffs-High-Power-DTL-Vape_Agora_vape-3-scaled.webp\" alt=\"\" width=\"765\" height=\"2560\" srcset=\"https:\/\/agoravape.com\/wp-content\/uploads\/2026\/01\/MYDE-AK80000-80000-Puffs-High-Power-DTL-Vape_Agora_vape-3-scaled.webp 765w, https:\/\/agoravape.com\/wp-content\/uploads\/2026\/01\/MYDE-AK80000-80000-Puffs-High-Power-DTL-Vape_Agora_vape-3-90x300.webp 90w, https:\/\/agoravape.com\/wp-content\/uploads\/2026\/01\/MYDE-AK80000-80000-Puffs-High-Power-DTL-Vape_Agora_vape-3-306x1024.webp 306w, https:\/\/agoravape.com\/wp-content\/uploads\/2026\/01\/MYDE-AK80000-80000-Puffs-High-Power-DTL-Vape_Agora_vape-3-768x2570.webp 768w, https:\/\/agoravape.com\/wp-content\/uploads\/2026\/01\/MYDE-AK80000-80000-Puffs-High-Power-DTL-Vape_Agora_vape-3-459x1536.webp 459w, https:\/\/agoravape.com\/wp-content\/uploads\/2026\/01\/MYDE-AK80000-80000-Puffs-High-Power-DTL-Vape_Agora_vape-3-612x2048.webp 612w, https:\/\/agoravape.com\/wp-content\/uploads\/2026\/01\/MYDE-AK80000-80000-Puffs-High-Power-DTL-Vape_Agora_vape-3-4x12.webp 4w, https:\/\/agoravape.com\/wp-content\/uploads\/2026\/01\/MYDE-AK80000-80000-Puffs-High-Power-DTL-Vape_Agora_vape-3-1200x4015.webp 1200w\" sizes=\"auto, (max-width: 765px) 100vw, 765px\" \/><\/p>\n<h2 data-v-md-heading=\"what-is-myde-ak80000-80000-high-power-dtl-electronic-cigarette-like\" data-v-md-line=\"1\">Cum este \u021bigara electronic\u0103 MYDE AK80000 80000 de mare putere DTL?<\/h2>\n<p data-v-md-line=\"3\">Dac\u0103 te-ai s\u0103turat de \u021big\u0103rile electronice de unic\u0103 folosin\u021b\u0103 care par \u201euzurate\u201d atunci c\u00e2nd \u00eencepi s\u0103 le folose\u0219ti, MYDE AK80000 este alegerea ideal\u0103. Este o \u021bigar\u0103 electronic\u0103 de unic\u0103 folosin\u021b\u0103 cu DTL (suc\u021bie pulmonar\u0103 direct\u0103) de mare putere, conceput\u0103 pentru utilizatorii care \u00ee\u0219i doresc o rezisten\u021b\u0103 mai fin\u0103 \u0219i un fum mai bogat, \u00een loc de rezisten\u021ba puternic\u0103 a \u021big\u0103rilor.<\/p>\n<p data-v-md-line=\"5\">Mai este un lucru nea\u0219teptat. S-ar putea s\u0103 crede\u021bi c\u0103 a \u021bine \u00een m\u00e2n\u0103 un dispozitiv cu 80000 de porturi ar fi la fel de greu ca \u0219i cum a\u021bi \u021bine o c\u0103r\u0103mid\u0103, dar, \u00een realitate, este foarte u\u0219or de \u021binut \u00een m\u00e2n\u0103. Dac\u0103 dori\u021bi un fum puternic, un gust consistent \u0219i timpi de \u00eenlocuire mai scurti, atunci aceast\u0103 \u021bigar\u0103 electronic\u0103 este cea mai bun\u0103 alegere.<\/p>\n<h2 data-v-md-heading=\"excellent-performance-simple-and-easy-to-use\" data-v-md-line=\"7\">Performan\u021b\u0103 excelent\u0103, simplu \u0219i u\u0219or de utilizat<\/h2>\n<p data-v-md-line=\"9\">MYDE se str\u0103duie\u0219te pentru simplitate \u00een domenii cheie. Rezisten\u021ba cu ochiuri de 0,4 \u03a9 ajut\u0103 la men\u021binerea unui gust stabil \u0219i produce un fum plin, nu sub\u021bire. De asemenea, are o putere de ie\u0219ire de 30 W, ceea ce o face foarte potrivit\u0103 pentru modul de aspira\u021bie pulmonar\u0103 direct\u0103 (DTL).<\/p>\n<p data-v-md-line=\"11\">C\u00e2nd bateria este desc\u0103rcat\u0103, nu este nevoie s\u0103 utiliza\u021bi un \u00eenc\u0103rc\u0103tor dedicat. Conecta\u021bi pur \u0219i simplu prin interfa\u021ba USB Type-C (este posibil s\u0103 fi folosit acela\u0219i cablu USB pentru a \u00eenc\u0103rca telefonul \u00eenainte) \u0219i pute\u021bi continua s\u0103 \u00eel utiliza\u021bi.<\/p>\n<h2 data-v-md-heading=\"quick-specifications\" data-v-md-line=\"13\">Specifica\u021bii rapide<\/h2>\n<ul data-v-md-line=\"14\">\n<li>Smoking frequency: up to 80000 puffs<\/li>\n<li>Capacitate e-lichid: 45 ml<\/li>\n<li>Con\u021binut de nicotin\u0103: 5 mg<\/li>\n<li>Putere de ie\u0219ire: 30W<\/li>\n<li>Miez de atomizare: miez de atomizare cu ochiuri de 0,4 \u03a9<\/li>\n<li>Capacitate baterie: 1300mAh (re\u00eenc\u0103rcabil\u0103)<\/li>\n<li>Utilizare: Inhala\u021bi pentru activare<\/li>\n<li>Metod\u0103 de \u00eenc\u0103rcare: Interfa\u021b\u0103 USB standard de tip C<\/li>\n<li>Material: Aliaj + PCTG<\/li>\n<li>Dimensiuni\/Greutate: 157 \u00d7 36,3 \u00d7 36,3 mm, 135 g<\/li>\n<li>Stare: Gata de utilizare imediat ce este scoas\u0103 din cutie<\/li>\n<\/ul>\n<h2 data-v-md-heading=\"complete-flavor-lineup\" data-v-md-line=\"26\">Gam\u0103 complet\u0103 de arome<\/h2>\n<ul data-v-md-line=\"27\">\n<li>Favorit al femeilor<\/li>\n<li>Ghea\u021b\u0103 de struguri<\/li>\n<li>Suli\u021b\u0103 de ment\u0103<\/li>\n<li>L\u0103m\u00e2ie \u0219i lime<\/li>\n<li>Ghea\u021b\u0103 de pepene verde<\/li>\n<li>Suc de cola cu cire\u0219e<\/li>\n<li>Kiwi \u0219i c\u0103p\u0219uni<\/li>\n<li>Pistol cu \u200b\u200bpepeni<\/li>\n<li>Pepene verde cu c\u0103p\u0219uni<\/li>\n<li>Pistol cu \u200b\u200bbule de pepene verde<\/li>\n<\/ul>\n<h2 data-v-md-heading=\"suitable-for-you-and-your-business\" data-v-md-line=\"38\">Potrivit pentru tine \u0219i afacerea ta<\/h2>\n<p data-v-md-line=\"40\">Pute\u021bi achizi\u021biona aceste produse pentru uz personal, dar dac\u0103 sunte\u021bi comerciant cu am\u0103nuntul, acest produs este o alegere foarte potrivit\u0103 ca op\u021biune de \u201easpira\u021bie direct\u0103 de mare putere\u201d \u00een linia dvs. de produse. Fiecare cutie con\u021bine 100, ceea ce v\u0103 faciliteaz\u0103 comanda, iar cantitatea este controlabil\u0103.<\/p>\n<p data-v-md-line=\"42\">\u00cen ceea ce prive\u0219te logistica, \u00een\u021belegem preocup\u0103rile cump\u0103r\u0103torilor din UE: \u00eent\u00e2rzieri, proceduri greoaie \u0219i costuri nea\u0219teptate. Prin urmare, ne concentr\u0103m pe cooperarea cu transportatori de renume, alegerea unor rute de transport fiabile, asigurarea livr\u0103rii f\u0103r\u0103 probleme a m\u0103rfurilor dumneavoastr\u0103 \u0219i evitarea problemelor \u00een procesul vamal.<\/p>\n<h2 data-v-md-heading=\"the-reason-why-you-will-like-it\" data-v-md-line=\"44\">Motivul pentru care \u00ee\u021bi va pl\u0103cea<\/h2>\n<ul data-v-md-line=\"45\">\n<li>\n<p data-v-md-line=\"45\">Durabil \u0219i de lung\u0103 durat\u0103: Cu o durat\u0103 de via\u021b\u0103 mai lung\u0103, nu este nevoie s\u0103 \u00eenlocui\u021bi frecvent echipamentul.<\/p>\n<\/li>\n<li>\n<p data-v-md-line=\"47\">Experien\u021b\u0103 de putere puternic\u0103 DTL: Puterea de ie\u0219ire de 30 W ofer\u0103 o experien\u021b\u0103 de aspirare mai satisf\u0103c\u0103toare.<\/p>\n<\/li>\n<li>\n<p data-v-md-line=\"48\">Baterie re\u00eenc\u0103rcabil\u0103: Pute\u021bi utiliza la maximum capacitatea bateriei f\u0103r\u0103 a o arunca \u00een prealabil.<\/p>\n<\/li>\n<li>\n<p data-v-md-line=\"49\">Miezul atomizorului din plas\u0103: asigur\u0103 un gust consistent \u0219i un flux de fum stabil.<\/p>\n<\/li>\n<\/ul>\n<h2 data-v-md-heading=\"why-choose-to-collaborate-with-agoravape\" data-v-md-line=\"51\">De ce s\u0103 alegi s\u0103 colaborezi cu AgoraVape?<\/h2>\n<p data-v-md-line=\"53\">AgoraVape ader\u0103 \u00eentotdeauna la un singur principiu: Vindem doar produse originale. Pentru dispozitivele de mare capacitate, cum ar fi acesta, acest lucru este deosebit de important, deoarece pia\u021ba este inundat\u0103 de produse contraf\u0103cute. Dac\u0103 sunte\u021bi un cump\u0103r\u0103tor corporativ, pute\u021bi beneficia, de asemenea, de cantit\u0103\u021bi en-gros convenabile, asisten\u021b\u0103 fiabil\u0103 \u0219i servicii rapide de livrare pentru \u021big\u0103rile electronice MYDE AK80000 80000 de mare putere DTL. Dac\u0103 dori\u021bi s\u0103 rezerva\u021bi un produs pentru clien\u021bii dvs. DTL pe care ace\u0219tia \u00eel vor cump\u0103ra din nou, v\u0103 rug\u0103m s\u0103 ne contacta\u021bi.<\/p>","protected":false},"excerpt":{"rendered":"<p>Cum este MYDE AK80000 80000 tigara electronica DTL de mare putere? Dac\u0103 v-a\u021bi s\u0103turat de \u021big\u0103rile electronice de unic\u0103 folosin\u021b\u0103 care<\/p>","protected":false},"featured_media":21212,"comment_status":"open","ping_status":"closed","template":"","meta":[],"product_brand":[221],"product_cat":[124,185,194,176,177,174,175,148,191,173,186,180,190],"product_tag":[],"class_list":{"0":"post-21146","1":"product","2":"type-product","3":"status-publish","4":"has-post-thumbnail","6":"product_brand-myde","7":"product_cat-vape-by-brand","8":"product_cat-10000-puffs-high-capacity","9":"product_cat-adjustable-airflow","10":"product_cat-beverage","11":"product_cat-dessert-sweets","12":"product_cat-fruit-flavors","13":"product_cat-icy-mint","14":"product_cat-myde","15":"product_cat-rechargeable-disposables","16":"product_cat-vape-by-flavor-profile","17":"product_cat-vape-by-nicotine-strength","18":"product_cat-vape-by-puff-count","19":"product_cat-vape-by-feature-or-type","21":"first","22":"instock","23":"shipping-taxable","24":"purchasable","25":"product-type-variable","26":"has-default-attributes"},"tiered_pricing_type":"percentage","tiered_pricing_fixed_rules":[],"tiered_pricing_product_settings":{"layout":"default","base_unit_name":{"singular":null,"plural":null},"default_variation":null},"tiered_pricing_minimum_quantity":10,"tiered_pricing_roles_data":[],"tiered_pricing_percentage_rules":{"30":"29","50":"35","100":"40","200":"44","500":"47","1000":"49"},"tiered_pricing_maximum_quantity":null,"tiered_pricing_quantity_step":"10","_links":{"self":[{"href":"https:\/\/agoravape.com\/ro\/wp-json\/wp\/v2\/product\/21146","targetHints":{"allow":["GET"]}}],"collection":[{"href":"https:\/\/agoravape.com\/ro\/wp-json\/wp\/v2\/product"}],"about":[{"href":"https:\/\/agoravape.com\/ro\/wp-json\/wp\/v2\/types\/product"}],"replies":[{"embeddable":true,"href":"https:\/\/agoravape.com\/ro\/wp-json\/wp\/v2\/comments?post=21146"}],"version-history":[{"count":0,"href":"https:\/\/agoravape.com\/ro\/wp-json\/wp\/v2\/product\/21146\/revisions"}],"wp:featuredmedia":[{"embeddable":true,"href":"https:\/\/agoravape.com\/ro\/wp-json\/wp\/v2\/media\/21212"}],"wp:attachment":[{"href":"https:\/\/agoravape.com\/ro\/wp-json\/wp\/v2\/media?parent=21146"}],"wp:term":[{"taxonomy":"product_brand","embeddable":true,"href":"https:\/\/agoravape.com\/ro\/wp-json\/wp\/v2\/product_brand?post=21146"},{"taxonomy":"product_cat","embeddable":true,"href":"https:\/\/agoravape.com\/ro\/wp-json\/wp\/v2\/product_cat?post=21146"},{"taxonomy":"product_tag","embeddable":true,"href":"https:\/\/agoravape.com\/ro\/wp-json\/wp\/v2\/product_tag?post=21146"}],"curies":[{"name":"wp","href":"https:\/\/api.w.org\/{rel}","templated":true}]}}