{"id":21214,"date":"2026-01-18T01:26:07","date_gmt":"2026-01-17T17:26:07","guid":{"rendered":"https:\/\/agoravape.com\/?post_type=product&#038;p=21214"},"modified":"2026-03-31T04:20:23","modified_gmt":"2026-03-31T02:20:23","slug":"myde-miou-60k-60000-puffs-aroma-dubla","status":"publish","type":"product","link":"https:\/\/agoravape.com\/ro\/product\/myde-miou-60k-60000-puffs-dual-flavor\/","title":{"rendered":"MYDE MIOU 60k 60000 Puffs Vape cu arom\u0103 dubl\u0103 | Dou\u0103 arome, o singur\u0103 utilizare zilnic\u0103 u\u0219oar\u0103"},"content":{"rendered":"<h2 data-v-md-heading=\"what-are-the-special-features-of-myde-miou-60k-60000-dual-flavored-vapes\" data-v-md-line=\"3\"><img loading=\"lazy\" decoding=\"async\" class=\"size-full wp-image-21228 alignright\" src=\"https:\/\/agoravape.com\/wp-content\/uploads\/2026\/01\/MYDE-MIOU-60k-60000-Puffs-Dual-Flavor-Vape-Two-Flavours-One-Easy-Daily-Driver_Agora_vape-3.webp\" alt=\"\" width=\"800\" height=\"800\" srcset=\"https:\/\/agoravape.com\/wp-content\/uploads\/2026\/01\/MYDE-MIOU-60k-60000-Puffs-Dual-Flavor-Vape-Two-Flavours-One-Easy-Daily-Driver_Agora_vape-3.webp 800w, https:\/\/agoravape.com\/wp-content\/uploads\/2026\/01\/MYDE-MIOU-60k-60000-Puffs-Dual-Flavor-Vape-Two-Flavours-One-Easy-Daily-Driver_Agora_vape-3-600x600.webp 600w, https:\/\/agoravape.com\/wp-content\/uploads\/2026\/01\/MYDE-MIOU-60k-60000-Puffs-Dual-Flavor-Vape-Two-Flavours-One-Easy-Daily-Driver_Agora_vape-3-300x300.webp 300w, https:\/\/agoravape.com\/wp-content\/uploads\/2026\/01\/MYDE-MIOU-60k-60000-Puffs-Dual-Flavor-Vape-Two-Flavours-One-Easy-Daily-Driver_Agora_vape-3-150x150.webp 150w, https:\/\/agoravape.com\/wp-content\/uploads\/2026\/01\/MYDE-MIOU-60k-60000-Puffs-Dual-Flavor-Vape-Two-Flavours-One-Easy-Daily-Driver_Agora_vape-3-768x768.webp 768w, https:\/\/agoravape.com\/wp-content\/uploads\/2026\/01\/MYDE-MIOU-60k-60000-Puffs-Dual-Flavor-Vape-Two-Flavours-One-Easy-Daily-Driver_Agora_vape-3-12x12.webp 12w\" sizes=\"auto, (max-width: 800px) 100vw, 800px\" \/><\/h2>\n<h2 data-v-md-heading=\"what-are-the-special-features-of-myde-miou-60k-60000-dual-flavored-vapes\" data-v-md-line=\"3\">Care sunt caracteristicile speciale ale \u021big\u0103rilor electronice cu arom\u0103 dubl\u0103 MYDE MIOU 60k 60000?<\/h2>\n<p data-v-md-line=\"5\">Dac\u0103 te-ai s\u0103turat de \u021big\u0103rile electronice care rezist\u0103 doar o zi sau dou\u0103 \u0219i \u00ee\u0219i pierd rapid prospe\u021bimea dup\u0103 aceea, atunci MYDE MIOU 60k va fi alegerea ideal\u0103. Este conceput pentru utilizare pe termen lung (p\u00e2n\u0103 la 60000 de pufuri) \u0219i ader\u0103 la un concept simplu, dar practic: arome duble \u00eentr-una singur\u0103, permi\u021b\u00e2ndu-\u021bi s\u0103 schimbi cu u\u0219urin\u021b\u0103 aromele f\u0103r\u0103 a avea la tine o a doua \u021bigar\u0103 electronic\u0103.<\/p>\n<p data-v-md-line=\"7\">S-ar putea s\u0103 crezi c\u0103 o \u021bigar\u0103 electronic\u0103 cu o capacitate nominal\u0103 de 60.000 de pufuri ar fi la fel de grea ca o c\u0103r\u0103mid\u0103 \u00een buzunar, dar \u00een realitate, experien\u021ba sa de utilizare este mai u\u0219oar\u0103 \u0219i mai portabil\u0103 dec\u00e2t \u00ee\u021bi imaginezi. Aceasta este o \u021bigar\u0103 electronic\u0103 simpl\u0103 \u0219i u\u0219or de utilizat, echipat\u0103 cu baterii re\u00eenc\u0103rcabile, e-lichid preinstalat \u0219i multiple op\u021biuni de arome, care pot aduce prospe\u021bime chiar dac\u0103 papilele gustative se plictisesc.<\/p>\n<h2 data-v-md-heading=\"excellent-performance-and-easy-operation\" data-v-md-line=\"9\">Performan\u021b\u0103 excelent\u0103 \u0219i utilizare u\u0219oar\u0103<\/h2>\n<p data-v-md-line=\"11\">Echipat intern cu un miez de atomizare de 1,2 \u03a9 \u0219i un compartiment de stocare a e-lichidului de mare capacitate de 40 ml. Aceasta \u00eenseamn\u0103 c\u0103 poate men\u021bine un gust stabil f\u0103r\u0103 a experimenta o deteriorare a gustului pe parcurs. \u00cen plus, este echipat cu o baterie de 600 mAh, deci nu trebuie s\u0103 v\u0103 face\u021bi griji chiar dac\u0103 bateria se descarc\u0103 \u00eenainte de a se epuiza e-lichidul. Pur \u0219i simplu umple\u021bi cu e-lichid pentru a continua utilizarea.<\/p>\n<p data-v-md-line=\"13\">Nu este nevoie de butoane sau set\u0103ri. Ia doar o \u00eenghi\u021bitur\u0103 \u0219i bucur\u0103-te de experien\u021ba suprem\u0103.<\/p>\n<h2 data-v-md-heading=\"quick-specifications\" data-v-md-line=\"15\">Specifica\u021bii rapide<\/h2>\n<ul data-v-md-line=\"17\">\n<li>Num\u0103r de porturi: p\u00e2n\u0103 la 60000 de porturi<\/li>\n<li>e-liquid capacity: Total 40 milliliters (<a class=\"wpil_keyword_link\" href=\"https:\/\/agoravape.com\/ro\/vape-dupa-caracteristica-sau-tip\/comutator-de-aroma-dubla\/\" target=\"_blank\" rel=\"noopener\" title=\"Comutator cu arom\u0103 dubl\u0103\" data-wpil-keyword-link=\"linked\" data-wpil-monitor-id=\"7152\">Arom\u0103 dubl\u0103<\/a> system, approximately 7 milliliters per compartment)<\/li>\n<li>Baterie: 600mAh (re\u00eenc\u0103rcabil\u0103)<\/li>\n<li>Rezisten\u021ba bobinei: 1,2 ohmi<\/li>\n<li>Con\u021binut de nicotin\u0103: 2% sau 5%<\/li>\n<li>Utilizare: Pur \u0219i simplu inhala\u021bi pentru a activa<\/li>\n<li>Stare: Gata de utilizare imediat ce este scoas\u0103 din cutie<\/li>\n<\/ul>\n<h2 data-v-md-heading=\"complete-flavor-lineup\" data-v-md-line=\"24\">Gam\u0103 complet\u0103 de arome<\/h2>\n<ul data-v-md-line=\"25\">\n<li>\u00cenghe\u021bat\u0103 de l\u0103m\u00e2ie, lime \u0219i pepene verde<\/li>\n<li>\u00cenghe\u021bat\u0103 de struguri \u0219i kiwi cu c\u0103p\u0219uni<\/li>\n<li>Ananas, Nuc\u0103 de Cocos \u0219i C\u0103p\u0219uni, Banan\u0103<\/li>\n<li>Orange Mang Watermelon &amp; Red Bull<\/li>\n<li>Suc de ghea\u021b\u0103 cu afine \u0219i cire\u0219e<\/li>\n<li>Ghea\u021b\u0103 de pepene verde \u0219i fructe de p\u0103dure mixte<\/li>\n<li>C\u0103p\u0219uni, Banan\u0103 \u0219i Cire\u0219e Spumante<\/li>\n<li>\u00cenghe\u021bat\u0103 de c\u0103p\u0219uni, zmeur\u0103, cire\u0219e \u0219i struguri<\/li>\n<li>Ap\u0103 cu afine \u0219i l\u0103m\u00e2ie \u0219i lime<\/li>\n<li>Pepene verde \u00eenghe\u021bat \u0219i c\u0103p\u0219uni cu mango<\/li>\n<\/ul>\n<h2 data-v-md-heading=\"suitable-for-personal-and-commercial-use\" data-v-md-line=\"36\">Potrivit pentru uz personal \u0219i comercial<\/h2>\n<p data-v-md-line=\"38\"><a class=\"wpil_keyword_link\" href=\"https:\/\/agoravape.com\/ro\/vape-de-brand\/mrvi\/\" target=\"_blank\" rel=\"noopener\" title=\"MIC\" data-wpil-keyword-link=\"linked\" data-wpil-monitor-id=\"7151\">MYDE<\/a> MIOU 60k is a durable vape that won\u2019t leave you feeling bored after a few days, making it the ideal choice for your personal use. At the same time, it is also suitable as a retail inventory product because consumers prefer convenient \u201cintegrated\u201d products, especially the dual flavor version.<\/p>\n<p data-v-md-line=\"40\">Dac\u0103 achizi\u021biona\u021bi pentru rev\u00e2nzare, AgoraVape ofer\u0103 servicii de transport rapid \u0219i fiabil \u00een Europa. Colabor\u0103m cu transportatori de \u00eencredere, precum DHL, DPD \u0219i UPS, pentru a asigura un transport f\u0103r\u0103 probleme \u0219i a evita orice situa\u021bii nea\u0219teptate la grani\u021b\u0103. Dac\u0103 ave\u021bi nevoie de cantitatea exact\u0103 necesar\u0103 pentru v\u00e2nzarea en-gros, v\u0103 rug\u0103m s\u0103 contacta\u021bi echipa noastr\u0103 \u0219i vom aranja detaliile actuale de ambalare pentru dumneavoastr\u0103.<\/p>\n<h2 data-v-md-heading=\"reasons-why-you-will-like-it\" data-v-md-line=\"42\">Motive pentru care \u00ee\u021bi va pl\u0103cea<\/h2>\n<ul data-v-md-line=\"44\">\n<li>Durat\u0103 de via\u021b\u0103 extrem de lung\u0103 a bateriei: Durat\u0103 de via\u021b\u0103 mai lung\u0103, nu este nevoie s\u0103 \u00eenlocui\u021bi frecvent dispozitivele.<\/li>\n<li>Setare cu arom\u0103 dubl\u0103: Nu trebuie s\u0103 achizi\u021biona\u021bi un al doilea vape pentru a schimba aromele.<\/li>\n<li>Selec\u021bia concentra\u021biei de nicotin\u0103: 2% pentru un gust mai fin, 5% pentru o experien\u021b\u0103 mai intens\u0103.<\/li>\n<li>Baterie re\u00eenc\u0103rcabil\u0103: Asigura\u021bi-v\u0103 c\u0103 a\u021bi consumat complet lichidul pentru \u021bigar\u0103 electronic\u0103 pe care l-a\u021bi cump\u0103rat.<\/li>\n<li>Bobin\u0103 de 1,2 \u03a9: men\u021bine o rezisten\u021b\u0103 stabil\u0103 la aspira\u021bie pentru a preveni pierderea rapid\u0103 a gustului.<\/li>\n<\/ul>\n<h2 data-v-md-heading=\"why-choose-agoravape\" data-v-md-line=\"50\">De ce s\u0103 alegi AgoraVape?<\/h2>\n<p data-v-md-line=\"52\">La AgoraVape, ne concentr\u0103m pe ceea ce conteaz\u0103 cu adev\u0103rat: garan\u021bia autentic\u0103 a produsului, livrarea logistic\u0103 fiabil\u0103 \u0219i r\u0103spunsuri transparente. Dac\u0103 vinde\u021bi \u021big\u0103ri electronice MYDE MIOU 60k 60000 cu arom\u0103 dubl\u0103, v\u0103 vom ajuta s\u0103 cre\u0219te\u021bi v\u00e2nz\u0103rile cu pre\u021buri en-gros extrem de competitive, asisten\u021b\u0103 tehnic\u0103 prompt\u0103 \u0219i solu\u021bii de livrare flexibile. Contacta\u021bi-ne \u0219i v\u0103 vom oferi suficiente produse pentru a v\u0103 face clien\u021bii s\u0103 revin\u0103.<\/p>","protected":false},"excerpt":{"rendered":"<p>Care sunt caracteristicile speciale ale vaporizatoarelor MYDE MIOU 60k 60000 cu arom\u0103 dubl\u0103? Dac\u0103 v-a\u021bi s\u0103turat de vapoarele care<\/p>","protected":false},"featured_media":21235,"comment_status":"open","ping_status":"closed","template":"","meta":[],"product_brand":[221],"product_cat":[124,185,1642,176,177,195,174,175,148,191,173,186,180,190],"product_tag":[],"class_list":{"0":"post-21214","1":"product","2":"type-product","3":"status-publish","4":"has-post-thumbnail","6":"product_brand-myde","7":"product_cat-vape-by-brand","8":"product_cat-10000-puffs-high-capacity","9":"product_cat-60000-puffs","10":"product_cat-beverage","11":"product_cat-dessert-sweets","12":"product_cat-dual-flavor-switch","13":"product_cat-fruit-flavors","14":"product_cat-icy-mint","15":"product_cat-myde","16":"product_cat-rechargeable-disposables","17":"product_cat-vape-by-flavor-profile","18":"product_cat-vape-by-nicotine-strength","19":"product_cat-vape-by-puff-count","20":"product_cat-vape-by-feature-or-type","22":"first","23":"onbackorder","24":"shipping-taxable","25":"purchasable","26":"product-type-variable","27":"has-default-attributes"},"tiered_pricing_type":"percentage","tiered_pricing_fixed_rules":[],"tiered_pricing_product_settings":{"layout":"default","base_unit_name":{"singular":null,"plural":null},"default_variation":null},"tiered_pricing_minimum_quantity":10,"tiered_pricing_roles_data":[],"tiered_pricing_percentage_rules":{"30":"29","50":"35","100":"40","200":"44","500":"47","1000":"49"},"tiered_pricing_maximum_quantity":null,"tiered_pricing_quantity_step":"10","_links":{"self":[{"href":"https:\/\/agoravape.com\/ro\/wp-json\/wp\/v2\/product\/21214","targetHints":{"allow":["GET"]}}],"collection":[{"href":"https:\/\/agoravape.com\/ro\/wp-json\/wp\/v2\/product"}],"about":[{"href":"https:\/\/agoravape.com\/ro\/wp-json\/wp\/v2\/types\/product"}],"replies":[{"embeddable":true,"href":"https:\/\/agoravape.com\/ro\/wp-json\/wp\/v2\/comments?post=21214"}],"version-history":[{"count":1,"href":"https:\/\/agoravape.com\/ro\/wp-json\/wp\/v2\/product\/21214\/revisions"}],"predecessor-version":[{"id":29804,"href":"https:\/\/agoravape.com\/ro\/wp-json\/wp\/v2\/product\/21214\/revisions\/29804"}],"wp:featuredmedia":[{"embeddable":true,"href":"https:\/\/agoravape.com\/ro\/wp-json\/wp\/v2\/media\/21235"}],"wp:attachment":[{"href":"https:\/\/agoravape.com\/ro\/wp-json\/wp\/v2\/media?parent=21214"}],"wp:term":[{"taxonomy":"product_brand","embeddable":true,"href":"https:\/\/agoravape.com\/ro\/wp-json\/wp\/v2\/product_brand?post=21214"},{"taxonomy":"product_cat","embeddable":true,"href":"https:\/\/agoravape.com\/ro\/wp-json\/wp\/v2\/product_cat?post=21214"},{"taxonomy":"product_tag","embeddable":true,"href":"https:\/\/agoravape.com\/ro\/wp-json\/wp\/v2\/product_tag?post=21214"}],"curies":[{"name":"wp","href":"https:\/\/api.w.org\/{rel}","templated":true}]}}