{"id":21412,"date":"2026-01-18T16:11:02","date_gmt":"2026-01-18T08:11:02","guid":{"rendered":"https:\/\/agoravape.com\/?post_type=product&#038;p=21412"},"modified":"2026-03-19T11:37:04","modified_gmt":"2026-03-19T10:37:04","slug":"saimeo-tequila-30k-30000-puffs-vape","status":"publish","type":"product","link":"https:\/\/agoravape.com\/ro\/product\/saimeo-tequila-30k-30000-puffs-vape\/","title":{"rendered":"Saimeo Tequila 30k 30000 Puffs, Sticl\u0103 Unic\u0103 de Vapat | Timp Lung, Utilizare Simpl\u0103"},"content":{"rendered":"<h2 data-v-md-heading=\"what-s-special-about-saimeo-tequila-flavored-30k-30000-unique-bottled-vapes\" data-v-md-line=\"3\"><img loading=\"lazy\" decoding=\"async\" class=\"size-full wp-image-21435 alignright\" src=\"https:\/\/agoravape.com\/wp-content\/uploads\/2026\/01\/Saimeo-Tequila-30k-30000-Puffs-Unique-Bottle-Vape-Long-Runs-Simple-Use_Agora_vape-12-scaled.webp\" alt=\"\" width=\"795\" height=\"2560\" srcset=\"https:\/\/agoravape.com\/wp-content\/uploads\/2026\/01\/Saimeo-Tequila-30k-30000-Puffs-Unique-Bottle-Vape-Long-Runs-Simple-Use_Agora_vape-12-scaled.webp 795w, https:\/\/agoravape.com\/wp-content\/uploads\/2026\/01\/Saimeo-Tequila-30k-30000-Puffs-Unique-Bottle-Vape-Long-Runs-Simple-Use_Agora_vape-12-93x300.webp 93w, https:\/\/agoravape.com\/wp-content\/uploads\/2026\/01\/Saimeo-Tequila-30k-30000-Puffs-Unique-Bottle-Vape-Long-Runs-Simple-Use_Agora_vape-12-318x1024.webp 318w, https:\/\/agoravape.com\/wp-content\/uploads\/2026\/01\/Saimeo-Tequila-30k-30000-Puffs-Unique-Bottle-Vape-Long-Runs-Simple-Use_Agora_vape-12-768x2472.webp 768w, https:\/\/agoravape.com\/wp-content\/uploads\/2026\/01\/Saimeo-Tequila-30k-30000-Puffs-Unique-Bottle-Vape-Long-Runs-Simple-Use_Agora_vape-12-477x1536.webp 477w, https:\/\/agoravape.com\/wp-content\/uploads\/2026\/01\/Saimeo-Tequila-30k-30000-Puffs-Unique-Bottle-Vape-Long-Runs-Simple-Use_Agora_vape-12-636x2048.webp 636w, https:\/\/agoravape.com\/wp-content\/uploads\/2026\/01\/Saimeo-Tequila-30k-30000-Puffs-Unique-Bottle-Vape-Long-Runs-Simple-Use_Agora_vape-12-4x12.webp 4w, https:\/\/agoravape.com\/wp-content\/uploads\/2026\/01\/Saimeo-Tequila-30k-30000-Puffs-Unique-Bottle-Vape-Long-Runs-Simple-Use_Agora_vape-12-1200x3862.webp 1200w\" sizes=\"auto, (max-width: 795px) 100vw, 795px\" \/><\/h2>\n<h2 data-v-md-heading=\"what-s-special-about-saimeo-tequila-flavored-30k-30000-unique-bottled-vapes\" data-v-md-line=\"3\">Ce este special la \u021big\u0103rile electronice Saimeo cu arom\u0103 de tequila 30k 30000, ambalate \u00een sticl\u0103 unic\u0103?<\/h2>\n<p data-v-md-line=\"5\">Dac\u0103 te-ai s\u0103turat de \u021big\u0103rile electronice de unic\u0103 folosin\u021b\u0103 care se epuizeaz\u0103 repede, acest produs este conceput pentru utilizare \u00eendelungat\u0103. Saimeo Tequila Flavor Don Leon 1942 (\u201eSticl\u0103 unic\u0103\u201d) este conceput pentru utilizatorii care \u00ee\u0219i doresc \u021big\u0103ri electronice zilnice u\u0219or de utilizat \u0219i cu un num\u0103r mare de \u021big\u0103ri electronice, dar \u0219i o senza\u021bie de prindere u\u0219or diferit\u0103.<\/p>\n<p data-v-md-line=\"7\">Poate c\u0103 \u021bi se pare c\u0103 dispozitivul cu 30000 de gur\u0103 este la fel de greu ca o c\u0103r\u0103mid\u0103 \u00een m\u00e2n\u0103, dar designul \u00een form\u0103 de sticl\u0103 \u00eel face confortabil de \u021binut \u00een m\u00e2n\u0103. Acesta este un vape pe care \u00eel po\u021bi lua cu tine atunci c\u00e2nd ie\u0219i afar\u0103, pentru c\u0103 \u0219tii c\u0103 este absolut fiabil \u0219i durabil.<\/p>\n<h2 data-v-md-heading=\"excellent-performance-and-easy-operation\" data-v-md-line=\"9\">Performan\u021b\u0103 excelent\u0103 \u0219i utilizare u\u0219oar\u0103<\/h2>\n<p data-v-md-line=\"11\">Acesta este un vape de unic\u0103 folosin\u021b\u0103 cu activare prin inhalare, care nu necesit\u0103 butoane sau set\u0103ri. Pur \u0219i simplu inhaleaz\u0103 pentru a \u00eencepe. Dac\u0103 \u00ee\u021bi dore\u0219ti un produs simplu \u0219i u\u0219or de utilizat, acesta este cu siguran\u021b\u0103 alegerea ideal\u0103.<\/p>\n<p data-v-md-line=\"13\">\u00cen ceea ce prive\u0219te nicotina, con\u021bine 2% sare de nicotin\u0103, care are un gust fin \u0219i poate satisface nevoile majorit\u0103\u021bii utilizatorilor zilnici.<\/p>\n<h2 data-v-md-heading=\"quick-specifications\" data-v-md-line=\"15\">Specifica\u021bii rapide<\/h2>\n<ul data-v-md-line=\"16\">\n<li>Frecven\u021ba de fumat: p\u00e2n\u0103 la 30000 de pufuri<\/li>\n<li>Con\u021binut de nicotin\u0103: 2% sare de nicotin\u0103<\/li>\n<li>Utilizare: Pur \u0219i simplu inhala\u021bi pentru a activa<\/li>\n<li>Stare: Gata de utilizare imediat ce este scoas\u0103 din cutie<\/li>\n<li>Dimensiunea echipamentului: 37 * 40 * 160 milimetri<\/li>\n<li>Specifica\u021bii ambalare: 10 buc\u0103\u021bi per pachet<\/li>\n<li>Specifica\u021bii de ambalare: 200 buc\u0103\u021bi per cutie<\/li>\n<li>Dimensiuni cutie exterioar\u0103: 427 \u00d7 395 \u00d7 353 milimetri, Greutate brut\u0103: 21 kilograme<\/li>\n<\/ul>\n<h2 data-v-md-heading=\"complete-flavor-lineup\" data-v-md-line=\"25\">Gam\u0103 complet\u0103 de arome<\/h2>\n<ul data-v-md-line=\"26\">\n<li>Ghea\u021b\u0103 de pepene verde<\/li>\n<li>Kiwi \u0219i c\u0103p\u0219uni<\/li>\n<li>Piersic\u0103 suculent\u0103<\/li>\n<li>Pepene verde cu c\u0103p\u0219uni<\/li>\n<li>\u0218ampanie cu piersici ro\u0219ii<\/li>\n<li>Afine \u0219i zmeur\u0103<\/li>\n<li>Patinoar albastru<\/li>\n<li>Fructe de p\u0103dure mixte<\/li>\n<li>Mango cu fructul pasiunii<\/li>\n<li>Fructul dragonului de cire\u0219e<\/li>\n<\/ul>\n<h2 data-v-md-heading=\"suitable-for-you-and-your-business\" data-v-md-line=\"37\">Potrivit pentru tine \u0219i afacerea ta<\/h2>\n<p data-v-md-line=\"39\">Pute\u021bi achizi\u021biona aceste produse pentru uz personal, dar dac\u0103 face\u021bi cump\u0103r\u0103turi pentru magazinul dvs. sau trebuie s\u0103 reaproviziona\u021bi \u00een mod regulat \u00een cantit\u0103\u021bi mari, acest ambalaj este convenabil pentru gestionarea stocurilor. 10 buc\u0103\u021bi per pachet, 200 de buc\u0103\u021bi per cutie, deci nu este nevoie s\u0103 reaproviziona\u021bi frecvent.<\/p>\n<p data-v-md-line=\"41\">AgoraVape se concentreaz\u0103 pe furnizarea de servicii de transport maritim fiabile \u00een UE. Colabor\u0103m cu transportatori de \u00eencredere, precum UPS, DPD \u0219i DHL, \u0219i oferim op\u021biuni de livrare cu taxe vamale pl\u0103tite (DDP) acolo unde condi\u021biile permit. Aceasta \u00eenseamn\u0103 un proces de import mai u\u0219or \u0219i o anxietate redus\u0103 cu privire la starea coletului dumneavoastr\u0103.<\/p>\n<h2 data-v-md-heading=\"the-reason-why-you-will-like-it\" data-v-md-line=\"43\">Motivul pentru care \u00ee\u021bi va pl\u0103cea<\/h2>\n<ul data-v-md-line=\"44\">\n<li>\n<p data-v-md-line=\"44\">Durabil \u0219i de lung\u0103 durat\u0103: Durabil \u0219i de lung\u0103 durat\u0103, f\u0103r\u0103 a fi nevoie de \u00eenlocuire frecvent\u0103.<\/p>\n<\/li>\n<li>\n<p data-v-md-line=\"46\">Sare de nicotin\u0103 2%: Potrivit\u0103 pentru concentra\u021bia obi\u0219nuit\u0103 a majorit\u0103\u021bii utilizatorilor zilnici.<\/p>\n<\/li>\n<li>\n<p data-v-md-line=\"48\">Activare prin inhalare: Nu sunt necesare butoane, nu este necesar\u0103 \u00eenv\u0103\u021barea. Ia-l \u0219i folose\u0219te-l.<\/p>\n<\/li>\n<li>\n<p data-v-md-line=\"50\">Designul corpului sticlei: Priz\u0103 confortabil\u0103, discret\u0103, dar totu\u0219i discret\u0103.<\/p>\n<\/li>\n<\/ul>\n<h2 data-v-md-heading=\"why-choose-to-collaborate-with-agoravape\" data-v-md-line=\"52\">De ce s\u0103 alegi s\u0103 colaborezi cu AgoraVape?<\/h2>\n<p data-v-md-line=\"54\">Vindem doar produse de vaping 100% originale, deoarece nimeni nu vrea s\u0103 sufere din cauza unei calit\u0103\u021bi instabile. Dac\u0103 sunte\u021bi un cump\u0103r\u0103tor corporativ, ve\u021bi beneficia \u0219i de op\u021biuni puternice de v\u00e2nzare en-gros, asisten\u021b\u0103 tehnic\u0103 convenabil\u0103 \u0219i servicii de livrare rapid\u0103 \u0219i fiabile. Dori\u021bi s\u0103 achizi\u021biona\u021bi produse de vaping Saimeo Tequila 30k la sticl\u0103 unic\u0103? V\u0103 rug\u0103m s\u0103 ne contacta\u021bi \u0219i v\u0103 vom ajuta s\u0103 alege\u021bi aroma \u0219i cantitatea potrivite pentru clien\u021bii dvs.<\/p>","protected":false},"excerpt":{"rendered":"<p>Ce este special la vaporiz\u0103rile unice \u00eembuteliate Saimeo Tequila cu arom\u0103 30k 30000? Dac\u0103 v-a\u021bi s\u0103turat de vaporiz\u0103rile de unic\u0103 folosin\u021b\u0103 care se termin\u0103<\/p>","protected":false},"featured_media":21433,"comment_status":"open","ping_status":"closed","template":"","meta":[],"product_brand":[1663],"product_cat":[124,185,1637,177,1674,174,191,1666,179,173,186,180,190],"product_tag":[],"class_list":{"0":"post-21412","1":"product","2":"type-product","3":"status-publish","4":"has-post-thumbnail","6":"product_brand-saimeo","7":"product_cat-vape-by-brand","8":"product_cat-10000-puffs-high-capacity","9":"product_cat-30000-puffs","10":"product_cat-dessert-sweets","11":"product_cat-eu-warehouse","12":"product_cat-fruit-flavors","13":"product_cat-rechargeable-disposables","14":"product_cat-saimeo","15":"product_cat-unique-blends","16":"product_cat-vape-by-flavor-profile","17":"product_cat-vape-by-nicotine-strength","18":"product_cat-vape-by-puff-count","19":"product_cat-vape-by-feature-or-type","21":"first","22":"instock","23":"shipping-taxable","24":"purchasable","25":"product-type-variable","26":"has-default-attributes"},"tiered_pricing_type":"percentage","tiered_pricing_fixed_rules":[],"tiered_pricing_product_settings":{"layout":"default","base_unit_name":{"singular":null,"plural":null},"default_variation":null},"tiered_pricing_minimum_quantity":10,"tiered_pricing_roles_data":[],"tiered_pricing_percentage_rules":{"30":"12.41","50":"27","100":"33","200":"35","500":"39","1000":"42"},"tiered_pricing_maximum_quantity":null,"tiered_pricing_quantity_step":"10","_links":{"self":[{"href":"https:\/\/agoravape.com\/ro\/wp-json\/wp\/v2\/product\/21412","targetHints":{"allow":["GET"]}}],"collection":[{"href":"https:\/\/agoravape.com\/ro\/wp-json\/wp\/v2\/product"}],"about":[{"href":"https:\/\/agoravape.com\/ro\/wp-json\/wp\/v2\/types\/product"}],"replies":[{"embeddable":true,"href":"https:\/\/agoravape.com\/ro\/wp-json\/wp\/v2\/comments?post=21412"}],"version-history":[{"count":0,"href":"https:\/\/agoravape.com\/ro\/wp-json\/wp\/v2\/product\/21412\/revisions"}],"wp:featuredmedia":[{"embeddable":true,"href":"https:\/\/agoravape.com\/ro\/wp-json\/wp\/v2\/media\/21433"}],"wp:attachment":[{"href":"https:\/\/agoravape.com\/ro\/wp-json\/wp\/v2\/media?parent=21412"}],"wp:term":[{"taxonomy":"product_brand","embeddable":true,"href":"https:\/\/agoravape.com\/ro\/wp-json\/wp\/v2\/product_brand?post=21412"},{"taxonomy":"product_cat","embeddable":true,"href":"https:\/\/agoravape.com\/ro\/wp-json\/wp\/v2\/product_cat?post=21412"},{"taxonomy":"product_tag","embeddable":true,"href":"https:\/\/agoravape.com\/ro\/wp-json\/wp\/v2\/product_tag?post=21412"}],"curies":[{"name":"wp","href":"https:\/\/api.w.org\/{rel}","templated":true}]}}