{"id":21870,"date":"2026-01-18T22:03:21","date_gmt":"2026-01-18T14:03:21","guid":{"rendered":"https:\/\/agoravape.com\/?post_type=product&#038;p=21870"},"modified":"2026-03-24T10:04:53","modified_gmt":"2026-03-24T09:04:53","slug":"saimeo-humo-azul-24k-24000-pufuri","status":"publish","type":"product","link":"https:\/\/agoravape.com\/ro\/product\/saimeo-humo-azul-24k-24000-puffs\/","title":{"rendered":"Vape Saimeo Humo AZUL 24k 24000 Puffs Mesh Coil | Arom\u0103 de lung\u0103 durat\u0103, mai pu\u021bine b\u0103t\u0103i de cap"},"content":{"rendered":"<h2 data-v-md-heading=\"what-is-saimeo-humo-azul-24k-24000-mouth-mesh-atomizer-core-vape\" data-v-md-line=\"3\"><\/h2>\n<h2 data-v-md-heading=\"what-is-saimeo-humo-azul-24k-24000-mouth-mesh-atomizer-core-vape\" data-v-md-line=\"3\">Ce este atomizorul Saimeo Humo AZUL 24k 24000 cu miez de plas\u0103 bucal\u0103?<\/h2>\n<p data-v-md-line=\"5\">Dac\u0103 te-ai s\u0103turat de \u021big\u0103rile electronice de unic\u0103 folosin\u021b\u0103 care nu se simt \u201ebine\u201d dup\u0103 doar c\u00e2teva zile de utilizare, atunci acest produs va fi mai potrivit pentru tine. Saimeo Humo AZUL 24k este conceput pentru utilizare pe termen lung, cu o capacitate de aspirare de p\u00e2n\u0103 la 24000 de porturi \u0219i are un design re\u00eenc\u0103rcabil, astfel \u00eenc\u00e2t nu trebuie s\u0103 \u00eel arunci doar pentru c\u0103 se descarc\u0103 bateria.<\/p>\n<p data-v-md-line=\"7\">S-ar putea s\u0103 sim\u021bi c\u0103 un dispozitiv cu o capacitate de 24k ar fi ca o c\u0103r\u0103mid\u0103 voluminoas\u0103. Dar atunci c\u00e2nd este \u021binut \u00een m\u00e2n\u0103, greutatea sa este surprinz\u0103tor de u\u0219oar\u0103. Pentru cei care \u00ee\u0219i doresc o utilizare zilnic\u0103 stabil\u0103 \u0219i fiabil\u0103, f\u0103r\u0103 a-\u0219i face griji cu privire la \u00eenlocuirea cartu\u0219ului, a miezului atomizorului sau a sticlei de e-lichid, acest produs este alegerea ideal\u0103.<\/p>\n<h2 data-v-md-heading=\"excellent-performance-and-easy-operation\" data-v-md-line=\"9\">Performan\u021b\u0103 excelent\u0103 \u0219i utilizare u\u0219oar\u0103<\/h2>\n<p data-v-md-line=\"11\">Saimeo folose\u0219te spirale tip plas\u0103, ceea ce \u00eenseamn\u0103 c\u0103 gustul este transmis mai uniform. \u00cen practic\u0103, acest lucru \u00eenseamn\u0103 un gust mai pu\u021bin \u201efad\u201d \u0219i un gust constant fin \u00een timpul utiliz\u0103rii.<\/p>\n<p data-v-md-line=\"13\">C\u00e2nd bateria este desc\u0103rcat\u0103, pur \u0219i simplu o \u00eencarci. Simplu \u0219i convenabil. Informa\u021biile despre produs confirm\u0103 c\u0103 este re\u00eenc\u0103rcabil\u0103, dar nu specific\u0103 tipul specific de interfa\u021b\u0103 (cum ar fi USB-C), a\u0219a c\u0103 nu pot ghici. Pe scurt, esen\u021bial este c\u0103 poate fi utilizat \u00een continuare dup\u0103 \u00eenc\u0103rcare.<\/p>\n<h2 data-v-md-heading=\"quick-specifications\" data-v-md-line=\"15\">Specifica\u021bii rapide<\/h2>\n<ul data-v-md-line=\"16\">\n<li>Frecven\u021ba fumatului: p\u00e2n\u0103 la 24000<\/li>\n<li>Con\u021binut de nicotin\u0103: 2% sare de nicotin\u0103<\/li>\n<li>Utilizare: Activare prin inhalare<\/li>\n<li>Metod\u0103 de \u00eenc\u0103rcare: Re\u00eenc\u0103rcabil\u0103 (tipul de interfa\u021b\u0103 de \u00eenc\u0103rcare nu este specificat)<\/li>\n<li>Stare: Gata de utilizare imediat ce este scoas\u0103 din cutie<\/li>\n<li>Dimensiunea echipamentului: 135 41,5 41,5 milimetri<\/li>\n<li>Versiune: Versiune standard \u0219i Versiune roz<\/li>\n<\/ul>\n<h2 data-v-md-heading=\"complete-flavor-lineup\" data-v-md-line=\"24\">Gam\u0103 complet\u0103 de arome<\/h2>\n<ul data-v-md-line=\"25\">\n<li>Ghea\u021b\u0103 de piersic\u0103<\/li>\n<li>Patinoar albastru<\/li>\n<li>Ghea\u021b\u0103 de struguri<\/li>\n<li>Ghea\u021b\u0103 de miere<\/li>\n<li>C\u0103p\u0219uni, pepene verde, struguri<\/li>\n<li>Fructul dragonului de mure<\/li>\n<li>Fructul dragonului cu afine<\/li>\n<li>\u00cenghe\u021bat\u0103 de afine \u0219i zmeur\u0103<\/li>\n<li>L\u0103m\u00e2ie \u0219i lime<\/li>\n<li>Ghea\u021b\u0103 de pepene verde<\/li>\n<li>Arom\u0103 de c\u0103p\u0219uni, meri\u0219oare, cire\u0219e<\/li>\n<li>Arom\u0103 de boabe de struguri<\/li>\n<li>Arom\u0103 de fructul pasiunii, kiwi \u0219i guava<\/li>\n<\/ul>\n<h2 data-v-md-heading=\"suitable-for-you-and-your-business\" data-v-md-line=\"39\">Potrivit pentru tine \u0219i afacerea ta<\/h2>\n<p data-v-md-line=\"41\">Saimeo Humo AZUL 24k poate fi achizi\u021bionat direct ca produs de v\u00e2nzare cu am\u0103nuntul \u0219i este potrivit \u0219i pentru magazinele care doresc s\u0103 ofere clien\u021bilor produse cu o rat\u0103 mare de returnare.<\/p>\n<p data-v-md-line=\"43\">\u00cen ceea ce prive\u0219te v\u00e2nzarea en-gros, ambalajul este simplu \u0219i u\u0219or de utilizat: 10 buc\u0103\u021bi per pachet, 200 de buc\u0103\u021bi per cutie. Dac\u0103 achizi\u021biona\u021bi pentru rev\u00e2nzare, aceast\u0103 specifica\u021bie de ambalare este convenabil\u0103 pentru depozitare \u0219i u\u0219or de num\u0103rat \u0219i scos.<\/p>\n<h2 data-v-md-heading=\"the-reason-why-you-will-like-it\" data-v-md-line=\"45\">Motivul pentru care \u00ee\u021bi va pl\u0103cea<\/h2>\n<ul data-v-md-line=\"46\">\n<li>Durat\u0103 lung\u0103 de via\u021b\u0103 a bateriei: Durabil\u0103 \u0219i de lung\u0103 durat\u0103, nu este nevoie de \u00eenlocuire frecvent\u0103.<\/li>\n<li>Sare de nicotin\u0103 2%: Potrivit\u0103 pentru concentra\u021bia utilizat\u0103 \u00een mod obi\u0219nuit de majoritatea utilizatorilor de \u021big\u0103ri electronice zilnice.<\/li>\n<li>Re\u00eenc\u0103rcabil: v\u0103 permite s\u0103 folosi\u021bi complet dispozitivul \u00een loc s\u0103 \u00eel arunca\u021bi prea devreme. Spir\u0103 de tip plas\u0103: Asigura\u021bi un gust consistent de la \u00eenceput p\u00e2n\u0103 la sf\u00e2r\u0219it.<\/li>\n<\/ul>\n<h2 data-v-md-heading=\"why-choose-to-collaborate-with-agoravape\" data-v-md-line=\"50\">De ce s\u0103 alegi s\u0103 colaborezi cu AgoraVape?<\/h2>\n<p data-v-md-line=\"52\">AgoraVape ader\u0103 la un principiu simplu: Vindem doar produse originale. Acest lucru este deosebit de important \u00een domeniul \u021big\u0103rilor electronice cu gur\u0103 mare, unde apar constant produse contraf\u0103cute. Dac\u0103 achizi\u021biona\u021bi pentru clien\u021bi, atunci ceea ce ave\u021bi nevoie sunt produse de \u00eencredere.<\/p>\n<p data-v-md-line=\"54\">Pentru cump\u0103r\u0103torii corporativi, ve\u021bi beneficia \u0219i de op\u021biuni puternice de v\u00e2nzare en-gros, asisten\u021b\u0103 tehnic\u0103 prompt\u0103 \u0219i livrare logistic\u0103 f\u0103r\u0103 probleme, acoperind \u00eentreaga Europ\u0103. Dori\u021bi s\u0103 achizi\u021biona\u021bi vaporizatoare Saimeo Humo AZUL 24k 24000 mesh rezisten\u021b\u0103? V\u0103 rug\u0103m s\u0103 ne contacta\u021bi \u0219i vom aranja cantitatea comenzii \u0219i planul de aprovizionare pentru dumneavoastr\u0103.<\/p>","protected":false},"excerpt":{"rendered":"<p>Ce este Saimeo Humo AZUL 24k 24000 atomizor cu ochiuri de gur\u0103 de baz\u0103 vape? Dac\u0103 v-a\u021bi s\u0103turat de vapoarele de unic\u0103 folosin\u021b\u0103 care<\/p>","protected":false},"featured_media":0,"comment_status":"open","ping_status":"closed","template":"","meta":[],"product_brand":[1663],"product_cat":[124,185,189,174,191,1666,179,173,186,180,190],"product_tag":[],"class_list":{"0":"post-21870","1":"product","2":"type-product","3":"status-publish","5":"product_brand-saimeo","6":"product_cat-vape-by-brand","7":"product_cat-10000-puffs-high-capacity","8":"product_cat-20mg-standard-nicotine-vapes","9":"product_cat-fruit-flavors","10":"product_cat-rechargeable-disposables","11":"product_cat-saimeo","12":"product_cat-unique-blends","13":"product_cat-vape-by-flavor-profile","14":"product_cat-vape-by-nicotine-strength","15":"product_cat-vape-by-puff-count","16":"product_cat-vape-by-feature-or-type","18":"first","19":"onbackorder","20":"shipping-taxable","21":"purchasable","22":"product-type-variable","23":"has-default-attributes"},"tiered_pricing_type":"percentage","tiered_pricing_fixed_rules":[],"tiered_pricing_product_settings":{"layout":"default","base_unit_name":{"singular":null,"plural":null},"default_variation":null},"tiered_pricing_minimum_quantity":10,"tiered_pricing_roles_data":[],"tiered_pricing_percentage_rules":{"30":"29","50":"35","100":"40","200":"44","500":"47","1000":"49"},"tiered_pricing_maximum_quantity":null,"tiered_pricing_quantity_step":"10","_links":{"self":[{"href":"https:\/\/agoravape.com\/ro\/wp-json\/wp\/v2\/product\/21870","targetHints":{"allow":["GET"]}}],"collection":[{"href":"https:\/\/agoravape.com\/ro\/wp-json\/wp\/v2\/product"}],"about":[{"href":"https:\/\/agoravape.com\/ro\/wp-json\/wp\/v2\/types\/product"}],"replies":[{"embeddable":true,"href":"https:\/\/agoravape.com\/ro\/wp-json\/wp\/v2\/comments?post=21870"}],"version-history":[{"count":0,"href":"https:\/\/agoravape.com\/ro\/wp-json\/wp\/v2\/product\/21870\/revisions"}],"wp:attachment":[{"href":"https:\/\/agoravape.com\/ro\/wp-json\/wp\/v2\/media?parent=21870"}],"wp:term":[{"taxonomy":"product_brand","embeddable":true,"href":"https:\/\/agoravape.com\/ro\/wp-json\/wp\/v2\/product_brand?post=21870"},{"taxonomy":"product_cat","embeddable":true,"href":"https:\/\/agoravape.com\/ro\/wp-json\/wp\/v2\/product_cat?post=21870"},{"taxonomy":"product_tag","embeddable":true,"href":"https:\/\/agoravape.com\/ro\/wp-json\/wp\/v2\/product_tag?post=21870"}],"curies":[{"name":"wp","href":"https:\/\/api.w.org\/{rel}","templated":true}]}}