{"id":21948,"date":"2026-01-18T22:32:15","date_gmt":"2026-01-18T14:32:15","guid":{"rendered":"https:\/\/agoravape.com\/?post_type=product&#038;p=21948"},"modified":"2026-03-10T07:11:12","modified_gmt":"2026-03-10T06:11:12","slug":"saimeo-humo-azul-limited-15k-15000-puffs","status":"publish","type":"product","link":"https:\/\/agoravape.com\/ro\/product\/saimeo-humo-azul-limited-15k-15000-puffs\/","title":{"rendered":"Saimeo Humo AZUL Limited 15k 15000 Puffs Vape | Arom\u0103 de lung\u0103 durat\u0103, simpl\u0103"},"content":{"rendered":"<h2 data-v-md-heading=\"what-is-saimeo-humo-azul-limited-s-15k-15000-pack-vape\" data-v-md-line=\"3\"><\/h2>\n<h2 data-v-md-heading=\"what-is-saimeo-humo-azul-limited-s-15k-15000-pack-vape\" data-v-md-line=\"3\"><\/h2>\n<h2 data-v-md-heading=\"what-is-saimeo-humo-azul-limited-s-15k-15000-pack-vape\" data-v-md-line=\"3\"><\/h2>\n<h2 data-v-md-heading=\"what-is-saimeo-humo-azul-limited-s-15k-15000-pack-vape\" data-v-md-line=\"3\">Ce este pachetul de 15k 15000 de \u021big\u0103ri electronice de la Saimeo Humo AZUL Limited?<\/h2>\n<p data-v-md-line=\"5\">Dac\u0103 te-ai s\u0103turat de \u021big\u0103rile electronice de unic\u0103 folosin\u021b\u0103 care se descarc\u0103 la \u00eenceput, atunci Saimeo Humo AZUL Limited 15k este cu siguran\u021b\u0103 alegerea ideal\u0103. Are o durat\u0103 de via\u021b\u0103 a bateriei de p\u00e2n\u0103 la 15000 de unit\u0103\u021bi, permi\u021b\u00e2ndu-\u021bi s\u0103 evi\u021bi schimb\u0103rile frecvente ale dispozitivului sau graba de a cump\u0103ra \u021big\u0103ri electronice noi \u00een timpul s\u0103pt\u0103m\u00e2nii.<\/p>\n<p data-v-md-line=\"7\">Acesta este un vaporizator cu adev\u0103rat \u201egata de utilizare\u201d. Nu necesit\u0103 butoane, set\u0103ri, opera\u021biuni plictisitoare. Doar inhaleaz\u0103 \u0219i bucur\u0103-te de o experien\u021b\u0103 de inhalare stabil\u0103 \u0219i familiar\u0103, perfect\u0103 pentru utilizarea zilnic\u0103.<\/p>\n<h2 data-v-md-heading=\"excellent-performance-and-easy-operation\" data-v-md-line=\"9\">Performan\u021b\u0103 excelent\u0103 \u0219i utilizare u\u0219oar\u0103<\/h2>\n<p data-v-md-line=\"11\">Filosofia de design a Saimeo este simpl\u0103 \u0219i clar\u0103: acesta este un vape de unic\u0103 folosin\u021b\u0103 activat prin inhalare, conceput pentru a men\u021bine o performan\u021b\u0103 stabil\u0103, potrivit \u00een special pentru utilizare continu\u0103. De\u0219i s-ar putea s\u0103 sim\u021bi\u021bi c\u0103 dispozitivul de 15.000 de dolari ar fi la fel de greu ca o c\u0103r\u0103mid\u0103 \u00een buzunar, designul exterior al AZUL Limited \u00eel face confortabil de \u021binut \u00een m\u00e2n\u0103 \u0219i nu pare voluminos.<\/p>\n<h2 data-v-md-heading=\"quick-specifications\" data-v-md-line=\"13\">Specifica\u021bii rapide<\/h2>\n<ul data-v-md-line=\"14\">\n<li>Frecven\u021ba de fumat: p\u00e2n\u0103 la 15000 de pufuri<\/li>\n<li>Con\u021binut de nicotin\u0103: 2% sare de nicotin\u0103<\/li>\n<li>Utilizare: Pur \u0219i simplu inhala\u021bi pentru a activa<\/li>\n<li>Metod\u0103 de \u00eenc\u0103rcare: Nespecificat\u0103 (V\u0103 rug\u0103m s\u0103 consulta\u021bi detaliile\/imaginile produsului sau s\u0103 consulta\u021bi echipa noastr\u0103 pentru confirmare)<\/li>\n<li>Stare produs: Gata de utilizare dup\u0103 despachetare<\/li>\n<li>Dimensiunea echipamentului: 135 41,5 41,5 milimetri<\/li>\n<li>Specifica\u021bii ambalare: 10 buc\u0103\u021bi per pachet<\/li>\n<li>Specifica\u021bii de ambalare: 200 buc\u0103\u021bi per cutie<\/li>\n<\/ul>\n<h2 data-v-md-heading=\"complete-flavor-lineup\" data-v-md-line=\"23\">Gam\u0103 complet\u0103 de arome<\/h2>\n<ul data-v-md-line=\"24\">\n<li>Afine \u0219i l\u0103m\u00e2i<\/li>\n<li>Ghea\u021b\u0103 de struguri<\/li>\n<li>Piersic\u0103 cu miere<\/li>\n<li>Asasin\u0103<\/li>\n<li>Dragoste - Miere de pepene galben cu fructe de p\u0103dure<\/li>\n<li>Fructe de p\u0103dure mixte<\/li>\n<li>Fructul pasiunii \u0219i kiwi<\/li>\n<li>Rainbow candy<\/li>\n<li>Grad zero absolut<\/li>\n<li>Hawaii<\/li>\n<li>L\u0103m\u00e2ie \u0219i lime<\/li>\n<li>Peach berry<\/li>\n<li>Piersic\u0103 alb\u0103 de zmeur\u0103<\/li>\n<\/ul>\n<h2 data-v-md-heading=\"tailored-for-you-and-your-business\" data-v-md-line=\"38\">Adaptat pentru tine \u0219i afacerea ta<\/h2>\n<p data-v-md-line=\"40\">Dac\u0103 dori\u021bi produse durabile, aceste produse sunt potrivite pentru uz personal. Dac\u0103 achizi\u021biona\u021bi pentru rev\u00e2nzare, Saimeo v\u0103 faciliteaz\u0103 gestionarea stocurilor: 10 unit\u0103\u021bi per pachet, 200 de unit\u0103\u021bi per cutie. Acest tip de ambalaj este convenabil pentru planificarea rafturilor \u0219i v\u0103 permite, de asemenea, s\u0103 vinde\u021bi rapid diverse arome.<\/p>\n<p data-v-md-line=\"42\">AgoraVape se concentreaz\u0103 pe livr\u0103ri logistice europene f\u0103r\u0103 probleme. Colabor\u0103m cu parteneri logistici de \u00eencredere, precum UPS, DPD, DHL \u0219i oferim asisten\u021b\u0103 clien\u021bi cu adev\u0103rat eficient\u0103. Dac\u0103 ave\u021bi nevoie de ajutor pentru a potrivi gusturile cu cererea pie\u021bei, vom fi one\u0219ti cu dumneavoastr\u0103.<\/p>\n<h2 data-v-md-heading=\"reasons-why-you-will-like-it\" data-v-md-line=\"44\">Motive pentru care \u00ee\u021bi va pl\u0103cea<\/h2>\n<ul data-v-md-line=\"45\">\n<li>Orificiu de aspira\u021bie extra lung: v\u0103 permite s\u0103 \u00eel utiliza\u021bi continuu pentru o perioad\u0103 mai lung\u0103 de timp, reduc\u00e2nd frecven\u021ba de \u00eenlocuire a dispozitivului.<\/li>\n<li>Sare de nicotin\u0103 2%: Dac\u0103 prefera\u021bi o concentra\u021bie moderat\u0103 de nicotin\u0103, aceasta este o alegere clar\u0103 \u0219i simpl\u0103.<\/li>\n<li>Activare prin inhalare: Nu este nevoie de buton. Ridica\u021bi-l \u0219i suge\u021bi.<\/li>\n<li>Selec\u021bie bogat\u0103 de arome: G\u0103si\u021bi cu u\u0219urin\u021b\u0103 mai multe arome populare pentru rotire u\u0219oar\u0103 sau rev\u00e2nzare.<\/li>\n<\/ul>\n<h2 data-v-md-heading=\"why-choose-to-collaborate-with-agoravape\" data-v-md-line=\"50\">De ce s\u0103 alegi s\u0103 colaborezi cu AgoraVape?<\/h2>\n<p data-v-md-line=\"52\">Vindem doar produse 100% originale, f\u0103r\u0103 falsuri. Dac\u0103 sunte\u021bi un cump\u0103r\u0103tor corporativ, pute\u021bi beneficia \u0219i de op\u021biuni puternice de v\u00e2nzare en-gros, asisten\u021b\u0103 tehnic\u0103 rapid\u0103 \u0219i servicii de livrare rapide \u0219i fiabile \u00een UE pentru \u021big\u0103rile electronice Saimeo Humo AZUL Limited 15k 15000. Dori\u021bi s\u0103 cump\u0103ra\u021bi cu \u00een\u021belepciune? V\u0103 rug\u0103m s\u0103 ne contacta\u021bi \u0219i v\u0103 vom ajuta s\u0103 selecta\u021bi aromele populare.<\/p>","protected":false},"excerpt":{"rendered":"<p>Ce este vapa Saimeo Humo AZUL Limited 15k 15000 pack? Dac\u0103 v-a\u021bi s\u0103turat de vapoarele de unic\u0103 folosin\u021b\u0103 care se termin\u0103<\/p>","protected":false},"featured_media":0,"comment_status":"open","ping_status":"closed","template":"","meta":[],"product_brand":[1663],"product_cat":[124,185,1635,189,174,191,1666,179,173,186,180,190],"product_tag":[],"class_list":{"0":"post-21948","1":"product","2":"type-product","3":"status-publish","5":"product_brand-saimeo","6":"product_cat-vape-by-brand","7":"product_cat-10000-puffs-high-capacity","8":"product_cat-15000-puffs","9":"product_cat-20mg-standard-nicotine-vapes","10":"product_cat-fruit-flavors","11":"product_cat-rechargeable-disposables","12":"product_cat-saimeo","13":"product_cat-unique-blends","14":"product_cat-vape-by-flavor-profile","15":"product_cat-vape-by-nicotine-strength","16":"product_cat-vape-by-puff-count","17":"product_cat-vape-by-feature-or-type","19":"first","20":"outofstock","21":"shipping-taxable","22":"purchasable","23":"product-type-variable","24":"has-default-attributes"},"tiered_pricing_type":"percentage","tiered_pricing_fixed_rules":[],"tiered_pricing_product_settings":{"layout":"default","base_unit_name":{"singular":null,"plural":null},"default_variation":null},"tiered_pricing_minimum_quantity":10,"tiered_pricing_roles_data":[],"tiered_pricing_percentage_rules":{"30":"29","50":"35","100":"40","200":"44","500":"47","1000":"49"},"tiered_pricing_maximum_quantity":null,"tiered_pricing_quantity_step":"10","_links":{"self":[{"href":"https:\/\/agoravape.com\/ro\/wp-json\/wp\/v2\/product\/21948","targetHints":{"allow":["GET"]}}],"collection":[{"href":"https:\/\/agoravape.com\/ro\/wp-json\/wp\/v2\/product"}],"about":[{"href":"https:\/\/agoravape.com\/ro\/wp-json\/wp\/v2\/types\/product"}],"replies":[{"embeddable":true,"href":"https:\/\/agoravape.com\/ro\/wp-json\/wp\/v2\/comments?post=21948"}],"version-history":[{"count":0,"href":"https:\/\/agoravape.com\/ro\/wp-json\/wp\/v2\/product\/21948\/revisions"}],"wp:attachment":[{"href":"https:\/\/agoravape.com\/ro\/wp-json\/wp\/v2\/media?parent=21948"}],"wp:term":[{"taxonomy":"product_brand","embeddable":true,"href":"https:\/\/agoravape.com\/ro\/wp-json\/wp\/v2\/product_brand?post=21948"},{"taxonomy":"product_cat","embeddable":true,"href":"https:\/\/agoravape.com\/ro\/wp-json\/wp\/v2\/product_cat?post=21948"},{"taxonomy":"product_tag","embeddable":true,"href":"https:\/\/agoravape.com\/ro\/wp-json\/wp\/v2\/product_tag?post=21948"}],"curies":[{"name":"wp","href":"https:\/\/api.w.org\/{rel}","templated":true}]}}