{"id":21993,"date":"2026-01-18T22:45:15","date_gmt":"2026-01-18T14:45:15","guid":{"rendered":"https:\/\/agoravape.com\/?post_type=product&#038;p=21993"},"modified":"2026-03-26T13:22:25","modified_gmt":"2026-03-26T12:22:25","slug":"saimeo-humo-caz-iphone-16-pro-30000","status":"publish","type":"product","link":"https:\/\/agoravape.com\/ro\/product\/saimeo-humo-case-iphone-16-pro-30000\/","title":{"rendered":"Carcas\u0103 Saimeo Humo pentru iPhone 16 Pro 30k 30000 de pufuri | Num\u0103r mare de pufuri, utilizare zilnic\u0103 simpl\u0103"},"content":{"rendered":"<h2 data-v-md-heading=\"what-is-the-special-feature-of-saimeo-humo-case-iphone-16-pro-30k-30000-port\" data-v-md-line=\"3\"><img loading=\"lazy\" decoding=\"async\" class=\"size-full wp-image-22100 alignright\" src=\"https:\/\/agoravape.com\/wp-content\/uploads\/2026\/01\/Saimeo-Humo-Case-30k-30000-Puffs-iPhone-Series-Vape-Big-Puff-Convenience-in-a-Pocketable-Shape_Agora_vape-15.webp\" alt=\"\" width=\"446\" height=\"2048\" srcset=\"https:\/\/agoravape.com\/wp-content\/uploads\/2026\/01\/Saimeo-Humo-Case-30k-30000-Puffs-iPhone-Series-Vape-Big-Puff-Convenience-in-a-Pocketable-Shape_Agora_vape-15.webp 446w, https:\/\/agoravape.com\/wp-content\/uploads\/2026\/01\/Saimeo-Humo-Case-30k-30000-Puffs-iPhone-Series-Vape-Big-Puff-Convenience-in-a-Pocketable-Shape_Agora_vape-15-223x1024.webp 223w\" sizes=\"auto, (max-width: 446px) 100vw, 446px\" \/><\/h2>\n<h2 data-v-md-heading=\"what-is-the-special-feature-of-saimeo-humo-case-iphone-16-pro-30k-30000-port\" data-v-md-line=\"3\">Care este caracteristica special\u0103 a carcasei Saimeo Humo pentru iPhone 16 Pro 30k cu port 30000?<\/h2>\n<p data-v-md-line=\"5\">Dac\u0103 te-ai s\u0103turat de \u021big\u0103rile electronice de unic\u0103 folosin\u021b\u0103 care par \u201efolosite\u201d c\u00e2nd \u00eencepi s\u0103 le folose\u0219ti, atunci aceast\u0103 \u021bigl\u0103 electronic\u0103 conceput\u0103 pentru utilizare \u00eendelungat\u0103 este cu siguran\u021b\u0103 o alegere de neratat. Carcasa Saimeo Humo pentru iPhone 16 Pro 30k ofer\u0103 o autonomie a bateriei de p\u00e2n\u0103 la 30000 de porturi, iar designul s\u0103u ergonomic asigur\u0103 o prindere confortabil\u0103.<\/p>\n<p data-v-md-line=\"7\">S-ar putea s\u0103 sim\u021bi c\u0103 \u021big\u0103rile electronice cu rezisten\u021b\u0103 ridicat\u0103 sunt ca o c\u0103r\u0103mid\u0103 voluminoas\u0103. Dar aceste \u021big\u0103ri electronice adopt\u0103 un design similar cu cel al unui telefon mobil, cu o prindere natural\u0103 \u0219i o plasare u\u0219oar\u0103 \u00eentr-un buzunar sau o geant\u0103, f\u0103r\u0103 nicio povar\u0103.<\/p>\n<h2 data-v-md-heading=\"excellent-performance-and-easy-operation\" data-v-md-line=\"9\">Performan\u021b\u0103 excelent\u0103 \u0219i utilizare u\u0219oar\u0103<\/h2>\n<p data-v-md-line=\"11\">Saimeo ader\u0103 la conceptul de \u201esimplitate pe primul loc\u201d: pur \u0219i simplu ia o \u00eenghi\u021bitur\u0103 \u0219i savureaz\u0103-l. Adopt\u0103 o spiral\u0103 de tip plas\u0103 \u00een interior, care ajut\u0103 la men\u021binerea unui gust stabil \u0219i la evitarea unei sc\u0103deri bru\u0219te a gustului dup\u0103 una sau dou\u0103 zile. C\u00e2nd bateria este desc\u0103rcat\u0103, po\u021bi utiliza interfa\u021ba Type-C pentru \u00eenc\u0103rcare \u2013 acest tip de cablu de \u00eenc\u0103rcare se g\u0103se\u0219te frecvent \u00een majoritatea gospod\u0103riilor.<\/p>\n<h2 data-v-md-heading=\"quick-specifications\" data-v-md-line=\"13\">Specifica\u021bii rapide<\/h2>\n<ul data-v-md-line=\"14\">\n<li>Num\u0103r de porturi: p\u00e2n\u0103 la 30000 de porturi<\/li>\n<li>Capacitate e-lichid: 13 mililitri<\/li>\n<li>Baterie: 680mAh (re\u00eenc\u0103rcabil\u0103)<\/li>\n<li>Nicotine content: 5%<\/li>\n<li>Utilizare: Inhala\u021bi pentru activare<\/li>\n<li>Interfa\u021b\u0103 de \u00eenc\u0103rcare: Interfa\u021b\u0103 de tip C<\/li>\n<li>Stare: Gata de utilizare imediat ce este scoas\u0103 din cutie<\/li>\n<li>Dimensiunea echipamentului: 75,8 \u00d7 21,92 \u00d7 166,66 milimetri<\/li>\n<li>Performan\u021b\u0103 anti-c\u0103dere: Testat\u0103 printr-un test de c\u0103dere de la 10 etaje<\/li>\n<\/ul>\n<h2 data-v-md-heading=\"complete-flavor-lineup\" data-v-md-line=\"24\">Gam\u0103 complet\u0103 de arome<\/h2>\n<ul data-v-md-line=\"25\">\n<li>Ghea\u021b\u0103 de pepene verde<\/li>\n<li>Ghea\u021b\u0103 de afine<\/li>\n<li>Monet\u0103ria din Miami<\/li>\n<li>\u00cenghe\u021bat\u0103 de mere acre<\/li>\n<li>Fructe de p\u0103dure triple<\/li>\n<\/ul>\n<h2 data-v-md-heading=\"tailored-for-you-and-your-business\" data-v-md-line=\"31\">Adaptat pentru tine \u0219i afacerea ta<\/h2>\n<p data-v-md-line=\"33\">Dac\u0103 \u00eel utiliza\u021bi \u00een scop personal, pute\u021bi achizi\u021biona separat husa de telefon Saimeo Humo pentru iPhone 16 Pro 30k. Dac\u0103 sunte\u021bi client en-gros, oferim \u0219i ambalaje en-gros frumos ambalate: 5 buc\u0103\u021bi per cutie, 100 de buc\u0103\u021bi per cutie.<\/p>\n<p data-v-md-line=\"35\">Pentru cump\u0103r\u0103torii europeni, ne angaj\u0103m s\u0103 oferim servicii de livrare f\u0103r\u0103 probleme. Colabor\u0103m cu parteneri de \u00eencredere precum DHL, DPD \u0219i UPS pentru a ne asigura c\u0103 comanda dumneavoastr\u0103 este livrat\u0103 rapid \u0219i stabil, f\u0103r\u0103 nicio grij\u0103.<\/p>\n<h2 data-v-md-heading=\"reasons-why-you-will-like-it\" data-v-md-line=\"37\">Motive pentru care \u00ee\u021bi va pl\u0103cea<\/h2>\n<ul data-v-md-line=\"38\">\n<li>Durabil\u0103 \u0219i de lung\u0103 durat\u0103: Bateria are o durat\u0103 de via\u021b\u0103 mai lung\u0103 \u0219i nu necesit\u0103 \u00eenlocuire frecvent\u0103.<\/li>\n<li>Baterie re\u00eenc\u0103rcabil\u0103: v\u0103 permite s\u0103 utiliza\u021bi pe deplin lichidul achizi\u021bionat \u0219i s\u0103 evita\u021bi risipa prematur\u0103.<\/li>\n<li>Miez de atomizor din plas\u0103: De la prima \u00eembuc\u0103tur\u0103, \u00ee\u0219i men\u021bine \u00eentotdeauna un gust bogat \u0219i fin.<\/li>\n<li>Activare prin inhalare: Nu este necesar un meniu, nicio opera\u021biune complicat\u0103 - pur \u0219i simplu lua\u021bi-l \u0219i folosi\u021bi-l.<\/li>\n<\/ul>\n<h2 data-v-md-heading=\"why-choose-to-collaborate-with-agoravape\" data-v-md-line=\"43\">De ce s\u0103 alegi s\u0103 colaborezi cu AgoraVape?<\/h2>\n<p data-v-md-line=\"45\">AgoraVape ofer\u0103 doar produse 100% originale \u2013 f\u0103r\u0103 stocuri din surse necunoscute \u0219i f\u0103r\u0103 imita\u021bii inferioare. Dac\u0103 sunte\u021bi comerciant cu am\u0103nuntul sau distribuitor, v\u0103 vom oferi solu\u021bii puternice en-gros, asisten\u021b\u0103 tehnic\u0103 rapid\u0103 \u0219i servicii de livrare rapid\u0103 \u0219i fiabil\u0103 \u00een Europa pentru husa de protec\u021bie Saimeo Humo pentru iPhone 16 Pro (capacitate 30k, 30000 de porturi). Dori\u021bi s\u0103 achizi\u021biona\u021bi bunuri? V\u0103 rug\u0103m s\u0103 ne contacta\u021bi \u0219i vom g\u0103si cea mai bun\u0103 solu\u021bie de achizi\u021bie pentru dvs., \u00een func\u021bie de nevoile dvs.<\/p>","protected":false},"excerpt":{"rendered":"<p>Care este caracteristica special\u0103 a Saimeo Humo Case iPhone 16 Pro 30k 30000 port? Dac\u0103 v-a\u021bi s\u0103turat de cele de unic\u0103 folosin\u021b\u0103<\/p>","protected":false},"featured_media":22103,"comment_status":"open","ping_status":"closed","template":"","meta":[],"product_brand":[1663],"product_cat":[124,185,189,1637,174,191,1666,179,173,186,180,190],"product_tag":[],"class_list":{"0":"post-21993","1":"product","2":"type-product","3":"status-publish","4":"has-post-thumbnail","6":"product_brand-saimeo","7":"product_cat-vape-by-brand","8":"product_cat-10000-puffs-high-capacity","9":"product_cat-20mg-standard-nicotine-vapes","10":"product_cat-30000-puffs","11":"product_cat-fruit-flavors","12":"product_cat-rechargeable-disposables","13":"product_cat-saimeo","14":"product_cat-unique-blends","15":"product_cat-vape-by-flavor-profile","16":"product_cat-vape-by-nicotine-strength","17":"product_cat-vape-by-puff-count","18":"product_cat-vape-by-feature-or-type","20":"first","21":"instock","22":"shipping-taxable","23":"purchasable","24":"product-type-variable","25":"has-default-attributes"},"tiered_pricing_type":"percentage","tiered_pricing_fixed_rules":[],"tiered_pricing_product_settings":{"layout":"default","base_unit_name":{"singular":null,"plural":null},"default_variation":null},"tiered_pricing_minimum_quantity":10,"tiered_pricing_roles_data":[],"tiered_pricing_percentage_rules":{"30":"29","50":"35","100":"40","200":"44","500":"47","1000":"49"},"tiered_pricing_maximum_quantity":null,"tiered_pricing_quantity_step":"10","_links":{"self":[{"href":"https:\/\/agoravape.com\/ro\/wp-json\/wp\/v2\/product\/21993","targetHints":{"allow":["GET"]}}],"collection":[{"href":"https:\/\/agoravape.com\/ro\/wp-json\/wp\/v2\/product"}],"about":[{"href":"https:\/\/agoravape.com\/ro\/wp-json\/wp\/v2\/types\/product"}],"replies":[{"embeddable":true,"href":"https:\/\/agoravape.com\/ro\/wp-json\/wp\/v2\/comments?post=21993"}],"version-history":[{"count":0,"href":"https:\/\/agoravape.com\/ro\/wp-json\/wp\/v2\/product\/21993\/revisions"}],"wp:featuredmedia":[{"embeddable":true,"href":"https:\/\/agoravape.com\/ro\/wp-json\/wp\/v2\/media\/22103"}],"wp:attachment":[{"href":"https:\/\/agoravape.com\/ro\/wp-json\/wp\/v2\/media?parent=21993"}],"wp:term":[{"taxonomy":"product_brand","embeddable":true,"href":"https:\/\/agoravape.com\/ro\/wp-json\/wp\/v2\/product_brand?post=21993"},{"taxonomy":"product_cat","embeddable":true,"href":"https:\/\/agoravape.com\/ro\/wp-json\/wp\/v2\/product_cat?post=21993"},{"taxonomy":"product_tag","embeddable":true,"href":"https:\/\/agoravape.com\/ro\/wp-json\/wp\/v2\/product_tag?post=21993"}],"curies":[{"name":"wp","href":"https:\/\/api.w.org\/{rel}","templated":true}]}}