{"id":23780,"date":"2026-01-25T14:06:41","date_gmt":"2026-01-25T06:06:41","guid":{"rendered":"https:\/\/agoravape.com\/?post_type=product&#038;p=23780"},"modified":"2026-03-26T13:22:25","modified_gmt":"2026-03-26T12:22:25","slug":"saimeo-humo-caz-iphone-16-30000-puffs","status":"publish","type":"product","link":"https:\/\/agoravape.com\/ro\/product\/saimeo-humo-case-iphone-16-30000-puffs\/","title":{"rendered":"Carcas\u0103 Saimeo Humo pentru iPhone 16 30k (30000 de pufuri) Vape | Num\u0103r mare de pufuri, form\u0103 potrivit\u0103 pentru buzunar"},"content":{"rendered":"<h2 data-v-md-heading=\"what-is-the-special-feature-of-saimeo-humo-case-iphone-16-30k-30000-pack-vape\" data-v-md-line=\"3\">Care este caracteristica special\u0103 a carcasei Saimeo Humo Case pentru iPhone 16 30k cu 30000 de buc\u0103\u021bi de vaporizator?<\/h2>\n<p data-v-md-line=\"5\">Dac\u0103 te-ai s\u0103turat de \u021big\u0103rile electronice de unic\u0103 folosin\u021b\u0103 care nu au \u021bigar\u0103 inclus\u0103 atunci c\u00e2nd \u00eencepi s\u0103 le folose\u0219ti, atunci acest produs este cu siguran\u021b\u0103 alegerea ideal\u0103. Carcasa Saimeo Humo pentru iPhone 16 30k este conceput\u0103 pentru utilizare pe termen lung, av\u00e2nd o autonomie a bateriei de p\u00e2n\u0103 la 30000 de porturi \u0219i fiind echipat\u0103 cu o baterie re\u00eenc\u0103rcabil\u0103, permi\u021b\u00e2ndu-\u021bi s\u0103 experimentezi cu adev\u0103rat cantitatea r\u0103mas\u0103 de e-lichid.<\/p>\n<p data-v-md-line=\"7\">S-ar putea s\u0103 crezi c\u0103 o \u021bigar\u0103 electronic\u0103 cu o autonomie at\u00e2t de lung\u0103 a bateriei ar fi la fel de voluminoas\u0103 ca o c\u0103r\u0103mid\u0103, dar aspectul s\u0103u este ca o \u201ecarcas\u0103 de telefon\u201d sub\u021bire. Pentru orice utilizator care \u00ee\u0219i dore\u0219te o \u021bigar\u0103 electronic\u0103 fiabil\u0103, portabil\u0103 \u0219i u\u0219or de utilizat, aceasta este o alegere simpl\u0103 \u0219i u\u0219or de utilizat.<\/p>\n<h2 data-v-md-heading=\"excellent-performance-and-easy-operation\" data-v-md-line=\"9\">Performan\u021b\u0103 excelent\u0103 \u0219i utilizare u\u0219oar\u0103<\/h2>\n<p data-v-md-line=\"11\">Filosofia de design a Saimeo este foarte simpl\u0103: pur \u0219i simplu inhaleaz\u0103 pentru a activa. C\u00e2nd bateria este desc\u0103rcat\u0103, aceasta poate fi \u00eenc\u0103rcat\u0103 prin interfa\u021ba Type-C, ceea ce \u00eenseamn\u0103 c\u0103 po\u021bi utiliza acela\u0219i cablu de \u00eenc\u0103rcare care poate fi deja disponibil acas\u0103.<\/p>\n<p data-v-md-line=\"13\">De asemenea, are func\u021bie de protec\u021bie anti-c\u0103dere (testat s\u0103 reziste la c\u0103deri de p\u00e2n\u0103 la 10 etaje). Via\u021ba se confrunt\u0103 inevitabil cu situa\u021bii nea\u0219teptate, iar acest produs este conceput \u00een mod clar av\u00e2nd \u00een vedere acest lucru.<\/p>\n<h2 data-v-md-heading=\"quick-specifications\" data-v-md-line=\"15\">Specifica\u021bii rapide<\/h2>\n<ul data-v-md-line=\"16\">\n<li>Frecven\u021ba de fumat: p\u00e2n\u0103 la 30000 de pufuri<\/li>\n<li>Capacitate e-lichid: 13 mililitri<\/li>\n<li>Capacitate baterie: 680mAh (re\u00eenc\u0103rcabil\u0103)<\/li>\n<li>Nicotine content: 5%<\/li>\n<li>Utilizare: Inhala\u021bi pentru activare<\/li>\n<li>Interfa\u021b\u0103 de \u00eenc\u0103rcare: Tip C<\/li>\n<li>Dimensiune: 75,8 \u00d7 21,92 \u00d7 166,66 milimetri<\/li>\n<li>Stare: Gata de utilizare imediat ce este scoas\u0103 din cutie<\/li>\n<\/ul>\n<h2 data-v-md-heading=\"complete-flavor-lineup\" data-v-md-line=\"25\">Gam\u0103 complet\u0103 de arome<\/h2>\n<ul data-v-md-line=\"26\">\n<li>Ghea\u021b\u0103 de pepene verde<\/li>\n<li>Ghea\u021b\u0103 de afine<\/li>\n<li>Monet\u0103ria din Miami<\/li>\n<li>\u00cenghe\u021bat\u0103 de mere acre<\/li>\n<li>Triple Berry<\/li>\n<\/ul>\n<h2 data-v-md-heading=\"tailored-for-you-and-your-business\" data-v-md-line=\"32\">Adaptat pentru tine \u0219i afacerea ta<\/h2>\n<p data-v-md-line=\"34\">Pute\u021bi achizi\u021biona husa Saimeo Humo pentru iPhone 16 la 30.000 de yuani per unitate, dar dac\u0103 sunte\u021bi comerciant cu am\u0103nuntul, ambalajul este potrivit \u0219i pentru comer\u021bul en-gros. 5 buc\u0103\u021bi per cutie, 100 de buc\u0103\u021bi per cutie.<\/p>\n<p data-v-md-line=\"36\">Lucr\u0103m m\u00e2n\u0103 \u00een m\u00e2n\u0103 cu parteneri logistici de \u00eencredere pentru a oferi servicii de livrare f\u0103r\u0103 probleme clien\u021bilor europeni, eliber\u00e2ndu-v\u0103 de b\u0103taia de cap de genul \u201eunde este coletul meu? De ce trebuie s\u0103 trece\u021bi vama?\u201d. Dac\u0103 sunte\u021bi un client corporativ, v\u0103 vom confirma cea mai potrivit\u0103 solu\u021bie de transport pentru \u021bara\/regiunea dvs. la finalizarea comenzii sau prin intermediul echipei noastre de v\u00e2nz\u0103ri.<\/p>\n<h2 data-v-md-heading=\"reasons-why-you-will-like-it\" data-v-md-line=\"38\">Motive pentru care \u00ee\u021bi va pl\u0103cea<\/h2>\n<ul data-v-md-line=\"39\">\n<li>Durabil \u0219i de lung\u0103 durat\u0103: Reduce\u021bi num\u0103rul de \u00eenlocuiri, minimiza\u021bi problemele \u0219i asigura\u021bi o experien\u021b\u0103 mai stabil\u0103 \u00een fiecare zi.<\/li>\n<li>Baterie re\u00eenc\u0103rcabil\u0103: V\u0103 ajut\u0103 s\u0103 utiliza\u021bi la maximum lichidul pentru \u021bigara electronic\u0103 \u0219i s\u0103 evita\u021bi aruncarea prematur\u0103.<\/li>\n<li>Rezisten\u021b\u0103 simpl\u0103 la aspira\u021bie: Nu este nevoie de butoane, nu este nevoie s\u0103 \u00eenve\u021bi, poate fi utilizat cu u\u0219urin\u021b\u0103.<\/li>\n<li>Design anti-c\u0103dere: Este mai potrivit pentru a fi plasat \u00een buzunare sau gen\u021bi, ceea ce \u00eel face convenabil de utilizat oric\u00e2nd \u0219i oriunde.<\/li>\n<\/ul>\n<h2 data-v-md-heading=\"why-choose-to-collaborate-with-agoravape\" data-v-md-line=\"44\">De ce s\u0103 alegi s\u0103 colaborezi cu AgoraVape?<\/h2>\n<p data-v-md-line=\"46\">AgoraVape insist\u0103 s\u0103 ofere produse 100% autentice \u0219i s\u0103 asigure un proces de achizi\u021bii clar \u0219i transparent, cu asisten\u021b\u0103 adecvat\u0103. Dac\u0103 sunte\u021bi un client corporativ, v\u0103 vom oferi solu\u021bii en-gros extrem de competitive, canale de comunicare fiabile \u0219i servicii logistice adaptate cump\u0103r\u0103torilor europeni care apreciaz\u0103 viteza \u0219i predictibilitatea. Dori\u021bi s\u0103 achizi\u021biona\u021bi o carcas\u0103 Saimeo Humo pentru iPhone 16 (30k)? V\u0103 rug\u0103m s\u0103 ne contacta\u021bi \u0219i vom aranja cantitatea \u0219i planul de livrare adecvate pentru dumneavoastr\u0103.<\/p>","protected":false},"excerpt":{"rendered":"<p>Care este caracteristica special\u0103 a Saimeo Humo Case iPhone 16 30k 30000 pack vape? Dac\u0103 v-a\u021bi s\u0103turat de cele de unic\u0103 folosin\u021b\u0103<\/p>","protected":false},"featured_media":22104,"comment_status":"open","ping_status":"closed","template":"","meta":[],"product_brand":[1663],"product_cat":[124,185,189,1637,174,191,1666,179,173,186,180,190],"product_tag":[],"class_list":{"0":"post-23780","1":"product","2":"type-product","3":"status-publish","4":"has-post-thumbnail","6":"product_brand-saimeo","7":"product_cat-vape-by-brand","8":"product_cat-10000-puffs-high-capacity","9":"product_cat-20mg-standard-nicotine-vapes","10":"product_cat-30000-puffs","11":"product_cat-fruit-flavors","12":"product_cat-rechargeable-disposables","13":"product_cat-saimeo","14":"product_cat-unique-blends","15":"product_cat-vape-by-flavor-profile","16":"product_cat-vape-by-nicotine-strength","17":"product_cat-vape-by-puff-count","18":"product_cat-vape-by-feature-or-type","20":"first","21":"instock","22":"shipping-taxable","23":"purchasable","24":"product-type-variable","25":"has-default-attributes"},"tiered_pricing_type":"percentage","tiered_pricing_fixed_rules":[],"tiered_pricing_product_settings":{"layout":"default","base_unit_name":{"singular":null,"plural":null},"default_variation":null},"tiered_pricing_minimum_quantity":10,"tiered_pricing_roles_data":[],"tiered_pricing_percentage_rules":{"30":"29","50":"35","100":"40","200":"44","500":"47","1000":"49"},"tiered_pricing_maximum_quantity":null,"tiered_pricing_quantity_step":"10","_links":{"self":[{"href":"https:\/\/agoravape.com\/ro\/wp-json\/wp\/v2\/product\/23780","targetHints":{"allow":["GET"]}}],"collection":[{"href":"https:\/\/agoravape.com\/ro\/wp-json\/wp\/v2\/product"}],"about":[{"href":"https:\/\/agoravape.com\/ro\/wp-json\/wp\/v2\/types\/product"}],"replies":[{"embeddable":true,"href":"https:\/\/agoravape.com\/ro\/wp-json\/wp\/v2\/comments?post=23780"}],"version-history":[{"count":0,"href":"https:\/\/agoravape.com\/ro\/wp-json\/wp\/v2\/product\/23780\/revisions"}],"wp:featuredmedia":[{"embeddable":true,"href":"https:\/\/agoravape.com\/ro\/wp-json\/wp\/v2\/media\/22104"}],"wp:attachment":[{"href":"https:\/\/agoravape.com\/ro\/wp-json\/wp\/v2\/media?parent=23780"}],"wp:term":[{"taxonomy":"product_brand","embeddable":true,"href":"https:\/\/agoravape.com\/ro\/wp-json\/wp\/v2\/product_brand?post=23780"},{"taxonomy":"product_cat","embeddable":true,"href":"https:\/\/agoravape.com\/ro\/wp-json\/wp\/v2\/product_cat?post=23780"},{"taxonomy":"product_tag","embeddable":true,"href":"https:\/\/agoravape.com\/ro\/wp-json\/wp\/v2\/product_tag?post=23780"}],"curies":[{"name":"wp","href":"https:\/\/api.w.org\/{rel}","templated":true}]}}