{"id":23813,"date":"2026-01-25T14:23:09","date_gmt":"2026-01-25T06:23:09","guid":{"rendered":"https:\/\/agoravape.com\/?post_type=product&#038;p=23813"},"modified":"2026-03-21T12:43:57","modified_gmt":"2026-03-21T11:43:57","slug":"saimeo-humo-caz-iphone-15-30000-puffs","status":"publish","type":"product","link":"https:\/\/agoravape.com\/ro\/product\/saimeo-humo-case-iphone-15-30000-puffs\/","title":{"rendered":"Carcas\u0103 Saimeo Humo pentru iPhone 15 30k 30000 Puffs Vape | Big Puff Life, prindere \u00een stil telefon"},"content":{"rendered":"<h2 data-v-md-heading=\"what-is-the-special-feature-of-saimeo-humo-case-iphone-15-30k-30000-pack-vape\" data-v-md-line=\"3\">Care este caracteristica special\u0103 a carcasei Saimeo Humo Case pentru iPhone 15 30k cu 30000 de buc\u0103\u021bi de vaporizator?<\/h2>\n<p data-v-md-line=\"5\">Dac\u0103 te-ai s\u0103turat de \u021big\u0103rile electronice de unic\u0103 folosin\u021b\u0103 care se descarc\u0103 la \u00eenceput, atunci merit\u0103 cu siguran\u021b\u0103 s\u0103 iei \u00een considerare acest produs. Carcasa Saimeo Humo pentru iPhone 15 este conceput\u0103 pentru utilizare pe termen lung (p\u00e2n\u0103 la 30000 de unit\u0103\u021bi), cu un design asem\u0103n\u0103tor unei huse de telefon, care ofer\u0103 o prindere confortabil\u0103 \u0219i poate fi u\u0219or plasat\u0103 \u00eentr-un buzunar sau o geant\u0103.<\/p>\n<p data-v-md-line=\"7\">S-ar putea s\u0103 sim\u021bi c\u0103 un produs etichetat \u201e30k\u201d este la fel de greu ca o c\u0103r\u0103mid\u0103 \u00een m\u00e2n\u0103. Dar adev\u0103rul nu este a\u0219a. Este sub\u021bire \u0219i elegant, cu un design general de \u201ecarcas\u0103 pentru iPhone\u201d care face utilizarea zilnic\u0103 excep\u021bional de u\u0219oar\u0103.<\/p>\n<h2 data-v-md-heading=\"excellent-performance-and-easy-operation\" data-v-md-line=\"9\">Performan\u021b\u0103 excelent\u0103 \u0219i utilizare u\u0219oar\u0103<\/h2>\n<p data-v-md-line=\"11\">Filosofia de design a Saimeo este foarte concis\u0103. Pur \u0219i simplu inhaleaz\u0103 pentru a activa, f\u0103r\u0103 butoane sau opera\u021biuni greoaie. Baterie re\u00eenc\u0103rcabil\u0103 \u00eencorporat\u0103 de 680 mAh \u0219i suport\u0103 \u00eenc\u0103rcare Type-C, astfel \u00eenc\u00e2t atunci c\u00e2nd bateria este desc\u0103rcat\u0103, pute\u021bi utiliza cele mai utilizate cabluri de \u00eenc\u0103rcare. Aceasta este diferen\u021ba dintre \u021big\u0103rile electronice de unic\u0103 folosin\u021b\u0103 \u0219i \u021big\u0103rile electronice complet utilizate.<\/p>\n<h2 data-v-md-heading=\"quick-specifications\" data-v-md-line=\"13\">Specifica\u021bii rapide<\/h2>\n<ul data-v-md-line=\"14\">\n<li>Num\u0103r de porturi: p\u00e2n\u0103 la 30000 de porturi<\/li>\n<li>Capacitate e-lichid: 13 mililitri<\/li>\n<li>Baterie: 680mAh (re\u00eenc\u0103rcabil\u0103)<\/li>\n<li>Con\u021binut de nicotin\u0103: 2% sau 5% (\u00een func\u021bie de gust)<\/li>\n<li>Utilizare: Activare prin inhalare<\/li>\n<li>Interfa\u021b\u0103 de \u00eenc\u0103rcare: Tip C<\/li>\n<li>Performan\u021b\u0103 anti-c\u0103dere: Testat s\u0103 reziste la o c\u0103dere de la 10 etaje<\/li>\n<li>Dimensiune: 75,8 \u00d7 21,92 \u00d7 166,66 milimetri<\/li>\n<li>Stare: Gata de utilizare dup\u0103 despachetare<\/li>\n<li>Compatibil cu dimensiunile iPhone 13; iPhone 12 \u0219i 12 Pro; iPhone 14;<\/li>\n<\/ul>\n<h2 data-v-md-heading=\"complete-flavor-lineup\" data-v-md-line=\"24\">Gam\u0103 complet\u0103 de arome<\/h2>\n<ul data-v-md-line=\"25\">\n<li>Uciga\u0219\u0103 de doamne (2%)<\/li>\n<li>Hawaii (2%)<\/li>\n<li>Kiwi cu fructul pasiunii (2%)<\/li>\n<li>Dragoste 66 (2%)<\/li>\n<li>Afine \u0219i l\u0103m\u00e2i (2%)<\/li>\n<li>Ghea\u021b\u0103 de pepene verde (5%)<\/li>\n<li>Ghea\u021b\u0103 de afine (5%)<\/li>\n<li>Ment\u0103 Miami (5%)<\/li>\n<li>\u00cenghe\u021bat\u0103 de mere acre (5%)<\/li>\n<li>Triple Berry (5%)<\/li>\n<\/ul>\n<h2 data-v-md-heading=\"tailored-for-you-and-your-business\" data-v-md-line=\"36\">Adaptat pentru tine \u0219i afacerea ta<\/h2>\n<p data-v-md-line=\"38\">Carcasa Saimeo Humo pentru iPhone 15 30k este o \u021bigar\u0103 electronic\u0103 de unic\u0103 folosin\u021b\u0103, simpl\u0103 \u0219i u\u0219or de utilizat, potrivit\u0103 pentru uz personal. Dac\u0103 achizi\u021biona\u021bi din magazine fizice sau online, este convenabil s\u0103 o face\u021bi \u0219i \u00een vrac. Specifica\u021biile ambalajului sunt de 5 buc\u0103\u021bi per cutie \u0219i 100 de buc\u0103\u021bi per cutie.<\/p>\n<p data-v-md-line=\"40\">De asemenea, \u0219tim c\u0103, pe l\u00e2ng\u0103 gust, alte aspecte sunt la fel de importante. Prin urmare, AgoraVape se angajeaz\u0103 s\u0103 ofere servicii convenabile de livrare \u00een Europa \u0219i s\u0103 colaboreze cu parteneri de curierat de \u00eencredere, cum ar fi UPS, DPD \u0219i DHL, pentru a v\u0103 asigura c\u0103 nu ave\u021bi probleme de v\u0103muire \u0219i c\u0103 v\u0103 bucura\u021bi de servicii de livrare previzibile.<\/p>\n<h2 data-v-md-heading=\"reasons-why-you-will-like-it\" data-v-md-line=\"42\">Motive pentru care \u00ee\u021bi va pl\u0103cea<\/h2>\n<ul data-v-md-line=\"43\">\n<li>Durat\u0103 de via\u021b\u0103 extrem de lung\u0103 a bateriei: Durat\u0103 de via\u021b\u0103 mai lung\u0103, nu este nevoie s\u0103 \u00eenlocui\u021bi frecvent dispozitivele.<\/li>\n<li>Dou\u0103 op\u021biuni de concentra\u021bie de nicotin\u0103: concentra\u021bie de nicotin\u0103 de 2%, potrivit\u0103 pentru utilizatorii care prefer\u0103 un gust u\u0219or;<\/li>\n<li>Concentra\u021bie de nicotin\u0103 de 5%, potrivit\u0103 pentru utilizatorii care apreciaz\u0103 aromele bogate (cu un gust mai bun).<\/li>\n<li>Re\u00eenc\u0103rcabil: Asigura\u021bi-v\u0103 c\u0103 pute\u021bi folosi complet lichidul electronic achizi\u021bionat.<\/li>\n<li>Designul carcasei de telefon: Prindere confortabil\u0103, nu alunec\u0103 u\u0219or.<\/li>\n<li>Test de c\u0103dere: Mai durabil, chiar dac\u0103 este sc\u0103pat accidental, nu este nevoie s\u0103 v\u0103 face\u021bi griji.<\/li>\n<\/ul>\n<h2 data-v-md-heading=\"why-choose-agoravape\" data-v-md-line=\"50\">De ce s\u0103 alegi AgoraVape?<\/h2>\n<p data-v-md-line=\"52\">AgoraVape ader\u0103 la un singur principiu: nu folosi\u021bi niciodat\u0103 produse inferioare, nu introduce\u021bi niciodat\u0103 ilegal produse din lan\u021buri de aprovizionare necunoscute. Oferim garan\u021bie 100% original\u0103 pentru produse, pre\u021buri reduse \u0219i asisten\u021b\u0103 profesional\u0103, potrivit\u0103 \u00een special pentru achizi\u021biile la nivel de \u00eentreprindere. Dac\u0103 dori\u021bi s\u0103 achizi\u021biona\u021bi o hus\u0103 Saimeo Humo pentru iPhone 15 30k 30000 Puffs Vape, v\u0103 rug\u0103m s\u0103 ne contacta\u021bi \u0219i v\u0103 vom ajuta s\u0103 alege\u021bi combina\u021bia potrivit\u0103 de arom\u0103 \u0219i concentra\u021bie de nicotin\u0103 pentru clien\u021bii dumneavoastr\u0103.<\/p>","protected":false},"excerpt":{"rendered":"<p>Care este caracteristica special\u0103 a Saimeo Humo Case iPhone 15 30k 30000 pack vape? Dac\u0103 v-a\u021bi s\u0103turat de cele de unic\u0103 folosin\u021b\u0103<\/p>","protected":false},"featured_media":22096,"comment_status":"open","ping_status":"closed","template":"","meta":[],"product_brand":[1663],"product_cat":[124,185,189,1637,174,191,1666,179,173,186,180,190],"product_tag":[],"class_list":{"0":"post-23813","1":"product","2":"type-product","3":"status-publish","4":"has-post-thumbnail","6":"product_brand-saimeo","7":"product_cat-vape-by-brand","8":"product_cat-10000-puffs-high-capacity","9":"product_cat-20mg-standard-nicotine-vapes","10":"product_cat-30000-puffs","11":"product_cat-fruit-flavors","12":"product_cat-rechargeable-disposables","13":"product_cat-saimeo","14":"product_cat-unique-blends","15":"product_cat-vape-by-flavor-profile","16":"product_cat-vape-by-nicotine-strength","17":"product_cat-vape-by-puff-count","18":"product_cat-vape-by-feature-or-type","20":"first","21":"instock","22":"shipping-taxable","23":"purchasable","24":"product-type-variable","25":"has-default-attributes"},"tiered_pricing_type":"percentage","tiered_pricing_fixed_rules":[],"tiered_pricing_product_settings":{"layout":"default","base_unit_name":{"singular":null,"plural":null},"default_variation":null},"tiered_pricing_minimum_quantity":10,"tiered_pricing_roles_data":[],"tiered_pricing_percentage_rules":{"30":"29","50":"35","100":"40","200":"44","500":"47","1000":"49"},"tiered_pricing_maximum_quantity":null,"tiered_pricing_quantity_step":"10","_links":{"self":[{"href":"https:\/\/agoravape.com\/ro\/wp-json\/wp\/v2\/product\/23813","targetHints":{"allow":["GET"]}}],"collection":[{"href":"https:\/\/agoravape.com\/ro\/wp-json\/wp\/v2\/product"}],"about":[{"href":"https:\/\/agoravape.com\/ro\/wp-json\/wp\/v2\/types\/product"}],"replies":[{"embeddable":true,"href":"https:\/\/agoravape.com\/ro\/wp-json\/wp\/v2\/comments?post=23813"}],"version-history":[{"count":0,"href":"https:\/\/agoravape.com\/ro\/wp-json\/wp\/v2\/product\/23813\/revisions"}],"wp:featuredmedia":[{"embeddable":true,"href":"https:\/\/agoravape.com\/ro\/wp-json\/wp\/v2\/media\/22096"}],"wp:attachment":[{"href":"https:\/\/agoravape.com\/ro\/wp-json\/wp\/v2\/media?parent=23813"}],"wp:term":[{"taxonomy":"product_brand","embeddable":true,"href":"https:\/\/agoravape.com\/ro\/wp-json\/wp\/v2\/product_brand?post=23813"},{"taxonomy":"product_cat","embeddable":true,"href":"https:\/\/agoravape.com\/ro\/wp-json\/wp\/v2\/product_cat?post=23813"},{"taxonomy":"product_tag","embeddable":true,"href":"https:\/\/agoravape.com\/ro\/wp-json\/wp\/v2\/product_tag?post=23813"}],"curies":[{"name":"wp","href":"https:\/\/api.w.org\/{rel}","templated":true}]}}