{"id":23827,"date":"2026-01-25T14:39:14","date_gmt":"2026-01-25T06:39:14","guid":{"rendered":"https:\/\/agoravape.com\/?post_type=product&#038;p=23827"},"modified":"2026-03-26T13:22:25","modified_gmt":"2026-03-26T12:22:25","slug":"saimeo-humo-caz-iphone-15-pro-30000","status":"publish","type":"product","link":"https:\/\/agoravape.com\/ro\/product\/saimeo-humo-case-iphone-15-pro-30000\/","title":{"rendered":"Carcas\u0103 Saimeo Humo pentru iPhone 15 Pro 30k (30000 de pufuri) | Carcasa telefonului t\u0103u, plus o \u021bigar\u0103 electronic\u0103 f\u0103r\u0103 probleme"},"content":{"rendered":"<h2 data-v-md-heading=\"what-s-special-about-the-saimeo-humo-iphone-15-pro-30k-30000-port-phone-case\" data-v-md-line=\"3\">Ce este special la husa de telefon Saimeo Humo pentru iPhone 15 Pro 30k cu 30000 porturi?<\/h2>\n<p data-v-md-line=\"5\">Dac\u0103 te-ai s\u0103turat s\u0103 pui \u021big\u0103rile electronice \u00eentr-un buzunar \u0219i telefonul \u00een altul, husa de telefon Saimeo Humo poate rezolva cu u\u0219urin\u021b\u0103 aceast\u0103 problem\u0103. Este o hus\u0103 profesional\u0103 pentru iPhone cu \u021big\u0103ri electronice \u00eencorporate, permi\u021b\u00e2ndu-\u021bi s\u0103 o folose\u0219ti pur \u0219i simplu sco\u021b\u00e2nd telefonul.<\/p>\n<p data-v-md-line=\"7\">Poate c\u0103 vi se pare c\u0103 acest produs este voluminos sau ostentativ, dar filosofia sa de design este de a fi la fel de practic ca obiectele obi\u0219nuite de purtat zilnic. Cu alte cuvinte, este potrivit pentru cei care \u00ee\u0219i doresc comoditate la transport, bun gust \u0219i nu vor s\u0103-\u0219i transforme buzunarele \u00een sertare diverse.<\/p>\n<h2 data-v-md-heading=\"excellent-performance-and-easy-operation\" data-v-md-line=\"9\">Performan\u021b\u0103 excelent\u0103 \u0219i utilizare u\u0219oar\u0103<\/h2>\n<p data-v-md-line=\"11\">Saimeo a echipat acest vape cu o baterie re\u00eenc\u0103rcabil\u0103 de 680mAh \u0219i un port de \u00eenc\u0103rcare Type-C, astfel \u00eenc\u00e2t atunci c\u00e2nd bateria este desc\u0103rcat\u0103, pute\u021bi utiliza acela\u0219i cablu de \u00eenc\u0103rcare ca majoritatea dispozitivelor moderne pentru \u00eenc\u0103rcare. Simplu \u0219i convenabil. Are o capacitate de e-lichid de 13ml \u0219i este conceput cu activare prin aspira\u021bie, nenecesit\u00e2nd butoane sau set\u0103ri. Ia-l \u0219i bucur\u0103-te de pl\u0103cerea de a fuma.<\/p>\n<h2 data-v-md-heading=\"quick-specifications\" data-v-md-line=\"13\">Specifica\u021bii rapide<\/h2>\n<ul data-v-md-line=\"14\">\n<li>Num\u0103r de porturi: p\u00e2n\u0103 la 30000 de porturi<\/li>\n<li>Capacitate e-lichid: 13 mililitri<\/li>\n<li>Baterie: 680mAh (re\u00eenc\u0103rcabil\u0103)<\/li>\n<li>Con\u021binut de nicotin\u0103: 2% sau 5% (\u00een func\u021bie de gust)<\/li>\n<li>Utilizare: Inhala\u021bi pentru activare<\/li>\n<li>Interfa\u021b\u0103 de \u00eenc\u0103rcare: Tip C<\/li>\n<li>Protec\u021bie telefon mobil: A trecut un test de c\u0103dere de la 10 etaje<\/li>\n<li>Stare: Gata de utilizare imediat ce este scoas\u0103 din cutie<\/li>\n<li>Compatibil cu dimensiunile iPhone 12 \u0219i 12 Pro<\/li>\n<\/ul>\n<h2 data-v-md-heading=\"complete-flavor-lineup\" data-v-md-line=\"23\">Gam\u0103 complet\u0103 de arome<\/h2>\n<ul data-v-md-line=\"24\">\n<li>Ghea\u021b\u0103 de pepene verde (5%)<\/li>\n<li>Ghea\u021b\u0103 de afine (5%)<\/li>\n<li>Ment\u0103 Miami (5%)<\/li>\n<li>\u00cenghe\u021bat\u0103 de mere acre (5%)<\/li>\n<li>Triple Berry (5%)<\/li>\n<li>Hawaii (2%)<\/li>\n<li>Fructul pasiunii \u0219i kiwi (2%)<\/li>\n<li>Piersici cu miere (2%)<\/li>\n<\/ul>\n<h2 data-v-md-heading=\"suitable-for-you-and-your-business\" data-v-md-line=\"33\">Potrivit pentru tine \u0219i afacerea ta<\/h2>\n<p data-v-md-line=\"35\">Dac\u0103 dori\u021bi o hus\u0103 de telefon simpl\u0103, u\u0219or de utilizat \u0219i portabil\u0103, pute\u021bi comanda husa de telefon Saimeo Humo pentru iPhone 15 Pro 30k pentru uz personal. Dac\u0103 achizi\u021biona\u021bi pentru rev\u00e2nzare, acest produs este, de asemenea, foarte potrivit pentru a fi expus pe tejghea, deoarece oamenii \u00eei pot \u00een\u021belege valoarea dintr-o privire.<\/p>\n<p data-v-md-line=\"37\">Ave\u021bi nevoie de ajutor pentru planificarea comenzilor en-gros sau pentru selectarea combina\u021biilor de arome potrivite? V\u0103 rug\u0103m s\u0103 contacta\u021bi echipa AgoraVape, v\u0103 vom oferi \u00eendrumare profesional\u0103 \u0219i vom comunica cu companii de logistic\u0103 de \u00eencredere, cum ar fi UPS, DPD \u0219i DHL, pentru a asigura o livrare f\u0103r\u0103 probleme.<\/p>\n<h2 data-v-md-heading=\"the-reason-why-you-will-like-it\" data-v-md-line=\"39\">Motivul pentru care \u00ee\u021bi va pl\u0103cea<\/h2>\n<ul data-v-md-line=\"40\">\n<li>Integrat \u0219i convenabil: \u021bigara electronic\u0103 este plasat\u0103 \u00eempreun\u0103 cu telefonul, a\u0219a c\u0103 este pu\u021bin probabil s\u0103 ui\u021bi s\u0103 o iei cu tine.<\/li>\n<li>Durabil \u0219i de lung\u0103 durat\u0103: Durabil \u0219i de lung\u0103 durat\u0103, f\u0103r\u0103 a fi nevoie de \u00eenlocuire frecvent\u0103.<\/li>\n<li>Selectarea concentra\u021biei de nicotin\u0103: \u00cen func\u021bie de preferin\u021bele dumneavoastr\u0103 gustative, alege\u021bi o concentra\u021bie de nicotin\u0103 de 2% sau 5%.<\/li>\n<li>Baterie re\u00eenc\u0103rcabil\u0103 de tip C: v\u0103 permite s\u0103 utiliza\u021bi pe deplin lichidul electronic achizi\u021bionat \u0219i s\u0103 evita\u021bi aruncarea prematur\u0103.<\/li>\n<li>Protec\u021bie real\u0103: Designul carcasei de protec\u021bie, care a fost supus testelor de c\u0103dere, v\u0103 ofer\u0103 lini\u0219te sufleteasc\u0103 \u00een utilizarea zilnic\u0103.<\/li>\n<\/ul>\n<h2 data-v-md-heading=\"why-choose-agoravape\" data-v-md-line=\"46\">De ce s\u0103 alegi AgoraVape?<\/h2>\n<p data-v-md-line=\"48\">Ne concentr\u0103m pe furnizarea de solu\u021bii directe \u0219i eficiente \u0219i a unui stoc autentic. Achizi\u021bion\u00e2nd produse de pe AgoraVape, ve\u021bi primi o garan\u021bie 100% autentic\u0103, asisten\u021b\u0103 clien\u021bi prompt\u0103 \u0219i livrare logistic\u0103 fiabil\u0103. Dac\u0103 dori\u021bi s\u0103 vinde\u021bi o hus\u0103 Saimeo Humo pentru iPhone 15 Pro (capacitate 30k, poate con\u021bine 30000 de pufuri), v\u0103 rug\u0103m s\u0103 ne contacta\u021bi \u0219i v\u0103 vom ajuta s\u0103 crea\u021bi o comand\u0103 care s\u0103-i fac\u0103 pe clien\u021bi s\u0103 revin\u0103.<\/p>","protected":false},"excerpt":{"rendered":"<p>Ce este special la cazul Saimeo Humo iPhone 15 Pro 30k 30000 port telefon? Dac\u0103 v-a\u021bi s\u0103turat s\u0103 pune\u021bi<\/p>","protected":false},"featured_media":22089,"comment_status":"open","ping_status":"closed","template":"","meta":[],"product_brand":[1663],"product_cat":[124,185,189,1637,174,191,1666,179,173,186,180,190],"product_tag":[],"class_list":{"0":"post-23827","1":"product","2":"type-product","3":"status-publish","4":"has-post-thumbnail","6":"product_brand-saimeo","7":"product_cat-vape-by-brand","8":"product_cat-10000-puffs-high-capacity","9":"product_cat-20mg-standard-nicotine-vapes","10":"product_cat-30000-puffs","11":"product_cat-fruit-flavors","12":"product_cat-rechargeable-disposables","13":"product_cat-saimeo","14":"product_cat-unique-blends","15":"product_cat-vape-by-flavor-profile","16":"product_cat-vape-by-nicotine-strength","17":"product_cat-vape-by-puff-count","18":"product_cat-vape-by-feature-or-type","20":"first","21":"instock","22":"shipping-taxable","23":"purchasable","24":"product-type-variable","25":"has-default-attributes"},"tiered_pricing_type":"percentage","tiered_pricing_fixed_rules":[],"tiered_pricing_product_settings":{"layout":"default","base_unit_name":{"singular":null,"plural":null},"default_variation":null},"tiered_pricing_minimum_quantity":10,"tiered_pricing_roles_data":[],"tiered_pricing_percentage_rules":{"30":"29","50":"35","100":"40","200":"44","500":"47","1000":"49"},"tiered_pricing_maximum_quantity":null,"tiered_pricing_quantity_step":"10","_links":{"self":[{"href":"https:\/\/agoravape.com\/ro\/wp-json\/wp\/v2\/product\/23827","targetHints":{"allow":["GET"]}}],"collection":[{"href":"https:\/\/agoravape.com\/ro\/wp-json\/wp\/v2\/product"}],"about":[{"href":"https:\/\/agoravape.com\/ro\/wp-json\/wp\/v2\/types\/product"}],"replies":[{"embeddable":true,"href":"https:\/\/agoravape.com\/ro\/wp-json\/wp\/v2\/comments?post=23827"}],"version-history":[{"count":0,"href":"https:\/\/agoravape.com\/ro\/wp-json\/wp\/v2\/product\/23827\/revisions"}],"wp:featuredmedia":[{"embeddable":true,"href":"https:\/\/agoravape.com\/ro\/wp-json\/wp\/v2\/media\/22089"}],"wp:attachment":[{"href":"https:\/\/agoravape.com\/ro\/wp-json\/wp\/v2\/media?parent=23827"}],"wp:term":[{"taxonomy":"product_brand","embeddable":true,"href":"https:\/\/agoravape.com\/ro\/wp-json\/wp\/v2\/product_brand?post=23827"},{"taxonomy":"product_cat","embeddable":true,"href":"https:\/\/agoravape.com\/ro\/wp-json\/wp\/v2\/product_cat?post=23827"},{"taxonomy":"product_tag","embeddable":true,"href":"https:\/\/agoravape.com\/ro\/wp-json\/wp\/v2\/product_tag?post=23827"}],"curies":[{"name":"wp","href":"https:\/\/api.w.org\/{rel}","templated":true}]}}