{"id":23840,"date":"2026-01-25T14:47:58","date_gmt":"2026-01-25T06:47:58","guid":{"rendered":"https:\/\/agoravape.com\/?post_type=product&#038;p=23840"},"modified":"2026-03-26T13:22:25","modified_gmt":"2026-03-26T12:22:25","slug":"saimeo-humo-caz-iphone-14-30000-puffs","status":"publish","type":"product","link":"https:\/\/agoravape.com\/ro\/product\/saimeo-humo-case-iphone-14-30000-puffs\/","title":{"rendered":"Carcas\u0103 Saimeo Humo pentru iPhone 14 Pro 30k 30000 de pufuri | Protec\u021bie telefon + \u021bigar\u0103 electronic\u0103 re\u00eenc\u0103rcabil\u0103, simpl\u0103"},"content":{"rendered":"<h2 data-v-md-heading=\"what-s-special-about-the-saimeo-humo-iphone-14-pro-case-30k-30000-ports\" data-v-md-line=\"3\">Ce este special la carcasa Saimeo Humo pentru iPhone 14 Pro, cu 30k\/30000 de porturi?<\/h2>\n<p data-v-md-line=\"5\">Dac\u0103 te-ai s\u0103turat s\u0103 ai telefonul \u0219i vaporizatorul \u00een dou\u0103 buzunare separate, atunci husa de telefon Saimeo Humo este f\u0103cut\u0103 special pentru tine. Este o hus\u0103 pentru iPhone 14 Pro cu vaporizator de unic\u0103 folosin\u021b\u0103 \u00eencorporat. Metoda de utilizare este aceea\u0219i ca la o hus\u0103 de telefon obi\u0219nuit\u0103, trebuie doar s\u0103 o prinzi pe telefon \u0219i s\u0103 o aplici direct c\u00e2nd dore\u0219ti. Nu sunt necesare butoane, nu sunt necesare opera\u021biuni plictisitoare.<\/p>\n<p data-v-md-line=\"7\">S-ar putea s\u0103 crede\u021bi c\u0103, av\u00e2nd o capacitate de p\u00e2n\u0103 la 30000 de porturi, husa telefonului ar trebui s\u0103 fie grea, dar conceptul de design al acestei huse este tocmai comoditatea. Este conceput\u0103 special pentru utilizatorii care \u00ee\u0219i doresc simplitate, u\u0219urin\u021b\u0103 \u00een utilizare \u0219i nu vor s\u0103 cumpere dispozitive noi la fiecare c\u00e2teva zile.<\/p>\n<h2 data-v-md-heading=\"excellent-performance-and-easy-operation\" data-v-md-line=\"9\">Performan\u021b\u0103 excelent\u0103 \u0219i utilizare u\u0219oar\u0103<\/h2>\n<p data-v-md-line=\"11\">Conceptul de design al Saimeo este foarte simplu: inhaleaz\u0103 pentru a activa, deschide imediat. C\u00e2nd bateria este desc\u0103rcat\u0103, poate fi \u00eenc\u0103rcat\u0103 prin interfa\u021ba Type-C, permi\u021b\u00e2ndu-\u021bi s\u0103 continui s\u0103 utilizezi e-lichidul achizi\u021bionat \u0219i s\u0103 evi\u021bi risipa prematur\u0103. \u00cen plus, are \u0219i un design robust, comparabil cu husele de telefon profesionale, a trecut un test de c\u0103dere de la 10 etaje \u0219i nu este doar un produs trucat ata\u0219at pe spatele unui iPhone.<\/p>\n<h2 data-v-md-heading=\"quick-specifications\" data-v-md-line=\"13\">Specifica\u021bii rapide<\/h2>\n<ul data-v-md-line=\"14\">\n<li>Num\u0103r de porturi: p\u00e2n\u0103 la 30000 de porturi<\/li>\n<li>Capacitate e-lichid: 13 mililitri<\/li>\n<li>Capacitatea bateriei: 680mAh<\/li>\n<li>Nicotine content: 5%<\/li>\n<li>Utilizare: Inhala\u021bi pentru activare<\/li>\n<li>Interfa\u021b\u0103 de \u00eenc\u0103rcare: Interfa\u021b\u0103 de tip C<\/li>\n<li>Dimensiunea echipamentului: 75,8 \u00d7 21,92 \u00d7 166,66 milimetri<\/li>\n<li>Performan\u021b\u0103 anti-c\u0103dere: Testat s\u0103 reziste la o c\u0103dere de la o \u00een\u0103l\u021bime de 10 etaje<\/li>\n<li>Gata de utilizare imediat ce este scos din cutie:<\/li>\n<\/ul>\n<h2 data-v-md-heading=\"complete-flavor-lineup\" data-v-md-line=\"24\">Gam\u0103 complet\u0103 de arome<\/h2>\n<ul data-v-md-line=\"25\">\n<li>Ghea\u021b\u0103 de pepene verde<\/li>\n<li>Ghea\u021b\u0103 de afine<\/li>\n<li>Monet\u0103ria din Miami<\/li>\n<li>\u00cenghe\u021bat\u0103 de mere acre<\/li>\n<li>Trio Berry<\/li>\n<\/ul>\n<h2 data-v-md-heading=\"suitable-for-you-and-your-business\" data-v-md-line=\"31\">Potrivit pentru tine \u0219i afacerea ta<\/h2>\n<p data-v-md-line=\"33\">Dac\u0103 \u00ee\u021bi dore\u0219ti o hus\u0103 de telefon care s\u0103 fie at\u00e2t distractiv\u0103, c\u00e2t \u0219i practic\u0103, Saimeo Humo iPhone 14 Pro 30k este alegerea ideal\u0103. Dac\u0103 e\u0219ti comerciant cu am\u0103nuntul, aceast\u0103 hus\u0103 de telefon este, de asemenea, u\u0219or de depozitat \u0219i transportat: ambalat\u0103 \u00een cutie de 5 buc\u0103\u021bi, \u00eentreaga cutie poate con\u021bine 100 de buc\u0103\u021bi (dimensiunea cutiei: 47,8 \u00d7 32,4 \u00d7 41,5 cm, greutatea cutiei: 15,59 kg).<\/p>\n<p data-v-md-line=\"35\">Dac\u0103 achizi\u021biona\u021bi din Europa, livrarea fiabil\u0103 este crucial\u0103. Prin urmare, ne concentr\u0103m pe colaborarea cu transportatori de \u00eencredere pentru a oferi op\u021biuni de livrare clare \u0219i pentru a ne asigura c\u0103 nu \u00eent\u00e2mpina\u021bi situa\u021bii neprev\u0103zute.<\/p>\n<h2 data-v-md-heading=\"the-reason-why-you-will-like-it\" data-v-md-line=\"37\">Motivul pentru care \u00ee\u021bi va pl\u0103cea<\/h2>\n<ul data-v-md-line=\"38\">\n<li>Durabil \u0219i de lung\u0103 durat\u0103: Durabil \u0219i de lung\u0103 durat\u0103, f\u0103r\u0103 a fi nevoie de \u00eenlocuire frecvent\u0103.<\/li>\n<li>Re\u00eenc\u0103rcabil\u0103: Designul de \u00eenc\u0103rcare de tip C v\u0103 ajut\u0103 s\u0103 consuma\u021bi cu u\u0219urin\u021b\u0103 e-lichidul.<\/li>\n<li>Activare prin inhalare: F\u0103r\u0103 butoane, nu este necesar\u0103 \u00eenv\u0103\u021barea, u\u0219or \u0219i convenabil.<\/li>\n<li>Carcas\u0103 de protec\u021bie autentic\u0103: Conceput\u0103 special pentru a v\u0103 proteja telefonul, nu doar pentru a \u021bine \u021big\u0103rile electronice.<\/li>\n<li>Selec\u021bie bogat\u0103 de arome: Serie de arome simple \u0219i familiare, u\u0219or de v\u00e2ndut \u0219i de cump\u0103rat.<\/li>\n<\/ul>\n<h2 data-v-md-heading=\"why-choose-to-collaborate-with-agoravape\" data-v-md-line=\"44\">De ce s\u0103 alegi s\u0103 colaborezi cu AgoraVape?<\/h2>\n<p data-v-md-line=\"46\">La AgoraVape, respect\u0103m \u00eentotdeauna cele mai importante principii: garan\u021bie 100% autentic\u0103 a produsului, r\u0103spunsuri sincere la \u00eentreb\u0103ri \u0219i oferirea de garan\u021bii fiabile de aprovizionare pentru clien\u021bii europeni. Pentru cump\u0103r\u0103torii corporativi, aceasta \u00eenseamn\u0103 solu\u021bii en-gros extrem de competitive, asisten\u021b\u0103 pentru clien\u021bi prompt\u0103 \u0219i op\u021biuni flexibile de livrare, facilit\u00e2nd aranjarea flexibil\u0103. Dori\u021bi s\u0103 achizi\u021biona\u021bi huse de telefon Saimeo Humo pentru iPhone 14 Pro 30k 30000 porturi? V\u0103 rug\u0103m s\u0103 ne contacta\u021bi \u0219i vom personaliza cel mai bun plan de magazin pentru dvs.<\/p>","protected":false},"excerpt":{"rendered":"<p>Ce este special la husa Saimeo Humo iPhone 14 Pro, 30k\/30000 porturi? Dac\u0103 v-a\u021bi s\u0103turat s\u0103 ave\u021bi telefonul dvs. \u0219i<\/p>","protected":false},"featured_media":22105,"comment_status":"open","ping_status":"closed","template":"","meta":[],"product_brand":[1663],"product_cat":[124,185,189,1637,174,191,1666,179,173,186,180,190],"product_tag":[],"class_list":{"0":"post-23840","1":"product","2":"type-product","3":"status-publish","4":"has-post-thumbnail","6":"product_brand-saimeo","7":"product_cat-vape-by-brand","8":"product_cat-10000-puffs-high-capacity","9":"product_cat-20mg-standard-nicotine-vapes","10":"product_cat-30000-puffs","11":"product_cat-fruit-flavors","12":"product_cat-rechargeable-disposables","13":"product_cat-saimeo","14":"product_cat-unique-blends","15":"product_cat-vape-by-flavor-profile","16":"product_cat-vape-by-nicotine-strength","17":"product_cat-vape-by-puff-count","18":"product_cat-vape-by-feature-or-type","20":"first","21":"instock","22":"shipping-taxable","23":"purchasable","24":"product-type-variable","25":"has-default-attributes"},"tiered_pricing_type":"percentage","tiered_pricing_fixed_rules":[],"tiered_pricing_product_settings":{"layout":"default","base_unit_name":{"singular":null,"plural":null},"default_variation":null},"tiered_pricing_minimum_quantity":10,"tiered_pricing_roles_data":[],"tiered_pricing_percentage_rules":{"30":"29","50":"35","100":"40","200":"44","500":"47","1000":"49"},"tiered_pricing_maximum_quantity":null,"tiered_pricing_quantity_step":"10","_links":{"self":[{"href":"https:\/\/agoravape.com\/ro\/wp-json\/wp\/v2\/product\/23840","targetHints":{"allow":["GET"]}}],"collection":[{"href":"https:\/\/agoravape.com\/ro\/wp-json\/wp\/v2\/product"}],"about":[{"href":"https:\/\/agoravape.com\/ro\/wp-json\/wp\/v2\/types\/product"}],"replies":[{"embeddable":true,"href":"https:\/\/agoravape.com\/ro\/wp-json\/wp\/v2\/comments?post=23840"}],"version-history":[{"count":0,"href":"https:\/\/agoravape.com\/ro\/wp-json\/wp\/v2\/product\/23840\/revisions"}],"wp:featuredmedia":[{"embeddable":true,"href":"https:\/\/agoravape.com\/ro\/wp-json\/wp\/v2\/media\/22105"}],"wp:attachment":[{"href":"https:\/\/agoravape.com\/ro\/wp-json\/wp\/v2\/media?parent=23840"}],"wp:term":[{"taxonomy":"product_brand","embeddable":true,"href":"https:\/\/agoravape.com\/ro\/wp-json\/wp\/v2\/product_brand?post=23840"},{"taxonomy":"product_cat","embeddable":true,"href":"https:\/\/agoravape.com\/ro\/wp-json\/wp\/v2\/product_cat?post=23840"},{"taxonomy":"product_tag","embeddable":true,"href":"https:\/\/agoravape.com\/ro\/wp-json\/wp\/v2\/product_tag?post=23840"}],"curies":[{"name":"wp","href":"https:\/\/api.w.org\/{rel}","templated":true}]}}