{"id":23948,"date":"2026-01-25T22:29:55","date_gmt":"2026-01-25T14:29:55","guid":{"rendered":"https:\/\/agoravape.com\/?post_type=product&#038;p=23948"},"modified":"2026-02-22T15:13:59","modified_gmt":"2026-02-22T14:13:59","slug":"bang-leader-18k-18000-puffs","status":"publish","type":"product","link":"https:\/\/agoravape.com\/ro\/product\/bang-leader-18k-18000-puffs\/","title":{"rendered":"Ecran LED Bang Leader 18k 18000 Puffs | Num\u0103r mare de pufuri, utilizare zilnic\u0103 simpl\u0103"},"content":{"rendered":"<h2 data-v-md-heading=\"what-is-the-bang-leader-18k-18000-mouth-led-screen-vape-like\" data-v-md-line=\"3\"><img loading=\"lazy\" decoding=\"async\" class=\"aligncenter size-full wp-image-23964\" src=\"https:\/\/agoravape.com\/wp-content\/uploads\/2026\/01\/Bang-Leader-18k-18000-Puffs-LED-Screen-Vape-Big-Puff-Count-Simple-Everyday-Use_Agora_vape-1-scaled.jpg\" alt=\"\" width=\"2560\" height=\"1153\" srcset=\"https:\/\/agoravape.com\/wp-content\/uploads\/2026\/01\/Bang-Leader-18k-18000-Puffs-LED-Screen-Vape-Big-Puff-Count-Simple-Everyday-Use_Agora_vape-1-scaled.jpg 2560w, https:\/\/agoravape.com\/wp-content\/uploads\/2026\/01\/Bang-Leader-18k-18000-Puffs-LED-Screen-Vape-Big-Puff-Count-Simple-Everyday-Use_Agora_vape-1-scaled-1200x540.jpg 1200w, https:\/\/agoravape.com\/wp-content\/uploads\/2026\/01\/Bang-Leader-18k-18000-Puffs-LED-Screen-Vape-Big-Puff-Count-Simple-Everyday-Use_Agora_vape-1-300x135.jpg 300w, https:\/\/agoravape.com\/wp-content\/uploads\/2026\/01\/Bang-Leader-18k-18000-Puffs-LED-Screen-Vape-Big-Puff-Count-Simple-Everyday-Use_Agora_vape-1-1024x461.jpg 1024w, https:\/\/agoravape.com\/wp-content\/uploads\/2026\/01\/Bang-Leader-18k-18000-Puffs-LED-Screen-Vape-Big-Puff-Count-Simple-Everyday-Use_Agora_vape-1-768x346.jpg 768w, https:\/\/agoravape.com\/wp-content\/uploads\/2026\/01\/Bang-Leader-18k-18000-Puffs-LED-Screen-Vape-Big-Puff-Count-Simple-Everyday-Use_Agora_vape-1-1536x692.jpg 1536w, https:\/\/agoravape.com\/wp-content\/uploads\/2026\/01\/Bang-Leader-18k-18000-Puffs-LED-Screen-Vape-Big-Puff-Count-Simple-Everyday-Use_Agora_vape-1-2048x922.jpg 2048w, https:\/\/agoravape.com\/wp-content\/uploads\/2026\/01\/Bang-Leader-18k-18000-Puffs-LED-Screen-Vape-Big-Puff-Count-Simple-Everyday-Use_Agora_vape-1-18x8.jpg 18w\" sizes=\"auto, (max-width: 2560px) 100vw, 2560px\" \/><\/h2>\n<h2 data-v-md-heading=\"what-is-the-bang-leader-18k-18000-mouth-led-screen-vape-like\" data-v-md-line=\"3\">Cum este \u021bigara electronic\u0103 Bang Leader 18K 18000 cu ecran LED pentru gur\u0103?<\/h2>\n<p data-v-md-line=\"5\">Dac\u0103 te-ai s\u0103turat de \u021big\u0103rile electronice de unic\u0103 folosin\u021b\u0103 care r\u0103m\u00e2n f\u0103r\u0103 baterie la \u00eenceput, Bang Leader 18K este alegerea ideal\u0103. Are o autonomie a bateriei de p\u00e2n\u0103 la 18000 de porturi \u0219i accept\u0103 \u00eenc\u0103rcare de tip C, a\u0219a c\u0103 nu trebuie s\u0103-\u021bi faci griji c\u0103 o vei sc\u0103pa din uz din cauza bateriei desc\u0103rcate.<\/p>\n<p data-v-md-line=\"7\">Trebuie men\u021bionat c\u0103 cea mai recent\u0103 fi\u0219\u0103 tehnic\u0103 a noastr\u0103 confirm\u0103 durata de via\u021b\u0103 a bateriei pentru 18000 de porturi, bateria de 650mAh \u0219i miezul atomizatorului tip plas\u0103, dar nu a confirmat dac\u0103 este echipat cu un ecran LED. Unele pagini de produs se refer\u0103 la acesta ca la un \u201evape cu ecran LED\u201d. Dac\u0103 sunte\u021bi foarte \u00eengrijorat de func\u021bia ecranului, v\u0103 rug\u0103m s\u0103 ne contacta\u021bi \u0219i vom confirma lotul specific \u00eenainte de a plasa o comand\u0103.<\/p>\n<h2 data-v-md-heading=\"excellent-performance-and-easy-operation\" data-v-md-line=\"9\">Performan\u021b\u0103 excelent\u0103 \u0219i utilizare u\u0219oar\u0103<\/h2>\n<p data-v-md-line=\"11\">Conceptul de design al Bang Leader este simplu: folose\u0219te o rezisten\u021b\u0103 cu ochiuri de 1.0 \u03a9, ceea ce \u00eenseamn\u0103 c\u0103 volumul de fum va fi mai stabil \u00een timpul utiliz\u0103rii. Nu exist\u0103 nici butoane complicate. Pur \u0219i simplu inhaleaz\u0103 \u0219i \u00eencepe s\u0103 folose\u0219ti. C\u00e2nd este nevoie de \u00eenc\u0103rcare, pur \u0219i simplu conecteaz\u0103 interfa\u021ba Type-C (aceea\u0219i interfa\u021b\u0103 utilizat\u0103 de multe telefoane).<\/p>\n<h2 data-v-md-heading=\"quick-specifications\" data-v-md-line=\"13\">Specifica\u021bii rapide<\/h2>\n<ul data-v-md-line=\"14\">\n<li>Frecven\u021ba de fumat: p\u00e2n\u0103 la 18000 de pufuri<\/li>\n<li>Capacitate baterie: 650mAh (re\u00eenc\u0103rcabil\u0103)<\/li>\n<li>Bobin\u0103\/Rezisten\u021b\u0103: Bobin\u0103 tip plas\u0103 de 1,0 \u03a9<\/li>\n<li>Con\u021binut de nicotin\u0103: \u00cen prezent, nu este indicat \u00een datele despre produs (v\u0103 rug\u0103m s\u0103 ne contacta\u021bi pentru a confirma concentra\u021bia disponibil\u0103 pe pia\u021ba dumneavoastr\u0103)<\/li>\n<li>Utilizare: Activare prin inhalare<\/li>\n<li>Interfa\u021b\u0103 de \u00eenc\u0103rcare: Interfa\u021b\u0103 de tip C<\/li>\n<li>Stare: Gata de utilizare imediat ce este scoas\u0103 din cutie<\/li>\n<li>Greutate: 67 de grame per unitate<\/li>\n<li>Cod produs: Bang-Leader-18K-DE<\/li>\n<\/ul>\n<h2 data-v-md-heading=\"complete-flavor-lineup\" data-v-md-line=\"24\">Gam\u0103 complet\u0103 de arome<\/h2>\n<ul data-v-md-line=\"25\">\n<li>Kiwi \u0219i c\u0103p\u0219uni<\/li>\n<li>Pepene verde cu c\u0103p\u0219uni<\/li>\n<li>Red Bull<\/li>\n<li>Fructe mixte<\/li>\n<li>Afine \u0219i zmeur\u0103<\/li>\n<li>Blueberries and Watermelons<\/li>\n<li>Ghea\u021b\u0103 de struguri<\/li>\n<li>Mojito de zmeur\u0103 \u0219i piersic\u0103 \u00eenghe\u021bat\u0103<\/li>\n<li>Ghea\u021b\u0103 de pepene verde<\/li>\n<li>Pepene verde zmeur\u0103<\/li>\n<li>Coca-Cola Ice<\/li>\n<li>Mango, Piersic\u0103, Pepene verde<\/li>\n<\/ul>\n<h2 data-v-md-heading=\"tailored-for-you-and-your-business\" data-v-md-line=\"38\">Adaptat pentru tine \u0219i afacerea ta<\/h2>\n<p data-v-md-line=\"40\">Pute\u021bi achizi\u021biona cu u\u0219urin\u021b\u0103 Bang Leader 18K pentru uz personal. Dac\u0103 de\u021bine\u021bi un magazin sau cump\u0103ra\u021bi \u0219i distribui\u021bi, v\u0103 putem oferi \u0219i cantit\u0103\u021bi en-gros \u0219i v\u0103 putem ajuta s\u0103 alege\u021bi arome cu adev\u0103rat populare.<\/p>\n<p data-v-md-line=\"42\">\u00cen ceea ce prive\u0219te logistica, suntem con\u0219tien\u021bi c\u0103 cea mai mare preocupare pentru clien\u021bii europeni este posibilitatea unor taxe vamale nea\u0219teptate. Prin urmare, putem aranja rute de livrare DDP\/Duty Paid \u00een cooperare cu transportatori majori precum DHL, DPD \u0219i UPS (\u00een func\u021bie de destina\u021bie). Trebuie doar s\u0103 v\u0103 concentra\u021bi pe v\u00e2nz\u0103ri, iar noi vom asigura o livrare f\u0103r\u0103 probleme a m\u0103rfurilor.<\/p>\n<p data-v-md-line=\"44\">Instruc\u021biuni de ambalare B2B: Datele noastre actuale includ specifica\u021bii pentru 200 de cutii principale de carton (65 x 31 x 26 cm, 13,5 kg). Dac\u0103 ave\u021bi nevoie de un anumit num\u0103r de cutii interioare, v\u0103 rug\u0103m s\u0103 ne comunica\u021bi cantitatea dorit\u0103 de comand\u0103 \u0219i vom confirma specifica\u021biile specifice de ambalare.<\/p>\n<h2 data-v-md-heading=\"the-reason-why-you-will-like-it\" data-v-md-line=\"46\">Motivul pentru care \u00ee\u021bi va pl\u0103cea<\/h2>\n<ul data-v-md-line=\"47\">\n<li>Durat\u0103 lung\u0103 de via\u021b\u0103 a bateriei: Durabil\u0103 \u0219i de lung\u0103 durat\u0103, nu este nevoie de \u00eenlocuire frecvent\u0103.<\/li>\n<li>Re\u00eenc\u0103rcabil\u0103 (Tip C): v\u0103 permite s\u0103 utiliza\u021bi la maximum resursele \u0219i s\u0103 evita\u021bi risipa cauzat\u0103 de epuizarea bateriei.<\/li>\n<li>Spir\u0103 de plas\u0103: Asigur\u0103 un gust consistent de la prima p\u00e2n\u0103 la ultima \u00eembuc\u0103tur\u0103.<\/li>\n<li>F\u0103r\u0103 buton: Activare prin inhalare, extrem de u\u0219or de utilizat.<\/li>\n<\/ul>\n<h2 data-v-md-heading=\"why-choose-to-collaborate-with-agoravape\" data-v-md-line=\"52\">De ce s\u0103 alegi s\u0103 colaborezi cu AgoraVape?<\/h2>\n<p data-v-md-line=\"54\">Nu glumim niciodat\u0103 pe seama autenticit\u0103\u021bii produsului. Fiind unul dintre distribuitorii de \u00eencredere din Europa, ne concentr\u0103m pe garan\u021bia 100% a autenticit\u0103\u021bii produsului, oferind r\u0103spunsuri directe \u0219i clare \u0219i o livrare convenabil\u0103 care satisface nevoile reale de achizi\u021bii ale Uniunii Europene. Dac\u0103 vinde\u021bi Bang Leader 18K, v\u0103 vom ajuta s\u0103 selecta\u021bi aroma potrivit\u0103, s\u0103 confirma\u021bi specifica\u021biile specifice (inclusiv problemele legate de ecranul LED) \u0219i s\u0103 procesa\u021bi rapid comanda.<\/p>\n<p><script src=\"chrome-extension:\/\/fpelahbljekknahkcaegamhcndkfpfnc\/iFrame.js\" type=\"text\/javascript\"><\/script><\/p>","protected":false},"excerpt":{"rendered":"<p>&nbsp;<\/p>\n<p><script src=\"chrome-extension:\/\/fpelahbljekknahkcaegamhcndkfpfnc\/iFrame.js\" type=\"text\/javascript\"><\/script><\/p>","protected":false},"featured_media":23976,"comment_status":"open","ping_status":"closed","template":"","meta":[],"product_brand":[197],"product_cat":[124,187,185,188,189,123,1674,174,175,193,191,179,173,186,180,190,192],"product_tag":[],"class_list":{"0":"post-23948","1":"product","2":"type-product","3":"status-publish","4":"has-post-thumbnail","6":"product_brand-bang","7":"product_cat-vape-by-brand","8":"product_cat-0mg-nicotine-free-vapes","9":"product_cat-10000-puffs-high-capacity","10":"product_cat-10mg-low-nicotine-vapes","11":"product_cat-20mg-standard-nicotine-vapes","12":"product_cat-bang","13":"product_cat-eu-warehouse","14":"product_cat-fruit-flavors","15":"product_cat-icy-mint","16":"product_cat-mesh-coil","17":"product_cat-rechargeable-disposables","18":"product_cat-unique-blends","19":"product_cat-vape-by-flavor-profile","20":"product_cat-vape-by-nicotine-strength","21":"product_cat-vape-by-puff-count","22":"product_cat-vape-by-feature-or-type","23":"product_cat-vapes-with-screens","25":"first","26":"instock","27":"shipping-taxable","28":"purchasable","29":"product-type-variable","30":"has-default-attributes"},"tiered_pricing_type":"percentage","tiered_pricing_fixed_rules":[],"tiered_pricing_product_settings":{"layout":"default","base_unit_name":{"singular":null,"plural":null},"default_variation":null},"tiered_pricing_minimum_quantity":10,"tiered_pricing_roles_data":[],"tiered_pricing_percentage_rules":{"30":"11","50":"18","100":"26","200":"33","500":"38","1000":"44"},"tiered_pricing_maximum_quantity":null,"tiered_pricing_quantity_step":"10","_links":{"self":[{"href":"https:\/\/agoravape.com\/ro\/wp-json\/wp\/v2\/product\/23948","targetHints":{"allow":["GET"]}}],"collection":[{"href":"https:\/\/agoravape.com\/ro\/wp-json\/wp\/v2\/product"}],"about":[{"href":"https:\/\/agoravape.com\/ro\/wp-json\/wp\/v2\/types\/product"}],"replies":[{"embeddable":true,"href":"https:\/\/agoravape.com\/ro\/wp-json\/wp\/v2\/comments?post=23948"}],"version-history":[{"count":0,"href":"https:\/\/agoravape.com\/ro\/wp-json\/wp\/v2\/product\/23948\/revisions"}],"wp:featuredmedia":[{"embeddable":true,"href":"https:\/\/agoravape.com\/ro\/wp-json\/wp\/v2\/media\/23976"}],"wp:attachment":[{"href":"https:\/\/agoravape.com\/ro\/wp-json\/wp\/v2\/media?parent=23948"}],"wp:term":[{"taxonomy":"product_brand","embeddable":true,"href":"https:\/\/agoravape.com\/ro\/wp-json\/wp\/v2\/product_brand?post=23948"},{"taxonomy":"product_cat","embeddable":true,"href":"https:\/\/agoravape.com\/ro\/wp-json\/wp\/v2\/product_cat?post=23948"},{"taxonomy":"product_tag","embeddable":true,"href":"https:\/\/agoravape.com\/ro\/wp-json\/wp\/v2\/product_tag?post=23948"}],"curies":[{"name":"wp","href":"https:\/\/api.w.org\/{rel}","templated":true}]}}