{"id":23979,"date":"2026-01-25T23:10:29","date_gmt":"2026-01-25T15:10:29","guid":{"rendered":"https:\/\/agoravape.com\/?post_type=product&#038;p=23979"},"modified":"2026-03-30T09:17:48","modified_gmt":"2026-03-30T07:17:48","slug":"aaok-h127-ak110k-110000-cap-de-narghilea-de-unica-folosinta","status":"publish","type":"product","link":"https:\/\/agoravape.com\/ro\/product\/aaok-h127-ak110k-110000-disposable-hookah-head\/","title":{"rendered":"AAOK H127-AK110K 110000 Cap de narghilea de unic\u0103 folosin\u021b\u0103 Flux de aer reglabil"},"content":{"rendered":"<p data-v-md-line=\"1\"><img loading=\"lazy\" decoding=\"async\" class=\"aligncenter size-full wp-image-24007\" src=\"https:\/\/agoravape.com\/wp-content\/uploads\/2026\/01\/AAOK-H127-AK110K-110000-Disposable-Hookah-Head-Adjustable-airflow_Agora.webp\" alt=\"\" width=\"1280\" height=\"1654\" srcset=\"https:\/\/agoravape.com\/wp-content\/uploads\/2026\/01\/AAOK-H127-AK110K-110000-Disposable-Hookah-Head-Adjustable-airflow_Agora.webp 1280w, https:\/\/agoravape.com\/wp-content\/uploads\/2026\/01\/AAOK-H127-AK110K-110000-Disposable-Hookah-Head-Adjustable-airflow_Agora-1200x1551.webp 1200w, https:\/\/agoravape.com\/wp-content\/uploads\/2026\/01\/AAOK-H127-AK110K-110000-Disposable-Hookah-Head-Adjustable-airflow_Agora-232x300.webp 232w, https:\/\/agoravape.com\/wp-content\/uploads\/2026\/01\/AAOK-H127-AK110K-110000-Disposable-Hookah-Head-Adjustable-airflow_Agora-792x1024.webp 792w, https:\/\/agoravape.com\/wp-content\/uploads\/2026\/01\/AAOK-H127-AK110K-110000-Disposable-Hookah-Head-Adjustable-airflow_Agora-768x992.webp 768w, https:\/\/agoravape.com\/wp-content\/uploads\/2026\/01\/AAOK-H127-AK110K-110000-Disposable-Hookah-Head-Adjustable-airflow_Agora-1189x1536.webp 1189w, https:\/\/agoravape.com\/wp-content\/uploads\/2026\/01\/AAOK-H127-AK110K-110000-Disposable-Hookah-Head-Adjustable-airflow_Agora-9x12.webp 9w\" sizes=\"auto, (max-width: 1280px) 100vw, 1280px\" \/><\/p>\n<p data-v-md-line=\"1\">AAOK H127-AK110K redefine\u0219te experien\u021ba narghilelei electronice. Nu este doar un vaporizator electronic, ci un upgrade perfect \u0219i un \u00eenlocuitor pentru narghileaua tradi\u021bional\u0103. Cu o putere uimitoare de 110.000 de pufuri \u0219i un design inovator rotativ cu arom\u0103 dubl\u0103, acesta \u00eembin\u0103 perfect produc\u021bia mare de vapori (DTL) cu un profil de arom\u0103 fin (MTL), aduc\u00e2nd confort \u0219i pl\u0103cere f\u0103r\u0103 precedent pasiona\u021bilor de narghile.<\/p>\n<p><a href=\"https:\/\/agoravape.com\/wp-content\/uploads\/2026\/01\/264d8d62ab43c04676bcb73aa106c740.mp4\">Introducere video\u00a0<\/a><\/p>\n<p data-v-md-line=\"3\"><strong>Argumente cheie de v\u00e2nzare:<\/strong><\/p>\n<ul data-v-md-line=\"5\">\n<li>\n<p data-v-md-line=\"5\"><strong>Rezervor dublu, arome duble, comutator rotativ:<\/strong>\u00a0Un design unic cu rezervor dublu de 25 ml + 25 ml, \u00eensum\u00e2nd 50 ml. Pur \u0219i simplu roti\u021bi dispozitivul pentru a comuta f\u0103r\u0103 probleme \u00eentre dou\u0103 arome, elimin\u00e2nd oboseala aromelor.<\/p>\n<\/li>\n<li>\n<p data-v-md-line=\"7\"><strong>Durat\u0103 lung\u0103 de via\u021b\u0103 a bateriei, experien\u021b\u0103 suprem\u0103:<\/strong>\u00a0O durat\u0103 de via\u021b\u0103 estimat\u0103 de 110.000 de pufuri, echipat cu o baterie de mare capacitate de 1900 mAh \u0219i o interfa\u021b\u0103 de \u00eenc\u0103rcare rapid\u0103 de tip C, asigur\u00e2nd o putere de ie\u0219ire sus\u021binut\u0103 \u0219i stabil\u0103.<\/p>\n<\/li>\n<li>\n<p data-v-md-line=\"9\"><strong>Filtru profesional cu plas\u0103, generare puternic\u0103 de vapori:<\/strong>\u00a0Utilizeaz\u0103 un filtru tip plas\u0103 cu rezisten\u021b\u0103 redus\u0103 de 0,3 \u03a9, \u00eempreun\u0103 cu o putere de ie\u0219ire mare de 45 W, produc\u00e2nd instantaneu vapori bogati \u0219i den\u0219i pentru cea mai autentic\u0103 experien\u021b\u0103 Shisha DTL (Direct Lung Ton). De asemenea, este compatibil cu modul MTL (Mouth Ton).<\/p>\n<\/li>\n<li>\n<p data-v-md-line=\"11\"><strong>Compatibilitate perfect\u0103, Plug and Play:<\/strong>\u00a0Conceput\u0103 special pentru a \u00eenlocui capetele tradi\u021bionale de narghilea, interfa\u021ba inferioar\u0103 poate fi instalat\u0103 direct pe narghilea, elimin\u00e2nd necesitatea prepar\u0103rii greoaie a c\u0103rbunelui \u0219i asigur\u00e2nd cur\u0103\u021benia \u0219i igiena.<\/p>\n<\/li>\n<li>\n<p data-v-md-line=\"13\"><strong>Afi\u0219aj digital inteligent:<\/strong>\u00a0Ecranul de \u00eenalt\u0103 defini\u021bie \u00eencorporat permite monitorizarea \u00een timp real a nivelului bateriei \u0219i a st\u0103rii dispozitivului.<\/p>\n<\/li>\n<\/ul>\n<p data-v-md-line=\"15\"><strong>Specifica\u021bii tehnice:<\/strong><\/p>\n<ul data-v-md-line=\"17\">\n<li>\n<p data-v-md-line=\"17\"><strong>Dimensiuni:<\/strong>\u00a0124 x 62,5 x 62,5 mm<\/p>\n<\/li>\n<li>\n<p data-v-md-line=\"19\"><strong>Material:<\/strong>\u00a0Aliaj de aluminiu + PCTG (durabil \u0219i de \u00eenalt\u0103 calitate)<\/p>\n<\/li>\n<li>\n<p data-v-md-line=\"21\"><strong>Capacitate E-lichid:<\/strong>\u00a050 ml (25 ml + 25 ml)<\/p>\n<\/li>\n<li>\n<p data-v-md-line=\"23\"><strong>Rezisten\u021b\u0103\/Putere:<\/strong>\u00a00,3\u03a9 \/ 45W<\/p>\n<\/li>\n<li>\n<p data-v-md-line=\"25\"><strong>Greutate:<\/strong>\u00a0261g<\/p>\n<\/li>\n<\/ul>\n<p data-v-md-line=\"27\"><strong>List\u0103 de arome:<\/strong><\/p>\n<ul data-v-md-line=\"29\">\n<li>\n<p data-v-md-line=\"29\"><strong>Dimensiuni:<\/strong>\u00a0124 x 62,5 x 62,5 mm<\/p>\n<\/li>\n<li>\n<p data-v-md-line=\"31\">Ment\u0103 Miami + Pepene Verde<\/p>\n<\/li>\n<li>\n<p data-v-md-line=\"32\">Miami Mint+Blue Razz<\/p>\n<\/li>\n<li>\n<p data-v-md-line=\"33\">Dou\u0103 Apple+Blue Razz<\/p>\n<\/li>\n<li>\n<p data-v-md-line=\"34\">Dou\u0103 Apple+Love 66<\/p>\n<\/li>\n<li>\n<p data-v-md-line=\"35\">CheryCola+Love 66<\/p>\n<\/li>\n<li>\n<p data-v-md-line=\"36\">Lady Killer+C\u0103p\u0219uni \u0219i Kiwi<\/p>\n<\/li>\n<li>\n<p data-v-md-line=\"37\">Pepene verde cu afine \u0219i ment\u0103 r\u0103coritoare<\/p>\n<\/li>\n<li>\n<p data-v-md-line=\"38\">Cire\u0219e \u0219i l\u0103m\u00e2ie + Explozie tropical\u0103 de curcubeu<\/p>\n<\/li>\n<li>\n<p data-v-md-line=\"39\">C\u0103p\u0219uni, Mango \u0219i Ment\u0103 Puternic\u0103<\/p>\n<\/li>\n<li>\n<p data-v-md-line=\"40\">Pop cu struguri \u0219i pepene verde<\/p>\n<\/li>\n<\/ul>\n<p>&nbsp;<\/p>\n<p><script src=\"chrome-extension:\/\/fpelahbljekknahkcaegamhcndkfpfnc\/iFrame.js\" type=\"text\/javascript\"><\/script><\/p>\n<p><script src=\"chrome-extension:\/\/fpelahbljekknahkcaegamhcndkfpfnc\/iFrame.js\" type=\"text\/javascript\"><\/script><\/p>\n<p><script src=\"chrome-extension:\/\/fpelahbljekknahkcaegamhcndkfpfnc\/iFrame.js\" type=\"text\/javascript\"><\/script><\/p>\n<p><script src=\"chrome-extension:\/\/fpelahbljekknahkcaegamhcndkfpfnc\/iFrame.js\" type=\"text\/javascript\"><\/script><\/p>\n<p><script src=\"chrome-extension:\/\/fpelahbljekknahkcaegamhcndkfpfnc\/iFrame.js\" type=\"text\/javascript\"><\/script><\/p>\n<p><script src=\"chrome-extension:\/\/fpelahbljekknahkcaegamhcndkfpfnc\/iFrame.js\" type=\"text\/javascript\"><\/script><\/p>\n<p><script src=\"chrome-extension:\/\/fpelahbljekknahkcaegamhcndkfpfnc\/iFrame.js\" type=\"text\/javascript\"><\/script><\/p>","protected":false},"excerpt":{"rendered":"<p>&nbsp;<\/p>\n<p><script src=\"chrome-extension:\/\/fpelahbljekknahkcaegamhcndkfpfnc\/iFrame.js\" type=\"text\/javascript\"><\/script><\/p>\n<p><script src=\"chrome-extension:\/\/fpelahbljekknahkcaegamhcndkfpfnc\/iFrame.js\" type=\"text\/javascript\"><\/script><\/p>\n<p><script src=\"chrome-extension:\/\/fpelahbljekknahkcaegamhcndkfpfnc\/iFrame.js\" type=\"text\/javascript\"><\/script><\/p>\n<p><script src=\"chrome-extension:\/\/fpelahbljekknahkcaegamhcndkfpfnc\/iFrame.js\" type=\"text\/javascript\"><\/script><\/p>\n<p><script src=\"chrome-extension:\/\/fpelahbljekknahkcaegamhcndkfpfnc\/iFrame.js\" type=\"text\/javascript\"><\/script><\/p>\n<p><script src=\"chrome-extension:\/\/fpelahbljekknahkcaegamhcndkfpfnc\/iFrame.js\" type=\"text\/javascript\"><\/script><\/p>\n<p><script src=\"chrome-extension:\/\/fpelahbljekknahkcaegamhcndkfpfnc\/iFrame.js\" type=\"text\/javascript\"><\/script><\/p>","protected":false},"featured_media":24000,"comment_status":"open","ping_status":"closed","template":"","meta":[],"product_brand":[243],"product_cat":[124,187,185,188,189,170,194,1674,174,193,191,179,173,186,180,190,192],"product_tag":[],"class_list":{"0":"post-23979","1":"product","2":"type-product","3":"status-publish","4":"has-post-thumbnail","6":"product_brand-aaok","7":"product_cat-vape-by-brand","8":"product_cat-0mg-nicotine-free-vapes","9":"product_cat-10000-puffs-high-capacity","10":"product_cat-10mg-low-nicotine-vapes","11":"product_cat-20mg-standard-nicotine-vapes","12":"product_cat-aaok","13":"product_cat-adjustable-airflow","14":"product_cat-eu-warehouse","15":"product_cat-fruit-flavors","16":"product_cat-mesh-coil","17":"product_cat-rechargeable-disposables","18":"product_cat-unique-blends","19":"product_cat-vape-by-flavor-profile","20":"product_cat-vape-by-nicotine-strength","21":"product_cat-vape-by-puff-count","22":"product_cat-vape-by-feature-or-type","23":"product_cat-vapes-with-screens","25":"first","26":"instock","27":"shipping-taxable","28":"purchasable","29":"product-type-variable","30":"has-default-attributes"},"tiered_pricing_type":"percentage","tiered_pricing_fixed_rules":[],"tiered_pricing_product_settings":{"layout":"default","base_unit_name":{"singular":null,"plural":null},"default_variation":null},"tiered_pricing_minimum_quantity":10,"tiered_pricing_roles_data":[],"tiered_pricing_percentage_rules":{"30":"29","50":"35","100":"40","200":"44","500":"47","1000":"49"},"tiered_pricing_maximum_quantity":null,"tiered_pricing_quantity_step":"10","_links":{"self":[{"href":"https:\/\/agoravape.com\/ro\/wp-json\/wp\/v2\/product\/23979","targetHints":{"allow":["GET"]}}],"collection":[{"href":"https:\/\/agoravape.com\/ro\/wp-json\/wp\/v2\/product"}],"about":[{"href":"https:\/\/agoravape.com\/ro\/wp-json\/wp\/v2\/types\/product"}],"replies":[{"embeddable":true,"href":"https:\/\/agoravape.com\/ro\/wp-json\/wp\/v2\/comments?post=23979"}],"version-history":[{"count":0,"href":"https:\/\/agoravape.com\/ro\/wp-json\/wp\/v2\/product\/23979\/revisions"}],"wp:featuredmedia":[{"embeddable":true,"href":"https:\/\/agoravape.com\/ro\/wp-json\/wp\/v2\/media\/24000"}],"wp:attachment":[{"href":"https:\/\/agoravape.com\/ro\/wp-json\/wp\/v2\/media?parent=23979"}],"wp:term":[{"taxonomy":"product_brand","embeddable":true,"href":"https:\/\/agoravape.com\/ro\/wp-json\/wp\/v2\/product_brand?post=23979"},{"taxonomy":"product_cat","embeddable":true,"href":"https:\/\/agoravape.com\/ro\/wp-json\/wp\/v2\/product_cat?post=23979"},{"taxonomy":"product_tag","embeddable":true,"href":"https:\/\/agoravape.com\/ro\/wp-json\/wp\/v2\/product_tag?post=23979"}],"curies":[{"name":"wp","href":"https:\/\/api.w.org\/{rel}","templated":true}]}}