{"id":24178,"date":"2026-01-26T16:31:01","date_gmt":"2026-01-26T08:31:01","guid":{"rendered":"https:\/\/agoravape.com\/?post_type=product&#038;p=24178"},"modified":"2026-02-22T15:13:45","modified_gmt":"2026-02-22T14:13:45","slug":"bang-leader-32k-32000-puffs","status":"publish","type":"product","link":"https:\/\/agoravape.com\/ro\/product\/bang-leader-32k-32000-puffs\/","title":{"rendered":"Vape Bang Leader 32k 32000 Puffs cu Dual Mesh | Num\u0103r mare de pufuri, utilizare zilnic\u0103 simpl\u0103"},"content":{"rendered":"<h2 data-v-md-heading=\"what-is-the-special-feature-of-bang-leader-32k-32000-dual-network-atomizer\" data-v-md-line=\"3\"><img loading=\"lazy\" decoding=\"async\" class=\"aligncenter size-full wp-image-24201\" src=\"https:\/\/agoravape.com\/wp-content\/uploads\/2026\/01\/Bang-Leader-32k-32000-Puffs-Dual-Mesh-Vape-Big-Puff-Count-Simple-Everyday-Use_Agora_vape-10.webp\" alt=\"\" width=\"2275\" height=\"1279\" srcset=\"https:\/\/agoravape.com\/wp-content\/uploads\/2026\/01\/Bang-Leader-32k-32000-Puffs-Dual-Mesh-Vape-Big-Puff-Count-Simple-Everyday-Use_Agora_vape-10.webp 2275w, https:\/\/agoravape.com\/wp-content\/uploads\/2026\/01\/Bang-Leader-32k-32000-Puffs-Dual-Mesh-Vape-Big-Puff-Count-Simple-Everyday-Use_Agora_vape-10-1200x675.webp 1200w, https:\/\/agoravape.com\/wp-content\/uploads\/2026\/01\/Bang-Leader-32k-32000-Puffs-Dual-Mesh-Vape-Big-Puff-Count-Simple-Everyday-Use_Agora_vape-10-300x169.webp 300w, https:\/\/agoravape.com\/wp-content\/uploads\/2026\/01\/Bang-Leader-32k-32000-Puffs-Dual-Mesh-Vape-Big-Puff-Count-Simple-Everyday-Use_Agora_vape-10-1024x576.webp 1024w, https:\/\/agoravape.com\/wp-content\/uploads\/2026\/01\/Bang-Leader-32k-32000-Puffs-Dual-Mesh-Vape-Big-Puff-Count-Simple-Everyday-Use_Agora_vape-10-768x432.webp 768w, https:\/\/agoravape.com\/wp-content\/uploads\/2026\/01\/Bang-Leader-32k-32000-Puffs-Dual-Mesh-Vape-Big-Puff-Count-Simple-Everyday-Use_Agora_vape-10-1536x864.webp 1536w, https:\/\/agoravape.com\/wp-content\/uploads\/2026\/01\/Bang-Leader-32k-32000-Puffs-Dual-Mesh-Vape-Big-Puff-Count-Simple-Everyday-Use_Agora_vape-10-2048x1151.webp 2048w, https:\/\/agoravape.com\/wp-content\/uploads\/2026\/01\/Bang-Leader-32k-32000-Puffs-Dual-Mesh-Vape-Big-Puff-Count-Simple-Everyday-Use_Agora_vape-10-18x10.webp 18w\" sizes=\"auto, (max-width: 2275px) 100vw, 2275px\" \/> <img loading=\"lazy\" decoding=\"async\" class=\"aligncenter size-full wp-image-24192\" src=\"https:\/\/agoravape.com\/wp-content\/uploads\/2026\/01\/Bang-Leader-32k-32000-Puffs-Dual-Mesh-Vape-Big-Puff-Count-Simple-Everyday-Use_Agora_vape-1.webp\" alt=\"\" width=\"1280\" height=\"1706\" srcset=\"https:\/\/agoravape.com\/wp-content\/uploads\/2026\/01\/Bang-Leader-32k-32000-Puffs-Dual-Mesh-Vape-Big-Puff-Count-Simple-Everyday-Use_Agora_vape-1.webp 1280w, https:\/\/agoravape.com\/wp-content\/uploads\/2026\/01\/Bang-Leader-32k-32000-Puffs-Dual-Mesh-Vape-Big-Puff-Count-Simple-Everyday-Use_Agora_vape-1-1200x1599.webp 1200w, https:\/\/agoravape.com\/wp-content\/uploads\/2026\/01\/Bang-Leader-32k-32000-Puffs-Dual-Mesh-Vape-Big-Puff-Count-Simple-Everyday-Use_Agora_vape-1-225x300.webp 225w, https:\/\/agoravape.com\/wp-content\/uploads\/2026\/01\/Bang-Leader-32k-32000-Puffs-Dual-Mesh-Vape-Big-Puff-Count-Simple-Everyday-Use_Agora_vape-1-768x1024.webp 768w, https:\/\/agoravape.com\/wp-content\/uploads\/2026\/01\/Bang-Leader-32k-32000-Puffs-Dual-Mesh-Vape-Big-Puff-Count-Simple-Everyday-Use_Agora_vape-1-1152x1536.webp 1152w, https:\/\/agoravape.com\/wp-content\/uploads\/2026\/01\/Bang-Leader-32k-32000-Puffs-Dual-Mesh-Vape-Big-Puff-Count-Simple-Everyday-Use_Agora_vape-1-9x12.webp 9w\" sizes=\"auto, (max-width: 1280px) 100vw, 1280px\" \/><\/h2>\n<h2 data-v-md-heading=\"what-is-the-special-feature-of-bang-leader-32k-32000-dual-network-atomizer\" data-v-md-line=\"3\">Care este caracteristica special\u0103 a atomizoarelor Bang Leader 32k 32000 cu re\u021bea dual\u0103?<\/h2>\n<p data-v-md-line=\"5\">Dac\u0103 te-ai s\u0103turat de acele \u021big\u0103ri electronice care r\u0103m\u00e2n f\u0103r\u0103 baterie atunci c\u00e2nd \u00eencepi s\u0103 te bucuri de m\u00e2ncare delicioas\u0103, atunci Bang Leader 32k este cu siguran\u021b\u0103 alegerea ideal\u0103. Este conceput pentru utilizare pe termen lung (p\u00e2n\u0103 la 32000 de porturi) \u0219i este extrem de u\u0219or de utilizat. Alege o combina\u021bie dual\u0103 de arome, ia o \u00eenghi\u021bitur\u0103 \u0219i \u00eencepe s\u0103 te bucuri.<\/p>\n<p data-v-md-line=\"7\">S-ar putea s\u0103 crezi c\u0103 un vape cu o autonomie at\u00e2t de lung\u0103 a bateriei ar fi la fel de greu ca o c\u0103r\u0103mid\u0103, dar \u00een realitate, este foarte u\u0219or de \u021binut \u00een m\u00e2n\u0103. Greutatea este de aproximativ 94 de grame, oferind o senza\u021bie de soliditate, dar nu te va face s\u0103 sim\u021bi c\u0103 buzunarul este prea greu.<\/p>\n<h2 data-v-md-heading=\"excellent-performance-and-easy-operation\" data-v-md-line=\"9\">Performan\u021b\u0103 excelent\u0103 \u0219i utilizare u\u0219oar\u0103<\/h2>\n<p data-v-md-line=\"11\">Bang Leader utilizeaz\u0103 un miez de atomizare cu ochiuri de 1,0 \u03a9 pentru a asigura un gust constant, spre deosebire de unele vapuri de unic\u0103 folosin\u021b\u0103 de mare capacitate, unde gustul scade brusc dup\u0103 c\u00e2teva zile. Atunci c\u00e2nd bateria este desc\u0103rcat\u0103, aceasta poate fi \u00eenc\u0103rcat\u0103 prin interfa\u021ba Type-C, ceea ce \u00eenseamn\u0103 c\u0103 pute\u021bi utiliza acela\u0219i cablu de date care este posibil s\u0103 v\u0103 fi \u00eenc\u0103rcat deja telefonul. Totul este sub control.<\/p>\n<h2 data-v-md-heading=\"quick-specifications\" data-v-md-line=\"13\">Specifica\u021bii rapide<\/h2>\n<ul data-v-md-line=\"14\">\n<li>Frecven\u021ba de fumat: p\u00e2n\u0103 la 32000 de pufuri<\/li>\n<li>Capacitate baterie: 650mAh (re\u00eenc\u0103rcabil\u0103)<\/li>\n<li>Miez de atomizare: miez de atomizare cu ochiuri de 1,0 \u03a9<\/li>\n<li>Utilizare: Inhala\u021bi pentru activare<\/li>\n<li>Interfa\u021b\u0103 de \u00eenc\u0103rcare: Interfa\u021b\u0103 de tip C<\/li>\n<li>Selec\u021bie de gusturi: Fiecare dispozitiv are arome duble<\/li>\n<li>Stare: Gata de utilizare imediat ce este scoas\u0103 din cutie<\/li>\n<\/ul>\n<h2 data-v-md-heading=\"complete-taste-list\" data-v-md-line=\"22\">List\u0103 complet\u0103 de gusturi<\/h2>\n<ul data-v-md-line=\"23\">\n<li>Ghea\u021b\u0103 de pepene verde, ment\u0103 de afine<\/li>\n<li>Ghea\u021b\u0103 de pepene verde, c\u0103p\u0219uni \u0219i mango<\/li>\n<li>C\u0103p\u0219uni \u0219i pepene verde, kiwi, fructul pasiunii, guava<\/li>\n<li>C\u0103p\u0219uni \u0219i pepene verde, \u00eenghe\u021bat\u0103 de struguri<\/li>\n<li>Afine Zmeur\u0103, Piersic\u0103 Mango Pepene Verde<\/li>\n<li>Pepene verde cu afine, mango cu c\u0103p\u0219uni<\/li>\n<li>Ghea\u021b\u0103 de afine, Ghea\u021b\u0103 de dragon negru<\/li>\n<li>Ghea\u021b\u0103 de afine, c\u0103p\u0219uni \u0219i banane<\/li>\n<li>Red Bull, Pepene Verde cu Afine<\/li>\n<li>Red Bull, Bomboane cu bule de pepene verde<\/li>\n<li>C\u0103p\u0219uni Kiwi, \u00cenghe\u021bat\u0103 de Piersici<\/li>\n<li>C\u0103p\u0219uni Kiwi, M\u0103r Acru Zmeur\u0103<\/li>\n<li>Ghea\u021b\u0103 de banan\u0103, cire\u0219e cu afine<\/li>\n<li>Ghea\u021b\u0103 de avocado, l\u0103m\u00e2ie verde<\/li>\n<li>Cola Ice, Cherry Cranberry<\/li>\n<li>Ghea\u021b\u0103 de ananas, triplu mango<\/li>\n<li>Ghea\u021b\u0103 de lici, mango, piersic\u0103 \u0219i ananas<\/li>\n<li>Pepene galben Honeydew, Pepene verde Zmeur\u0103<\/li>\n<\/ul>\n<h2 data-v-md-heading=\"suitable-for-you-and-your-business\" data-v-md-line=\"42\">Potrivit pentru tine \u0219i afacerea ta<\/h2>\n<p data-v-md-line=\"44\">Po\u021bi folosi Bang Leader 32k ca o \u021bigar\u0103 electronic\u0103 de unic\u0103 folosin\u021b\u0103 simpl\u0103, u\u0219or de utilizat \u0219i durabil\u0103, pentru uz personal. Dac\u0103 de\u021bii un magazin sau cumperi online, este, de asemenea, o alegere en-gros curat\u0103, deoarece clien\u021bii prefer\u0103 dispozitive mari de fum care nu necesit\u0103 explica\u021bii.<\/p>\n<p data-v-md-line=\"46\">Livr\u0103m \u00een ambalaje en-gros de 200 de unit\u0103\u021bi\/cutie (furniz\u0103m \u0219i date despre greutate \u0219i dimensiunea cutiei pentru planificarea logistic\u0103). Dac\u0103 achizi\u021biona\u021bi din regiunea UE, v\u0103 rug\u0103m s\u0103 consulta\u021bi cele mai convenabile rute de livrare \u0219i op\u021biunile de transport pentru a asigura livrarea fiabil\u0103 a bunurilor dvs. \u0219i a evita orice situa\u021bii neprev\u0103zute.<\/p>\n<h2 data-v-md-heading=\"reasons-why-you-will-like-it\" data-v-md-line=\"48\">Motive pentru care \u00ee\u021bi va pl\u0103cea<\/h2>\n<ul data-v-md-line=\"49\">\n<li>Durat\u0103 de via\u021b\u0103 extrem de lung\u0103 a bateriei: Mai durabil\u0103 \u0219i de lung\u0103 durat\u0103, f\u0103r\u0103 a fi nevoie de reaprovizionare frecvent\u0103.<\/li>\n<li>Arome duble: Nu trebuie s\u0103 ai dou\u0103 \u021big\u0103ri electronice pentru a schimba aromele.<\/li>\n<li>Re\u00eenc\u0103rcabil: V\u0103 ajut\u0103 s\u0103 utiliza\u021bi la maximum dispozitivul \u0219i s\u0103 evita\u021bi casarea prematur\u0103.<\/li>\n<li>Spir\u0103 de plas\u0103: men\u021bine un gust stabil \u0219i ofer\u0103 o experien\u021b\u0103 de aspirare confortabil\u0103.<\/li>\n<\/ul>\n<h2 data-v-md-heading=\"why-choose-agoravape\" data-v-md-line=\"54\">De ce s\u0103 alegi AgoraVape?<\/h2>\n<p data-v-md-line=\"56\">AgoraVape se angajeaz\u0103 s\u0103 ofere servicii convenabile \u0219i eficiente, cu o garan\u021bie 100% autentic\u0103. Dac\u0103 sunte\u021bi un cump\u0103r\u0103tor corporativ, v\u0103 vom oferi surse fiabile de bunuri, solu\u021bii en-gros extrem de competitive \u0219i asisten\u021b\u0103 post-v\u00e2nzare continu\u0103 dup\u0103 finalizarea comenzii. Dori\u021bi s\u0103 achizi\u021biona\u021bi un atomizorul cu re\u021bea dual\u0103 Bang Leader 32k 32000? V\u0103 rug\u0103m s\u0103 ne contacta\u021bi \u0219i v\u0103 vom ajuta s\u0103 selecta\u021bi aroma \u0219i cantitatea potrivite.<\/p>","protected":false},"excerpt":{"rendered":"<p>&nbsp;<\/p>","protected":false},"featured_media":24203,"comment_status":"open","ping_status":"closed","template":"","meta":[],"product_brand":[197],"product_cat":[124,187,185,188,189,123,195,1674,174,175,193,191,179,173,186,180,190],"product_tag":[],"class_list":{"0":"post-24178","1":"product","2":"type-product","3":"status-publish","4":"has-post-thumbnail","6":"product_brand-bang","7":"product_cat-vape-by-brand","8":"product_cat-0mg-nicotine-free-vapes","9":"product_cat-10000-puffs-high-capacity","10":"product_cat-10mg-low-nicotine-vapes","11":"product_cat-20mg-standard-nicotine-vapes","12":"product_cat-bang","13":"product_cat-dual-flavor-switch","14":"product_cat-eu-warehouse","15":"product_cat-fruit-flavors","16":"product_cat-icy-mint","17":"product_cat-mesh-coil","18":"product_cat-rechargeable-disposables","19":"product_cat-unique-blends","20":"product_cat-vape-by-flavor-profile","21":"product_cat-vape-by-nicotine-strength","22":"product_cat-vape-by-puff-count","23":"product_cat-vape-by-feature-or-type","25":"first","26":"instock","27":"shipping-taxable","28":"purchasable","29":"product-type-variable","30":"has-default-attributes"},"tiered_pricing_type":"percentage","tiered_pricing_fixed_rules":[],"tiered_pricing_product_settings":{"layout":"default","base_unit_name":{"singular":null,"plural":null},"default_variation":null},"tiered_pricing_minimum_quantity":10,"tiered_pricing_roles_data":[],"tiered_pricing_percentage_rules":{"30":"10","50":"18","100":"25","200":"30","500":"35","1000":"40"},"tiered_pricing_maximum_quantity":null,"tiered_pricing_quantity_step":"10","_links":{"self":[{"href":"https:\/\/agoravape.com\/ro\/wp-json\/wp\/v2\/product\/24178","targetHints":{"allow":["GET"]}}],"collection":[{"href":"https:\/\/agoravape.com\/ro\/wp-json\/wp\/v2\/product"}],"about":[{"href":"https:\/\/agoravape.com\/ro\/wp-json\/wp\/v2\/types\/product"}],"replies":[{"embeddable":true,"href":"https:\/\/agoravape.com\/ro\/wp-json\/wp\/v2\/comments?post=24178"}],"version-history":[{"count":1,"href":"https:\/\/agoravape.com\/ro\/wp-json\/wp\/v2\/product\/24178\/revisions"}],"predecessor-version":[{"id":29802,"href":"https:\/\/agoravape.com\/ro\/wp-json\/wp\/v2\/product\/24178\/revisions\/29802"}],"wp:featuredmedia":[{"embeddable":true,"href":"https:\/\/agoravape.com\/ro\/wp-json\/wp\/v2\/media\/24203"}],"wp:attachment":[{"href":"https:\/\/agoravape.com\/ro\/wp-json\/wp\/v2\/media?parent=24178"}],"wp:term":[{"taxonomy":"product_brand","embeddable":true,"href":"https:\/\/agoravape.com\/ro\/wp-json\/wp\/v2\/product_brand?post=24178"},{"taxonomy":"product_cat","embeddable":true,"href":"https:\/\/agoravape.com\/ro\/wp-json\/wp\/v2\/product_cat?post=24178"},{"taxonomy":"product_tag","embeddable":true,"href":"https:\/\/agoravape.com\/ro\/wp-json\/wp\/v2\/product_tag?post=24178"}],"curies":[{"name":"wp","href":"https:\/\/api.w.org\/{rel}","templated":true}]}}